{"id":9988,"date":"2020-06-24T01:32:18","date_gmt":"2020-06-24T05:32:18","guid":{"rendered":"https:\/\/bovin.qc.ca\/?page_id=9988"},"modified":"2022-04-28T10:27:10","modified_gmt":"2022-04-28T14:27:10","slug":"services-for-producers","status":"publish","type":"page","link":"https:\/\/bovin.qc.ca\/en\/who-are-we\/who-are-we\/services-for-producers\/","title":{"rendered":"Services for Producers"},"content":{"rendered":"<h2><a id=\"servicegm\"><\/a>Services for Producers, in a nutshell \u2013 General management<\/h2>\n<p><strong>Agroeconomic expertise<\/strong><\/p>\n<ul>\n<li>Advocate for a fair calculation of the costs of production and appropriate income support measures<\/li>\n<li>Monitoring of government programs related to income security<\/li>\n<li>Compilation of socioeconomic information on cattle production<\/li>\n<li>Compilation and distribution of benchmark information concerning external markets<\/li>\n<li>Compilation and distribution of data on markets<\/li>\n<li>Content supplier for an information platform on market prices (bovin.qc.ca\/info-prix)<\/li>\n<li>Advisory service to producers<\/li>\n<\/ul>\n<p><strong>Expertise in quality, environment and veterinary programs<\/strong><\/p>\n<ul>\n<li>Development and implementation of quality programs:\n<ul>\n<li>Verified Veal (milk-fed veal)<\/li>\n<li>Quebec Certified Grain-Fed Veal (grain-fed veal)<\/li>\n<li>Verified Beef Production Plus (VBP+) (feeder calves and fed cattle)<\/li>\n<\/ul>\n<\/li>\n<li>Assistance to producers in their preparations for audits and review of registers<\/li>\n<li>Search for external funding for research projects initiated by producers<\/li>\n<li>Participation in the review and development of codes of practice<\/li>\n<li>Practical training throughout Quebec (e.g. management of wintering pens, animal welfare, quality programs,&nbsp;<em>Salmonella<\/em>&nbsp;Dublin, biosecurity, antibiotic resistance)<\/li>\n<li>Advisory support and accompaniment service<\/li>\n<\/ul>\n<p><strong>Representation and lobbying<\/strong><\/p>\n<ul>\n<li>Government representation and lobbying on the following topics:\n<ul>\n<li>Regulatory amendments and agreements<\/li>\n<li>Assistance programs (e.g. collective housing)<\/li>\n<li>Environment<\/li>\n<li>Impacts of various international agreements (e.g. veal from the European Union)<\/li>\n<li>Traceability<\/li>\n<li>Young farmers<\/li>\n<\/ul>\n<\/li>\n<li>Relations with cattle industry partners<\/li>\n<li>Representation of the cattle producers with the following Canadian cattle organization:\n<ul>\n<li>Canada Beef<\/li>\n<li>Canadian Cattlemen\u2019s Association<\/li>\n<li>Beef Value Chain Roundtable<\/li>\n<li>Canadian Beef Grading Agency<\/li>\n<\/ul>\n<\/li>\n<\/ul>\n<p><strong>Advance Payments Program (APP)<\/strong><\/p>\n<p>As of April 2020, the PBQ are no longer delivery agents for the Advance Payments Program (APP) for sheep and beef production. Producers who wish to obtain an advance under the APP should apply to:<\/p>\n<p>Agricultural Credit Corporation (ACC)<\/p>\n<ul>\n<li>Tel. (English): 1-888-278-8807<\/li>\n<li>Tel. (French): 1-888-278-8807, ext. 231 \u2013 or direct line: 1-519-780-3666 (Emilie Philippe)<\/li>\n<li>Email:&nbsp;<u><a href=\"mailto:advance@agcreditcorp.ca\">advance@agcreditcorp.ca<\/a><\/u><\/li>\n<li>Website:&nbsp;<a href=\"https:\/\/www.agcreditcorp.ca\/\" target=\"_blank\" rel=\"noopener\">www.agcreditcorp.ca<\/a><\/li>\n<\/ul>\n<p><strong>Communication and community life<\/strong><\/p>\n<ul>\n<li>Promotion of cattle production<\/li>\n<li>Communication with producers via:\n<ul>\n<li><em>La minute bovine<\/em>&nbsp;newsletter<\/li>\n<li>Website<\/li>\n<li><em>Bovins du Qu\u00e9bec<\/em>&nbsp;special section<\/li>\n<li>Facebook<\/li>\n<\/ul>\n<\/li>\n<li>Defence of the interests of cattle producers and production to the media:\n<ul>\n<li>Organization of annual regional and provincial general meetings, as well as special general meetings and training days<\/li>\n<\/ul>\n<\/li>\n<\/ul>\n<p><strong>Payment guarantee<\/strong><\/p>\n<p>Self-insurance program offered to producers, guaranteeing payment for cattle sold in the event that a buyer defaults on payement<\/p>\n<ul>\n<li>Daily moitoring of authorized purchasing limits<\/li>\n<li>Processing of late payment claims with the R\u00e9gie des march\u00e9s agricoles et agroalimentaires du Qu\u00e9bec<\/li>\n<li>Tracking of the renewal of buyers\u2019 bonds<\/li>\n<li>Management of authorization numbers to allow fed cattle producers to buy at auction without having to post a bond<\/li>\n<\/ul>\n<p><strong>\u201cYour services!\u201d Booklet (PDF format)<\/strong><\/p>\n<p><a href=\"https:\/\/bovin.qc.ca\/wp-content\/uploads\/2020\/02\/Your-services-PBQ.pdf\" target=\"_blank\" rel=\"noopener\"><img loading=\"lazy\" decoding=\"async\" class=\"alignnone  wp-image-8525\" src=\"https:\/\/bovin.qc.ca\/wp-content\/uploads\/2020\/02\/Your-services.jpg\" sizes=\"auto, (max-width: 241px) 100vw, 241px\" srcset=\"https:\/\/bovin.qc.ca\/wp-content\/uploads\/2020\/02\/Your-services.jpg 719w, https:\/\/bovin.qc.ca\/wp-content\/uploads\/2020\/02\/Your-services-150x150.jpg 150w, https:\/\/bovin.qc.ca\/wp-content\/uploads\/2020\/02\/Your-services-300x300.jpg 300w, https:\/\/bovin.qc.ca\/wp-content\/uploads\/2020\/02\/Your-services-128x128.jpg 128w\" alt=\"\" width=\"241\" height=\"241\"><\/a><\/p>\n<h2><a href=\"https:\/\/bovin.qc.ca\/en\/contact-us\/\" target=\"_blank\" rel=\"noopener noreferrer\">Contact us<\/a><\/h2>\n","protected":false},"excerpt":{"rendered":"<p>Services for Producers, in a nutshell \u2013 General management Agroeconomic expertise Advocate for a fair calculation of the costs of production and appropriate income support measures Monitoring of government programs related to income security Compilation of socioeconomic information on cattle production Compilation and distribution of benchmark information concerning external markets Compilation and distribution of data [&#8230;]<\/p>\n","protected":false},"author":6,"featured_media":0,"parent":1660,"menu_order":0,"comment_status":"closed","ping_status":"closed","template":"","meta":{"ngg_post_thumbnail":0,"footnotes":""},"class_list":["post-9988","page","type-page","status-publish","hentry"],"_links":{"self":[{"href":"https:\/\/bovin.qc.ca\/en\/wp-json\/wp\/v2\/pages\/9988","targetHints":{"allow":["GET"]}}],"collection":[{"href":"https:\/\/bovin.qc.ca\/en\/wp-json\/wp\/v2\/pages"}],"about":[{"href":"https:\/\/bovin.qc.ca\/en\/wp-json\/wp\/v2\/types\/page"}],"author":[{"embeddable":true,"href":"https:\/\/bovin.qc.ca\/en\/wp-json\/wp\/v2\/users\/6"}],"replies":[{"embeddable":true,"href":"https:\/\/bovin.qc.ca\/en\/wp-json\/wp\/v2\/comments?post=9988"}],"version-history":[{"count":3,"href":"https:\/\/bovin.qc.ca\/en\/wp-json\/wp\/v2\/pages\/9988\/revisions"}],"predecessor-version":[{"id":14118,"href":"https:\/\/bovin.qc.ca\/en\/wp-json\/wp\/v2\/pages\/9988\/revisions\/14118"}],"up":[{"embeddable":true,"href":"https:\/\/bovin.qc.ca\/en\/wp-json\/wp\/v2\/pages\/1660"}],"wp:attachment":[{"href":"https:\/\/bovin.qc.ca\/en\/wp-json\/wp\/v2\/media?parent=9988"}],"curies":[{"name":"wp","href":"https:\/\/api.w.org\/{rel}","templated":true}]}}