{"id":8041,"date":"2020-01-06T15:44:36","date_gmt":"2020-01-06T20:44:36","guid":{"rendered":"https:\/\/bovin.qc.ca\/documentation-centre\/archives\/2020-2\/"},"modified":"2025-05-26T13:40:39","modified_gmt":"2025-05-26T17:40:39","slug":"2020-2","status":"publish","type":"page","link":"https:\/\/bovin.qc.ca\/en\/publications\/archives\/2020-2\/","title":{"rendered":"2020"},"content":{"rendered":"<h2>Public audience<\/h2>\n<p><a href=\"https:\/\/bovin.qc.ca\/wp-content\/uploads\/2020\/11\/Avis-de-seance-publique_270-06-01-04_26novembre2020.pdf\" target=\"_blank\" rel=\"noopener\"><strong>+ Demande de contestation de la hausse du pr\u00e9lev\u00e9 au plan conjoint pr\u00e9vu pour janvier 2021 jusqu\u2019\u00e0 ce que la R\u00e9gie rende sa d\u00e9cision \u2013 Secteur bouvillons<\/strong><\/a>&nbsp;(26 novembre 2020 \u00e0 9 h)<\/p>\n<h2>Farm Income Stabilization Insurance Program<\/h2>\n<h4>Product of Feeder Cattle and Slaughter Cattle<\/h4>\n<p><a href=\"https:\/\/bovin.qc.ca\/wp-content\/uploads\/2020\/07\/A2020_aide_memoire_ENG_CBO_BOU.pdf\" target=\"_blank\" rel=\"noopener\">+ Checklist &#8211; Collection of Contributions to the Joint Plan for the 2020 Insurance Year<\/a><\/p>\n<h4>Product of Cow Calves<\/h4>\n<p><a href=\"https:\/\/bovin.qc.ca\/wp-content\/uploads\/2020\/07\/A2020_aide_memoire_ENG_CBO_VEE.pdf\" target=\"_blank\" rel=\"noopener\">+ Checklist &#8211; Collection of Contributions to the Joint Plan for the 2020 Insurance Year<\/a><\/p>\n<h2>Food permits<\/h2>\n<p><a id=\"FVF\"><\/a><a href=\"https:\/\/bovin.qc.ca\/wp-content\/uploads\/2020\/12\/Permis_alimentaires_20201216.pdf\" target=\"_blank\" rel=\"noopener\">+ Exigences l\u00e9gislatives et r\u00e9glementaires (pr\u00e9sentation du webinaire du 16 d\u00e9cembre 2020)<\/a> (in French only)<\/p>\n<h2>Sectoral Documentation<\/h2>\n<p><strong>Click on a sector:&nbsp;<\/strong><\/p>\n<p><a href=\"https:\/\/bovin.qc.ca\/en\/the-production\/cull-cattle-and-bob-calves\/publications\/\"><img loading=\"lazy\" decoding=\"async\" class=\"alignnone wp-image-8428 size-medium\" style=\"margin-left: 2px; margin-right: 2px;\" src=\"https:\/\/bovin.qc.ca\/wp-content\/uploads\/2020\/07\/BOV047_photos-BR-EN-137x300.jpg\" width=\"137\" height=\"300\"><\/a><a href=\"https:\/\/bovin.qc.ca\/en\/the-production\/grain-fed-veal\/publications\/\"><img loading=\"lazy\" decoding=\"async\" class=\"alignnone wp-image-10334 size-medium\" style=\"margin-left: 2px; margin-right: 2px;\" src=\"https:\/\/bovin.qc.ca\/wp-content\/uploads\/2020\/07\/BOV047_photos-VG-EN-137x300.jpg\" alt=\"\" width=\"137\" height=\"300\" srcset=\"https:\/\/bovin.qc.ca\/wp-content\/uploads\/2020\/07\/BOV047_photos-VG-EN-137x300.jpg 137w, https:\/\/bovin.qc.ca\/wp-content\/uploads\/2020\/07\/BOV047_photos-VG-EN-58x128.jpg 58w, https:\/\/bovin.qc.ca\/wp-content\/uploads\/2020\/07\/BOV047_photos-VG-EN.jpg 600w\" sizes=\"auto, (max-width: 137px) 100vw, 137px\" \/><\/a><a href=\"https:\/\/bovin.qc.ca\/en\/the-production\/milk-fed-veal\/publications\/\"><img loading=\"lazy\" decoding=\"async\" class=\"alignnone wp-image-10336 size-medium\" style=\"margin-left: 2px; margin-right: 2px;\" src=\"https:\/\/bovin.qc.ca\/wp-content\/uploads\/2020\/07\/BOV047_photos-VL-EN-137x300.jpg\" alt=\"\" width=\"137\" height=\"300\" srcset=\"https:\/\/bovin.qc.ca\/wp-content\/uploads\/2020\/07\/BOV047_photos-VL-EN-137x300.jpg 137w, https:\/\/bovin.qc.ca\/wp-content\/uploads\/2020\/07\/BOV047_photos-VL-EN-58x128.jpg 58w, https:\/\/bovin.qc.ca\/wp-content\/uploads\/2020\/07\/BOV047_photos-VL-EN.jpg 600w\" sizes=\"auto, (max-width: 137px) 100vw, 137px\" \/><\/a><a href=\"https:\/\/bovin.qc.ca\/en\/the-production\/feeder-calf\/publications\/\"><img loading=\"lazy\" decoding=\"async\" class=\"alignnone wp-image-10332 size-medium\" style=\"margin-left: 2px; margin-right: 2px;\" src=\"https:\/\/bovin.qc.ca\/wp-content\/uploads\/2020\/07\/BOV047_photos-VE-EN-137x300.jpg\" alt=\"\" width=\"137\" height=\"300\" srcset=\"https:\/\/bovin.qc.ca\/wp-content\/uploads\/2020\/07\/BOV047_photos-VE-EN-137x300.jpg 137w, https:\/\/bovin.qc.ca\/wp-content\/uploads\/2020\/07\/BOV047_photos-VE-EN-58x128.jpg 58w, https:\/\/bovin.qc.ca\/wp-content\/uploads\/2020\/07\/BOV047_photos-VE-EN.jpg 600w\" sizes=\"auto, (max-width: 137px) 100vw, 137px\" \/><\/a><a href=\"https:\/\/bovin.qc.ca\/en\/the-production\/fed-cattle\/publications\/\"><img loading=\"lazy\" decoding=\"async\" class=\"alignnone wp-image-10339 size-medium\" style=\"margin-left: 2px; margin-right: 2px;\" src=\"https:\/\/bovin.qc.ca\/wp-content\/uploads\/2020\/07\/BOV047_photos-BA-EN-137x300.jpg\" alt=\"\" width=\"137\" height=\"300\" srcset=\"https:\/\/bovin.qc.ca\/wp-content\/uploads\/2020\/07\/BOV047_photos-BA-EN-137x300.jpg 137w, https:\/\/bovin.qc.ca\/wp-content\/uploads\/2020\/07\/BOV047_photos-BA-EN-58x128.jpg 58w, https:\/\/bovin.qc.ca\/wp-content\/uploads\/2020\/07\/BOV047_photos-BA-EN.jpg 600w\" sizes=\"auto, (max-width: 137px) 100vw, 137px\" \/><\/a><\/p>\n<h2>Infolettre :&nbsp;<em>La Minute bovine <\/em>2020<\/h2>\n<p>(in French only)<\/p>\n<p><a href=\"https:\/\/bovin.qc.ca\/infolettre-la-minute-bovine-decembre-2020\/\">+ La Minute bovine &#8211; D\u00e9cembre 2020<\/a><\/p>\n<p><a href=\"https:\/\/bovin.qc.ca\/infolettre-la-minute-bovine-novembre-2020\/\">+ La Minute bovine &#8211; Novembre 2020<\/a><\/p>\n<p><a href=\"https:\/\/bovin.qc.ca\/infolettre-la-minute-bovine-octobre-2020\/\">+ La Minute bovine &#8211; Octobre 2020<\/a><\/p>\n<p><a href=\"https:\/\/bovin.qc.ca\/infolettre-la-minute-bovine-septembre-2020\/\">+&nbsp;La Minute bovine \u2013 Septembre 2020<\/a><\/p>\n<p><a href=\"https:\/\/bovin.qc.ca\/infolettre-la-minute-bovine-aout-2020\/\">+&nbsp;La Minute bovine \u2013 Ao\u00fbt 2020<\/a><\/p>\n<p><a href=\"https:\/\/bovin.qc.ca\/infolettre-la-minute-bovine-juillet-2020\/\">+&nbsp;La Minute bovine \u2013 Juillet 2020<\/a><\/p>\n<p><a href=\"https:\/\/bovin.qc.ca\/infolettre-la-minute-bovine-juin-2020\/\" target=\"_blank\" rel=\"noopener\">+ La Minute bovine \u2013 Juin 2020<\/a><\/p>\n<p><a href=\"https:\/\/bovin.qc.ca\/infolettre-la-minute-bovine-30mai-2020\/\" target=\"_blank\" rel=\"noopener\">+ La Minute bovine \u2013 30 mai 2020<\/a><\/p>\n<p><a href=\"https:\/\/bovin.qc.ca\/infolettre-la-minute-bovine-8mai-2020\/\" target=\"_blank\" rel=\"noopener\">+ La Minute bovine \u2013 8 mai 2020<\/a><\/p>\n<p><a href=\"https:\/\/bovin.qc.ca\/infolettre-la-minute-bovine-24avril-2020\/\" target=\"_blank\" rel=\"noopener\">+ La Minute bovine \u2013 24 avril 2020<\/a><\/p>\n<p><a href=\"https:\/\/bovin.qc.ca\/infolettre-la-minute-bovine-avril-2020\/\" target=\"_blank\" rel=\"noopener\">+ La Minute bovine \u2013 11 avril 2020<\/a><\/p>\n<p><a href=\"https:\/\/bovin.qc.ca\/infolettre-la-minute-bovine-mars-2020\/\" target=\"_blank\" rel=\"noopener\">+ La Minute bovine \u2013 Mars 2020<\/a><\/p>\n<p><a href=\"https:\/\/bovin.qc.ca\/infolettre-la-minute-bovine-fevrier-2020\/\" target=\"_blank\" rel=\"noopener\">+ La Minute bovine \u2013 F\u00e9vrier 2020<\/a><\/p>\n<p><a href=\"https:\/\/bovin.qc.ca\/en\/infolettre-la-minute-bovine-janvier-2020\/\" target=\"_blank\" rel=\"noopener\">+ La Minute bovine \u2013 Janvier 2020<\/a><\/p>\n<h2>Cahiers <em>Bovins du Qu\u00e9bec<\/em><i> <\/i>2020&nbsp;<\/h2>\n<p><strong>Integrated into the&nbsp;<a href=\"https:\/\/laterrekiosk.milibris.com\/\"><em>Terre de chez nous<\/em><\/a><\/strong><a href=\"https:\/\/laterrekiosk.milibris.com\/\">&nbsp;<\/a>(in French only)<\/p>\n<p style=\"text-align: center;\"><a href=\"https:\/\/laterrekiosk.milibris.com\/reader\/237479d1-5c2a-415d-9cfa-b4cfcbead652?origin=%2Fcahiers-speciaux%2Fcahiers-speciaux%2F2020-10-28\" target=\"_blank\" rel=\"noopener\"><img loading=\"lazy\" decoding=\"async\" class=\"wp-image-11181 aligncenter\" src=\"https:\/\/bovin.qc.ca\/wp-content\/uploads\/2020\/10\/BovinsduQuebec_202011.png\" alt=\"\" width=\"285\" height=\"402\" srcset=\"https:\/\/bovin.qc.ca\/wp-content\/uploads\/2020\/10\/BovinsduQuebec_202011.png 300w, https:\/\/bovin.qc.ca\/wp-content\/uploads\/2020\/10\/BovinsduQuebec_202011-213x300.png 213w, https:\/\/bovin.qc.ca\/wp-content\/uploads\/2020\/10\/BovinsduQuebec_202011-91x128.png 91w\" sizes=\"auto, (max-width: 285px) 100vw, 285px\" \/><\/a><strong>28 octobre 2020<\/strong><\/p>\n<p style=\"text-align: center;\"><a href=\"https:\/\/laterrekiosk.milibris.com\/reader\/7b4a1a61-c79c-4c6b-b517-3b6a9e3f9216?origin=\/cahiers-speciaux\/cahiers-speciaux\/2020-07-15\" target=\"_blank\" rel=\"noopener\"><img loading=\"lazy\" decoding=\"async\" class=\"alignnone wp-image-10298 \" src=\"https:\/\/bovin.qc.ca\/wp-content\/uploads\/2020\/07\/juillet2020-1-215x300.jpg\" alt=\"\" width=\"285\" height=\"397\" srcset=\"https:\/\/bovin.qc.ca\/wp-content\/uploads\/2020\/07\/juillet2020-1-215x300.jpg 215w, https:\/\/bovin.qc.ca\/wp-content\/uploads\/2020\/07\/juillet2020-1-92x128.jpg 92w, https:\/\/bovin.qc.ca\/wp-content\/uploads\/2020\/07\/juillet2020-1.jpg 1613w\" sizes=\"auto, (max-width: 285px) 100vw, 285px\" \/><\/a><br \/>\n<strong>15 juillet 2020<\/strong><\/p>\n<div>\n<p class=\"issue_legend center aligned\" style=\"text-align: center;\"><a href=\"https:\/\/laterrekiosk.milibris.com\/reader\/cd9590fd-f123-4825-a126-16b6028028ef?origin=%2Fcahiers-speciaux%2Fcahiers-speciaux%2F2020-05-06\" target=\"_blank\" rel=\"noopener\"><img loading=\"lazy\" decoding=\"async\" class=\"ui shadowed image transition visible aligncenter\" src=\"https:\/\/static.milibris.com\/thumbnail\/issue\/cd9590fd-f123-4825-a126-16b6028028ef\/front\/catalog-cover.png\" width=\"291\" height=\"406\" data-src=\"\/\/static.milibris.com\/thumbnail\/issue\/cd9590fd-f123-4825-a126-16b6028028ef\/front\/catalog-cover.png\"><\/a><strong>6 mai 2020<\/strong><\/p>\n<p style=\"text-align: center;\"><a href=\"https:\/\/laterrekiosk.milibris.com\/reader\/bd5b02ce-af36-4e9e-b0a6-8fba2445dc1f?origin=%2Fcahiers-speciaux%2Fcahiers-speciaux%2F2020-01-08\" target=\"_blank\" rel=\"noopener\"><img loading=\"lazy\" decoding=\"async\" class=\"ui shadowed image transition visible alignnone\" src=\"https:\/\/static.milibris.com\/thumbnail\/issue\/bd5b02ce-af36-4e9e-b0a6-8fba2445dc1f\/front\/catalog-cover.png\" width=\"288\" height=\"401\" data-src=\"\/\/static.milibris.com\/thumbnail\/issue\/bd5b02ce-af36-4e9e-b0a6-8fba2445dc1f\/front\/catalog-cover.png\"><\/a><br \/>\n<strong>8 janvier 2020<\/strong><\/p>\n<\/div>\n","protected":false},"excerpt":{"rendered":"<p>Public audience + Demande de contestation de la hausse du pr\u00e9lev\u00e9 au plan conjoint pr\u00e9vu pour janvier 2021 jusqu\u2019\u00e0 ce que la R\u00e9gie rende sa d\u00e9cision \u2013 Secteur bouvillons&nbsp;(26 novembre 2020 \u00e0 9 h) Farm Income Stabilization Insurance Program Product of Feeder Cattle and Slaughter Cattle + Checklist &#8211; Collection of Contributions to the Joint [&#8230;]<\/p>\n","protected":false},"author":6,"featured_media":0,"parent":1751,"menu_order":0,"comment_status":"closed","ping_status":"closed","template":"","meta":{"ngg_post_thumbnail":0,"footnotes":""},"class_list":["post-8041","page","type-page","status-publish","hentry"],"_links":{"self":[{"href":"https:\/\/bovin.qc.ca\/en\/wp-json\/wp\/v2\/pages\/8041","targetHints":{"allow":["GET"]}}],"collection":[{"href":"https:\/\/bovin.qc.ca\/en\/wp-json\/wp\/v2\/pages"}],"about":[{"href":"https:\/\/bovin.qc.ca\/en\/wp-json\/wp\/v2\/types\/page"}],"author":[{"embeddable":true,"href":"https:\/\/bovin.qc.ca\/en\/wp-json\/wp\/v2\/users\/6"}],"replies":[{"embeddable":true,"href":"https:\/\/bovin.qc.ca\/en\/wp-json\/wp\/v2\/comments?post=8041"}],"version-history":[{"count":72,"href":"https:\/\/bovin.qc.ca\/en\/wp-json\/wp\/v2\/pages\/8041\/revisions"}],"predecessor-version":[{"id":26828,"href":"https:\/\/bovin.qc.ca\/en\/wp-json\/wp\/v2\/pages\/8041\/revisions\/26828"}],"up":[{"embeddable":true,"href":"https:\/\/bovin.qc.ca\/en\/wp-json\/wp\/v2\/pages\/1751"}],"wp:attachment":[{"href":"https:\/\/bovin.qc.ca\/en\/wp-json\/wp\/v2\/media?parent=8041"}],"curies":[{"name":"wp","href":"https:\/\/api.w.org\/{rel}","templated":true}]}}