{"id":6627,"date":"2019-05-06T14:10:25","date_gmt":"2019-05-06T18:10:25","guid":{"rendered":"https:\/\/bovin.qc.ca\/?page_id=6627"},"modified":"2025-11-10T16:26:42","modified_gmt":"2025-11-10T21:26:42","slug":"services-for-producers","status":"publish","type":"page","link":"https:\/\/bovin.qc.ca\/en\/the-production\/cull-cattle-and-bob-calves\/services-for-producers\/","title":{"rendered":"Services for Producers"},"content":{"rendered":"<h1>Services for Producers<\/h1>\n<p><img loading=\"lazy\" decoding=\"async\" class=\"aligncenter wp-image-26339\" src=\"https:\/\/bovin.qc.ca\/wp-content\/uploads\/2025\/04\/services-aux-producteurs-2-scaled.jpg\" alt=\"\" width=\"815\" height=\"543\" srcset=\"https:\/\/bovin.qc.ca\/wp-content\/uploads\/2025\/04\/services-aux-producteurs-2-scaled.jpg 2560w, https:\/\/bovin.qc.ca\/wp-content\/uploads\/2025\/04\/services-aux-producteurs-2-300x200.jpg 300w, https:\/\/bovin.qc.ca\/wp-content\/uploads\/2025\/04\/services-aux-producteurs-2-192x128.jpg 192w, https:\/\/bovin.qc.ca\/wp-content\/uploads\/2025\/04\/services-aux-producteurs-2-1536x1024.jpg 1536w, https:\/\/bovin.qc.ca\/wp-content\/uploads\/2025\/04\/services-aux-producteurs-2-2048x1365.jpg 2048w\" sizes=\"auto, (max-width: 815px) 100vw, 815px\" \/><\/p>\n<h3>The sales agency is responsible for:<\/h3>\n<ul>\n<li>Administering the <em>R\u00e8glement sur la production et la mise en march\u00e9 des bovins de r\u00e9forme et des veaux laitiers du Qu\u00e9bec<\/em> (Regulation respecting the production and marketing of Quebec cull cattle and dairy calves)<\/li>\n<li>Negotiating and administering the <em>Convention aux fins de la vente de bovins de r\u00e9forme et de veaux laitiers<\/em> (Agreement for the sale of cull cattle and dairy calves)<\/li>\n<li>Administering the <em>R\u00e8glement sur le fonds de garantie des producteurs de bovins<\/em> (Regulation respecting the cattle producers\u2019 guarantee fund) and the <em>R\u00e8glement sur la garantie de responsabilit\u00e9 financi\u00e8re des acheteurs de bovins<\/em> (Regulation respecting the financial responsibility guarantee of cattle buyers)<\/li>\n<li>Negotiating and administering the <em>Convention de mise en march\u00e9 visant l\u2019approvisionnement en bovins biologiques (produit sp\u00e9cifique) de Les Fermes Valens<\/em> (Marketing agreement to supply organic cattle [specific product] from Les Fermes Valens)<\/li>\n<li>Inspecting auctions<\/li>\n<li>Disseminating market prices<\/li>\n<\/ul>\n<p>Cull cattle and dairy calves must be marketed through regular auctions. Here is the sales schedule for Quebec\u2019s six auction houses:<\/p>\n<p><img loading=\"lazy\" decoding=\"async\" class=\"alignleft wp-image-29421\" src=\"https:\/\/bovin.qc.ca\/wp-content\/uploads\/2025\/11\/Horaire-encans-en-nov25.png\" alt=\"\" width=\"450\" height=\"224\" srcset=\"https:\/\/bovin.qc.ca\/wp-content\/uploads\/2025\/11\/Horaire-encans-en-nov25.png 1550w, https:\/\/bovin.qc.ca\/wp-content\/uploads\/2025\/11\/Horaire-encans-en-nov25-300x149.png 300w, https:\/\/bovin.qc.ca\/wp-content\/uploads\/2025\/11\/Horaire-encans-en-nov25-257x128.png 257w, https:\/\/bovin.qc.ca\/wp-content\/uploads\/2025\/11\/Horaire-encans-en-nov25-1536x764.png 1536w\" sizes=\"auto, (max-width: 450px) 100vw, 450px\" \/><\/p>\n<p>&nbsp;<\/p>\n<p>&nbsp;<\/p>\n<p>&nbsp;<\/p>\n<p>&nbsp;<\/p>\n<p>&nbsp;<\/p>\n<p>&nbsp;<\/p>\n<p>&nbsp;<\/p>\n<style id=\"ea_dynamic_css26430\">#sp-ea-26430 .spcollapsing{height: 0; overflow: hidden; transition-property: height; transition-duration: 500ms;}#sp-ea-26430.sp-easy-accordion>.sp-ea-single.eap_inactive>.ea-header a {background-color: #bb0000 !important; color: #fff !important;}#sp-ea-26430.sp-easy-accordion>.sp-ea-single{ margin-bottom: 10px; border: 6px none #dd3333; border-radius: 3px;}#sp-ea-26430.sp-easy-accordion>.sp-ea-single.ea-expand{ border-color: #dd3333;}#sp-ea-26430.sp-easy-accordion>.sp-ea-single:hover{ border-color: #dd3333;}#sp-ea-26430.sp-easy-accordion>.sp-ea-single>.ea-header a {background: #dd3333;}#sp-ea-26430.sp-easy-accordion>.sp-ea-single.ea-expand>.ea-header a {background: #dd3333;}#sp-ea-26430.sp-easy-accordion>.sp-ea-single>.ea-header:hover a {background: #eee;}#sp-ea-26430.sp-easy-accordion>.sp-ea-single>.ea-header a .eap-title-icon { color: #444;font-size: 20px;} #sp-ea-26430.sp-easy-accordion>.sp-ea-single>.ea-header a .eap-title-custom-icon {max-width: 20px;}#sp-ea-26430.sp-easy-accordion>.sp-ea-single>.ea-header:hover a .eap-title-icon {color: #444;}#sp-ea-26430.sp-easy-accordion>.sp-ea-single.ea-expand>.ea-header a .eap-title-icon {color: #444;}#sp-ea-26430.sp-easy-accordion>.sp-ea-single>.ea-header a {padding: 15px 15px 15px 15px; color: #ffffff; font-size: 20px; line-height: 30px; text-align: left; letter-spacing: 0px; text-transform: none;}#sp-ea-26430.sp-easy-accordion>.sp-ea-single>.ea-header:hover a {color: #444;}#sp-ea-26430.sp-easy-accordion>.sp-ea-single.ea-expand>.ea-header a {color: #444;}#sp-ea-26430.sp-easy-accordion>.sp-ea-single>.sp-collapse>.ea-body p,#sp-ea-26430.sp-easy-accordion>.sp-ea-single>.sp-collapse>.ea-body{background: #fff; padding: 15px 15px 15px 15px; border-radius: 0 0 3px 3px; color: #444; font-size: 16px; text-align: left; letter-spacing: 0px; line-height: 26px; animation-delay: 200ms; text-transform: none;}#sp-ea-26430.sp-easy-accordion>.sp-ea-single>.ea-header a .ea-expand-icon.fa:before {color: #ffffff; font-size: 16px; font-style: normal;}#sp-ea-26430.sp-easy-accordion>.sp-ea-single>.ea-header:hover a .ea-expand-icon.fa:before {color: #dd3333;}#sp-ea-26430.sp-easy-accordion>.sp-ea-single.ea-expand>.ea-header a .ea-expand-icon.fa:before {color: #ffffff;}#sp-ea-26430.sp-easy-accordion>.sp-ea-single{background: transparent; border: none;}#sp-ea-26430.sp-easy-accordion>.sp-ea-single>.ea-header a {border-bottom: 6px none #dd3333;}#sp-ea-26430.sp-easy-accordion>.sp-ea-single>.ea-header a .ea-expand-icon {background: transparent; border-radius: 3px;}#sp-ea-26430.sp-easy-accordion>.sp-ea-single>.ea-header:hover a .ea-expand-icon {background: transparent;}#sp-ea-26430.sp-easy-accordion>.sp-ea-single.ea-expand>.ea-header a .ea-expand-icon {background: transparent;}#sp-ea-26430 #eap_faq_search_bar_container {display:none; opacity:0;}#sp-ea-26430 #eap_faq_search_bar_container span::before{content:\"\";}#sp-ea-26430.sp-easy-accordion>.sp-ea-single>.sp-collapse>.ea-body p{ padding:0px}#sp-eap-accordion-section-26430.sp-eap-container .sp-eap-infinite-scroll-loader,#sp-eap-accordion-section-26430.sp-eap-container div:is(.sp-eap-load-more,.sp-eap-ajax-number-pagination){text-align:center;}#sp-ea-26430>.sp-ea-single>.sp-collapse>.ea-body .eap-product-price {color: #444;}#sp-ea-26430.sp-easy-accordion>.sp-ea-single>.sp-collapse>.ea-body .eap-product-price del{color: rgba(68,68,68,0.71);}#sp-ea-26430.sp-easy-accordion>.sp-ea-single>.sp-collapse>.ea-body .eap-product-cart-button .woocommerce a { border: 1px solid #DAD6DA;border-radius: 2px;background-color: transparent;color: #444;}#sp-ea-26430.sp-easy-accordion>.sp-ea-single>.sp-collapse>.ea-body .eap-product-cart-button .woocommerce a:hover { border-color: #444;background-color: #444;color: #fff;}#sp-ea-26430.sp-easy-accordion>.sp-ea-single>>.sp-collapse>.ea-body .eap-product-cart-button .eap-product-quantity .eap_input_text {border: 1px solid #DAD6DA;}#sp-ea-26430.sp-easy-accordion>.sp-ea-single>.sp-collapse>.ea-body .eap-product-cart-button a.add_to_cart_button{position: relative;}<\/style><div id=\"sp-eap-accordion-section-26430\" class=\"sp-eap-container\"><div id=\"sp-ea-26430\" class=\"sp-ea-fifteen sp-easy-accordion \" data-ex-icon=\"ea-font-icon-minus_regular\" data-col-icon=\"ea-font-icon-plus_regular\" data-ea-active=\"ea-click\" data-ea-mode=\"vertical\" data-ea-multi-column=\"\" data-ea-coll=\"\" data-keep-accordion=\"\" data-autoclose=\"1\" data-preloader=\"\" data-scroll-active-item=\"0\" data-offset-to-scroll=\"0\" data-autoplaytime=\"3000\" data-expand=\"\" data-post-id=\"26430\" >\t<div class=\"ea-card  sp-ea-single\"  data-accordion-id= \"0\">\n\n\t\t<h4 class=\"ea-header\">\n\t\t\t<a class=\"collapsed\" data-sptoggle=\"spcollapse\" rel=\"nofollow\" data-sptarget=\"#collapse264300\" href=\"#\" data-title=\"efaq-marketing\" aria-expanded=\"false\">\n\t\t\t\t<i class=\"ea-expand-icon fa ea-font-icon-plus_regular\"><\/i>  Marketing\t\t\t<\/a>\n\t\t<\/h4>\n\n\t\t<div class=\"sp-collapse spcollapse spcollapse\" id=\"collapse264300\" data-parent=\"#sp-ea-26430\">\n\t\t<div class=\"ea-body\"> \n<div class=\"ea-content-wrapper animated fadeIn\"> \n\t<p><strong><span style=\"text-decoration: underline\">Market updates<br \/>\n<\/span><\/strong>Market updates: Use <a href=\"https:\/\/www.fpbq.upa.qc.ca\/infoprix\/BovinReforme\/BRInfoPrixQuot.asp?Langue=A\">Info-prix<\/a> to stay up to date on sale prices from Quebec cattle auctions and benchmark markets. Data are updated daily. It pays to compare!<\/p>\n<p><strong><span style=\"text-decoration: underline\">Product optimization<br \/>\n<\/span><\/strong><\/p>\n<p>Let the sales agency help you make the most from your livestock with guides and webinars on topics from dairy calf health to marketing to assessing cull cattle. These resources contain a wealth of practical advice!<\/p>\n<p><strong><span style=\"text-decoration: underline\">Legislation<\/span><br \/>\n<\/strong>The agency administers the <em>R\u00e8glement sur la production et la mise en march\u00e9 des bovins de r\u00e9forme et des veaux laitiers du Qu\u00e9bec<\/em>. It also negotiates and administers the marketing agreement with the auction houses as well as the marketing agreement to supply organic cattle.<\/p>\n<p><strong><span style=\"text-decoration: underline\">Auction inspections<br \/>\n<\/span><\/strong>The sales agency authorizes inspectors to ensure the agreement with the auction houses is followed.<\/p>\n<p><strong><span style=\"text-decoration: underline\">Organic cattle<br \/>\n<\/span><\/strong>The sales agency organizes the marketing of organic livestock through a dedicated channel and negotiates an agreement with the buyer.<\/p>\n<p><strong><span style=\"text-decoration: underline\">Service d\u2019accompagnement aux producteurs<\/span><br \/>\n<\/strong>Pour toutes les ventes effectu\u00e9es conform\u00e9ment aux r\u00e8glements et conventions en vigueur, les ressources de l\u2019agence de vente peuvent vous renseigner sur le fonctionnement des encans, les r\u00e8glements en vigueur, les obligations de chaque partie et les recours possibles.<\/p>\n<p><span style=\"text-decoration: underline\"><strong>Support services for producers<br \/>\n<\/strong><\/span>Telephone : 450 -679-0540, ext. 8793<br \/>\nEmail: <a href=\"mailto:agencebrvl@upa.qc.ca\" target=\"_blank\" rel=\"noopener\">agencebrvl@upa.qc.ca<\/a><\/p>\n<\/div>\n<\/div>\n\t\t\t<\/div>\n\t<\/div>\n\t<\/div><\/div>\n<style id=\"ea_dynamic_css26431\">#sp-ea-26431 .spcollapsing{height: 0; overflow: hidden; transition-property: height; transition-duration: 500ms;}#sp-ea-26431.sp-easy-accordion>.sp-ea-single.eap_inactive>.ea-header a {background-color: #bb0000 !important; color: #fff !important;}#sp-ea-26431.sp-easy-accordion>.sp-ea-single{ margin-bottom: 10px; border: 6px none #dd3333; border-radius: 3px;}#sp-ea-26431.sp-easy-accordion>.sp-ea-single.ea-expand{ border-color: #dd3333;}#sp-ea-26431.sp-easy-accordion>.sp-ea-single:hover{ border-color: #dd3333;}#sp-ea-26431.sp-easy-accordion>.sp-ea-single>.ea-header a {background: #dd3333;}#sp-ea-26431.sp-easy-accordion>.sp-ea-single.ea-expand>.ea-header a {background: #dd3333;}#sp-ea-26431.sp-easy-accordion>.sp-ea-single>.ea-header:hover a {background: #eee;}#sp-ea-26431.sp-easy-accordion>.sp-ea-single>.ea-header a .eap-title-icon { color: #444;font-size: 20px;} #sp-ea-26431.sp-easy-accordion>.sp-ea-single>.ea-header a .eap-title-custom-icon {max-width: 20px;}#sp-ea-26431.sp-easy-accordion>.sp-ea-single>.ea-header:hover a .eap-title-icon {color: #444;}#sp-ea-26431.sp-easy-accordion>.sp-ea-single.ea-expand>.ea-header a .eap-title-icon {color: #444;}#sp-ea-26431.sp-easy-accordion>.sp-ea-single>.ea-header a {padding: 15px 15px 15px 15px; color: #ffffff; font-size: 20px; line-height: 30px; text-align: left; letter-spacing: 0px; text-transform: none;}#sp-ea-26431.sp-easy-accordion>.sp-ea-single>.ea-header:hover a {color: #444;}#sp-ea-26431.sp-easy-accordion>.sp-ea-single.ea-expand>.ea-header a {color: #444;}#sp-ea-26431.sp-easy-accordion>.sp-ea-single>.sp-collapse>.ea-body p,#sp-ea-26431.sp-easy-accordion>.sp-ea-single>.sp-collapse>.ea-body{background: #fff; padding: 15px 15px 15px 15px; border-radius: 0 0 3px 3px; color: #444; font-size: 16px; text-align: left; letter-spacing: 0px; line-height: 26px; animation-delay: 200ms; text-transform: none;}#sp-ea-26431.sp-easy-accordion>.sp-ea-single>.ea-header a .ea-expand-icon.fa:before {color: #ffffff; font-size: 16px; font-style: normal;}#sp-ea-26431.sp-easy-accordion>.sp-ea-single>.ea-header:hover a .ea-expand-icon.fa:before {color: #dd3333;}#sp-ea-26431.sp-easy-accordion>.sp-ea-single.ea-expand>.ea-header a .ea-expand-icon.fa:before {color: #ffffff;}#sp-ea-26431.sp-easy-accordion>.sp-ea-single{background: transparent; border: none;}#sp-ea-26431.sp-easy-accordion>.sp-ea-single>.ea-header a {border-bottom: 6px none #dd3333;}#sp-ea-26431.sp-easy-accordion>.sp-ea-single>.ea-header a .ea-expand-icon {background: transparent; border-radius: 3px;}#sp-ea-26431.sp-easy-accordion>.sp-ea-single>.ea-header:hover a .ea-expand-icon {background: transparent;}#sp-ea-26431.sp-easy-accordion>.sp-ea-single.ea-expand>.ea-header a .ea-expand-icon {background: transparent;}#sp-ea-26431 #eap_faq_search_bar_container {display:none; opacity:0;}#sp-ea-26431 #eap_faq_search_bar_container span::before{content:\"\";}#sp-ea-26431.sp-easy-accordion>.sp-ea-single>.sp-collapse>.ea-body p{ padding:0px}#sp-eap-accordion-section-26431.sp-eap-container .sp-eap-infinite-scroll-loader,#sp-eap-accordion-section-26431.sp-eap-container div:is(.sp-eap-load-more,.sp-eap-ajax-number-pagination){text-align:center;}#sp-ea-26431>.sp-ea-single>.sp-collapse>.ea-body .eap-product-price {color: #444;}#sp-ea-26431.sp-easy-accordion>.sp-ea-single>.sp-collapse>.ea-body .eap-product-price del{color: rgba(68,68,68,0.71);}#sp-ea-26431.sp-easy-accordion>.sp-ea-single>.sp-collapse>.ea-body .eap-product-cart-button .woocommerce a { border: 1px solid #DAD6DA;border-radius: 2px;background-color: transparent;color: #444;}#sp-ea-26431.sp-easy-accordion>.sp-ea-single>.sp-collapse>.ea-body .eap-product-cart-button .woocommerce a:hover { border-color: #444;background-color: #444;color: #fff;}#sp-ea-26431.sp-easy-accordion>.sp-ea-single>>.sp-collapse>.ea-body .eap-product-cart-button .eap-product-quantity .eap_input_text {border: 1px solid #DAD6DA;}#sp-ea-26431.sp-easy-accordion>.sp-ea-single>.sp-collapse>.ea-body .eap-product-cart-button a.add_to_cart_button{position: relative;}<\/style><div id=\"sp-eap-accordion-section-26431\" class=\"sp-eap-container\"><div id=\"sp-ea-26431\" class=\"sp-ea-fifteen sp-easy-accordion \" data-ex-icon=\"ea-font-icon-minus_regular\" data-col-icon=\"ea-font-icon-plus_regular\" data-ea-active=\"ea-click\" data-ea-mode=\"vertical\" data-ea-multi-column=\"\" data-ea-coll=\"\" data-keep-accordion=\"\" data-autoclose=\"1\" data-preloader=\"\" data-scroll-active-item=\"0\" data-offset-to-scroll=\"0\" data-autoplaytime=\"3000\" data-expand=\"\" data-post-id=\"26431\" >\t<div class=\"ea-card  sp-ea-single\"  data-accordion-id= \"0\">\n\n\t\t<h4 class=\"ea-header\">\n\t\t\t<a class=\"collapsed\" data-sptoggle=\"spcollapse\" rel=\"nofollow\" data-sptarget=\"#collapse264310\" href=\"#\" data-title=\"efaq-pbq-wide-files\" aria-expanded=\"false\">\n\t\t\t\t<i class=\"ea-expand-icon fa ea-font-icon-plus_regular\"><\/i>  PBQ-wide files\t\t\t<\/a>\n\t\t<\/h4>\n\n\t\t<div class=\"sp-collapse spcollapse spcollapse\" id=\"collapse264310\" data-parent=\"#sp-ea-26431\">\n\t\t<div class=\"ea-body\"> \n<div class=\"ea-content-wrapper animated fadeIn\"> \n\t<p><strong><span style=\"text-decoration: underline\">Promotion<br \/>\n<\/span><\/strong>The sector plays a leading role in developing the B\u0153uf du Qu\u00e9bec certification, which encourages processors and consumers to choose local beef.<\/p>\n<p><strong><span style=\"text-decoration: underline\">Payment guarantee<br \/>\n<\/span><\/strong>What if a buyer fails to pay? Our self-insurance program guarantees that cull cattle and dairy calf producers receive payment for all animals they sell in accordance with the regulation.<\/p>\n<p><strong><span style=\"text-decoration: underline\">Media<br \/>\n<\/span><\/strong>From our monthly newsletter (<em>La Minute bovine<\/em>) to our technical feature (<em>Bovins du Qu\u00e9bec<\/em>) to our website, the media developed by Les Producteurs de bovins du Qu\u00e9bec are your go-to place for production-related info, training opportunities, and industry-related events. &nbsp;<\/p>\n<p>To view the list of services for producers pertaining to general files, please refer to the following section : <a href=\"https:\/\/bovin.qc.ca\/en\/who-are-we\/who-are-we\/services-for-producers\/\" target=\"_blank\" rel=\"noopener\"><strong>Services for Producers \u2013 General management<\/strong><\/a>.&nbsp;<\/p>\n<\/div>\n<\/div>\n\t\t\t<\/div>\n\t<\/div>\n\t<\/div><\/div>\n<style id=\"ea_dynamic_css26432\">#sp-ea-26432 .spcollapsing{height: 0; overflow: hidden; transition-property: height; transition-duration: 500ms;}#sp-ea-26432.sp-easy-accordion>.sp-ea-single.eap_inactive>.ea-header a {background-color: #bb0000 !important; color: #fff !important;}#sp-ea-26432.sp-easy-accordion>.sp-ea-single{ margin-bottom: 10px; border: 6px none #dd3333; border-radius: 3px;}#sp-ea-26432.sp-easy-accordion>.sp-ea-single.ea-expand{ border-color: #dd3333;}#sp-ea-26432.sp-easy-accordion>.sp-ea-single:hover{ border-color: #dd3333;}#sp-ea-26432.sp-easy-accordion>.sp-ea-single>.ea-header a {background: #dd3333;}#sp-ea-26432.sp-easy-accordion>.sp-ea-single.ea-expand>.ea-header a {background: #dd3333;}#sp-ea-26432.sp-easy-accordion>.sp-ea-single>.ea-header:hover a {background: #eee;}#sp-ea-26432.sp-easy-accordion>.sp-ea-single>.ea-header a .eap-title-icon { color: #444;font-size: 20px;} #sp-ea-26432.sp-easy-accordion>.sp-ea-single>.ea-header a .eap-title-custom-icon {max-width: 20px;}#sp-ea-26432.sp-easy-accordion>.sp-ea-single>.ea-header:hover a .eap-title-icon {color: #444;}#sp-ea-26432.sp-easy-accordion>.sp-ea-single.ea-expand>.ea-header a .eap-title-icon {color: #444;}#sp-ea-26432.sp-easy-accordion>.sp-ea-single>.ea-header a {padding: 15px 15px 15px 15px; color: #ffffff; font-size: 20px; line-height: 30px; text-align: left; letter-spacing: 0px; text-transform: none;}#sp-ea-26432.sp-easy-accordion>.sp-ea-single>.ea-header:hover a {color: #444;}#sp-ea-26432.sp-easy-accordion>.sp-ea-single.ea-expand>.ea-header a {color: #444;}#sp-ea-26432.sp-easy-accordion>.sp-ea-single>.sp-collapse>.ea-body p,#sp-ea-26432.sp-easy-accordion>.sp-ea-single>.sp-collapse>.ea-body{background: #fff; padding: 15px 15px 15px 15px; border-radius: 0 0 3px 3px; color: #444; font-size: 16px; text-align: left; letter-spacing: 0px; line-height: 26px; animation-delay: 200ms; text-transform: none;}#sp-ea-26432.sp-easy-accordion>.sp-ea-single>.ea-header a .ea-expand-icon.fa:before {color: #ffffff; font-size: 16px; font-style: normal;}#sp-ea-26432.sp-easy-accordion>.sp-ea-single>.ea-header:hover a .ea-expand-icon.fa:before {color: #dd3333;}#sp-ea-26432.sp-easy-accordion>.sp-ea-single.ea-expand>.ea-header a .ea-expand-icon.fa:before {color: #ffffff;}#sp-ea-26432.sp-easy-accordion>.sp-ea-single{background: transparent; border: none;}#sp-ea-26432.sp-easy-accordion>.sp-ea-single>.ea-header a {border-bottom: 6px none #dd3333;}#sp-ea-26432.sp-easy-accordion>.sp-ea-single>.ea-header a .ea-expand-icon {background: transparent; border-radius: 3px;}#sp-ea-26432.sp-easy-accordion>.sp-ea-single>.ea-header:hover a .ea-expand-icon {background: transparent;}#sp-ea-26432.sp-easy-accordion>.sp-ea-single.ea-expand>.ea-header a .ea-expand-icon {background: transparent;}#sp-ea-26432 #eap_faq_search_bar_container {display:none; opacity:0;}#sp-ea-26432 #eap_faq_search_bar_container span::before{content:\"\";}#sp-ea-26432.sp-easy-accordion>.sp-ea-single>.sp-collapse>.ea-body p{ padding:0px}#sp-eap-accordion-section-26432.sp-eap-container .sp-eap-infinite-scroll-loader,#sp-eap-accordion-section-26432.sp-eap-container div:is(.sp-eap-load-more,.sp-eap-ajax-number-pagination){text-align:center;}#sp-ea-26432>.sp-ea-single>.sp-collapse>.ea-body .eap-product-price {color: #444;}#sp-ea-26432.sp-easy-accordion>.sp-ea-single>.sp-collapse>.ea-body .eap-product-price del{color: rgba(68,68,68,0.71);}#sp-ea-26432.sp-easy-accordion>.sp-ea-single>.sp-collapse>.ea-body .eap-product-cart-button .woocommerce a { border: 1px solid #DAD6DA;border-radius: 2px;background-color: transparent;color: #444;}#sp-ea-26432.sp-easy-accordion>.sp-ea-single>.sp-collapse>.ea-body .eap-product-cart-button .woocommerce a:hover { border-color: #444;background-color: #444;color: #fff;}#sp-ea-26432.sp-easy-accordion>.sp-ea-single>>.sp-collapse>.ea-body .eap-product-cart-button .eap-product-quantity .eap_input_text {border: 1px solid #DAD6DA;}#sp-ea-26432.sp-easy-accordion>.sp-ea-single>.sp-collapse>.ea-body .eap-product-cart-button a.add_to_cart_button{position: relative;}<\/style><div id=\"sp-eap-accordion-section-26432\" class=\"sp-eap-container\"><div id=\"sp-ea-26432\" class=\"sp-ea-fifteen sp-easy-accordion \" data-ex-icon=\"ea-font-icon-minus_regular\" data-col-icon=\"ea-font-icon-plus_regular\" data-ea-active=\"ea-click\" data-ea-mode=\"vertical\" data-ea-multi-column=\"\" data-ea-coll=\"\" data-keep-accordion=\"\" data-autoclose=\"1\" data-preloader=\"\" data-scroll-active-item=\"0\" data-offset-to-scroll=\"0\" data-autoplaytime=\"3000\" data-expand=\"\" data-post-id=\"26432\" >\t<div class=\"ea-card  sp-ea-single\"  data-accordion-id= \"0\">\n\n\t\t<h4 class=\"ea-header\">\n\t\t\t<a class=\"collapsed\" data-sptoggle=\"spcollapse\" rel=\"nofollow\" data-sptarget=\"#collapse264320\" href=\"#\" data-title=\"efaq-other-resources\" aria-expanded=\"false\">\n\t\t\t\t<i class=\"ea-expand-icon fa ea-font-icon-plus_regular\"><\/i>  Other resources \t\t\t<\/a>\n\t\t<\/h4>\n\n\t\t<div class=\"sp-collapse spcollapse spcollapse\" id=\"collapse264320\" data-parent=\"#sp-ea-26432\">\n\t\t<div class=\"ea-body\"> \n<div class=\"ea-content-wrapper animated fadeIn\"> \n\t<p style=\"text-align: left\"><strong><span style=\"text-decoration: underline\">Farm visits: inspections versus investigations (french only)<\/span><\/strong><\/p>\n<p><a href=\"https:\/\/bovin.qc.ca\/wp-content\/uploads\/2022\/07\/Distinction-enquete-vs-inspection-3.pdf\" target=\"_blank\" rel=\"noopener\">Click here<\/a> to check it out<\/p>\n<p style=\"text-align: left\"><strong><span style=\"text-decoration: underline\">What to expect during an animal transportation inspection(french only)<br \/>\n<\/span><\/strong><\/p>\n<p style=\"text-align: left\"><a href=\"https:\/\/bovin.qc.ca\/wp-content\/uploads\/2022\/12\/Aide-memoire_Fragilises_16-juin-2022_VF_3.pdf\" target=\"_blank\" rel=\"noopener\">Click here<\/a> to check it out<\/p>\n<p style=\"text-align: left\"><strong><span style=\"text-decoration: underline\">Fact versus Fiction<br \/>\n<\/span><\/strong><\/p>\n<p><a href=\"https:\/\/bovin.qc.ca\/wp-content\/uploads\/2024\/10\/BVN_GuideProducteurs_cahier_EN_version2024_V3_FINAL_LR_WEB-1.pdf\" target=\"_blank\" rel=\"noopener\"><img loading=\"lazy\" decoding=\"async\" class=\"alignleft wp-image-24304\" src=\"https:\/\/bovin.qc.ca\/wp-content\/uploads\/2024\/10\/BVN_GuideProducteurs_cahier_EN_version2024_V3_FINAL_LR_WEB_Page_01.jpg\" alt=\"\" width=\"284\" height=\"284\" srcset=\"https:\/\/bovin.qc.ca\/wp-content\/uploads\/2024\/10\/BVN_GuideProducteurs_cahier_EN_version2024_V3_FINAL_LR_WEB_Page_01.jpg 800w, https:\/\/bovin.qc.ca\/wp-content\/uploads\/2024\/10\/BVN_GuideProducteurs_cahier_EN_version2024_V3_FINAL_LR_WEB_Page_01-300x300.jpg 300w, https:\/\/bovin.qc.ca\/wp-content\/uploads\/2024\/10\/BVN_GuideProducteurs_cahier_EN_version2024_V3_FINAL_LR_WEB_Page_01-128x128.jpg 128w, https:\/\/bovin.qc.ca\/wp-content\/uploads\/2024\/10\/BVN_GuideProducteurs_cahier_EN_version2024_V3_FINAL_LR_WEB_Page_01-150x150.jpg 150w, https:\/\/bovin.qc.ca\/wp-content\/uploads\/2024\/10\/BVN_GuideProducteurs_cahier_EN_version2024_V3_FINAL_LR_WEB_Page_01-75x75.jpg 75w\" sizes=\"auto, (max-width: 284px) 100vw, 284px\" \/><\/a><\/p>\n<p>&nbsp;<\/p>\n<p>&nbsp;<\/p>\n<\/div>\n<\/div>\n\t\t\t<\/div>\n\t<\/div>\n\t<\/div><\/div>\n<p>&nbsp;<\/p>\n","protected":false},"excerpt":{"rendered":"<p>Services for Producers The sales agency is responsible for: Administering the R\u00e8glement sur la production et la mise en march\u00e9 des bovins de r\u00e9forme et des veaux laitiers du Qu\u00e9bec (Regulation respecting the production and marketing of Quebec cull cattle and dairy calves) Negotiating and administering the Convention aux fins de la vente de bovins [&#8230;]<\/p>\n","protected":false},"author":6,"featured_media":0,"parent":1798,"menu_order":0,"comment_status":"closed","ping_status":"closed","template":"","meta":{"ngg_post_thumbnail":0,"footnotes":""},"class_list":["post-6627","page","type-page","status-publish","hentry"],"_links":{"self":[{"href":"https:\/\/bovin.qc.ca\/en\/wp-json\/wp\/v2\/pages\/6627","targetHints":{"allow":["GET"]}}],"collection":[{"href":"https:\/\/bovin.qc.ca\/en\/wp-json\/wp\/v2\/pages"}],"about":[{"href":"https:\/\/bovin.qc.ca\/en\/wp-json\/wp\/v2\/types\/page"}],"author":[{"embeddable":true,"href":"https:\/\/bovin.qc.ca\/en\/wp-json\/wp\/v2\/users\/6"}],"replies":[{"embeddable":true,"href":"https:\/\/bovin.qc.ca\/en\/wp-json\/wp\/v2\/comments?post=6627"}],"version-history":[{"count":15,"href":"https:\/\/bovin.qc.ca\/en\/wp-json\/wp\/v2\/pages\/6627\/revisions"}],"predecessor-version":[{"id":29423,"href":"https:\/\/bovin.qc.ca\/en\/wp-json\/wp\/v2\/pages\/6627\/revisions\/29423"}],"up":[{"embeddable":true,"href":"https:\/\/bovin.qc.ca\/en\/wp-json\/wp\/v2\/pages\/1798"}],"wp:attachment":[{"href":"https:\/\/bovin.qc.ca\/en\/wp-json\/wp\/v2\/media?parent=6627"}],"curies":[{"name":"wp","href":"https:\/\/api.w.org\/{rel}","templated":true}]}}