{"id":6336,"date":"2019-04-10T16:03:18","date_gmt":"2019-04-10T20:03:18","guid":{"rendered":"https:\/\/bovin.qc.ca\/documentation-centre\/archives\/2019-2\/"},"modified":"2025-06-18T11:04:46","modified_gmt":"2025-06-18T15:04:46","slug":"2019-2","status":"publish","type":"page","link":"https:\/\/bovin.qc.ca\/en\/publications\/archives\/2019-2\/","title":{"rendered":"2019"},"content":{"rendered":"<h2>Infolettre :&nbsp;<em>La minute bovine <\/em>2019<\/h2>\n<p><a href=\"https:\/\/mailchi.mp\/upa\/dates-agr-pbq-1562393\" target=\"_blank\" rel=\"noopener\">+ La minute bovine \u2013 F\u00e9vrier 2019<\/a><\/p>\n<p><a href=\"https:\/\/bovin.qc.ca\/infolettre-la-minute-bovine-mars-2019\/\" target=\"_blank\" rel=\"noopener\">+ La minute bovine \u2013 Mars 2019<\/a><\/p>\n<p><a href=\"https:\/\/mailchi.mp\/upa\/la-minute-bovine-avril-2019\" target=\"_blank\" rel=\"noopener\">+ La minute bovine &#8211; Avril 2019<\/a><\/p>\n<p><a href=\"https:\/\/bovin.qc.ca\/en\/infolettre-la-minute-bovine-mai-2019\/\">+ La minute bovine &#8211; Mai 2019<\/a><\/p>\n<p><a href=\"https:\/\/bovin.qc.ca\/infolettre-la-minute-bovine-juin-2019\/\" target=\"_blank\" rel=\"noopener\">+ La minute bovine &#8211; Juin 2019<\/a><\/p>\n<p><a href=\"https:\/\/bovin.qc.ca\/infolettre-la-minute-bovine-juillet-2019\/\" target=\"_blank\" rel=\"noopener\">+ La minute bovine &#8211; Juillet 2019<\/a><\/p>\n<p><a href=\"https:\/\/bovin.qc.ca\/infolettre-la-minute-bovine-aout-2019\/\" target=\"_blank\" rel=\"noopener\">+ La minute bovine &#8211; Ao\u00fbt 2019<\/a><\/p>\n<p><a href=\"https:\/\/bovin.qc.ca\/en\/infolettre-la-minute-bovine-septembre-2019\/\" target=\"_blank\" rel=\"noopener\">+ La minute bovine &#8211; Septembre 2019<\/a><\/p>\n<p><a href=\"https:\/\/bovin.qc.ca\/infolettre-la-minute-bovine-octobre-2019\/\" target=\"_blank\" rel=\"noopener\">+ La minute bovine &#8211; Octobre 2019<\/a><\/p>\n<p><a href=\"https:\/\/bovin.qc.ca\/infolettre-la-minute-bovine-novembre-2019\/\" target=\"_blank\" rel=\"noopener\">+ La minute bovine &#8211; Novembre 2019<\/a><\/p>\n<p><a href=\"https:\/\/bovin.qc.ca\/infolettre-la-minute-bovine-decembre-2019\/\" target=\"_blank\" rel=\"noopener\">+ La minute bovine &#8211; D\u00e9cembre 2019<\/a><\/p>\n<div class=\"ui vertical stripe segment\">\n<div class=\"ui container\">\n<div class=\"ui selection dropdown\" tabindex=\"0\">\n<h2 class=\"text\">Cahiers <em>Bovins du Qu\u00e9bec <\/em>2019<\/h2>\n<\/div>\n<\/div>\n<\/div>\n<div><strong>Int\u00e9gr\u00e9s \u00e0 la <em><a href=\"https:\/\/laterrekiosk.milibris.com\/\" target=\"_blank\" rel=\"noopener\">Terre de chez nous<\/a><\/em><\/strong><\/div>\n<div class=\"ui stripes\">\n<div class=\"ui vertical stripe segment\">\n<div class=\"ui container issues_container\">\n<div class=\"ui four column doubling grid\">\n<div class=\"center aligned filterable column issue_container\" data-title=\"0475e486-c307-4c8f-898b-b25579caba76\">\n<h2 class=\"issue_legend center aligned ellipsis\"><a href=\"https:\/\/laterrekiosk.milibris.com\/reader\/d039ff28-b238-4c02-a036-5b60f960da6c\"><img decoding=\"async\" class=\"ui shadowed image transition visible\" src=\"https:\/\/static.milibris.com\/thumbnail\/issue\/d039ff28-b238-4c02-a036-5b60f960da6c\/front\/catalog-cover.png\" data-src=\"\/\/static.milibris.com\/thumbnail\/issue\/d039ff28-b238-4c02-a036-5b60f960da6c\/front\/catalog-cover.png\"><\/a><\/h2>\n<\/div>\n<div class=\"center aligned filterable column issue_container\" data-title=\"0475e486-c307-4c8f-898b-b25579caba76\">\n<h2 class=\"issue_legend center aligned ellipsis\">Octobre 2019<\/h2>\n<\/div>\n<div class=\"center aligned filterable column issue_container\" data-title=\"0475e486-c307-4c8f-898b-b25579caba76\">\n<div class=\"ui centered fluid image\"><i class=\"icon unhide\"><\/i><a href=\"https:\/\/laterrekiosk.milibris.com\/reader\/fc264f0b-d324-4783-aade-4901b8dede90\"><img decoding=\"async\" class=\"ui shadowed image transition visible\" src=\"https:\/\/static.milibris.com\/thumbnail\/issue\/fc264f0b-d324-4783-aade-4901b8dede90\/front\/catalog-cover.png\" data-src=\"\/\/static.milibris.com\/thumbnail\/issue\/fc264f0b-d324-4783-aade-4901b8dede90\/front\/catalog-cover.png\"><\/a><\/div>\n<\/div>\n<div class=\"center aligned filterable column issue_container\" data-title=\"0475e486-c307-4c8f-898b-b25579caba76\">\n<h2 class=\"issue_legend center aligned ellipsis\">10 juillet 2019<\/h2>\n<\/div>\n<div class=\"center aligned filterable column issue_container\" data-title=\"0475e486-c307-4c8f-898b-b25579caba76\">\n<div class=\"ui centered fluid image\"><i class=\"icon unhide\"><\/i><a href=\"https:\/\/laterrekiosk.milibris.com\/reader\/650ea835-09c2-45cf-a0e8-b587b90fb026\"><img decoding=\"async\" class=\"ui shadowed image transition visible\" src=\"https:\/\/static.milibris.com\/thumbnail\/issue\/650ea835-09c2-45cf-a0e8-b587b90fb026\/front\/catalog-cover.png\" data-src=\"\/\/static.milibris.com\/thumbnail\/issue\/650ea835-09c2-45cf-a0e8-b587b90fb026\/front\/catalog-cover.png\"><\/a><\/div>\n<\/div>\n<div class=\"center aligned filterable column issue_container\" data-title=\"0475e486-c307-4c8f-898b-b25579caba76\">\n<h2 class=\"issue_legend center aligned ellipsis\">8 mai 2019<\/h2>\n<\/div>\n<div class=\"center aligned filterable column issue_container\" data-title=\"0475e486-c307-4c8f-898b-b25579caba76\">\n<div class=\"ui centered fluid image\"><i class=\"icon unhide\"><\/i><a href=\"https:\/\/laterrekiosk.milibris.com\/reader\/277348a9-4fa9-4033-8ecf-2d9663730f85\"><img decoding=\"async\" class=\"ui shadowed image transition visible\" src=\"https:\/\/static.milibris.com\/thumbnail\/issue\/277348a9-4fa9-4033-8ecf-2d9663730f85\/front\/catalog-cover.png\" data-src=\"\/\/static.milibris.com\/thumbnail\/issue\/277348a9-4fa9-4033-8ecf-2d9663730f85\/front\/catalog-cover.png\"><\/a><\/div>\n<h2 class=\"issue_legend center aligned ellipsis\">16 janvier 2019<\/h2>\n<\/div>\n<\/div>\n<\/div>\n<\/div>\n<\/div>\n<p>&nbsp;<\/p>\n","protected":false},"excerpt":{"rendered":"<p>Infolettre :&nbsp;La minute bovine 2019 + La minute bovine \u2013 F\u00e9vrier 2019 + La minute bovine \u2013 Mars 2019 + La minute bovine &#8211; Avril 2019 + La minute bovine &#8211; Mai 2019 + La minute bovine &#8211; Juin 2019 + La minute bovine &#8211; Juillet 2019 + La minute bovine &#8211; Ao\u00fbt 2019 + [&#8230;]<\/p>\n","protected":false},"author":6,"featured_media":0,"parent":1751,"menu_order":0,"comment_status":"closed","ping_status":"closed","template":"","meta":{"ngg_post_thumbnail":0,"footnotes":""},"class_list":["post-6336","page","type-page","status-publish","hentry"],"_links":{"self":[{"href":"https:\/\/bovin.qc.ca\/en\/wp-json\/wp\/v2\/pages\/6336","targetHints":{"allow":["GET"]}}],"collection":[{"href":"https:\/\/bovin.qc.ca\/en\/wp-json\/wp\/v2\/pages"}],"about":[{"href":"https:\/\/bovin.qc.ca\/en\/wp-json\/wp\/v2\/types\/page"}],"author":[{"embeddable":true,"href":"https:\/\/bovin.qc.ca\/en\/wp-json\/wp\/v2\/users\/6"}],"replies":[{"embeddable":true,"href":"https:\/\/bovin.qc.ca\/en\/wp-json\/wp\/v2\/comments?post=6336"}],"version-history":[{"count":22,"href":"https:\/\/bovin.qc.ca\/en\/wp-json\/wp\/v2\/pages\/6336\/revisions"}],"predecessor-version":[{"id":27208,"href":"https:\/\/bovin.qc.ca\/en\/wp-json\/wp\/v2\/pages\/6336\/revisions\/27208"}],"up":[{"embeddable":true,"href":"https:\/\/bovin.qc.ca\/en\/wp-json\/wp\/v2\/pages\/1751"}],"wp:attachment":[{"href":"https:\/\/bovin.qc.ca\/en\/wp-json\/wp\/v2\/media?parent=6336"}],"curies":[{"name":"wp","href":"https:\/\/api.w.org\/{rel}","templated":true}]}}