{"id":5050,"date":"2018-04-22T19:31:49","date_gmt":"2018-04-22T23:31:49","guid":{"rendered":"https:\/\/bovin.qc.ca\/?page_id=5050"},"modified":"2025-06-18T11:11:02","modified_gmt":"2025-06-18T15:11:02","slug":"2018-2","status":"publish","type":"page","link":"https:\/\/bovin.qc.ca\/en\/publications\/archives\/2018-2\/","title":{"rendered":"2018"},"content":{"rendered":"<h2>Infolettre :&nbsp;<em>La minute bovine <\/em>2018<\/h2>\n<p><a href=\"https:\/\/bovin.qc.ca\/en\/infolettre-la-minute-bovine-fevrier-2018\/\">+ La minute bovine \u2013 F\u00e9vrier 2018<\/a><\/p>\n<p><a href=\"https:\/\/bovin.qc.ca\/en\/infolettre-la-minute-bovine-mars-2018\/\">+ La minute bovine \u2013 Mars 2018<\/a><\/p>\n<p><a href=\"https:\/\/bovin.qc.ca\/en\/infolettre-la-minute-bovine-mai-2018\/\" target=\"_blank\" rel=\"noopener\">+ La minute bovine \u2013 Mai 2018<\/a><\/p>\n<p><a href=\"https:\/\/bovin.qc.ca\/en\/infolettre-la-minute-bovine-juin-2018\/\" target=\"_blank\" rel=\"noopener\">+ La minute bovine \u2013 Juin 2018<\/a><\/p>\n<p><a href=\"https:\/\/bovin.qc.ca\/en\/infolettre-la-minute-bovine-septembre-2018\/\" target=\"_blank\" rel=\"noopener\">+ La minute bovine \u2013 Septembre 2018<\/a><\/p>\n<p><a href=\"https:\/\/bovin.qc.ca\/en\/infolettre-la-minute-bovine-octobre-2018\/\" target=\"_blank\" rel=\"noopener\">+ La minute bovine \u2013 Octobre 2018<\/a><\/p>\n<p><a href=\"https:\/\/bovin.qc.ca\/en\/infolettre-la-minute-bovine-decembre-2018\/\" target=\"_blank\" rel=\"noopener\">+ La minute bovine \u2013 D\u00e9cembre 2018<\/a><\/p>\n<div class=\"center aligned filterable column issue_container\" data-title=\"0475e486-c307-4c8f-898b-b25579caba76\">\n<h2 class=\"issue_legend center aligned ellipsis\">Cahiers <em>Bovins du Qu\u00e9bec<\/em><\/h2>\n<p><strong>Int\u00e9gr\u00e9s \u00e0 la <a href=\"https:\/\/laterrekiosk.milibris.com\/\" target=\"_blank\" rel=\"noopener\">Terre de chez nous<\/a><\/strong><\/p>\n<\/div>\n<div class=\"center aligned filterable column issue_container\" data-title=\"0475e486-c307-4c8f-898b-b25579caba76\">\n<div class=\"ui centered fluid image\"><i class=\"icon unhide\"><\/i><a href=\"https:\/\/laterrekiosk.milibris.com\/reader\/807e0557-9828-4274-8ebb-e2c05a63dea3\"><img decoding=\"async\" class=\"ui shadowed image transition visible\" src=\"https:\/\/static.milibris.com\/thumbnail\/issue\/807e0557-9828-4274-8ebb-e2c05a63dea3\/front\/catalog-cover.png\" data-src=\"\/\/static.milibris.com\/thumbnail\/issue\/807e0557-9828-4274-8ebb-e2c05a63dea3\/front\/catalog-cover.png\"><\/a><\/div>\n<h2 class=\"issue_legend center aligned ellipsis\">31 octobre 2018<\/h2>\n<\/div>\n<div class=\"center aligned filterable column issue_container\" data-title=\"0475e486-c307-4c8f-898b-b25579caba76\">\n<div class=\"ui centered fluid image\">&nbsp;<\/div>\n<\/div>\n<div class=\"center aligned filterable column issue_container\" data-title=\"0475e486-c307-4c8f-898b-b25579caba76\">\n<div class=\"ui centered fluid image\"><i class=\"icon unhide\"><\/i><a href=\"https:\/\/laterrekiosk.milibris.com\/reader\/5e10f326-3280-4c14-a583-407f62e60b3f\"><img decoding=\"async\" class=\"ui shadowed image transition visible\" src=\"https:\/\/static.milibris.com\/thumbnail\/issue\/5e10f326-3280-4c14-a583-407f62e60b3f\/front\/catalog-cover.png\" data-src=\"\/\/static.milibris.com\/thumbnail\/issue\/5e10f326-3280-4c14-a583-407f62e60b3f\/front\/catalog-cover.png\"><\/a><\/div>\n<h2 class=\"issue_legend center aligned ellipsis\">25 juillet 2018<\/h2>\n<\/div>\n<div class=\"center aligned filterable column issue_container\" data-title=\"0475e486-c307-4c8f-898b-b25579caba76\"><a href=\"https:\/\/laterrekiosk.milibris.com\/reader\/674d565b-495f-49df-a037-754c654735f9\"><img decoding=\"async\" class=\"ui shadowed image transition visible\" src=\"https:\/\/static.milibris.com\/thumbnail\/issue\/674d565b-495f-49df-a037-754c654735f9\/front\/catalog-cover.png\" data-src=\"\/\/static.milibris.com\/thumbnail\/issue\/674d565b-495f-49df-a037-754c654735f9\/front\/catalog-cover.png\"><\/a><\/div>\n<div class=\"center aligned filterable column issue_container\" data-title=\"0475e486-c307-4c8f-898b-b25579caba76\">\n<h2 class=\"issue_legend center aligned ellipsis\">9 mai 2018<\/h2>\n<\/div>\n<div class=\"center aligned filterable column issue_container\" data-title=\"0475e486-c307-4c8f-898b-b25579caba76\">\n<div class=\"ui centered fluid image\"><i class=\"icon unhide\"><\/i><a href=\"https:\/\/laterrekiosk.milibris.com\/reader\/34229a5e-0f57-4afe-a64e-c6a507068aba\"><img decoding=\"async\" class=\"ui shadowed image transition visible\" src=\"https:\/\/static.milibris.com\/thumbnail\/issue\/34229a5e-0f57-4afe-a64e-c6a507068aba\/front\/catalog-cover.png\" data-src=\"\/\/static.milibris.com\/thumbnail\/issue\/34229a5e-0f57-4afe-a64e-c6a507068aba\/front\/catalog-cover.png\"><\/a><\/div>\n<h2 class=\"issue_legend center aligned ellipsis\">17 janvier 2018<\/h2>\n<\/div>\n<div class=\"center aligned filterable column issue_container\" data-title=\"0475e486-c307-4c8f-898b-b25579caba76\">\n<div class=\"ui centered fluid image\">&nbsp;<\/div>\n<\/div>\n<p>&nbsp;<\/p>\n<p>&nbsp;<\/p>\n","protected":false},"excerpt":{"rendered":"<p>Infolettre :&nbsp;La minute bovine 2018 + La minute bovine \u2013 F\u00e9vrier 2018 + La minute bovine \u2013 Mars 2018 + La minute bovine \u2013 Mai 2018 + La minute bovine \u2013 Juin 2018 + La minute bovine \u2013 Septembre 2018 + La minute bovine \u2013 Octobre 2018 + La minute bovine \u2013 D\u00e9cembre 2018 Cahiers [&#8230;]<\/p>\n","protected":false},"author":6,"featured_media":0,"parent":1751,"menu_order":0,"comment_status":"closed","ping_status":"closed","template":"","meta":{"ngg_post_thumbnail":0,"footnotes":""},"class_list":["post-5050","page","type-page","status-publish","hentry"],"_links":{"self":[{"href":"https:\/\/bovin.qc.ca\/en\/wp-json\/wp\/v2\/pages\/5050","targetHints":{"allow":["GET"]}}],"collection":[{"href":"https:\/\/bovin.qc.ca\/en\/wp-json\/wp\/v2\/pages"}],"about":[{"href":"https:\/\/bovin.qc.ca\/en\/wp-json\/wp\/v2\/types\/page"}],"author":[{"embeddable":true,"href":"https:\/\/bovin.qc.ca\/en\/wp-json\/wp\/v2\/users\/6"}],"replies":[{"embeddable":true,"href":"https:\/\/bovin.qc.ca\/en\/wp-json\/wp\/v2\/comments?post=5050"}],"version-history":[{"count":13,"href":"https:\/\/bovin.qc.ca\/en\/wp-json\/wp\/v2\/pages\/5050\/revisions"}],"predecessor-version":[{"id":27216,"href":"https:\/\/bovin.qc.ca\/en\/wp-json\/wp\/v2\/pages\/5050\/revisions\/27216"}],"up":[{"embeddable":true,"href":"https:\/\/bovin.qc.ca\/en\/wp-json\/wp\/v2\/pages\/1751"}],"wp:attachment":[{"href":"https:\/\/bovin.qc.ca\/en\/wp-json\/wp\/v2\/media?parent=5050"}],"curies":[{"name":"wp","href":"https:\/\/api.w.org\/{rel}","templated":true}]}}