{"id":5035,"date":"2018-04-22T19:22:05","date_gmt":"2018-04-22T23:22:05","guid":{"rendered":"https:\/\/bovin.qc.ca\/?page_id=5035"},"modified":"2025-06-18T11:13:45","modified_gmt":"2025-06-18T15:13:45","slug":"2017-2","status":"publish","type":"page","link":"https:\/\/bovin.qc.ca\/en\/publications\/archives\/2017-2\/","title":{"rendered":"2017"},"content":{"rendered":"<p>&nbsp;<\/p>\n<h2>Infolettre :&nbsp;<em>La minute bovine <\/em>2017<\/h2>\n<p><a href=\"https:\/\/bovin.qc.ca\/en\/infolettre-la-minute-bovine-fevrier-2017\/\">+ La minute bovine \u2013 F\u00e9vrier 2017<\/a><\/p>\n<p><a href=\"https:\/\/bovin.qc.ca\/en\/infolettre-la-minute-bovine-mars-2017\/\">+ La minute bovine \u2013 Mars 2017<\/a><\/p>\n<p><a href=\"https:\/\/bovin.qc.ca\/en\/infolettre-la-minute-bovine-mai-2017\/\">+ La minute bovine \u2013 Mai 2017<\/a><\/p>\n<p><a href=\"https:\/\/bovin.qc.ca\/en\/infolettre-la-minute-bovine-juin-2017\/\">+ La minute bovine \u2013 Juin 2017<\/a><\/p>\n<p><a href=\"https:\/\/bovin.qc.ca\/en\/infolettre-la-minute-bovine-septembre-2017\/\">+ La minute bovine \u2013 Septembre 2017<\/a><\/p>\n<p><a href=\"https:\/\/bovin.qc.ca\/en\/infolettre-la-minute-bovine-octobre-2017\/\">+ La minute bovine \u2013 Octobre 2017<\/a><\/p>\n<p><a href=\"https:\/\/bovin.qc.ca\/en\/infolettre-la-minute-bovine-novembre-2017\/\">+ La minute bovine \u2013 Novembre 2017<\/a><\/p>\n<p><a href=\"https:\/\/bovin.qc.ca\/en\/infolettre-la-minute-bovine-decembre-2017\/\">+ La minute bovine \u2013 D\u00e9cembre 2017<\/a><\/p>\n<h2><strong>Cahiers <em>Bovins du Qu\u00e9bec<\/em><\/strong><\/h2>\n<p><strong>Int\u00e9gr\u00e9s \u00e0 la Terre de chez nous<\/strong><\/p>\n<div class=\"center aligned filterable column issue_container\" data-title=\"0475e486-c307-4c8f-898b-b25579caba76\"><a href=\"https:\/\/laterrekiosk.milibris.com\/reader\/149416e3-4932-4673-889b-fe901a571f48\"><img loading=\"lazy\" decoding=\"async\" class=\"ui shadowed image transition visible\" src=\"https:\/\/static.milibris.com\/thumbnail\/issue\/149416e3-4932-4673-889b-fe901a571f48\/front\/catalog-cover.png\" width=\"260\" height=\"362\" data-src=\"\/\/static.milibris.com\/thumbnail\/issue\/149416e3-4932-4673-889b-fe901a571f48\/front\/catalog-cover.png\"><\/a><\/div>\n<div class=\"center aligned filterable column issue_container\" data-title=\"0475e486-c307-4c8f-898b-b25579caba76\"><strong>1 novembre 2017<\/strong><\/div>\n<div data-title=\"0475e486-c307-4c8f-898b-b25579caba76\">&nbsp;<\/div>\n<div data-title=\"0475e486-c307-4c8f-898b-b25579caba76\">\n<h2 class=\"issue_legend center aligned ellipsis\"><a href=\"https:\/\/www.laterre.ca\/magazine\/bovins-2017-07-26\" target=\"_blank\" rel=\"noopener\"><img loading=\"lazy\" decoding=\"async\" class=\"alignnone wp-image-10211\" src=\"https:\/\/bovin.qc.ca\/wp-content\/uploads\/2020\/07\/Bovins_2017-07-26-1-217x300.jpg\" alt=\"\" width=\"237\" height=\"328\" srcset=\"https:\/\/bovin.qc.ca\/wp-content\/uploads\/2020\/07\/Bovins_2017-07-26-1-217x300.jpg 217w, https:\/\/bovin.qc.ca\/wp-content\/uploads\/2020\/07\/Bovins_2017-07-26-1-93x128.jpg 93w, https:\/\/bovin.qc.ca\/wp-content\/uploads\/2020\/07\/Bovins_2017-07-26-1.jpg 499w\" sizes=\"auto, (max-width: 237px) 100vw, 237px\" \/><\/a><\/h2>\n<p><strong>26 juillet 2017<\/strong><\/p>\n<p><a href=\"https:\/\/laterrekiosk.milibris.com\/reader\/5bf9dead-3e9b-4f3a-9321-5421f132275c\"><img loading=\"lazy\" decoding=\"async\" class=\"ui shadowed image transition visible\" src=\"https:\/\/static.milibris.com\/thumbnail\/issue\/5bf9dead-3e9b-4f3a-9321-5421f132275c\/front\/catalog-cover.png\" width=\"245\" height=\"334\" data-src=\"\/\/static.milibris.com\/thumbnail\/issue\/5bf9dead-3e9b-4f3a-9321-5421f132275c\/front\/catalog-cover.png\"><\/a><\/p>\n<\/div>\n<div class=\"center aligned filterable column issue_container\" data-title=\"0475e486-c307-4c8f-898b-b25579caba76\">\n<p class=\"issue_legend center aligned ellipsis\"><strong>10 mai 2017<\/strong><\/p>\n<\/div>\n<div class=\"center aligned filterable column issue_container\" data-title=\"0475e486-c307-4c8f-898b-b25579caba76\">\n<div class=\"center aligned filterable column issue_container\" data-title=\"0475e486-c307-4c8f-898b-b25579caba76\">\n<h2 class=\"issue_legend center aligned ellipsis\">&nbsp;<a href=\"https:\/\/www.laterre.ca\/magazine\/bovins-hiver-2017\" target=\"_blank\" rel=\"noopener\"><img loading=\"lazy\" decoding=\"async\" class=\"alignnone wp-image-10213 \" src=\"https:\/\/bovin.qc.ca\/wp-content\/uploads\/2020\/07\/Bovins_Quebec_20170118-1-219x300.jpg\" alt=\"\" width=\"226\" height=\"310\" srcset=\"https:\/\/bovin.qc.ca\/wp-content\/uploads\/2020\/07\/Bovins_Quebec_20170118-1-219x300.jpg 219w, https:\/\/bovin.qc.ca\/wp-content\/uploads\/2020\/07\/Bovins_Quebec_20170118-1-94x128.jpg 94w, https:\/\/bovin.qc.ca\/wp-content\/uploads\/2020\/07\/Bovins_Quebec_20170118-1.jpg 350w\" sizes=\"auto, (max-width: 226px) 100vw, 226px\" \/><\/a><\/h2>\n<p><strong>18 janvier 2017<\/strong><\/p>\n<\/div>\n<p>&nbsp;<\/p>\n<\/div>\n<p>&nbsp;<\/p>\n<p>&nbsp;<\/p>\n","protected":false},"excerpt":{"rendered":"<p>&nbsp; Infolettre :&nbsp;La minute bovine 2017 + La minute bovine \u2013 F\u00e9vrier 2017 + La minute bovine \u2013 Mars 2017 + La minute bovine \u2013 Mai 2017 + La minute bovine \u2013 Juin 2017 + La minute bovine \u2013 Septembre 2017 + La minute bovine \u2013 Octobre 2017 + La minute bovine \u2013 Novembre 2017 [&#8230;]<\/p>\n","protected":false},"author":6,"featured_media":0,"parent":1751,"menu_order":0,"comment_status":"closed","ping_status":"closed","template":"","meta":{"ngg_post_thumbnail":0,"footnotes":""},"class_list":["post-5035","page","type-page","status-publish","hentry"],"_links":{"self":[{"href":"https:\/\/bovin.qc.ca\/en\/wp-json\/wp\/v2\/pages\/5035","targetHints":{"allow":["GET"]}}],"collection":[{"href":"https:\/\/bovin.qc.ca\/en\/wp-json\/wp\/v2\/pages"}],"about":[{"href":"https:\/\/bovin.qc.ca\/en\/wp-json\/wp\/v2\/types\/page"}],"author":[{"embeddable":true,"href":"https:\/\/bovin.qc.ca\/en\/wp-json\/wp\/v2\/users\/6"}],"replies":[{"embeddable":true,"href":"https:\/\/bovin.qc.ca\/en\/wp-json\/wp\/v2\/comments?post=5035"}],"version-history":[{"count":9,"href":"https:\/\/bovin.qc.ca\/en\/wp-json\/wp\/v2\/pages\/5035\/revisions"}],"predecessor-version":[{"id":27221,"href":"https:\/\/bovin.qc.ca\/en\/wp-json\/wp\/v2\/pages\/5035\/revisions\/27221"}],"up":[{"embeddable":true,"href":"https:\/\/bovin.qc.ca\/en\/wp-json\/wp\/v2\/pages\/1751"}],"wp:attachment":[{"href":"https:\/\/bovin.qc.ca\/en\/wp-json\/wp\/v2\/media?parent=5035"}],"curies":[{"name":"wp","href":"https:\/\/api.w.org\/{rel}","templated":true}]}}