{"id":4774,"date":"2018-02-11T19:40:47","date_gmt":"2018-02-12T00:40:47","guid":{"rendered":"https:\/\/bovin.qc.ca\/infolettre-la-minute-bovine-fevrier-2018\/"},"modified":"2018-03-27T16:35:44","modified_gmt":"2018-03-27T20:35:44","slug":"infolettre-la-minute-bovine-fevrier-2018","status":"publish","type":"page","link":"https:\/\/bovin.qc.ca\/en\/infolettre-la-minute-bovine-fevrier-2018\/","title":{"rendered":"Infolettre : La minute bovine \u2013 F\u00e9vrier 2018"},"content":{"rendered":"<div class=\"newsletter_subscription_box\"><a class=\"newsletter_subscription_link\" href=\"https:\/\/bovin.qc.ca\/abonnement\/\"><div class=\"left_side\"><img decoding=\"async\" src=\"https:\/\/bovin.qc.ca\/wp-content\/themes\/bovins\/images\/infolettre_icon.png\" class=\"newsletter_icon\" \/><\/div><div class=\"right_side\"><p class=\"newsletter_sub_text\">Vous n'\u00eates pas abonn\u00e9 \u00e0 notre infolettre?<br \/>Cliquez ici.<\/p><\/div><div style=\"clear:both;\"><\/div><\/a><\/div>\n<p>&nbsp;<\/p>\n<h1><a id=\"haut\"><\/a>INFOLETTRE<\/h1>\n<h1>La minute bovine \u2013 F\u00e9vrier 2018<\/h1>\n<ul>\n<li><a href=\"https:\/\/bovin.qc.ca\/infolettre-la-minute-bovine-fevrier-2018\/#face\">NOUVEAU SUR FACEBOOK \u00ab LES PRODUCTEURS DE BOVINS DU QU\u00c9BEC \u00bb<\/a><\/li>\n<li><a href=\"https:\/\/bovin.qc.ca\/infolettre-la-minute-bovine-fevrier-2018\/#agr\">Vos ASSEMBL\u00c9ES G\u00c9N\u00c9RALES ANNUELLES R\u00c9GIONALES<\/a><\/li>\n<li><a href=\"https:\/\/bovin.qc.ca\/infolettre-la-minute-bovine-fevrier-2018\/#bea\">PROGRAMME D&#8217;AIDE AUX INVESTISSEMENTS POUR LE BIEN-\u00caTRE ANIMAL ET L&#8217;EFFICACIT\u00c9 \u00c9NERG\u00c9TIQUE<\/a><\/li>\n<li><a href=\"https:\/\/bovin.qc.ca\/infolettre-la-minute-bovine-fevrier-2018\/#ba\">BOUVILLON D&#8217;ABATTAGE: UNE NOUVELLE DIRECTRICE<\/a><\/li>\n<li><a href=\"https:\/\/bovin.qc.ca\/infolettre-la-minute-bovine-fevrier-2018\/#capnat\">CAPITALE-NATIONALE-C\u00d4TE-NORD: JOURN\u00c9E BOVINE EN F\u00c9VRIER<\/a><\/li>\n<li><a href=\"https:\/\/bovin.qc.ca\/infolettre-la-minute-bovine-fevrier-2018\/#inpacq\">FORMATION INPACQ VEAU DE GRAIN 2018 EN MARS<\/a><\/li>\n<li><a href=\"https:\/\/bovin.qc.ca\/infolettre-la-minute-bovine-fevrier-2018\/#bsl\">BAS-SAINT-LAURENT: BON ACHALANDAGE AUX JOURN\u00c9ES DE FORMATION BOVINE<\/a><\/li>\n<li><a href=\"https:\/\/bovin.qc.ca\/infolettre-la-minute-bovine-fevrier-2018\/#webi\">WEBINAIRE AGROM\u00c9T\u00c9O QU\u00c9BEC<\/a><\/li>\n<li><a href=\"https:\/\/bovin.qc.ca\/infolettre-la-minute-bovine-fevrier-2018\/#grele\">RAPPEL: AIDE AUX ENTREPRISES AGRICOLES AFFECT\u00c9ES PAR LA GR\u00caLE<\/a><\/li>\n<\/ul>\n<p>&nbsp;<a id=\"face\"><\/a><\/p>\n<hr>\n<h3><strong>FACEBOOK \u00ab LES PRODUCTEURS DE BOVINS DU QU\u00c9BEC \u00bb<\/strong><\/h3>\n<p><a href=\"https:\/\/www.facebook.com\/groups\/bovinsqc\/about\/\" target=\"_blank\" rel=\"noopener\"><img loading=\"lazy\" decoding=\"async\" class=\" wp-image-4407 alignleft\" src=\"https:\/\/bovin.qc.ca\/wp-content\/uploads\/2017\/10\/Facebook-symbole.png\" alt=\"\" width=\"110\" height=\"110\" srcset=\"https:\/\/bovin.qc.ca\/wp-content\/uploads\/2017\/10\/Facebook-symbole.png 182w, https:\/\/bovin.qc.ca\/wp-content\/uploads\/2017\/10\/Facebook-symbole-150x150.png 150w, https:\/\/bovin.qc.ca\/wp-content\/uploads\/2017\/10\/Facebook-symbole-128x128.png 128w\" sizes=\"auto, (max-width: 110px) 100vw, 110px\" \/><\/a>Les PBQ ont tout r\u00e9cemment ouvert un <a href=\"https:\/\/www.facebook.com\/groups\/bovinsqc\/?hc_ref=ARQt3UT_RaszGiuejsepu1ZEASvwaPPib7S-7hfSTqyCasc0QhIknQG7bZrgFFN0I-M\" target=\"_blank\" rel=\"noopener\">groupe Facebook<\/a> d\u00e9di\u00e9 aux producteurs de tous ses secteurs&nbsp;: bouvillon d\u2019abattage, veau d\u2019embouche, veau de grain, veau de lait et bovin de r\u00e9forme et veau laitier. La plateforme se veut un lieu de rassemblement, de partage et d\u2019information.<\/p>\n<p>Si vous n\u2019avez pas de compte Facebook, suivez les \u00e9tapes de cr\u00e9ation d\u2019un compte en vous rendant au <a href=\"http:\/\/www.facebook.com\" target=\"_blank\" rel=\"noopener\">www.facebook.com<\/a>.<\/p>\n<p style=\"text-align: justify;\">Pour rejoindre le groupe, il vous suffit de cliquer sur l\u2019onglet \u00ab&nbsp;Rejoindre le groupe&nbsp;\u00bb dans le coin sup\u00e9rieur droit et de r\u00e9pondre \u00e0 la question qui vous est pos\u00e9e. <a href=\"https:\/\/www.facebook.com\/groups\/bovinsqc\/?hc_ref=ARQt3UT_RaszGiuejsepu1ZEASvwaPPib7S-7hfSTqyCasc0QhIknQG7bZrgFFN0I-M\" target=\"_blank\" rel=\"noopener\">Rejoignez le groupe en cliquant ici<\/a>.<\/p>\n<h4>&nbsp;<\/h4>\n<h4><u>Connaissez-vous toutes les pages Facebook des PBQ?<\/u><\/h4>\n<p>&nbsp;<a href=\"https:\/\/www.facebook.com\/veaudembouche\/\" target=\"_blank\" rel=\"noopener\"><img loading=\"lazy\" decoding=\"async\" class=\"alignnone  wp-image-4766\" src=\"https:\/\/bovin.qc.ca\/wp-content\/uploads\/2018\/02\/VE-1de2.png\" alt=\"\" width=\"82\" height=\"81\" srcset=\"https:\/\/bovin.qc.ca\/wp-content\/uploads\/2018\/02\/VE-1de2.png 272w, https:\/\/bovin.qc.ca\/wp-content\/uploads\/2018\/02\/VE-1de2-150x150.png 150w, https:\/\/bovin.qc.ca\/wp-content\/uploads\/2018\/02\/VE-1de2-129x128.png 129w\" sizes=\"auto, (max-width: 82px) 100vw, 82px\" \/><\/a><a href=\"https:\/\/www.facebook.com\/veaudembouche\/\" target=\"_blank\" rel=\"noopener\"><img loading=\"lazy\" decoding=\"async\" class=\"alignnone  wp-image-4767\" src=\"https:\/\/bovin.qc.ca\/wp-content\/uploads\/2018\/02\/VE-2de2.png\" alt=\"\" width=\"143\" height=\"81\" srcset=\"https:\/\/bovin.qc.ca\/wp-content\/uploads\/2018\/02\/VE-2de2.png 278w, https:\/\/bovin.qc.ca\/wp-content\/uploads\/2018\/02\/VE-2de2-225x128.png 225w\" sizes=\"auto, (max-width: 143px) 100vw, 143px\" \/><\/a>&nbsp;<a href=\"https:\/\/www.facebook.com\/veaudelait\/\" target=\"_blank\" rel=\"noopener\"><img loading=\"lazy\" decoding=\"async\" class=\"alignnone wp-image-3234\" src=\"https:\/\/bovin.qc.ca\/wp-content\/uploads\/2017\/02\/VDLQ-logo-250x100.png\" alt=\"\" width=\"203\" height=\"81\"><\/a>&nbsp;<a href=\"https:\/\/www.facebook.com\/veaudegrainduquebec\/\" target=\"_blank\" rel=\"noopener\"><img loading=\"lazy\" decoding=\"async\" class=\"alignnone  wp-image-4770\" src=\"https:\/\/bovin.qc.ca\/wp-content\/uploads\/2018\/02\/Logo_veau_qc_web_noir-300x154.jpg\" alt=\"\" width=\"158\" height=\"81\" srcset=\"https:\/\/bovin.qc.ca\/wp-content\/uploads\/2018\/02\/Logo_veau_qc_web_noir-300x154.jpg 300w, https:\/\/bovin.qc.ca\/wp-content\/uploads\/2018\/02\/Logo_veau_qc_web_noir-249x128.jpg 249w, https:\/\/bovin.qc.ca\/wp-content\/uploads\/2018\/02\/Logo_veau_qc_web_noir.jpg 600w\" sizes=\"auto, (max-width: 158px) 100vw, 158px\" \/><\/a><\/p>\n<p>&nbsp;<\/p>\n<p><a id=\"agr\"><\/a><a href=\"https:\/\/bovin.qc.ca\/infolettre-la-minute-bovine-fevrier-2018\/#haut\">Retour en haut<\/a><\/p>\n<hr>\n<h3><strong>Vos ASSEMBL\u00c9ES G\u00c9N\u00c9RALES ANNUELLES R\u00c9GIONALES<\/strong><\/h3>\n<p>Les assembl\u00e9es g\u00e9n\u00e9rales annuelles r\u00e9gionales des producteurs de bovins du Qu\u00e9bec se d\u00e9roulent tout le mois de f\u00e9vrier partout en province.<\/p>\n<p>Pour conna\u00eetre la date, le lieu et les conf\u00e9rences qui sont offertes dans votre r\u00e9gion, <a href=\"https:\/\/bovin.qc.ca\/vos-assemblees-generales-annuelles-2018\" target=\"_blank\" rel=\"noopener\">cliquez ici<\/a>.<\/p>\n<p><img loading=\"lazy\" decoding=\"async\" class=\"alignnone  wp-image-4687\" src=\"https:\/\/bovin.qc.ca\/wp-content\/uploads\/2018\/01\/veau_dembouche-300x300.png\" alt=\"\" width=\"146\" height=\"146\" srcset=\"https:\/\/bovin.qc.ca\/wp-content\/uploads\/2018\/01\/veau_dembouche-300x300.png 300w, https:\/\/bovin.qc.ca\/wp-content\/uploads\/2018\/01\/veau_dembouche-150x150.png 150w, https:\/\/bovin.qc.ca\/wp-content\/uploads\/2018\/01\/veau_dembouche-128x128.png 128w, https:\/\/bovin.qc.ca\/wp-content\/uploads\/2018\/01\/veau_dembouche.png 1200w\" sizes=\"auto, (max-width: 146px) 100vw, 146px\" \/>&nbsp;<img loading=\"lazy\" decoding=\"async\" class=\"alignnone  wp-image-4685\" src=\"https:\/\/bovin.qc.ca\/wp-content\/uploads\/2018\/01\/bouvillon-300x300.png\" alt=\"\" width=\"146\" height=\"146\" srcset=\"https:\/\/bovin.qc.ca\/wp-content\/uploads\/2018\/01\/bouvillon-300x300.png 300w, https:\/\/bovin.qc.ca\/wp-content\/uploads\/2018\/01\/bouvillon-150x150.png 150w, https:\/\/bovin.qc.ca\/wp-content\/uploads\/2018\/01\/bouvillon-128x128.png 128w, https:\/\/bovin.qc.ca\/wp-content\/uploads\/2018\/01\/bouvillon.png 1200w\" sizes=\"auto, (max-width: 146px) 100vw, 146px\" \/><img loading=\"lazy\" decoding=\"async\" class=\"alignnone  wp-image-4686\" src=\"https:\/\/bovin.qc.ca\/wp-content\/uploads\/2018\/01\/bovin-300x300.png\" alt=\"\" width=\"145\" height=\"145\" srcset=\"https:\/\/bovin.qc.ca\/wp-content\/uploads\/2018\/01\/bovin-300x300.png 300w, https:\/\/bovin.qc.ca\/wp-content\/uploads\/2018\/01\/bovin-150x150.png 150w, https:\/\/bovin.qc.ca\/wp-content\/uploads\/2018\/01\/bovin-128x128.png 128w, https:\/\/bovin.qc.ca\/wp-content\/uploads\/2018\/01\/bovin.png 1200w\" sizes=\"auto, (max-width: 145px) 100vw, 145px\" \/><img loading=\"lazy\" decoding=\"async\" class=\"alignnone  wp-image-4688\" src=\"https:\/\/bovin.qc.ca\/wp-content\/uploads\/2018\/01\/veau_lait-300x300.png\" alt=\"\" width=\"145\" height=\"145\" srcset=\"https:\/\/bovin.qc.ca\/wp-content\/uploads\/2018\/01\/veau_lait-300x300.png 300w, https:\/\/bovin.qc.ca\/wp-content\/uploads\/2018\/01\/veau_lait-150x150.png 150w, https:\/\/bovin.qc.ca\/wp-content\/uploads\/2018\/01\/veau_lait-128x128.png 128w, https:\/\/bovin.qc.ca\/wp-content\/uploads\/2018\/01\/veau_lait.png 1200w\" sizes=\"auto, (max-width: 145px) 100vw, 145px\" \/><img loading=\"lazy\" decoding=\"async\" class=\"alignnone  wp-image-4689\" src=\"https:\/\/bovin.qc.ca\/wp-content\/uploads\/2018\/01\/veau-grain-300x300.png\" alt=\"\" width=\"145\" height=\"145\" srcset=\"https:\/\/bovin.qc.ca\/wp-content\/uploads\/2018\/01\/veau-grain-300x300.png 300w, https:\/\/bovin.qc.ca\/wp-content\/uploads\/2018\/01\/veau-grain-150x150.png 150w, https:\/\/bovin.qc.ca\/wp-content\/uploads\/2018\/01\/veau-grain-128x128.png 128w, https:\/\/bovin.qc.ca\/wp-content\/uploads\/2018\/01\/veau-grain.png 1200w\" sizes=\"auto, (max-width: 145px) 100vw, 145px\" \/> &nbsp;&nbsp;<\/p>\n<p>&nbsp;<\/p>\n<p><a id=\"bea\"><\/a><a href=\"https:\/\/bovin.qc.ca\/infolettre-la-minute-bovine-fevrier-2018\/#haut\">Retour en haut<\/a><\/p>\n<hr>\n<h3><b>AIDE AUX INVESTISSEMENTS POUR LE BIEN-\u00caTRE ANIMAL ET L&#8217;EFFICACIT\u00c9 \u00c9NERG\u00c9TIQUE<\/b><\/h3>\n<p>Le minist\u00e8re de l\u2019Agriculture, des P\u00eacheries et de l\u2019Alimentation du Qu\u00e9bec (MAPAQ) a annonc\u00e9 un programme d\u2019aide aux investissements en mati\u00e8re de bien-\u00eatre animal et d\u2019efficacit\u00e9 \u00e9nerg\u00e9tique.<\/p>\n<p>Le programme offre une aide financi\u00e8re directe aux investissements admissibles pour la modernisation des installations de production, soit par la construction de nouveaux b\u00e2timents, soit par la r\u00e9novation de b\u00e2timents ou par l\u2019acquisition et l\u2019installation d\u2019\u00e9quipements fixes de production. Le montant de l\u2019aide accord\u00e9e est d\u00e9termin\u00e9 en fonction du secteur de production faisant l\u2019objet des investissements.<\/p>\n<p><strong>Client\u00e8le admissible&nbsp;:<\/strong> Les entreprises agricoles engag\u00e9es dans un projet d\u2019investissements qui n\u2019est pas li\u00e9 aux productions soumises \u00e0 la gestion de l\u2019offre, \u00e0 l\u2019exception de la production laiti\u00e8re. (Source (MAPAQ)&nbsp;: <a href=\"https:\/\/lc.cx\/Q4PF\" target=\"_blank\" rel=\"noopener\">https:\/\/lc.cx\/Q4PF<\/a>)<\/p>\n<p>La liste des investissements admissibles est disponible dans l\u2019annexe 2 sous \u00ab&nbsp;Efficacit\u00e9 \u00e9nerg\u00e9tique secteur bovins de boucherie&nbsp;\u00bb et sous \u00ab&nbsp;Bien-\u00eatre animal secteur bovins de boucherie&nbsp;\u00bb. Pour consulter le texte int\u00e9gral du programme, <a href=\"http:\/\/www.mapaq.gouv.qc.ca\/SiteCollectionDocuments\/Formulaires\/Guidedudemandeur_plandinvestissement.pdf\" target=\"_blank\" rel=\"noopener\">cliquez ici<\/a>.<\/p>\n<p>&nbsp;<\/p>\n<p><a id=\"ba\"><\/a><a href=\"https:\/\/bovin.qc.ca\/infolettre-la-minute-bovine-fevrier-2018\/#haut\">Retour en haut<\/a><\/p>\n<hr>\n<h3><strong>BOUVILLON D&#8217;ABATTAGE : UNE NOUVELLE DIRECTRICE<\/strong><\/h3>\n<p>Nous avons le plaisir de vous annoncer la nomination de Mme <strong>Catherine Lessard <\/strong>\u00e0 titre de <strong>directrice des affaires \u00e9conomiques et <img loading=\"lazy\" decoding=\"async\" class=\"size-medium wp-image-4743 alignright\" src=\"https:\/\/bovin.qc.ca\/wp-content\/uploads\/2018\/02\/Catherine-Lessard-Capture0217-3c_RA2016-300x200.jpg\" alt=\"\" width=\"300\" height=\"200\" srcset=\"https:\/\/bovin.qc.ca\/wp-content\/uploads\/2018\/02\/Catherine-Lessard-Capture0217-3c_RA2016-300x200.jpg 300w, https:\/\/bovin.qc.ca\/wp-content\/uploads\/2018\/02\/Catherine-Lessard-Capture0217-3c_RA2016-192x128.jpg 192w\" sizes=\"auto, (max-width: 300px) 100vw, 300px\" \/>agronomiques <\/strong>au sein des PBQ. Elle sera \u00e9galement directrice mise en march\u00e9 bouvillon d\u2019abattage. Catherine est titulaire d\u2019un baccalaur\u00e9at en agro\u00e9conomie de l\u2019Universit\u00e9 Laval et d\u2019une ma\u00eetrise en \u00e9conomie et politiques des ressources naturelles de l\u2019Universit\u00e9 du Maine, formation qui lui a donn\u00e9 les outils n\u00e9cessaires \u00e0 l\u2019analyse \u00e9conomique des enjeux agricoles.<\/p>\n<p>Catherine occupait le poste de directrice adjointe \u00e0 la recherche \u00e9conomique aux Producteurs de lait du Qu\u00e9bec (PLQ) depuis quatre ans. Dans le cadre de ses fonctions, elle a entre autres travaill\u00e9 \u00e0 des dossiers li\u00e9s \u00e0 la sant\u00e9 animale et \u00e0 l\u2019environnement et elle a activement particip\u00e9 au d\u00e9veloppement du programme de certification \u00e0 la ferme proAction qui inclut des volets bien-\u00eatre animal et bios\u00e9curit\u00e9. Elle est donc famili\u00e8re avec plusieurs enjeux agronomiques de la fili\u00e8re bovine qu\u00e9b\u00e9coise.<\/p>\n<p>Avant de se joindre aux PLQ, Catherine a travaill\u00e9 en consultation pour \u00c9coRessources, \u00e0 La Financi\u00e8re agricole du Qu\u00e9bec en assurance r\u00e9colte et chez Agriculture et Agroalimentaire Canada.<\/p>\n<p>Mme Lessard est entr\u00e9e en poste le 22 janvier dernier. Nous sommes heureux de la compter parmi nous et lui souhaitons beaucoup de succ\u00e8s.<\/p>\n<p>&nbsp;<\/p>\n<p><a id=\"captnat\"><\/a><a href=\"https:\/\/bovin.qc.ca\/infolettre-la-minute-bovine-fevrier-2018\/#haut\">Retour en haut<\/a><\/p>\n<hr>\n<h3><b>CAPITALE-NATIONALE-C\u00d4TE-NORD : JOURN\u00c9E BOVINE LE 28 F\u00c9VRIER 2018<\/b><\/h3>\n<p><a href=\"http:\/\/www.capitale-nationale-cote-nord.upa.qc.ca\/wp-content\/uploads\/filebase\/documents_utiles\/Journee_Boeuf_CN_2018.pdf\" target=\"_blank\" rel=\"noopener\"><img loading=\"lazy\" decoding=\"async\" class=\"alignleft wp-image-4747 size-medium\" src=\"https:\/\/bovin.qc.ca\/wp-content\/uploads\/2018\/02\/Capture-Journ\u00e9e-Boeuf-CAP-NAT-300x234.png\" alt=\"\" width=\"300\" height=\"234\" srcset=\"https:\/\/bovin.qc.ca\/wp-content\/uploads\/2018\/02\/Capture-Journ\u00e9e-Boeuf-CAP-NAT-300x234.png 300w, https:\/\/bovin.qc.ca\/wp-content\/uploads\/2018\/02\/Capture-Journ\u00e9e-Boeuf-CAP-NAT-164x128.png 164w, https:\/\/bovin.qc.ca\/wp-content\/uploads\/2018\/02\/Capture-Journ\u00e9e-Boeuf-CAP-NAT.png 934w\" sizes=\"auto, (max-width: 300px) 100vw, 300px\" \/><\/a><\/p>\n<p>Le 28 f\u00e9vrier 2018, Les Producteurs de bovins de la Capitale-Nationale-C\u00f4te-Nord organisent, conjointement avec le MAPAQ, direction r\u00e9gionale de la Capitale-Nationale, une journ\u00e9e bovine. Les participants auront notamment la chance de visiter la <strong>Ferme AGR SENC<\/strong> et <strong>la Ferme Louber inc.<\/strong> de Sainte-Marie (Qu\u00e9bec). Pour plus d\u2019information et pour vous inscrire, <a href=\"http:\/\/www.capitale-nationale-cote-nord.upa.qc.ca\/wp-content\/uploads\/filebase\/documents_utiles\/Journee_Boeuf_CN_2018.pdf\" target=\"_blank\" rel=\"noopener\">cliquez ici<\/a>.<\/p>\n<p>&nbsp;<\/p>\n<p>&nbsp;<\/p>\n<p>&nbsp;<\/p>\n<p><a href=\"https:\/\/bovin.qc.ca\/infolettre-la-minute-bovine-fevrier-2018\/#haut\">Retour en haut<\/a><\/p>\n<p>&nbsp;<a id=\"inpacq\"><\/a><\/p>\n<hr>\n<h3><b>INPACQ VEAU DE GRAIN 2018<\/b><\/h3>\n<p>Le jeudi 1<sup>er<\/sup> mars 2018, les producteurs de veaux de grain et de veaux de lait sont invit\u00e9s \u00e0 participer \u00e0 une journ\u00e9e de forma<a href=\"http:\/\/www.mapaq.gouv.qc.ca\/fr\/Regions\/centreduquebec\/Calendrier\/Pages\/INPACQVeaugrain.aspx\" target=\"_blank\" rel=\"noopener\"><img loading=\"lazy\" decoding=\"async\" class=\"size-medium wp-image-4746 alignright\" src=\"https:\/\/bovin.qc.ca\/wp-content\/uploads\/2018\/02\/Inpact-veau-de-grain-300x120.png\" alt=\"\" width=\"300\" height=\"120\" srcset=\"https:\/\/bovin.qc.ca\/wp-content\/uploads\/2018\/02\/Inpact-veau-de-grain-300x120.png 300w, https:\/\/bovin.qc.ca\/wp-content\/uploads\/2018\/02\/Inpact-veau-de-grain-319x128.png 319w, https:\/\/bovin.qc.ca\/wp-content\/uploads\/2018\/02\/Inpact-veau-de-grain.png 673w\" sizes=\"auto, (max-width: 300px) 100vw, 300px\" \/><\/a>tion sur le confort et le bien-\u00eatre des veaux. En matin\u00e9e, deux conf\u00e9rences seront donn\u00e9es au Club de golf Acton Vale \u00e0 partir de 9&nbsp;h&nbsp;30. Ensuite, en apr\u00e8s-midi, les participants auront des ateliers pratiques sur une ferme d\u2019\u00e9levage de veaux de grain en lien avec la th\u00e9orie vue plus t\u00f4t dans la journ\u00e9e. Pour plus d\u2019information et pour vous inscrire, cliquez sur <a href=\"http:\/\/www.mapaq.gouv.qc.ca\/fr\/Regions\/centreduquebec\/Calendrier\/Pages\/INPACQVeaugrain.aspx\" target=\"_blank\" rel=\"noopener\">le lien suivant<\/a><strong>.<\/strong><\/p>\n<p>&nbsp;<\/p>\n<p><a id=\"bsl\"><\/a><a href=\"https:\/\/bovin.qc.ca\/infolettre-la-minute-bovine-fevrier-2018\/#haut\">Retour en haut<\/a><\/p>\n<hr>\n<h3><strong>BAS-SAINT-LAURENT : BON ACHALANDAGE AUX JOURN\u00c9ES DE FORMATION BOVINE<\/strong><\/h3>\n<p>Les 25 et 26 janvier se tenaient deux journ\u00e9es de formation bovine \u00e0 Rivi\u00e8re-du-Loup et \u00e0 Sainte-Flavie. L\u2019initiative du <a href=\"http:\/\/www.bas-saint-laurent.upa.qc.ca\/ficheSynd.aspx?idSynd=57&amp;idM=16&amp;idEA=98&amp;idES=97\" target=\"_blank\" rel=\"noopener\">Syndicat des producteurs de bovins du Bas-Saint-Laurent<\/a> (SPBBSL) a permis aux participants d\u2019en apprendre davantage sur la manipulation des bovins sans stress (pour un meilleur sevrage des veaux), le syst\u00e8me de d\u00e9tection des chaleurs <strong>Heatime<\/strong> et de v\u00ealage <strong>Moocall,<\/strong>&nbsp;la <strong>g\u00e9n\u00e9tique<\/strong> et les choix de <strong>taureaux<\/strong>.<\/p>\n<p style=\"text-align: justify;\">Le SPBBSL tient \u00e0 remercier les partenaires qui ont rendu possible cet \u00e9v\u00e9nement, soit le Centre d\u2019ins\u00e9mination artificielle du Qu\u00e9bec (CIAQ), Merck Sant\u00e9 animale et les PBQ, ainsi que les quelque 72&nbsp;participants pour leur pr\u00e9sence.<\/p>\n<p>&nbsp;<\/p>\n<p style=\"text-align: justify;\"><a id=\"son\"><\/a><a href=\"https:\/\/bovin.qc.ca\/infolettre-la-minute-bovine-fevrier-2018\/#haut\">Retour en haut<\/a>&nbsp;&nbsp;&nbsp;<\/p>\n<hr>\n<div>\n<h3><strong style=\"line-height: 1.5;\">WEBINAIRE AGROM\u00c9T\u00c9O QU\u00c9BEC<\/strong><\/h3>\n<p><a href=\"http:\/\/uplus.upa.qc.ca\/formation\/agrometeo-quebec-optimisez-vos-traitements-phytosanitaires-a-ferme\/\" target=\"_blank\" rel=\"noopener\"><img loading=\"lazy\" decoding=\"async\" class=\"alignright wp-image-4749 size-medium\" src=\"https:\/\/bovin.qc.ca\/wp-content\/uploads\/2018\/02\/logo_uplus-300x104.jpg\" alt=\"\" width=\"300\" height=\"104\" srcset=\"https:\/\/bovin.qc.ca\/wp-content\/uploads\/2018\/02\/logo_uplus-300x104.jpg 300w, https:\/\/bovin.qc.ca\/wp-content\/uploads\/2018\/02\/logo_uplus-369x128.jpg 369w, https:\/\/bovin.qc.ca\/wp-content\/uploads\/2018\/02\/logo_uplus.jpg 1195w\" sizes=\"auto, (max-width: 300px) 100vw, 300px\" \/><\/a><\/p>\n<\/div>\n<div>\n<p><strong>\u00c0 NE PAS MANQUER SUR U+ &#8211; WEBINAIRE DU 28 F\u00c9VRIER&nbsp;2018 <\/strong><\/p>\n<p><strong>OPTIMISEZ VOS TRAITEMENTS PHYTOSANITAIRES \u00c0 LA FERME<\/strong><\/p>\n<p><strong>INSCRIVEZ-VOUS SANS FRAIS<\/strong><\/p>\n<p>Pour atteindre un maximum d\u2019efficacit\u00e9 tout en minimisant les impacts sur l\u2019environnement, les pesticides doivent \u00eatre appliqu\u00e9s dans des conditions m\u00e9t\u00e9orologiques pr\u00e9cises. La plateforme Web Agrom\u00e9t\u00e9o Qu\u00e9bec fournit de l\u2019information en temps r\u00e9el sur les conditions m\u00e9t\u00e9orologiques actuelles et pr\u00e9vues de m\u00eame que sur le d\u00e9veloppement des insectes et des maladies gr\u00e2ce \u00e0 des mod\u00e8les bioclimatiques. Elle constitue un outil incontournable pour planifier vos interventions phytosanitaires au champ.<\/p>\n<p>Au terme de cette formation, d\u2019une dur\u00e9e de 90 minutes, les participants conna\u00eetront les conditions m\u00e9t\u00e9orologiques \u00e0 consid\u00e9rer quand ils planifient une intervention phytosanitaire et seront en mesure de trouver facilement les informations indispensables sur Agrom\u00e9t\u00e9o Qu\u00e9bec. Ils pourront \u00e9galement poser des questions aux conf\u00e9renciers gr\u00e2ce \u00e0 la messagerie instantan\u00e9e.<\/p>\n<p style=\"text-align: justify;\"><a href=\"http:\/\/uplus.upa.qc.ca\/formation\/agrometeo-quebec-optimisez-vos-traitements-phytosanitaires-a-ferme\/\" target=\"_blank\" rel=\"noopener\">Pour consulter le programme et vous inscrire, cliquez ici.<\/a><\/p>\n<p>&nbsp;<\/p>\n<p style=\"text-align: justify;\"><a id=\"grele\"><\/a><a href=\"https:\/\/bovin.qc.ca\/infolettre-la-minute-bovine-fevrier-2018\/#haut\">Retour en haut<\/a>&nbsp;&nbsp;<\/p>\n<\/div>\n<hr>\n<h3><strong>Rappel : AIDE AUX ENTREPRISES AGRICOLES AFFECT\u00c9ES PAR LA GR\u00caLE<\/strong><\/h3>\n<p><a href=\"https:\/\/bovin.qc.ca\/wp-content\/uploads\/2017\/12\/IMG_14731.jpg\" target=\"_blank\" rel=\"noopener\"><img loading=\"lazy\" decoding=\"async\" class=\"alignright wp-image-4621\" src=\"https:\/\/bovin.qc.ca\/wp-content\/uploads\/2017\/12\/IMG_14731-300x225.jpg\" alt=\"\" width=\"281\" height=\"211\" srcset=\"https:\/\/bovin.qc.ca\/wp-content\/uploads\/2017\/12\/IMG_14731-300x225.jpg 300w, https:\/\/bovin.qc.ca\/wp-content\/uploads\/2017\/12\/IMG_14731-171x128.jpg 171w, https:\/\/bovin.qc.ca\/wp-content\/uploads\/2017\/12\/IMG_14731.jpg 1024w\" sizes=\"auto, (max-width: 281px) 100vw, 281px\" \/><\/a><\/p>\n<p>Cette ann\u00e9e, plusieurs r\u00e9gions du Qu\u00e9bec ont connu des \u00e9pisodes exceptionnels de gr\u00eale qui ont affect\u00e9 les r\u00e9coltes de plusieurs entreprises agricoles&nbsp;et nuit au cours normal de leurs activit\u00e9s. En raison de ces circonstances, les gouvernements du Qu\u00e9bec et du Canada ont lanc\u00e9 l\u2019<em>Initiative Canada-Qu\u00e9bec d\u2019aide aux entreprises agricoles affect\u00e9es par les \u00e9pisodes de gr\u00eale de 2017 <\/em>visant \u00e0 les soutenir en couvrant une partie des d\u00e9penses suppl\u00e9mentaires engag\u00e9es. <a href=\"https:\/\/www.fadq.qc.ca\/initiative-canada-quebec-daide-aux-entreprises-agricoles-affectees-par-des-episodes-exceptionnels-de-grele-en-2017\/documentation\/\">Pour plus d\u2019information ou pour consulter les conditions d\u2019admissibilit\u00e9, cliquez ici<\/a>. (Cr\u00e9dit photo : \u00c9milie Girard)<\/p>\n<p>&nbsp;<\/p>\n<p>&nbsp;<\/p>\n<p><a href=\"https:\/\/bovin.qc.ca\/infolettre-la-minute-bovine-fevrier-2018\/#haut\">Retour en haut<\/a>&nbsp;&nbsp;<\/p>\n","protected":false},"excerpt":{"rendered":"<p>&nbsp; INFOLETTRE La minute bovine \u2013 F\u00e9vrier 2018 NOUVEAU SUR FACEBOOK \u00ab LES PRODUCTEURS DE BOVINS DU QU\u00c9BEC \u00bb Vos ASSEMBL\u00c9ES G\u00c9N\u00c9RALES ANNUELLES R\u00c9GIONALES PROGRAMME D&#8217;AIDE AUX INVESTISSEMENTS POUR LE BIEN-\u00caTRE ANIMAL ET L&#8217;EFFICACIT\u00c9 \u00c9NERG\u00c9TIQUE BOUVILLON D&#8217;ABATTAGE: UNE NOUVELLE DIRECTRICE CAPITALE-NATIONALE-C\u00d4TE-NORD: JOURN\u00c9E BOVINE EN F\u00c9VRIER FORMATION INPACQ VEAU DE GRAIN 2018 EN MARS BAS-SAINT-LAURENT: BON [&#8230;]<\/p>\n","protected":false},"author":6,"featured_media":0,"parent":0,"menu_order":0,"comment_status":"closed","ping_status":"closed","template":"","meta":{"ngg_post_thumbnail":0,"footnotes":""},"class_list":["post-4774","page","type-page","status-publish","hentry"],"_links":{"self":[{"href":"https:\/\/bovin.qc.ca\/en\/wp-json\/wp\/v2\/pages\/4774","targetHints":{"allow":["GET"]}}],"collection":[{"href":"https:\/\/bovin.qc.ca\/en\/wp-json\/wp\/v2\/pages"}],"about":[{"href":"https:\/\/bovin.qc.ca\/en\/wp-json\/wp\/v2\/types\/page"}],"author":[{"embeddable":true,"href":"https:\/\/bovin.qc.ca\/en\/wp-json\/wp\/v2\/users\/6"}],"replies":[{"embeddable":true,"href":"https:\/\/bovin.qc.ca\/en\/wp-json\/wp\/v2\/comments?post=4774"}],"version-history":[{"count":2,"href":"https:\/\/bovin.qc.ca\/en\/wp-json\/wp\/v2\/pages\/4774\/revisions"}],"predecessor-version":[{"id":4792,"href":"https:\/\/bovin.qc.ca\/en\/wp-json\/wp\/v2\/pages\/4774\/revisions\/4792"}],"wp:attachment":[{"href":"https:\/\/bovin.qc.ca\/en\/wp-json\/wp\/v2\/media?parent=4774"}],"curies":[{"name":"wp","href":"https:\/\/api.w.org\/{rel}","templated":true}]}}