{"id":4636,"date":"2017-12-19T15:43:02","date_gmt":"2017-12-19T20:43:02","guid":{"rendered":"https:\/\/bovin.qc.ca\/infolettre-la-minute-bovine-decembre-2017\/"},"modified":"2018-01-29T22:20:15","modified_gmt":"2018-01-30T03:20:15","slug":"infolettre-la-minute-bovine-decembre-2017","status":"publish","type":"page","link":"https:\/\/bovin.qc.ca\/en\/infolettre-la-minute-bovine-decembre-2017\/","title":{"rendered":"Infolettre : La minute bovine \u2013 D\u00e9cembre 2017"},"content":{"rendered":"<div class=\"newsletter_subscription_box\"><a class=\"newsletter_subscription_link\" href=\"https:\/\/bovin.qc.ca\/abonnement\/\"><div class=\"left_side\"><img decoding=\"async\" src=\"https:\/\/bovin.qc.ca\/wp-content\/themes\/bovins\/images\/infolettre_icon.png\" class=\"newsletter_icon\" \/><\/div><div class=\"right_side\"><p class=\"newsletter_sub_text\">Vous n'\u00eates pas abonn\u00e9 \u00e0 notre infolettre?<br \/>Cliquez ici.<\/p><\/div><div style=\"clear:both;\"><\/div><\/a><\/div>\n<h2 style=\"text-align: center;\"><a id=\"haut_de_page\"><\/a>INFOLETTRE : \u00c9DITION SP\u00c9CIALE DES F\u00caTES!<\/h2>\n<p><center><iframe loading=\"lazy\" src=\"https:\/\/www.youtube.com\/embed\/10iHkfYa1EQ?autoplay=1\" width=\"830\" height=\"440\" frameborder=\"0\" allowfullscreen=\"allowfullscreen\">&amp;amp;amp;amp;amp;amp;amp;amp;lt;span data-mce-type=&#8221;bookmark&#8221; style=&#8221;display: inline-block; width: 0px; overflow: hidden; line-height: 0;&#8221; class=&#8221;mce_SELRES_start&#8221;&amp;amp;amp;amp;amp;amp;amp;amp;gt;\ufeff&amp;amp;amp;amp;amp;amp;amp;amp;lt;\/span&amp;amp;amp;amp;amp;amp;amp;amp;gt;&amp;amp;amp;amp;amp;amp;amp;amp;amp;lt;span data-mce-type=&#8221;bookmark&#8221; style=&#8221;display: inline-block; width: 0px; overflow: hidden; line-height: 0;&#8221; class=&#8221;mce_SELRES_start&#8221;&amp;amp;amp;amp;amp;amp;amp;amp;amp;gt;\ufeff&amp;amp;amp;amp;amp;amp;amp;amp;amp;lt;\/span&amp;amp;amp;amp;amp;amp;amp;amp;amp;gt;<\/iframe><center><\/p>\n<h2 style=\"text-align: center;\">LA MINUTE BOVINE &#8211; D\u00c9CEMBRE 2017<\/h2>\n<ul style=\"text-align: center;\">\n<li style=\"text-align: left;\"><a href=\"https:\/\/bovin.qc.ca\/infolettre-la-minute-bovine-decembre-2017\/#menu\">AU MENU&nbsp;: DU VEAU POUR NO\u00cbL!<\/a><\/li>\n<li style=\"text-align: left;\"><a href=\"https:\/\/bovin.qc.ca\/infolettre-la-minute-bovine-decembre-2017\/#aide\">AIDE AUX ENTREPRISES AGRICOLES AFFECT\u00c9ES PAR LA GR\u00caLE<\/a><\/li>\n<li style=\"text-align: left;\"><a href=\"https:\/\/bovin.qc.ca\/infolettre-la-minute-bovine-decembre-2017\/#nouvelle\">UNE NOUVELLE V\u00c9T\u00c9RINAIRE AU SEIN DES PBQ<\/a><\/li>\n<li style=\"text-align: left;\"><a href=\"https:\/\/bovin.qc.ca\/infolettre-la-minute-bovine-decembre-2017\/#tous\">TOUS LES PRIX DU MARCH\u00c9 AU BOVIN.QC.CA<\/a><\/li>\n<li style=\"text-align: left;\"><a href=\"https:\/\/bovin.qc.ca\/infolettre-la-minute-bovine-decembre-2017\/#prix\">UN BEAU PRIX POUR LE SYNDICAT DES PRODUCTEURS DE BOVINS DU BAS-SAINT-LAURENT<\/a><\/li>\n<li style=\"text-align: left;\"><a href=\"https:\/\/bovin.qc.ca\/infolettre-la-minute-bovine-decembre-2017\/#gagnants\">GAGNANTS DU CONCOURS DE PHOTOS<\/a><\/li>\n<li style=\"text-align: left;\"><a href=\"https:\/\/bovin.qc.ca\/infolettre-la-minute-bovine-decembre-2017\/#bovins\">BOVINS DU QU\u00c9BEC<\/a><\/li>\n<\/ul>\n<p>&nbsp;<\/p>\n<hr>\n<h3 style=\"text-align: center;\"><strong><a id=\"menu\"><\/a>AU MENU&nbsp;: DU VEAU POUR NO\u00cbL!<\/strong><\/h3>\n<h5 style=\"text-align: center;\">LES MEILLEURES RECETTES DE VEAU \u00c0 CUISINER POUR LE TEMPS DES F\u00caTES<\/h5>\n<p>&nbsp;<\/p>\n<p style=\"text-align: center;\">&nbsp;&nbsp;<a href=\"http:\/\/veaudelait.com\/portfolio\/246-mini-pates-au-veau-de-lait-du-quebec\/?utm_source=Pratico_Pratique&amp;utm_medium=Facebook_5_15_mini_pates&amp;utm_content=Recette_mini_pates&amp;utm_campaign=Pratico_Pratique_Campagne_Noel_2017\" target=\"_blank\" rel=\"noopener\">Mini-p\u00e2t\u00e9s au Veau de lait du Qu\u00e9bec<\/a>&nbsp; &nbsp; &nbsp; &nbsp; &nbsp; &nbsp; &nbsp;<a href=\"http:\/\/veaudegrain.com\/portfolio-item\/404-filet-de-veau-de-grain-du-quebec-sauce-erable-et-canneberges\/?utm_source=Pratico_Pratique&amp;utm_medium=Facebook_5_15_filet_erable_canneberges&amp;utm_content=Recette_filet_erable_canneberges&amp;utm_campaign=Pratico_Pratique_Campagne_Noel_2017\" target=\"_blank\" rel=\"noopener\">Filet de Veau de grain du Qu\u00e9bec,&nbsp;sauce \u00e9rable &amp; canneberges<\/a><\/p>\n<p style=\"text-align: center;\"><a href=\"http:\/\/veaudelait.com\/portfolio\/246-mini-pates-au-veau-de-lait-du-quebec\/?utm_source=Pratico_Pratique&amp;utm_medium=Facebook_5_15_mini_pates&amp;utm_content=Recette_mini_pates&amp;utm_campaign=Pratico_Pratique_Campagne_Noel_2017\" target=\"_blank\" rel=\"noopener\"><span style=\"text-decoration: underline;\"><img loading=\"lazy\" decoding=\"async\" class=\"alignnone size-medium wp-image-4539 alignleft\" src=\"https:\/\/bovin.qc.ca\/wp-content\/uploads\/2017\/12\/VDLQ-246-hache-mini-pates-300x116.jpg\" alt=\"\" width=\"300\" height=\"116\" srcset=\"https:\/\/bovin.qc.ca\/wp-content\/uploads\/2017\/12\/VDLQ-246-hache-mini-pates-300x116.jpg 300w, https:\/\/bovin.qc.ca\/wp-content\/uploads\/2017\/12\/VDLQ-246-hache-mini-pates-330x128.jpg 330w, https:\/\/bovin.qc.ca\/wp-content\/uploads\/2017\/12\/VDLQ-246-hache-mini-pates.jpg 850w\" sizes=\"auto, (max-width: 300px) 100vw, 300px\" \/><\/span><\/a>&nbsp; &nbsp; &nbsp; &nbsp; &nbsp; &nbsp; &nbsp; &nbsp; &nbsp; &nbsp; &nbsp; &nbsp; &nbsp;<a href=\"http:\/\/veaudegrain.com\/portfolio-item\/404-filet-de-veau-de-grain-du-quebec-sauce-erable-et-canneberges\/?utm_source=Pratico_Pratique&amp;utm_medium=Facebook_5_15_filet_erable_canneberges&amp;utm_content=Recette_filet_erable_canneberges&amp;utm_campaign=Pratico_Pratique_Campagne_Noel_2017\" target=\"_blank\" rel=\"noopener\"><img loading=\"lazy\" decoding=\"async\" class=\"alignnone  wp-image-4540\" src=\"https:\/\/bovin.qc.ca\/wp-content\/uploads\/2017\/12\/404-VDGQ-photo-filet-erable-canneberges-300x117.jpg\" alt=\"\" width=\"305\" height=\"119\" srcset=\"https:\/\/bovin.qc.ca\/wp-content\/uploads\/2017\/12\/404-VDGQ-photo-filet-erable-canneberges-300x117.jpg 300w, https:\/\/bovin.qc.ca\/wp-content\/uploads\/2017\/12\/404-VDGQ-photo-filet-erable-canneberges-329x128.jpg 329w, https:\/\/bovin.qc.ca\/wp-content\/uploads\/2017\/12\/404-VDGQ-photo-filet-erable-canneberges.jpg 850w\" sizes=\"auto, (max-width: 305px) 100vw, 305px\" \/><\/a><\/p>\n<h5 style=\"text-align: center;\">Consultez \u00e9galement le <a href=\"http:\/\/veaudelait.com\/une-passion-pour-noel\/\" target=\"_blank\" rel=\"noopener\">blogue du chef<\/a> pour une recette toute sp\u00e9ciale.<\/h5>\n<p>&nbsp;<\/p>\n<p style=\"text-align: left;\"><a style=\"line-height: inherit;\" href=\"https:\/\/bovin.qc.ca\/infolettre-la-minute-bovine-decembre-2017\/#haut_de_page\">Retour en haut<\/a><\/p>\n<p><a id=\"aide\"><\/a>&nbsp;<\/p>\n<hr>\n<h3 style=\"text-align: left;\"><strong>AIDE AUX ENTREPRISES AGRICOLES AFFECT\u00c9ES PAR LA GR\u00caLE<a style=\"text-align: left;\" href=\"https:\/\/bovin.qc.ca\/wp-content\/uploads\/2017\/12\/IMG_14731.jpg\" target=\"_blank\" rel=\"noopener\"><img loading=\"lazy\" decoding=\"async\" class=\" wp-image-4621 alignright\" src=\"https:\/\/bovin.qc.ca\/wp-content\/uploads\/2017\/12\/IMG_14731-300x225.jpg\" alt=\"\" width=\"305\" height=\"229\" srcset=\"https:\/\/bovin.qc.ca\/wp-content\/uploads\/2017\/12\/IMG_14731-300x225.jpg 300w, https:\/\/bovin.qc.ca\/wp-content\/uploads\/2017\/12\/IMG_14731-171x128.jpg 171w, https:\/\/bovin.qc.ca\/wp-content\/uploads\/2017\/12\/IMG_14731.jpg 1024w\" sizes=\"auto, (max-width: 305px) 100vw, 305px\" \/><\/a><\/strong><\/h3>\n<p style=\"text-align: left;\">Cette ann\u00e9e, plusieurs r\u00e9gions du Qu\u00e9bec ont connu des \u00e9pisodes exceptionnels de gr\u00eale qui ont affect\u00e9 les r\u00e9coltes de plusieurs entreprises agricoles et nuit au cours normal de leurs activit\u00e9s. En raison de ces circonstances, les gouvernements du Qu\u00e9bec et du Canada ont lanc\u00e9 l\u2019<em>Initiative Canada-Qu\u00e9bec d\u2019aide aux entreprises agricoles affect\u00e9es par les \u00e9pisodes de gr\u00eale de 2017 <\/em>visant \u00e0 les soutenir en couvrant une partie des d\u00e9penses suppl\u00e9mentaires engag\u00e9es. <a href=\"https:\/\/www.fadq.qc.ca\/initiative-canada-quebec-daide-aux-entreprises-agricoles-affectees-par-des-episodes-exceptionnels-de-grele-en-2017\/documentation\/\" target=\"_blank\" rel=\"noopener\">Pour plus d\u2019informations ou pour consulter les conditions d\u2019admissibilit\u00e9, cliquez ici<\/a>. (Cr\u00e9dit photo: \u00c9milie Girard)<\/p>\n<p style=\"text-align: left;\"><a href=\"https:\/\/bovin.qc.ca\/infolettre-la-minute-bovine-decembre-2017\/#haut_de_page\">Retour en haut<\/a>&nbsp;&nbsp;<\/p>\n<p>&nbsp;<a id=\"nouvelle\"><\/a><\/p>\n<hr>\n<h3 style=\"text-align: left;\"><strong>UNE NOUVELLE V\u00c9T\u00c9RINAIRE AU SEIN DES PBQ<\/strong><\/h3>\n<p style=\"text-align: left;\">Nous sommes heureux de vous annoncer la nomination de <strong>Dre Lucie Verdon<\/strong> \u00e0 titre de <strong>m\u00e9decin v\u00e9t\u00e9rinaire<\/strong> au sein des Producteurs de bovins du Qu\u00e9bec.<a href=\"https:\/\/bovin.qc.ca\/infolettre-la-minute-bovine-decembre-2017\/#haut_de_page\"><img loading=\"lazy\" decoding=\"async\" class=\"size-medium wp-image-2315 alignright\" src=\"https:\/\/bovin.qc.ca\/wp-content\/uploads\/2016\/04\/bovins_logo_red_grey-300x151.png\" alt=\"\" width=\"300\" height=\"151\" srcset=\"https:\/\/bovin.qc.ca\/wp-content\/uploads\/2016\/04\/bovins_logo_red_grey-300x151.png 300w, https:\/\/bovin.qc.ca\/wp-content\/uploads\/2016\/04\/bovins_logo_red_grey-254x128.png 254w, https:\/\/bovin.qc.ca\/wp-content\/uploads\/2016\/04\/bovins_logo_red_grey.png 318w\" sizes=\"auto, (max-width: 300px) 100vw, 300px\" \/><\/a><\/p>\n<p style=\"text-align: left;\">Titulaire d\u2019un doctorat en m\u00e9decine v\u00e9t\u00e9rinaire de l\u2019Universit\u00e9 de Montr\u00e9al, Lucie a poursuivi son internat de perfectionnement en sciences v\u00e9t\u00e9rinaires, grands animaux. Elle a \u00e9galement compl\u00e9t\u00e9 un certificat en sciences et qualit\u00e9 des aliments. Ayant commenc\u00e9 sa carri\u00e8re en pratique bovine, elle a 30 ans d\u2019exp\u00e9rience dans le secteur animal, sur des dossiers cl\u00e9s tels que la salubrit\u00e9 des aliments, l\u2019utilisation des antibiotiques, les audits \u00e0 la ferme des programmes de qualit\u00e9, le bien-\u00eatre animal, la bios\u00e9curit\u00e9 et la coordination des actions de l\u2019industrie et des instances gouvernementales.<\/p>\n<p style=\"text-align: left;\">Lucie entrera en poste le 29 janvier prochain. Nous sommes heureux de la compter parmi nous et lui souhaitons beaucoup de succ\u00e8s.<\/p>\n<p style=\"text-align: left;\"><a href=\"https:\/\/bovin.qc.ca\/infolettre-la-minute-bovine-decembre-2017\/#haut_de_page\">Retour en haut<\/a><\/p>\n<p>&nbsp;<a id=\"tous\"><\/a><\/p>\n<hr>\n<h3 style=\"text-align: left;\"><strong>TOUS LES PRIX DU MARCH\u00c9 AU BOVIN.QC.CA<\/strong><\/h3>\n<p style=\"text-align: justify;\"><a href=\"https:\/\/bovin.qc.ca\/wp-content\/uploads\/2017\/12\/menu-d\u00e9roulant-1.png\" target=\"_blank\" rel=\"noopener\"><img loading=\"lazy\" decoding=\"async\" class=\" wp-image-4585 alignleft\" src=\"https:\/\/bovin.qc.ca\/wp-content\/uploads\/2017\/12\/menu-d\u00e9roulant-1.png\" alt=\"\" width=\"172\" height=\"183\" srcset=\"https:\/\/bovin.qc.ca\/wp-content\/uploads\/2017\/12\/menu-d\u00e9roulant-1.png 237w, https:\/\/bovin.qc.ca\/wp-content\/uploads\/2017\/12\/menu-d\u00e9roulant-1-121x128.png 121w\" sizes=\"auto, (max-width: 172px) 100vw, 172px\" \/><\/a>La section <strong>INFO-PRIX<\/strong>&nbsp;de notre site Internet pr\u00e9sente les prix du march\u00e9 de tous les secteurs, de fa\u00e7on quotidienne, hebdomadaire ou mensuelle. Pour consulter les prix de votre secteur, rendez vous au <a href=\"http:\/\/www.bovin.qc.ca\/\">www.bovin.qc.ca<\/a>&nbsp;et&nbsp;<strong>d\u00e9placez votre souris sur \u00ab&nbsp;Info-Prix&nbsp;\u00bb dans le menu du haut, \u00e0 droite<\/strong>. Les sous-sections appara\u00eetront et vous pourrez cliquer sur le secteur de production d\u00e9sir\u00e9. Pour y acc\u00e9der d\u00e8s maintenant, <a href=\"https:\/\/bovin.qc.ca\/info-prix\/bouvillon-dabattage\/quotidien\/\">cliquez ici<\/a>.&nbsp;<\/p>\n<p>+<\/p>\n<p style=\"text-align: justify;\"><a href=\"https:\/\/bovin.qc.ca\/infolettre-la-minute-bovine-decembre-2017\/#haut_de_page\">Retour en haut<\/a>&nbsp; &nbsp;<\/p>\n<p style=\"text-align: left;\">&nbsp;<a id=\"prix\"><\/a><\/p>\n<hr>\n<h3 style=\"text-align: left;\"><strong>UN BEAU PRIX POUR LE SYNDICAT DES PRODUCTEURS DE BOVINS DU BAS-SAINT-LAURENT<\/strong><\/h3>\n<p style=\"text-align: justify;\"><a href=\"https:\/\/bovin.qc.ca\/wp-content\/uploads\/2017\/12\/photo-congr\u00e8s.jpg\"><img loading=\"lazy\" decoding=\"async\" class=\" wp-image-4542 alignleft\" src=\"https:\/\/bovin.qc.ca\/wp-content\/uploads\/2017\/12\/photo-congr\u00e8s-300x200.jpg\" alt=\"\" width=\"395\" height=\"263\" srcset=\"https:\/\/bovin.qc.ca\/wp-content\/uploads\/2017\/12\/photo-congr\u00e8s-300x200.jpg 300w, https:\/\/bovin.qc.ca\/wp-content\/uploads\/2017\/12\/photo-congr\u00e8s-192x128.jpg 192w, https:\/\/bovin.qc.ca\/wp-content\/uploads\/2017\/12\/photo-congr\u00e8s.jpg 683w\" sizes=\"auto, (max-width: 395px) 100vw, 395px\" \/><\/a>Le Syndicat des producteurs de bovins du Bas-Saint-Laurent (SPBBSL) a remport\u00e9 le prestigieux prix provincial Jean-Paul-Raymond pour son projet <em>L\u2019am\u00e9lioration de la bios\u00e9curit\u00e9 pour les fermes bovines qu\u00e9b\u00e9coises : c\u2019est l\u2019affaire de tous! <\/em><\/p>\n<p style=\"text-align: justify;\">Ce prix vise \u00e0 r\u00e9compenser et \u00e0 mettre en valeur une \u00e9quipe d\u2019agriculteurs ayant men\u00e9 \u00e0 bien une action collective en vie syndicale. Le SPBBSL a travaill\u00e9 \u00e0 la cr\u00e9ation d\u2019une affiche \u00e0 installer \u00e0 l\u2019entr\u00e9e des b\u00e2timents. Depuis l\u2019hiver dernier, tous les producteurs de bovins bas-laurentiens peuvent se la procurer aupr\u00e8s de leur v\u00e9t\u00e9rinaire. Les Producteurs de bovins du Qu\u00e9bec et tous les syndicats r\u00e9gionaux ont adh\u00e9r\u00e9 au projet pour r\u00e9aliser l\u2019affiche qui est distribu\u00e9e dans toute la province. Les mesures de bios\u00e9curit\u00e9 sont essentielles \u00e0 la protection de la sant\u00e9 du troupeau ainsi que celle des humains en contact avec le b\u00e9tail.<\/p>\n<p style=\"text-align: justify;\">Les affiches demeurent un outil efficace pour les producteurs de bovins, facilitant \u00e9galement la transmission de l\u2019information aux visiteurs de la ferme. F\u00e9licitations pour cette belle initiative !<\/p>\n<p style=\"text-align: justify;\">Pour lire l&#8217;article en entier,<a href=\"https:\/\/www.lavantage.qc.ca\/actualites\/2017\/12\/8\/le-syndicat-des-producteurs-de-bovins-remporte-un-prix-provincia.html\"> cliquez ici<\/a>.<\/p>\n<p style=\"text-align: left;\"><a href=\"https:\/\/bovin.qc.ca\/infolettre-la-minute-bovine-decembre-2017\/#haut_de_page\">Retour en haut<\/a>&nbsp;&nbsp;<\/p>\n<p>&nbsp;<a id=\"gagnants\"><\/a><\/p>\n<hr>\n<h3 style=\"text-align: left;\"><strong>GAGNANTS DU CONCOURS DE PHOTOS<\/strong><\/h3>\n<p style=\"text-align: left;\"><a href=\"https:\/\/bovin.qc.ca\/wp-content\/uploads\/2017\/12\/Concours-VE-FB.jpg\" target=\"_blank\" rel=\"noopener\"><img loading=\"lazy\" decoding=\"async\" class=\"wp-image-4543 alignright\" src=\"https:\/\/bovin.qc.ca\/wp-content\/uploads\/2017\/12\/Concours-VE-FB-300x169.jpg\" alt=\"\" width=\"484\" height=\"273\" srcset=\"https:\/\/bovin.qc.ca\/wp-content\/uploads\/2017\/12\/Concours-VE-FB-300x169.jpg 300w, https:\/\/bovin.qc.ca\/wp-content\/uploads\/2017\/12\/Concours-VE-FB-227x128.jpg 227w, https:\/\/bovin.qc.ca\/wp-content\/uploads\/2017\/12\/Concours-VE-FB.jpg 1136w\" sizes=\"auto, (max-width: 484px) 100vw, 484px\" \/><\/a>Les producteurs de veaux d\u2019embouche ont particip\u00e9 \u00e0 un concours de photos sur leur page Facebook. Pour \u00eatre admissibles au concours, les int\u00e9ress\u00e9s devaient, du 1<sup>er<\/sup>&nbsp;septembre au 5&nbsp;novembre, soumettre une photo repr\u00e9sentant la production de veaux d\u2019embouche. Par la suite, un comit\u00e9 \u00e9tait charg\u00e9 de s\u00e9lectionner les meilleures images et les gens \u00e9taient invit\u00e9s \u00e0 voter pour leur photo pr\u00e9f\u00e9r\u00e9e.<\/p>\n<p style=\"text-align: left;\">Voici les gagnants du concours&nbsp;:<\/p>\n<ul style=\"text-align: left;\">\n<li>Carl Labb\u00e9 remporte le 1<sup>er<\/sup> prix&nbsp;: un ensemble de La Coop f\u00e9d\u00e9r\u00e9e d\u2019une valeur de 1&nbsp;000 $.<\/li>\n<li>Jean-Philippe Bilodeau remporte le 2<sup>e<\/sup>&nbsp;prix&nbsp;: 100 doses de vaccin de la compagnie Zoetis.<\/li>\n<li>La Ferme Grande Fourche remporte le 3<sup>e<\/sup>prix&nbsp;: 50 doses de vaccin de la compagnie Zoetis.<\/li>\n<li>Jason Bernier, dans la cat\u00e9gorie Rel\u00e8ve, remporte 60 $ de mat\u00e9riel promotionnel de la F\u00e9d\u00e9ration de la rel\u00e8ve agricole du Qu\u00e9bec.<\/li>\n<\/ul>\n<p style=\"text-align: left;\">F\u00e9licitations \u00e0 tous les gagnants! Pour consulter la page Facebook des Producteurs de veaux d\u2019embouche du Qu\u00e9bec, <a href=\"https:\/\/www.facebook.com\/veaudembouche\/\" target=\"_blank\" rel=\"noopener\">cliquez ici<\/a>.<\/p>\n<p style=\"text-align: left;\"><a href=\"https:\/\/bovin.qc.ca\/infolettre-la-minute-bovine-decembre-2017\/#haut_de_page\">Retour en haut<\/a><\/p>\n<p>&nbsp;<a id=\"bovins\"><\/a><\/p>\n<hr>\n<h3 style=\"text-align: left;\"><strong>BOVINS DU QU\u00c9BEC<\/strong><\/h3>\n<h4 style=\"text-align: left;\"><a href=\"http:\/\/publications.laterre.ca\/reader\/149416e3-4932-4673-889b-fe901a571f48?origin=\/cahiers-speciaux\/cahiers-speciaux\/2017-11-01\" target=\"_blank\" rel=\"noopener\"><img loading=\"lazy\" decoding=\"async\" class=\" wp-image-4545 alignleft\" src=\"https:\/\/bovin.qc.ca\/wp-content\/uploads\/2017\/12\/Couverture-BQ.bmp\" alt=\"\" width=\"124\" height=\"175\"><\/a>Vous n\u2019avez pas lu l\u2019\u00e9dition de novembre du cahier sp\u00e9cial <em>Bovins du Qu\u00e9bec<\/em>? Consultez-la en ligne en <a href=\"http:\/\/publications.laterre.ca\/reader\/149416e3-4932-4673-889b-fe901a571f48?origin=\/cahiers-speciaux\/cahiers-speciaux\/2017-11-01\" target=\"_blank\" rel=\"noopener\">cliquant ici<\/a>.<\/h4>\n<p>&nbsp;<\/p>\n<p>&nbsp;<\/p>\n<p>&nbsp;<\/p>\n<p>&nbsp;<\/p>\n<p style=\"text-align: left;\"><a href=\"https:\/\/bovin.qc.ca\/infolettre-la-minute-bovine-decembre-2017\/#haut_de_page\">Retour en haut<\/a><\/p>\n<p><\/center><\/center><\/p>\n","protected":false},"excerpt":{"rendered":"<p>INFOLETTRE : \u00c9DITION SP\u00c9CIALE DES F\u00caTES! &amp;amp;amp;amp;amp;amp;amp;amp;lt;span data-mce-type=&#8221;bookmark&#8221; style=&#8221;display: inline-block; width: 0px; overflow: hidden; line-height: 0;&#8221; class=&#8221;mce_SELRES_start&#8221;&amp;amp;amp;amp;amp;amp;amp;amp;gt;\ufeff&amp;amp;amp;amp;amp;amp;amp;amp;lt;\/span&amp;amp;amp;amp;amp;amp;amp;amp;gt;&amp;amp;amp;amp;amp;amp;amp;amp;amp;lt;span data-mce-type=&#8221;bookmark&#8221; style=&#8221;display: inline-block; width: 0px; overflow: hidden; line-height: 0;&#8221; class=&#8221;mce_SELRES_start&#8221;&amp;amp;amp;amp;amp;amp;amp;amp;amp;gt;\ufeff&amp;amp;amp;amp;amp;amp;amp;amp;amp;lt;\/span&amp;amp;amp;amp;amp;amp;amp;amp;amp;gt; LA MINUTE BOVINE &#8211; D\u00c9CEMBRE 2017 AU MENU&nbsp;: DU VEAU POUR NO\u00cbL! AIDE AUX ENTREPRISES AGRICOLES AFFECT\u00c9ES PAR LA GR\u00caLE UNE NOUVELLE V\u00c9T\u00c9RINAIRE AU SEIN DES PBQ TOUS [&#8230;]<\/p>\n","protected":false},"author":6,"featured_media":0,"parent":0,"menu_order":0,"comment_status":"closed","ping_status":"closed","template":"","meta":{"ngg_post_thumbnail":0,"footnotes":""},"class_list":["post-4636","page","type-page","status-publish","hentry"],"_links":{"self":[{"href":"https:\/\/bovin.qc.ca\/en\/wp-json\/wp\/v2\/pages\/4636","targetHints":{"allow":["GET"]}}],"collection":[{"href":"https:\/\/bovin.qc.ca\/en\/wp-json\/wp\/v2\/pages"}],"about":[{"href":"https:\/\/bovin.qc.ca\/en\/wp-json\/wp\/v2\/types\/page"}],"author":[{"embeddable":true,"href":"https:\/\/bovin.qc.ca\/en\/wp-json\/wp\/v2\/users\/6"}],"replies":[{"embeddable":true,"href":"https:\/\/bovin.qc.ca\/en\/wp-json\/wp\/v2\/comments?post=4636"}],"version-history":[{"count":1,"href":"https:\/\/bovin.qc.ca\/en\/wp-json\/wp\/v2\/pages\/4636\/revisions"}],"predecessor-version":[{"id":4716,"href":"https:\/\/bovin.qc.ca\/en\/wp-json\/wp\/v2\/pages\/4636\/revisions\/4716"}],"wp:attachment":[{"href":"https:\/\/bovin.qc.ca\/en\/wp-json\/wp\/v2\/media?parent=4636"}],"curies":[{"name":"wp","href":"https:\/\/api.w.org\/{rel}","templated":true}]}}