{"id":4519,"date":"2017-11-29T14:23:12","date_gmt":"2017-11-29T19:23:12","guid":{"rendered":"https:\/\/bovin.qc.ca\/infolettre-la-minute-bovine-novembre-2017\/"},"modified":"2018-01-29T22:24:26","modified_gmt":"2018-01-30T03:24:26","slug":"infolettre-la-minute-bovine-novembre-2017","status":"publish","type":"page","link":"https:\/\/bovin.qc.ca\/en\/infolettre-la-minute-bovine-novembre-2017\/","title":{"rendered":"Infolettre : La minute bovine &#8211; Novembre 2017"},"content":{"rendered":"<div class=\"newsletter_subscription_box\"><a class=\"newsletter_subscription_link\" href=\"https:\/\/bovin.qc.ca\/abonnement\/\"><div class=\"left_side\"><img decoding=\"async\" src=\"https:\/\/bovin.qc.ca\/wp-content\/themes\/bovins\/images\/infolettre_icon.png\" class=\"newsletter_icon\" \/><\/div><div class=\"right_side\"><p class=\"newsletter_sub_text\">Vous n'\u00eates pas abonn\u00e9 \u00e0 notre infolettre?<br \/>Cliquez ici.<\/p><\/div><div style=\"clear:both;\"><\/div><\/a><\/div>\n<p>&nbsp;<\/p>\n<h1><a id=\"haut_de_page\"><\/a>Infolettre : La minute bovine \u2013 Novembre 2017<\/h1>\n<ul>\n<li><a href=\"https:\/\/bovin.qc.ca\/infolettre-la-minute-bovine-novembre-2017\/#nouveau\">NOUVEAU CODE DE PRATIQUES<\/a><\/li>\n<li><a style=\"line-height: 1.5;\" href=\"https:\/\/bovin.qc.ca\/infolettre-la-minute-bovine-novembre-2017\/#videoelles\">VID\u00c9O SUR L&#8217;EMPREINTE \u00c9COLOGIQUE<\/a><\/li>\n<li><a style=\"line-height: 1.5;\" href=\"https:\/\/bovin.qc.ca\/infolettre-la-minute-bovine-novembre-2017\/#subventions\">SUBVENTIONS POUR L&#8217;ACHAT D&#8217;OUTILS DE TRA\u00c7ABILIT\u00c9<\/a><\/li>\n<li><a href=\"https:\/\/bovin.qc.ca\/infolettre-la-minute-bovine-novembre-2017\/#identifiants\">IDENTIFIANTS M\u00c9TALLIQUES DE S\u00c9CURIT\u00c9<\/a><\/li>\n<li><a href=\"https:\/\/bovin.qc.ca\/infolettre-la-minute-bovine-novembre-2017\/#table\">TABLE RONDE SUR LA CHA\u00ceNE DE VALEUR DE L\u2019INDUSTRIE DU B\u0152UF<\/a><\/li>\n<li><a href=\"https:\/\/bovin.qc.ca\/infolettre-la-minute-bovine-novembre-2017\/#strategie\">STRAT\u00c9GIE QU\u00c9B\u00c9COISE DE SANT\u00c9 ET DE BIEN-\u00caTRE DES ANIMAUX<\/a><\/li>\n<li><a style=\"line-height: 1.5;\" href=\"https:\/\/bovin.qc.ca\/infolettre-la-minute-bovine-novembre-2017\/#producteurs\">LES PRODUCTEURS DE BOVINS EN R\u00c9GION<\/a><\/li>\n<\/ul>\n<hr>\n<p><strong><a id=\"nouveau\"><\/a>NOUVEAU CODE DE PRATIQUES POUR LE SOIN ET LA MANIPULATION DES VEAUX LOURDS<\/strong><\/p>\n<p style=\"text-align: justify;\"><a href=\"https:\/\/bovin.qc.ca\/wp-content\/uploads\/2017\/11\/Couverture-Code-de-pratique.bmp\"><img loading=\"lazy\" decoding=\"async\" class=\" wp-image-4471 alignleft\" src=\"https:\/\/bovin.qc.ca\/wp-content\/uploads\/2017\/11\/Couverture-Code-de-pratique.bmp\" alt=\"\" width=\"194\" height=\"250\"><\/a>L\u2019Association canadienne du veau (ACV) et le Conseil national pour les soins aux animaux d\u2019\u00e9levage (CNSAE) ont le plaisir d\u2019annoncer la publication de la nouvelle \u00e9dition du <em>Code de pratiques pour le soin et la manipulation des veaux lourds<\/em>.<\/p>\n<p style=\"text-align: justify;\">Les codes de pratiques du Canada sont des lignes directrices \u00e9labor\u00e9es \u00e0 l\u2019\u00e9chelle nationale pour les soins et la manipulation des animaux d\u2019\u00e9levage. Ces documents de base font en sorte que les animaux d\u2019\u00e9levage soient trait\u00e9s selon des pratiques de gestion et de protection rationnelles qui favorisent leur sant\u00e9 et leur bien-\u00eatre. Les codes servent d\u2019outils p\u00e9dagogiques, de documents de r\u00e9f\u00e9rence dans les r\u00e8glements et de fondements aux programmes d\u2019\u00e9valuation des soins aux animaux de l\u2019industrie.<\/p>\n<p style=\"text-align: justify;\">Le code est disponible en <a href=\"http:\/\/www.nfacc.ca\/codes-de-pratiques\/veaux-lourds\" target=\"_blank\" rel=\"noopener\">cliquant ici<\/a>.<\/p>\n<p><a href=\"https:\/\/bovin.qc.ca\/infolettre-la-minute-bovine-novembre-2017\/#haut_de_page\">Retour en haut<\/a><\/p>\n<hr>\n<p><strong><a id=\"video\"><\/a>VID\u00c9O SUR L\u2019EMPREINTE \u00c9COLOGIQUE<\/strong><\/p>\n<p><img loading=\"lazy\" decoding=\"async\" class=\"wp-image-4476 alignleft\" style=\"text-align: justify;\" src=\"https:\/\/bovin.qc.ca\/wp-content\/uploads\/2017\/11\/recycling-logo-300x291.png\" alt=\"\" width=\"127\" height=\"124\" srcset=\"https:\/\/bovin.qc.ca\/wp-content\/uploads\/2017\/11\/recycling-logo-300x291.png 300w, https:\/\/bovin.qc.ca\/wp-content\/uploads\/2017\/11\/recycling-logo-132x128.png 132w, https:\/\/bovin.qc.ca\/wp-content\/uploads\/2017\/11\/recycling-logo.png 529w\" sizes=\"auto, (max-width: 127px) 100vw, 127px\" \/><\/p>\n<p style=\"text-align: justify;\">L\u2019avenir durable des fermes bovines qu\u00e9b\u00e9coises passe par des pratiques \u00e9coresponsables.&nbsp;Les producteurs de bovins&nbsp;du Qu\u00e9bec&nbsp;adh\u00e8rent pleinement \u00e0 la d\u00e9finition du d\u00e9veloppement durable. Celui-ci d\u00e9signe des actions et des d\u00e9cisions qui sont \u00e0 la fois \u00e9cologiquement soutenables,&nbsp;\u00e9conomiquement rentables et socialement acceptables. Les actions men\u00e9es par les producteurs consid\u00e8rent tous ces crit\u00e8res sans que l\u2019un soit privil\u00e9gi\u00e9 par rapport aux autres.<\/p>\n<p style=\"text-align: justify;\">Visionnez la vid\u00e9o&nbsp;: <a href=\"https:\/\/bovin.qc.ca\/nos-grands-dossiers\/environnement\/developpement-durable\/\" target=\"_blank\" rel=\"noopener\">What beef producers need to know about environmental footprint<\/a> (traduction sous-titr\u00e9e disponible).<\/p>\n<p><a href=\"https:\/\/bovin.qc.ca\/infolettre-la-minute-bovine-novembre-2017\/#haut_de_page\">Retour en haut<\/a>&nbsp;&nbsp;<\/p>\n<hr>\n<p><strong><a id=\"subventions\"><\/a>SUBVENTIONS POUR L\u2019ACHAT D\u2019OUTILS AUTOMATIS\u00c9S DE TRA\u00c7ABILIT\u00c9 :&nbsp;<\/strong><strong>L&#8217;entente Cultivons l&#8217;avenir 2 prend fin bient\u00f4t!<\/strong><\/p>\n<p style=\"text-align: justify;\">Le programme Appui \u00e0 l\u2019implantation de syst\u00e8mes de salubrit\u00e9 alimentaire, bios\u00e9curit\u00e9, tra\u00e7abilit\u00e9 et sant\u00e9 et bien-\u00eatre des animaux est issu de l\u2019entente Cultivons l\u2019avenir&nbsp;2 et prendra fin le 31 mars 2018. Ce programme vise notamment \u00e0 offrir aux intervenants des secteurs agricole et agroalimentaire un soutien dans le recours \u00e0 des services-conseils, l\u2019acquisition d\u2019\u00e9quipements et l\u2019am\u00e9lioration d\u2019installations de tra\u00e7abilit\u00e9. Plus pr\u00e9cis\u00e9ment, le programme permet aux intervenants en production bovine (laiti\u00e8re et de boucherie) de b\u00e9n\u00e9ficier de prix avantageux pour l\u2019acquisition d\u2019outils automatis\u00e9s de tra\u00e7abilit\u00e9.&nbsp;Les outils de tra\u00e7abilit\u00e9 tels que les b\u00e2tons de lecture RFID ou appareils mobiles de type PDA simplifient grandement la lecture des identifiants et la gestion des informations li\u00e9es \u00e0 l\u2019identification et \u00e0 la d\u00e9claration des d\u00e9placements des animaux. Ils sont faciles \u00e0 utiliser, limitent les risques d\u2019erreur et r\u00e9duisent le temps n\u00e9cessaire \u00e0 la collecte et la transmission des donn\u00e9es.<\/p>\n<p style=\"text-align: justify;\">Toutes les demandes d\u00fbment compl\u00e9t\u00e9es doivent \u00eatre achemin\u00e9es au MAPAQ avant le 1<sup>er<\/sup>&nbsp;f\u00e9vrier&nbsp;2018. Les demandeurs respectant les crit\u00e8res et conditions d\u2019admissibilit\u00e9 du programme peuvent profiter d\u2019une aide financi\u00e8re allant jusqu\u2019\u00e0 70&nbsp;% du co\u00fbt d\u2019achat d\u2019\u00e9quipements ou d\u2019installations de tra\u00e7abilit\u00e9.&nbsp;Les intervenants d\u00e9sirant soumettre une demande concernant l\u2019acquisition d\u2019outils automatis\u00e9s de tra\u00e7abilit\u00e9 et ayant besoin d\u2019assistance pour remplir le formulaire sont invit\u00e9s \u00e0 communiquer directement avec un agent du Service d\u2019automatisation d\u2019Agri-Tra\u00e7abilit\u00e9 Qu\u00e9bec (ATQ). Il est \u00e0 noter que seules les entreprises enregistr\u00e9es au minist\u00e8re de l\u2019Agriculture, des P\u00eacheries et de l\u2019Alimentation du Qu\u00e9bec en tant qu\u2019exploitations agricoles (ayant un NIM valide) sont admissibles au programme.<\/p>\n<p><a style=\"line-height: inherit;\" href=\"https:\/\/bovin.qc.ca\/infolettre-la-minute-bovine-novembre-2017\/#haut_de_page\">Retour en haut<\/a><\/p>\n<hr>\n<p><strong><a id=\"identifiants\"><\/a>IDENTIFIANTS M\u00c9TALLIQUES DE S\u00c9CURIT\u00c9 POUR BOVINS DE BOUCHERIE ET BOVINS LAITIERS DISPONIBLES CHEZ ATQ <\/strong><\/p>\n<p style=\"text-align: justify;\"><img loading=\"lazy\" decoding=\"async\" class=\" wp-image-4492 alignleft\" src=\"https:\/\/bovin.qc.ca\/wp-content\/uploads\/2017\/11\/logofr-300x126.png\" alt=\"\" width=\"183\" height=\"77\" srcset=\"https:\/\/bovin.qc.ca\/wp-content\/uploads\/2017\/11\/logofr-300x126.png 300w, https:\/\/bovin.qc.ca\/wp-content\/uploads\/2017\/11\/logofr-304x128.png 304w, https:\/\/bovin.qc.ca\/wp-content\/uploads\/2017\/11\/logofr.png 399w\" sizes=\"auto, (max-width: 183px) 100vw, 183px\" \/>Depuis le 27 octobre 2017, les producteurs de bovins du Qu\u00e9bec peuvent commander les identifiants m\u00e9talliques de s\u00e9curit\u00e9 <em>Ketchum Kurl-Lock<\/em> <em>no.2<\/em> portant les neuf derniers chiffres de l\u2019identifiant officiel. Il s\u2019agit d\u2019un identifiant non officiel, compl\u00e9mentaire aux identifiants r\u00e9glementaires. Cet identifiant ne soustrait aucunement les producteurs de bovins \u00e0 l\u2019obligation d\u2019identifier leurs animaux avec les deux identifiants officiels du secteur bovin, c\u2019est-\u00e0-dire l\u2019identifiant \u00e9lectronique RFID et l\u2019identifiant visuel Ultraflex. Il est \u00e0 noter que cet identifiant compl\u00e9mentaire doit obligatoirement porter le m\u00eame num\u00e9ro que les identifiants officiels.<\/p>\n<p style=\"text-align: justify;\"><strong>Conditions d\u2019utilisation&nbsp;: <\/strong><\/p>\n<ul style=\"text-align: justify;\">\n<li>les identifiants officiels doivent \u00eatre pos\u00e9s dans les 7&nbsp;jours suivant la naissance de l\u2019animal ou avant sa sortie de l\u2019exploitation si l\u2019animal est n\u00e9 \u00e0 la ferme ou 5&nbsp;mois suivant la naissance de l\u2019animal ou d\u00e8s sa sortie du p\u00e2turage pour un animal n\u00e9 au p\u00e2turage;<\/li>\n<li>l\u2019identifiant m\u00e9tallique compl\u00e9mentaire devrait \u00eatre pos\u00e9 en m\u00eame temps que les identifiants officiels et doit obligatoirement porter le m\u00eame num\u00e9ro;<\/li>\n<li>un animal ayant perdu un identifiant officiel (boucle \u00e9lectronique ou panneau visuel) pourra attendre sa sortie de l\u2019exploitation pour \u00eatre identifi\u00e9 \u00e0 nouveau s\u2019il porte \u00e9galement un identifiant m\u00e9tallique du m\u00eame num\u00e9ro que les identifiants officiels;<\/li>\n<li>afin d\u2019assurer l\u2019identification de l\u2019animal en tout temps, celui-ci doit toujours porter deux \u00e9tiquettes sur trois. Il est \u00e0 noter qu\u2019\u00e0 leur sortie de l\u2019exploitation, tous les animaux doivent porter leurs deux identifiants r\u00e9glementaires, c\u2019est-\u00e0-dire la boucle \u00e9lectronique RFID et le panneau visuel Ultraflex.<\/li>\n<\/ul>\n<p style=\"text-align: justify;\"><strong>Options d\u2019achat&nbsp;: <\/strong><\/p>\n<ul style=\"text-align: justify;\">\n<li>Les identifiants m\u00e9talliques <em>Ketchum Kurl-Lock no.2<\/em> sont offerts individuellement ou en paquets de 10 ou 30 jeux;<\/li>\n<li>Une pince <em>Ketchum Kurl-Lock no.2<\/em> munie d\u2019un adaptateur est n\u00e9cessaire;<\/li>\n<li>L\u2019adaptateur et tous les accessoires sont disponibles chez ATQ.<\/li>\n<\/ul>\n<p style=\"text-align: justify;\">Toutes les commandes doivent \u00eatre pass\u00e9es aupr\u00e8s d\u2019ATQ. Un feuillet d\u2019information ainsi qu\u2019une <a href=\"https:\/\/www.atq.qc.ca\/images\/stories\/agricole\/20171027_Liste_de_prix_-_Bovin.pdf\" target=\"_blank\" rel=\"noopener\">liste de prix<\/a> sont accessibles sur le site Web d\u2019ATQ.<\/p>\n<p><a href=\"https:\/\/bovin.qc.ca\/infolettre-la-minute-bovine-novembre-2017\/#haut_de_page\">Retour en haut<\/a><\/p>\n<hr>\n<p><strong><a id=\"table\"><\/a>TABLE RONDE SUR LA CHA\u00ceNE DE VALEUR DE L\u2019INDUSTRIE DU B\u0152UF<\/strong><\/p>\n<p style=\"text-align: justify;\">Les 10 et 11 octobre dernier, les repr\u00e9sentants des PBQ ont assist\u00e9 \u00e0 la 48<sup>e<\/sup> Table ronde sur la cha\u00eene de valeur de l\u2019industrie du b\u0153uf (TRCVIB). Les objectifs de la r\u00e9union \u00e9taient de&nbsp;:<\/p>\n<ul style=\"text-align: justify;\">\n<li>promouvoir les avantages de la TRCVIB pour les industries de la vente au d\u00e9tail et des services alimentaires et discuter des autres possibilit\u00e9s de collaboration de l\u2019industrie;<\/li>\n<li>discuter des tables sectorielles de strat\u00e9gies \u00e9conomiques et du r\u00f4le de l\u2019industrie du b\u0153uf;<\/li>\n<li>faire le suivi des mesures de la r\u00e9union pr\u00e9c\u00e9dente.<\/li>\n<\/ul>\n<p style=\"text-align: justify;\">Les sujets abord\u00e9s pendant la rencontre \u00e9taient les suivants&nbsp;:<\/p>\n<ul style=\"text-align: justify;\">\n<li>Gestion des enjeux et mobilisation du public;<\/li>\n<li>Table ronde canadienne sur le b\u0153uf durable;<\/li>\n<li>Recherche\/VBP+, le lien entre la salubrit\u00e9 des aliments \u00e0 la ferme et les consommateurs;<\/li>\n<li>B\u0153uf Canada;<\/li>\n<li>Points de vue des d\u00e9taillants et des services alimentaires;<\/li>\n<li>Main-d\u2019\u0153uvre;<\/li>\n<li>Tables sectorielles de strat\u00e9gies \u00e9conomiques;<\/li>\n<li>Mise \u00e0 jour du gouvernement sur le transit des animaux entre le Canada et les \u00c9tats-Unis en cas de catastrophe, la plate-forme de services \u00e9lectroniques et les frais de service;<\/li>\n<li>Politique fiscale;<\/li>\n<li>Le commerce&nbsp;: AL\u00c9NA, PTP;<\/li>\n<li>Secr\u00e9tariat pour la fi\u00e8vre aphteuse;<\/li>\n<li>R\u00e9glementation sur la r\u00e9sistance aux m\u00e9dicaments antimicrobiens \u00e0 usage v\u00e9t\u00e9rinaire;<\/li>\n<li>Produit interdit (<em>Feed ban<\/em>).<\/li>\n<\/ul>\n<p style=\"text-align: justify;\">Ces sujets sont d\u2019importance pour l\u2019industrie du b\u0153uf au Canada et m\u00e9ritent qu\u2019on en fasse le suivi r\u00e9guli\u00e8rement. La prochaine r\u00e9union de la TRCVIB aura lieu les 8 et 9 mai 2018.<\/p>\n<p style=\"text-align: justify;\"><a href=\"https:\/\/bovin.qc.ca\/infolettre-la-minute-bovine-novembre-2017\/#haut_de_page\">Retour en haut<\/a>&nbsp;&nbsp;&nbsp;<\/p>\n<hr>\n<p><strong><a id=\"strategie\"><\/a>STRAT\u00c9GIE QU\u00c9B\u00c9COISE DE SANT\u00c9 ET DE BIEN-\u00caTRE DES ANIMAUX :&nbsp;7<sup>e<\/sup>&nbsp;a<\/strong><strong>ssembl\u00e9e des partenaires<\/strong><\/p>\n<p style=\"text-align: justify;\"><img loading=\"lazy\" decoding=\"async\" class=\" wp-image-4485 alignleft\" src=\"https:\/\/bovin.qc.ca\/wp-content\/uploads\/2017\/11\/SQS-300x197.png\" alt=\"\" width=\"234\" height=\"154\" srcset=\"https:\/\/bovin.qc.ca\/wp-content\/uploads\/2017\/11\/SQS-300x197.png 300w, https:\/\/bovin.qc.ca\/wp-content\/uploads\/2017\/11\/SQS-195x128.png 195w, https:\/\/bovin.qc.ca\/wp-content\/uploads\/2017\/11\/SQS.png 651w\" sizes=\"auto, (max-width: 234px) 100vw, 234px\" \/>Les repr\u00e9sentants des PBQ ont assist\u00e9 \u00e0 la 7<sup>e<\/sup>&nbsp;assembl\u00e9e des partenaires de la Strat\u00e9gie qu\u00e9b\u00e9coise de sant\u00e9 et de bien-\u00eatre des animaux qui avait lieu le 19 octobre 2017.&nbsp;La strat\u00e9gie intitul\u00e9e <em>Pour UNE sant\u00e9 bien pens\u00e9e!<\/em> concerne principalement les animaux d\u2019\u00e9levage, mais elle vise aussi les animaux de compagnie et ceux qui sont mis \u00e0 profit \u00e0 des fins de loisirs. Les animaux sauvages sont \u00e9galement&nbsp;pris en compte&nbsp;lorsque leurs interactions avec les humains et les animaux domestiques sont susceptibles d\u2019affecter leur sant\u00e9 ou lorsqu\u2019elles peuvent nuire \u00e0 la vitalit\u00e9 des entreprises.<\/p>\n<p style=\"text-align: justify;\">Les objectifs de la strat\u00e9gie sont&nbsp;:<\/p>\n<ul style=\"text-align: justify;\">\n<li>mieux comprendre l\u2019importance de la sant\u00e9 et du bien-\u00eatre des animaux;<\/li>\n<li>optimiser la prise de d\u00e9cision \u00e0 la suite de d\u00e9tection des maladies;<\/li>\n<li>am\u00e9liorer la sant\u00e9 et le bien-\u00eatre du cheptel par la pr\u00e9vention et la gestion des maladies;<\/li>\n<li>adopter des modes d\u2019\u00e9levage qui am\u00e9liorent de fa\u00e7on durable la sant\u00e9 et le bien-\u00eatre des animaux.<\/li>\n<\/ul>\n<p style=\"text-align: justify;\">Dr&nbsp;Jaspinder Kmal, v\u00e9t\u00e9rinaire en chef du Canada, a pr\u00e9sent\u00e9 l\u2019Organisation mondiale de la sant\u00e9 (OIE) et les normes de bien-\u00eatre animal d\u00e9velopp\u00e9es par l\u2019organisme.&nbsp;De plus, Dr&nbsp;Christopher Fernandez-Prada de la Facult\u00e9 de m\u00e9decine v\u00e9t\u00e9rinaire a entretenu l\u2019auditoire sur les diff\u00e9rents parasites qui affectent la majorit\u00e9 des animaux et sur l\u2019utilisation de certains antibiotiques qui peuvent engendrer la r\u00e9sistance chez les parasites. Il affirme que le d\u00e9parasitage r\u00e9gulier de chaque membre du troupeau n\u2019est pas une pratique durable. Il faut faire des tests diagnostiques. Ce sujet est d\u2019int\u00e9r\u00eat pour les producteurs de bovins. Les PBQ analyseront la possibilit\u00e9 de faire un projet sur ce sujet dans le cadre du Programme int\u00e9gr\u00e9 de sant\u00e9 animale du Qu\u00e9bec.<\/p>\n<p><a href=\"https:\/\/bovin.qc.ca\/infolettre-la-minute-bovine-novembre-2017\/#haut_de_page\">Retour en haut<\/a>&nbsp;&nbsp;<\/p>\n<hr>\n<p><strong><a id=\"producteurs\"><\/a><u>LES PRODUCTEURS DE BOVINS EN R\u00c9GION<\/u><\/strong><\/p>\n<p><strong><a id=\"producteurs\"><\/a>CENTRE-DU-QU\u00c9BEC : De la belle visite \u00e0 l&#8217;encan de Saint-Isidore<\/strong><\/p>\n<p><a href=\"https:\/\/bovin.qc.ca\/wp-content\/uploads\/2017\/11\/Centre-du-Qc.jpg\"><img loading=\"lazy\" decoding=\"async\" class=\"wp-image-4479 alignleft\" style=\"text-align: justify;\" src=\"https:\/\/bovin.qc.ca\/wp-content\/uploads\/2017\/11\/Centre-du-Qc-300x225.jpg\" alt=\"\" width=\"301\" height=\"226\" srcset=\"https:\/\/bovin.qc.ca\/wp-content\/uploads\/2017\/11\/Centre-du-Qc-300x225.jpg 300w, https:\/\/bovin.qc.ca\/wp-content\/uploads\/2017\/11\/Centre-du-Qc-171x128.jpg 171w, https:\/\/bovin.qc.ca\/wp-content\/uploads\/2017\/11\/Centre-du-Qc.jpg 2048w\" sizes=\"auto, (max-width: 301px) 100vw, 301px\" \/><\/a><\/p>\n<p style=\"text-align: justify;\">Le 13 octobre, le groupe d\u2019\u00e9tudiants en production animale de l\u2019\u00c9cole d\u2019agriculture de Nicolet a d\u00e9laiss\u00e9 les bancs d\u2019\u00e9cole pour une formation terrain en assistant \u00e0 une vente de veaux d\u2019embouche au March\u00e9 des animaux de l\u2019Est \u00e0 Saint-Isidore. Accueillis par deux employ\u00e9s des Producteurs de bovins du Qu\u00e9bec, les \u00e9tudiants ont pu \u00e9changer sur la commercialisation des veaux d\u2019embouche, mais aussi sur la commercialisation des bovins de r\u00e9forme et veaux laitiers. Ils ont aussi eu droit \u00e0 une rencontre avec l\u2019encanteur qui leur a expliqu\u00e9 les rouages de son m\u00e9tier. Une visite instructive des installations leur a permis de se familiariser avec toutes les \u00e9tapes de manipulation et de prise de donn\u00e9es avant et apr\u00e8s la vente. Bref, une journ\u00e9e extr\u00eamement formatrice pour une belle rel\u00e8ve agricole.&nbsp;&nbsp;&nbsp;<\/p>\n<p><a style=\"line-height: inherit;\" href=\"https:\/\/bovin.qc.ca\/infolettre-la-minute-bovine-novembre-2017\/#haut_de_page\">Retour en haut<\/a><span style=\"line-height: inherit;\">&nbsp;&nbsp;<\/span><\/p>\n<hr>\n<div>\n<p><strong style=\"line-height: 1.5;\"><a id=\"producteurs\"><\/a>ABITIBI-T\u00c9MISCAMINGUE :&nbsp;<\/strong><strong style=\"line-height: 1.5;\">Retour sur les journ\u00e9es de formation du 8 et 9 novembre<\/strong><\/p>\n<p><img loading=\"lazy\" decoding=\"async\" class=\" wp-image-4482 alignleft\" style=\"text-align: justify; line-height: 1.5;\" src=\"https:\/\/bovin.qc.ca\/wp-content\/uploads\/2017\/11\/20171108_170901-300x225.jpg\" alt=\"\" width=\"312\" height=\"234\" srcset=\"https:\/\/bovin.qc.ca\/wp-content\/uploads\/2017\/11\/20171108_170901-300x225.jpg 300w, https:\/\/bovin.qc.ca\/wp-content\/uploads\/2017\/11\/20171108_170901-171x128.jpg 171w\" sizes=\"auto, (max-width: 312px) 100vw, 312px\" \/><\/p>\n<\/div>\n<div>\n<p style=\"text-align: justify;\"><span style=\"line-height: 1.5;\">Le Syndicat des producteurs de bovins d\u2019Abitibi-T\u00e9miscamingue s\u2019est associ\u00e9 avec Zoetis et la Coop Profid\u2019Or pour offrir \u00e0 ses membres deux journ\u00e9es de formation en novembre dernier. Au total, 45 producteurs et productrices ont particip\u00e9. Les participants ont \u00e9t\u00e9 tr\u00e8s satisfaits des formations offertes. &nbsp;<\/span><\/p>\n<p style=\"text-align: justify;\">Les sujets abord\u00e9s \u00e9taient la vaccination, la maladie chez le jeune veau, l\u2019alimentation, la manipulation des animaux et l\u2019\u00e9cornage et la castration. Les formateurs, les v\u00e9t\u00e9rinaires Dre Virginie Filteau et Dr Fred Tremblay ainsi que M.&nbsp;Bruno Langlois, agronome, ont su maintenir l\u2019attention des participants en utilisant des techniques de formation persuasives afin que les participants saisissent bien l\u2019effet de certains instruments utilis\u00e9s sur les animaux.<\/p>\n<p style=\"text-align: justify;\"><a style=\"line-height: inherit;\" href=\"https:\/\/bovin.qc.ca\/infolettre-la-minute-bovine-novembre-2017\/#haut_de_page\">Retour en haut<\/a><span style=\"line-height: inherit;\">&nbsp;&nbsp;<\/span><\/p>\n<\/div>\n<hr>\n<p><strong><a id=\"producteurs\"><\/a>MONT\u00c9R\u00c9GIE-OUEST :&nbsp;<\/strong><strong>\u00c0 VENIR ! Formation&nbsp;20 janvier 2018&nbsp;: G\u00e9rer avec succ\u00e8s un enclos d\u2019hivernage <\/strong><\/p>\n<p style=\"text-align: justify;\"><img loading=\"lazy\" decoding=\"async\" class=\" wp-image-4486 alignleft\" src=\"https:\/\/bovin.qc.ca\/wp-content\/uploads\/2017\/11\/Enclos-dhivernage-300x206.jpg\" alt=\"\" width=\"323\" height=\"222\" srcset=\"https:\/\/bovin.qc.ca\/wp-content\/uploads\/2017\/11\/Enclos-dhivernage-300x206.jpg 300w, https:\/\/bovin.qc.ca\/wp-content\/uploads\/2017\/11\/Enclos-dhivernage-186x128.jpg 186w, https:\/\/bovin.qc.ca\/wp-content\/uploads\/2017\/11\/Enclos-dhivernage.jpg 1852w\" sizes=\"auto, (max-width: 323px) 100vw, 323px\" \/>La technique de logement minimum est une solution \u00e0 privil\u00e9gier au plan \u00e9conomique, sant\u00e9 animale et gestion du troupeau pour plusieurs producteurs. Elle a fait l\u2019objet de plusieurs projets de recherche et de suivi qui ont permis de mieux comprendre les pratiques de gestion qui am\u00e9liorent le bilan environnemental. Au cours des ans, diff\u00e9rents outils ont \u00e9t\u00e9 d\u00e9velopp\u00e9s en lien avec la s\u00e9lection et la gestion des enclos et des bandes v\u00e9g\u00e9tatives filtrantes. La formation offerte permettra de faire le point sur l\u2019\u00e9volution des connaissances dans ce domaine et d\u2019acqu\u00e9rir les savoir-faire n\u00e9cessaires pour appliquer de fa\u00e7on ad\u00e9quate les principes de mise en place et de gestion des enclos d\u2019hivernage et des bandes v\u00e9g\u00e9tatives filtrantes.<\/p>\n<p style=\"text-align: justify;\">Cette formation s\u2019adresse principalement aux productrices et producteurs de bovins qui utilisent d\u00e9j\u00e0 un enclos d\u2019hivernage ou qui pensent \u00e0 implanter cette technique sur leur ferme.&nbsp;Tous les d\u00e9tails en <a href=\"https:\/\/bovin.qc.ca\/wp-content\/uploads\/2017\/11\/Publicit\u00e9-Formation-20-janvier-2018.pdf\" target=\"_blank\" rel=\"noopener\">cliquant ici<\/a>.<\/p>\n<p><a href=\"https:\/\/bovin.qc.ca\/infolettre-la-minute-bovine-novembre-2017\/#haut_de_page\">Retour en haut<\/a>&nbsp;&nbsp;<\/p>\n","protected":false},"excerpt":{"rendered":"<p>&nbsp; Infolettre : La minute bovine \u2013 Novembre 2017 NOUVEAU CODE DE PRATIQUES VID\u00c9O SUR L&#8217;EMPREINTE \u00c9COLOGIQUE SUBVENTIONS POUR L&#8217;ACHAT D&#8217;OUTILS DE TRA\u00c7ABILIT\u00c9 IDENTIFIANTS M\u00c9TALLIQUES DE S\u00c9CURIT\u00c9 TABLE RONDE SUR LA CHA\u00ceNE DE VALEUR DE L\u2019INDUSTRIE DU B\u0152UF STRAT\u00c9GIE QU\u00c9B\u00c9COISE DE SANT\u00c9 ET DE BIEN-\u00caTRE DES ANIMAUX LES PRODUCTEURS DE BOVINS EN R\u00c9GION NOUVEAU CODE [&#8230;]<\/p>\n","protected":false},"author":6,"featured_media":0,"parent":0,"menu_order":0,"comment_status":"closed","ping_status":"closed","template":"","meta":{"ngg_post_thumbnail":0,"footnotes":""},"class_list":["post-4519","page","type-page","status-publish","hentry"],"_links":{"self":[{"href":"https:\/\/bovin.qc.ca\/en\/wp-json\/wp\/v2\/pages\/4519","targetHints":{"allow":["GET"]}}],"collection":[{"href":"https:\/\/bovin.qc.ca\/en\/wp-json\/wp\/v2\/pages"}],"about":[{"href":"https:\/\/bovin.qc.ca\/en\/wp-json\/wp\/v2\/types\/page"}],"author":[{"embeddable":true,"href":"https:\/\/bovin.qc.ca\/en\/wp-json\/wp\/v2\/users\/6"}],"replies":[{"embeddable":true,"href":"https:\/\/bovin.qc.ca\/en\/wp-json\/wp\/v2\/comments?post=4519"}],"version-history":[{"count":2,"href":"https:\/\/bovin.qc.ca\/en\/wp-json\/wp\/v2\/pages\/4519\/revisions"}],"predecessor-version":[{"id":4720,"href":"https:\/\/bovin.qc.ca\/en\/wp-json\/wp\/v2\/pages\/4519\/revisions\/4720"}],"wp:attachment":[{"href":"https:\/\/bovin.qc.ca\/en\/wp-json\/wp\/v2\/media?parent=4519"}],"curies":[{"name":"wp","href":"https:\/\/api.w.org\/{rel}","templated":true}]}}