{"id":4437,"date":"2017-10-31T13:34:15","date_gmt":"2017-10-31T17:34:15","guid":{"rendered":"https:\/\/bovin.qc.ca\/infolettre-la-minute-bovine-octobre-2017\/"},"modified":"2018-01-29T22:24:58","modified_gmt":"2018-01-30T03:24:58","slug":"infolettre-la-minute-bovine-octobre-2017","status":"publish","type":"page","link":"https:\/\/bovin.qc.ca\/en\/infolettre-la-minute-bovine-octobre-2017\/","title":{"rendered":"Infolettre : La minute bovine &#8211; Octobre 2017"},"content":{"rendered":"<div class=\"newsletter_subscription_box\"><a class=\"newsletter_subscription_link\" href=\"https:\/\/bovin.qc.ca\/abonnement\/\"><div class=\"left_side\"><img decoding=\"async\" src=\"https:\/\/bovin.qc.ca\/wp-content\/themes\/bovins\/images\/infolettre_icon.png\" class=\"newsletter_icon\" \/><\/div><div class=\"right_side\"><p class=\"newsletter_sub_text\">Vous n'\u00eates pas abonn\u00e9 \u00e0 notre infolettre?<br \/>Cliquez ici.<\/p><\/div><div style=\"clear:both;\"><\/div><\/a><\/div>\n<p>&nbsp;<\/p>\n<h1><a id=\"haut_de_page\"><\/a>Infolettre : La minute bovine \u2013 Octobre 2017<\/h1>\n<ul>\n<li><a href=\"https:\/\/bovin.qc.ca\/infolettre-la-minute-bovine-octobre-2017\/#tutoriel\">TUTORIEL \u00c0 VISIONNER<\/a><\/li>\n<li><a style=\"line-height: 1.5;\" href=\"https:\/\/bovin.qc.ca\/infolettre-la-minute-bovine-octobre-2017\/#nouvelles\">NOUVELLES CAPSULES VID\u00c9O POUR LES VEAUX LAITIERS<\/a><\/li>\n<li><a style=\"line-height: 1.5;\" href=\"https:\/\/bovin.qc.ca\/infolettre-la-minute-bovine-octobre-2017\/#veau\">VEAU DU QU\u00c9BEC EN ACTION<\/a><\/li>\n<li><a style=\"line-height: 1.5;\" href=\"https:\/\/bovin.qc.ca\/infolettre-la-minute-bovine-octobre-2017\/#programme\">PROGRAMME D\u2019\u00c9CHANGE DES IDENTIFIANTS<\/a><\/li>\n<li><a href=\"https:\/\/bovin.qc.ca\/infolettre-la-minute-bovine-octobre-2017\/#concours\">CONCOURS POUR LES PRODUCTEURS DE VEAUX D\u2019EMBOUCHE<\/a><\/li>\n<li><a style=\"line-height: 1.5;\" href=\"https:\/\/bovin.qc.ca\/infolettre-la-minute-bovine-octobre-2017\/#hommage\">HOMMAGE \u00c0 GUY LAPOINTE<\/a><\/li>\n<li><a style=\"line-height: 1.5;\" href=\"https:\/\/bovin.qc.ca\/infolettre-la-minute-bovine-octobre-2017\/#producteurs\">LES PRODUCTEURS DE BOVINS EN R\u00c9GION<\/a><\/li>\n<\/ul>\n<hr>\n<p><strong><a id=\"tutoriel\"><\/a>TUTORIEL \u00c0 VISIONNER<\/strong><\/p>\n<p style=\"text-align: justify;\">Les Producteurs de bovins du Qu\u00e9bec sont heureux de vous pr\u00e9senter le tout nouveau tutoriel vous expliquant les am\u00e9liorations de navigation qui ont \u00e9t\u00e9 apport\u00e9es au site Internet.&nbsp;Vous pouvez le visionner en <a href=\"https:\/\/bovin.qc.ca\/nouveau-tutoriel\/\" target=\"_blank\" rel=\"noopener\">cliquant ici<\/a>.<\/p>\n<p><a href=\"https:\/\/bovin.qc.ca\/infolettre-la-minute-bovine-octobre-2017\/#haut_de_page\">Retour en haut<\/a><\/p>\n<hr>\n<p><strong><a id=\"nouvelles\"><\/a>NOUVELLES CAPSULES VID\u00c9O POUR LES VEAUX LAITIERS<\/strong><\/p>\n<p style=\"text-align: justify;\"><img loading=\"lazy\" decoding=\"async\" class=\" wp-image-4268 alignleft\" src=\"https:\/\/bovin.qc.ca\/wp-content\/uploads\/2017\/09\/capsules_veaux_laitiers-202x300.png\" alt=\"\" width=\"91\" height=\"135\" srcset=\"https:\/\/bovin.qc.ca\/wp-content\/uploads\/2017\/09\/capsules_veaux_laitiers-202x300.png 202w, https:\/\/bovin.qc.ca\/wp-content\/uploads\/2017\/09\/capsules_veaux_laitiers-86x128.png 86w, https:\/\/bovin.qc.ca\/wp-content\/uploads\/2017\/09\/capsules_veaux_laitiers.png 600w\" sizes=\"auto, (max-width: 91px) 100vw, 91px\" \/>Les Producteurs de bovins du Qu\u00e9bec ont mis en ligne les toutes nouvelles capsules vid\u00e9o pour la pr\u00e9paration et la mise en march\u00e9 des veaux laitiers. Vous pouvez les visionner en <a href=\"https:\/\/bovin.qc.ca\/la-production\/bovin-de-reforme-et-veau-laitier\/videos\/\" target=\"_blank\" rel=\"noopener\">cliquant ici<\/a>.<\/p>\n<p style=\"text-align: justify;\">Des fiches d\u2019information sont \u00e9galement disponibles pour accompagner les capsules. <a href=\"https:\/\/bovin.qc.ca\/wp-content\/uploads\/2017\/09\/Fiches-daccompagnements-Capsules-VL.pdf\" target=\"_blank\" rel=\"noopener\">Cliquez ici<\/a> pour acc\u00e9der \u00e0 la documentation.<\/p>\n<p><a href=\"https:\/\/bovin.qc.ca\/infolettre-la-minute-bovine-octobre-2017\/#haut_de_page\">Retour en haut<\/a>&nbsp;&nbsp;<\/p>\n<hr>\n<p><strong><a id=\"veau\"><\/a>VEAU DU QU\u00c9BEC EN ACTION<\/strong><\/p>\n<p style=\"text-align: justify;\"><img loading=\"lazy\" decoding=\"async\" class=\"wp-image-4398 alignleft\" src=\"https:\/\/bovin.qc.ca\/wp-content\/uploads\/2017\/10\/IMG_4438-300x225.jpg\" alt=\"\" width=\"349\" height=\"262\" srcset=\"https:\/\/bovin.qc.ca\/wp-content\/uploads\/2017\/10\/IMG_4438-300x225.jpg 300w, https:\/\/bovin.qc.ca\/wp-content\/uploads\/2017\/10\/IMG_4438-171x128.jpg 171w\" sizes=\"auto, (max-width: 349px) 100vw, 349px\" \/><\/p>\n<p style=\"line-height: 24px; text-align: justify;\"><img loading=\"lazy\" decoding=\"async\" class=\"wp-image-4399 alignright\" src=\"https:\/\/bovin.qc.ca\/wp-content\/uploads\/2017\/10\/IMG_4446-300x225.jpg\" alt=\"\" width=\"200\" height=\"150\" srcset=\"https:\/\/bovin.qc.ca\/wp-content\/uploads\/2017\/10\/IMG_4446-300x225.jpg 300w, https:\/\/bovin.qc.ca\/wp-content\/uploads\/2017\/10\/IMG_4446-171x128.jpg 171w\" sizes=\"auto, (max-width: 200px) 100vw, 200px\" \/><\/p>\n<p style=\"text-align: justify;\">Le Veau du Qu\u00e9bec en action est une nouvelle infolettre destin\u00e9e aux intervenants et aux collaborateurs de l\u2019industrie du veau. Publi\u00e9e 2 ou 3 fois par ann\u00e9e, elle vous informe des derni\u00e8res nouveaut\u00e9s publicitaires et des activit\u00e9s promotionnelles&nbsp;r\u00e9alis\u00e9es afin de promouvoir la viande de veau de grain et de veau de lait du Qu\u00e9bec.<\/p>\n<p style=\"text-align: justify;\">Vous pouvez consulter la parution d\u2019ao\u00fbt 2017 en <a href=\"https:\/\/bovin.qc.ca\/wp-content\/uploads\/2016\/01\/2017-08-VDQ-infolettre-en-action.pdf\" target=\"_blank\" rel=\"noopener\">cliquant ici<\/a>. Visitez \u00e9galement les pages Facebook du <a href=\"https:\/\/www.facebook.com\/veaudelait\/\" target=\"_blank\" rel=\"noopener\">Veau de lait du Qu\u00e9bec<\/a> et du <a href=\"https:\/\/www.facebook.com\/veaudegrainduquebec\/\" target=\"_blank\" rel=\"noopener\">Veau de grain du Qu\u00e9bec<\/a> certifi\u00e9.<\/p>\n<p><a style=\"line-height: inherit;\" href=\"https:\/\/bovin.qc.ca\/infolettre-la-minute-bovine-octobre-2017\/#haut_de_page\">Retour en haut<\/a><\/p>\n<hr>\n<p style=\"text-align: justify;\"><strong><a id=\"programme\"><\/a>PROGRAMME D\u2019\u00c9CHANGE DES IDENTIFIANTS :&nbsp;<\/strong><strong>Au tour des r\u00e9gions de la Mauricie et de la Capitale-Nationale-C\u00f4te-Nord<\/strong><\/p>\n<p style=\"text-align: justify;\">Au d\u00e9but octobre, Allflex effectuait l\u2019envoi d\u2019environ 520 enveloppes contenant la liste des identifiants de mod\u00e8le REG admissibles \u00e0 un \u00e9change pour les producteurs des r\u00e9gions de la Mauricie et de la Capitale-Nationale-C\u00f4te-Nord. Il faut rappeler que le programme a pour but d\u2019\u00e9changer les identifiants de mod\u00e8le REG pour l\u2019Ultraflex. Ce dernier poss\u00e8de un taux de r\u00e9tention sup\u00e9rieur. Certaines fermes, ayant des volumes d\u2019identifiants REG plus importants \u00e0 \u00e9changer, recevront la visite d\u2019agents d\u00e9di\u00e9s au programme. Les visites ont pour but de proc\u00e9der \u00e0 l\u2019\u00e9change, mais aussi de v\u00e9rifier le mat\u00e9riel d\u2019identification, de sensibiliser les utilisateurs aux bonnes pratiques d\u2019identification et de colliger les commentaires d\u2019am\u00e9lioration des identifiants et du syst\u00e8me de tra\u00e7abilit\u00e9.<\/p>\n<p style=\"text-align: justify;\">Nous encourageons les producteurs admissibles <strong>\u00e0 participer au programme d\u2019\u00e9change puisqu\u2019il est gratuit. <\/strong>Chaque identifiant doit \u00eatre neuf, non pos\u00e9 et doit avoir ses quatre morceaux pour \u00eatre \u00e9changeable.<\/p>\n<p style=\"text-align: justify;\">Ce projet a \u00e9t\u00e9 r\u00e9alis\u00e9 gr\u00e2ce \u00e0 une aide financi\u00e8re du Programme de d\u00e9veloppement sectoriel, issu de l&#8217;accord du cadre Cultivons l&#8217;Avenir 2 conclu entre le minist\u00e8re de l&#8217;Agriculture, des P\u00eacheries et de l&#8217;Alimentation du Qu\u00e9bec et Agriculture et Agroalimentaire Canada.<\/p>\n<p><a href=\"https:\/\/bovin.qc.ca\/infolettre-la-minute-bovine-octobre-2017\/#haut_de_page\">Retour en haut<\/a><\/p>\n<hr>\n<p><strong><a id=\"concours\"><\/a>CONCOURS POUR LES PRODUCTEURS DE VEAUX D\u2019EMBOUCHE<\/strong><\/p>\n<p><img loading=\"lazy\" decoding=\"async\" class=\"wp-image-4407 alignleft\" style=\"line-height: 1.5;\" src=\"https:\/\/bovin.qc.ca\/wp-content\/uploads\/2017\/10\/Facebook-symbole.png\" alt=\"\" width=\"130\" height=\"130\" srcset=\"https:\/\/bovin.qc.ca\/wp-content\/uploads\/2017\/10\/Facebook-symbole.png 182w, https:\/\/bovin.qc.ca\/wp-content\/uploads\/2017\/10\/Facebook-symbole-150x150.png 150w, https:\/\/bovin.qc.ca\/wp-content\/uploads\/2017\/10\/Facebook-symbole-128x128.png 128w\" sizes=\"auto, (max-width: 130px) 100vw, 130px\" \/><\/p>\n<p style=\"text-align: justify;\">Les Producteurs de veaux d\u2019embouche du Qu\u00e9bec ont lanc\u00e9 un concours de photos. L\u2019objectif est de d\u00e9nicher les meilleures photos repr\u00e9sentant la production pour c<span style=\"line-height: inherit;\">onstituer un portfolio qui servira lors des rencontres aupr\u00e8s des \u00e9lus et d\u2019autres intervenants. <\/span><strong style=\"line-height: inherit;\">Le concours se d\u00e9roule jusqu\u2019au 5&nbsp;novembre&nbsp;2017.<\/strong><\/p>\n<p style=\"text-align: justify;\">Les auteurs des quatre photos qui auront obtenu le plus de \u00ab&nbsp;J\u2019aime&nbsp;\u00bb sur la <a href=\"https:\/\/www.facebook.com\/veaudembouche\/\" target=\"_blank\" rel=\"noopener\">page Facebook<\/a> des Producteurs de veaux d\u2019embouche du Qu\u00e9bec remporteront un des prix ci-dessous offerts par nos g\u00e9n\u00e9reux commanditaires.&nbsp;<\/p>\n<p style=\"text-align: justify;\"><strong>1<sup>er<\/sup> prix<\/strong> de La Coop f\u00e9d\u00e9r\u00e9e&nbsp;:<\/p>\n<p style=\"text-align: justify;\">Ensemble comprenant&nbsp;:<\/p>\n<p style=\"text-align: justify;\"><img loading=\"lazy\" decoding=\"async\" class=\"wp-image-4411 alignleft\" src=\"https:\/\/bovin.qc.ca\/wp-content\/uploads\/2017\/10\/Logo_LaCOOP_C-1.jpg\" alt=\"\" width=\"158\" height=\"119\"><\/p>\n<ul style=\"text-align: justify;\">\n<li>25 kg de m\u00e9lange fourrager vaches-veaux p\u00e2turages<\/li>\n<li>10 x 25 kg D\u00e9roBoeuf &nbsp;<\/li>\n<li>10 x 350 g Colostrum bovin d\u00e9shydrat\u00e9<\/li>\n<li>6 Pro-Bloc TransiB\u0153uf<\/li>\n<li>6 Pro-Bloc B\u0153uf<\/li>\n<\/ul>\n<p style=\"text-align: justify;\"><img loading=\"lazy\" decoding=\"async\" class=\"wp-image-4408 alignleft\" src=\"https:\/\/bovin.qc.ca\/wp-content\/uploads\/2017\/10\/Logo-Zoetis-300x107.jpg\" alt=\"\" width=\"124\" height=\"44\" srcset=\"https:\/\/bovin.qc.ca\/wp-content\/uploads\/2017\/10\/Logo-Zoetis-300x107.jpg 300w, https:\/\/bovin.qc.ca\/wp-content\/uploads\/2017\/10\/Logo-Zoetis.jpg 314w\" sizes=\"auto, (max-width: 124px) 100vw, 124px\" \/><\/p>\n<p style=\"text-align: justify;\"><strong>&nbsp; &nbsp; 2<sup>e<\/sup> prix<\/strong>&nbsp;de Zoetis : 100 doses de vaccin Bovi-shield Gold d\u2019une valeur de 300&nbsp;$<\/p>\n<p style=\"text-align: justify;\"><strong>&nbsp; &nbsp; 3<sup>e<\/sup> prix&nbsp;<\/strong>de Zoetis : 50 doses de vaccin Bovi-shield Gold d\u2019une valeur de 150&nbsp;$<\/p>\n<p style=\"text-align: justify;\"><strong><img loading=\"lazy\" decoding=\"async\" class=\" wp-image-4410 alignleft\" src=\"https:\/\/bovin.qc.ca\/wp-content\/uploads\/2017\/10\/L_FRAQ_Noir-300x150.jpg\" alt=\"\" width=\"112\" height=\"56\" srcset=\"https:\/\/bovin.qc.ca\/wp-content\/uploads\/2017\/10\/L_FRAQ_Noir-300x150.jpg 300w, https:\/\/bovin.qc.ca\/wp-content\/uploads\/2017\/10\/L_FRAQ_Noir-256x128.jpg 256w, https:\/\/bovin.qc.ca\/wp-content\/uploads\/2017\/10\/L_FRAQ_Noir.jpg 747w\" sizes=\"auto, (max-width: 112px) 100vw, 112px\" \/><\/strong><strong>&nbsp; &nbsp; &nbsp; &nbsp;Prix rel\u00e8ve<\/strong> de la F\u00e9d\u00e9ration de la rel\u00e8ve agricole du Qu\u00e9bec : 60&nbsp;$ d\u2019articles promotionnel<\/p>\n<p style=\"text-align: justify;\">Consultez la <a href=\"https:\/\/www.facebook.com\/veaudembouche\/\" target=\"_blank\" rel=\"noopener\">page Facebook<\/a> des Producteurs de veaux d\u2019embouche du Qu\u00e9bec pour rejoindre et \u00e9changer avec les producteurs ainsi que toutes les personnes qui partagent leur passion pour cette production. Allez-y, partagez et faites conna\u00eetre ce bel outil de communication! Suivez-nous en <a href=\"https:\/\/www.facebook.com\/veaudembouche\/\" target=\"_blank\" rel=\"noopener\">cliquant ici<\/a>.&nbsp;Les producteurs de veaux d\u2019embouche sont invit\u00e9s \u00e0 envoyer leur photo \u00e0 <a href=\"mailto:veaudembouche@upa.qc.ca\" target=\"_blank\" rel=\"noopener\">veaudembouche@upa.qc.ca<\/a>.<\/p>\n<p style=\"text-align: justify;\"><a href=\"https:\/\/bovin.qc.ca\/infolettre-la-minute-bovine-octobre-2017\/#haut_de_page\">Retour en haut<\/a>&nbsp;&nbsp;&nbsp;<\/p>\n<hr>\n<p><strong><a id=\"hommage\"><\/a>HOMMAGE \u00c0 GUY LAPOINTE POUR SES 30 ANS DE CONTRIBUTION<\/strong><\/p>\n<p><img loading=\"lazy\" decoding=\"async\" class=\" wp-image-4380 alignleft\" src=\"https:\/\/bovin.qc.ca\/wp-content\/uploads\/2017\/06\/CRAAQ-Certificat-300x225.jpg\" alt=\"\" width=\"237\" height=\"178\"><\/p>\n<p style=\"text-align: justify;\">C\u2019est dans le cadre de l\u2019assembl\u00e9e g\u00e9n\u00e9rale annuelle du Centre de r\u00e9f\u00e9rence en agriculture et agroalimentaire du Qu\u00e9bec (CRAAQ), tenue le 18 octobre dernier, qu\u2019un hommage a \u00e9t\u00e9 rendu \u00e0 M.&nbsp;Guy Lapointe pour ses 30&nbsp;ans de contribution avec le CRAAQ. F\u00e9licitations!<\/p>\n<p style=\"text-align: justify;\">\u00c0 gauche, M.&nbsp;Guy Lapointe, conseiller en production bovine dans la r\u00e9gion de l\u2019Outaouais, nouvellement retrait\u00e9 et \u00ab&nbsp;en d\u00e9marrage&nbsp;\u00bb comme producteur de veaux d\u2019embouche. \u00c0 droite, M.&nbsp;Bernard Dor\u00e9, agronome, consultant, Pro-Genetic consulting inc., et pr\u00e9sident du comit\u00e9 bovins de boucherie.<\/p>\n<p><a href=\"https:\/\/bovin.qc.ca\/infolettre-la-minute-bovine-septembre-2017\/#haut_de_page\">Retour en haut<\/a>&nbsp;&nbsp;<\/p>\n<hr>\n<p><strong><a id=\"producteurs_region\"><\/a><u>LES PRODUCTEURS DE BOVINS EN R\u00c9GION<\/u><\/strong><\/p>\n<p style=\"text-align: justify;\"><strong><a id=\"producteurs\"><\/a>CHAUDI\u00c8RE-APPALACHES NORD et CHAUDI\u00c8RE-APPALACHES-SUD :&nbsp;<\/strong><strong>Une r\u00e9ussite pour la 3<sup>e<\/sup> Journ\u00e9e champ\u00eatre bovine&nbsp;&nbsp;&nbsp;&nbsp;&nbsp;&nbsp;&nbsp;&nbsp;&nbsp;&nbsp;&nbsp; <\/strong><\/p>\n<p style=\"text-align: justify;\"><img loading=\"lazy\" decoding=\"async\" class=\" wp-image-4415 alignleft\" src=\"https:\/\/bovin.qc.ca\/wp-content\/uploads\/2017\/10\/Journ\u00e9e-champ\u00eatre-2017-15-300x200.jpg\" alt=\"\" width=\"366\" height=\"244\" srcset=\"https:\/\/bovin.qc.ca\/wp-content\/uploads\/2017\/10\/Journ\u00e9e-champ\u00eatre-2017-15-300x200.jpg 300w, https:\/\/bovin.qc.ca\/wp-content\/uploads\/2017\/10\/Journ\u00e9e-champ\u00eatre-2017-15-192x128.jpg 192w, https:\/\/bovin.qc.ca\/wp-content\/uploads\/2017\/10\/Journ\u00e9e-champ\u00eatre-2017-15.jpg 2048w\" sizes=\"auto, (max-width: 366px) 100vw, 366px\" \/>La superbe temp\u00e9rature 16 septembre dernier a s\u00fbrement contribu\u00e9 au succ\u00e8s de la Journ\u00e9e champ\u00eatre bovine \u00e0 la Ferme R\u00e9jean Turgeon de Saint-Bernard. Plusieurs personnes se sont d\u00e9plac\u00e9es pour visiter les installations de la famille Turgeon. Il s\u2019agit d\u2019une ferme de 2&nbsp;200 bouvillons d\u2019abattage en inventaire avec une production annuelle de 4&nbsp;000 bouvillons. La ferme produit \u00e9galement des porcs d\u2019engraissement.<\/p>\n<p style=\"text-align: justify;\">Les deux conf\u00e9rences pr\u00e9sent\u00e9es en apr\u00e8s-midi ont suscit\u00e9 beaucoup d\u2019int\u00e9r\u00eat. L\u2019une portait sur la castration et l\u2019\u00e9cornage des veaux d\u2019embouche. Elle \u00e9tait donn\u00e9e par Dr Jasmin Houle du Groupe Vetcom. L\u2019autre conf\u00e9rence, donn\u00e9e par M.&nbsp;Daniel&nbsp;Zuchoski des Producteurs de bovins du Qu\u00e9bec, traitait des qualit\u00e9s recherch\u00e9es chez les veaux d\u2019embouche pour les producteurs de&nbsp;bouvillons. La formule permettait beaucoup d\u2019interactions entre les conf\u00e9renciers et les producteurs.<\/p>\n<p style=\"text-align: justify;\">En soir\u00e9e, environ 200 personnes \u00e9taient pr\u00e9sentes pour le m\u00e9choui de b\u0153uf. Les gens ont pu en apprendre davantage sur&nbsp;les d\u00e9buts de&nbsp;la Ferme R\u00e9jean Turgeon; celle-ci ayant commenc\u00e9 de presque rien, est aujourd\u2019hui une entreprise dynamique d\u2019envergure.<\/p>\n<p style=\"text-align: justify;\">Les Producteurs de bovins de la Chaudi\u00e8re-Appalaches&nbsp;Nord et les Producteurs de bovins de la Chaudi\u00e8re-Appalaches-Sud tiennent \u00e0 remercier chaleureusement les propri\u00e9taires de la ferme h\u00f4te&nbsp;: Mme&nbsp;Louiselle Groleau, M.&nbsp;R\u00e9jean Turgeon et leurs trois fils Ghislain, St\u00e9phane et Keven.<\/p>\n<p><a href=\"https:\/\/bovin.qc.ca\/infolettre-la-minute-bovine-octobre-2017\/#haut_de_page\">Retour en haut<\/a>&nbsp;&nbsp;<\/p>\n<hr>\n<div>\n<p><strong><a id=\"producteurs\"><\/a>CENTRE-DU-QU\u00c9BEC &#8211; SOIR\u00c9E D&#8217;INFORMATION :&nbsp;<\/strong><strong>\u00c7a &#8220;veau&#8221; le coup d&#8217;\u00eatre pr\u00e9sent<\/strong><\/p>\n<p><span style=\"line-height: inherit; text-align: justify;\">Une soir\u00e9e d\u2019information se tiendra le 9 novembre prochain \u00e0 Victoriaville pour les producteurs de veaux d\u2019embouche. Consultez tous les d\u00e9tails en <\/span><a style=\"line-height: inherit; text-align: justify;\" href=\"https:\/\/bovin.qc.ca\/wp-content\/uploads\/2016\/01\/Invitation-Soir\u00e9e-Centre-du-Qu\u00e9bec.pdf\" target=\"_blank\" rel=\"noopener\">cliquant ici<\/a><span style=\"line-height: inherit; text-align: justify;\">.<\/span><\/p>\n<p><a style=\"line-height: inherit;\" href=\"https:\/\/bovin.qc.ca\/infolettre-la-minute-bovine-octobre-2017\/#haut_de_page\">Retour en haut<\/a><span style=\"line-height: inherit;\">&nbsp;&nbsp;<\/span><\/p>\n<\/div>\n<hr>\n<div>\n<p><strong><a id=\"producteurs\"><\/a>ESTRIE \u2013 JOURN\u00c9E D\u2019INFORMATION SUR LA PRODUCTION DE VIANDE \u00c0 L\u2019HERBE<\/strong><\/p>\n<p style=\"text-align: justify;\">Une journ\u00e9e d\u2019information sur la production de viande \u00e0 l\u2019herbe se tiendra le 16 novembre prochain \u00e0 Magog. Consultez tous les d\u00e9tails en <a href=\"https:\/\/bovin.qc.ca\/wp-content\/uploads\/2017\/10\/Journee_viande_herbe_courriel-2.pdf\" target=\"_blank\" rel=\"noopener\">cliquant ici<\/a>.<\/p>\n<p style=\"text-align: justify;\"><a style=\"line-height: inherit;\" href=\"https:\/\/bovin.qc.ca\/infolettre-la-minute-bovine-octobre-2017\/#haut_de_page\">Retour en haut<\/a><span style=\"line-height: inherit;\">&nbsp;&nbsp;<\/span><\/p>\n<\/div>\n<hr>\n<p><strong><a id=\"producteurs\"><\/a>MONT\u00c9R\u00c9GIE-OUEST &#8211; JOURN\u00c9E BOVINE 2017<\/strong><\/p>\n<p style=\"text-align: justify;\"><strong>Quand&nbsp;:<\/strong> Samedi 2 d\u00e9cembre 2017<\/p>\n<p style=\"text-align: justify;\"><strong>O\u00f9&nbsp;:<\/strong> Club de golf Le Triangle d\u2019Or &#8211; 1970, chemin du Golf (route 221), St-R\u00e9mi (Qu\u00e9bec) J0L 2L0<\/p>\n<p style=\"text-align: justify;\"><strong>Heure&nbsp;:<\/strong> 9&nbsp;h&nbsp;30 \u00e0 16&nbsp;h<\/p>\n<p style=\"text-align: justify;\"><strong>Combien&nbsp;:<\/strong> Co\u00fbt pr\u00e9-inscription&nbsp;: 25&nbsp;$ ou 35&nbsp;$ \u00e0 partir du 24 novembre<\/p>\n<p style=\"text-align: justify;\"><strong>Information&nbsp;:<\/strong> Karine L\u00e9ger au 450 454-5115, poste 6282<\/p>\n<p style=\"text-align: justify;\">Organis\u00e9e par le Syndicat des producteurs de bovins de la Mont\u00e9r\u00e9gie-Ouest et la Direction r\u00e9gionale de la Mont\u00e9r\u00e9gie du minist\u00e8re de l\u2019Agriculture, des P\u00eacheries et de l\u2019Alimentation du Qu\u00e9bec (MAPAQ).<\/p>\n<p><a href=\"https:\/\/bovin.qc.ca\/infolettre-la-minute-bovine-octobre-2017\/#haut_de_page\">Retour en haut<\/a>&nbsp;&nbsp;<\/p>\n","protected":false},"excerpt":{"rendered":"<p>&nbsp; Infolettre : La minute bovine \u2013 Octobre 2017 TUTORIEL \u00c0 VISIONNER NOUVELLES CAPSULES VID\u00c9O POUR LES VEAUX LAITIERS VEAU DU QU\u00c9BEC EN ACTION PROGRAMME D\u2019\u00c9CHANGE DES IDENTIFIANTS CONCOURS POUR LES PRODUCTEURS DE VEAUX D\u2019EMBOUCHE HOMMAGE \u00c0 GUY LAPOINTE LES PRODUCTEURS DE BOVINS EN R\u00c9GION TUTORIEL \u00c0 VISIONNER Les Producteurs de bovins du Qu\u00e9bec sont [&#8230;]<\/p>\n","protected":false},"author":6,"featured_media":0,"parent":0,"menu_order":0,"comment_status":"closed","ping_status":"closed","template":"","meta":{"ngg_post_thumbnail":0,"footnotes":""},"class_list":["post-4437","page","type-page","status-publish","hentry"],"_links":{"self":[{"href":"https:\/\/bovin.qc.ca\/en\/wp-json\/wp\/v2\/pages\/4437","targetHints":{"allow":["GET"]}}],"collection":[{"href":"https:\/\/bovin.qc.ca\/en\/wp-json\/wp\/v2\/pages"}],"about":[{"href":"https:\/\/bovin.qc.ca\/en\/wp-json\/wp\/v2\/types\/page"}],"author":[{"embeddable":true,"href":"https:\/\/bovin.qc.ca\/en\/wp-json\/wp\/v2\/users\/6"}],"replies":[{"embeddable":true,"href":"https:\/\/bovin.qc.ca\/en\/wp-json\/wp\/v2\/comments?post=4437"}],"version-history":[{"count":4,"href":"https:\/\/bovin.qc.ca\/en\/wp-json\/wp\/v2\/pages\/4437\/revisions"}],"predecessor-version":[{"id":4723,"href":"https:\/\/bovin.qc.ca\/en\/wp-json\/wp\/v2\/pages\/4437\/revisions\/4723"}],"wp:attachment":[{"href":"https:\/\/bovin.qc.ca\/en\/wp-json\/wp\/v2\/media?parent=4437"}],"curies":[{"name":"wp","href":"https:\/\/api.w.org\/{rel}","templated":true}]}}