{"id":4262,"date":"2017-09-17T20:22:42","date_gmt":"2017-09-18T00:22:42","guid":{"rendered":"https:\/\/bovin.qc.ca\/infolettre-la-minute-bovine-septembre-2017\/"},"modified":"2018-01-29T22:25:26","modified_gmt":"2018-01-30T03:25:26","slug":"infolettre-la-minute-bovine-septembre-2017","status":"publish","type":"page","link":"https:\/\/bovin.qc.ca\/en\/infolettre-la-minute-bovine-septembre-2017\/","title":{"rendered":"Infolettre : La minute bovine &#8211; Septembre 2017"},"content":{"rendered":"<div class=\"newsletter_subscription_box\"><a class=\"newsletter_subscription_link\" href=\"https:\/\/bovin.qc.ca\/abonnement\/\"><div class=\"left_side\"><img decoding=\"async\" src=\"https:\/\/bovin.qc.ca\/wp-content\/themes\/bovins\/images\/infolettre_icon.png\" class=\"newsletter_icon\" \/><\/div><div class=\"right_side\"><p class=\"newsletter_sub_text\">Vous n'\u00eates pas abonn\u00e9 \u00e0 notre infolettre?<br \/>Cliquez ici.<\/p><\/div><div style=\"clear:both;\"><\/div><\/a><\/div>\n<h1 style=\"font-size: 32px; margin-top: 24px;\"><a id=\"haut_de_page\"><\/a>Infolettre : La minute bovine \u2013 Septembre 2017<\/h1>\n<ul>\n<li><a href=\"https:\/\/bovin.qc.ca\/infolettre-la-minute-bovine-septembre-2017\/#nouveau_employes\">NOUVEAUX EMPLOY\u00c9S ET NOMINATIONS AUX PBQ<\/a><\/li>\n<li><a href=\"https:\/\/bovin.qc.ca\/infolettre-la-minute-bovine-septembre-2017\/#nomination\">NOMINATION DE CLAUDE VIEL \u00c0 LA FADQ<\/a><\/li>\n<li><a href=\"https:\/\/bovin.qc.ca\/infolettre-la-minute-bovine-septembre-2017\/#programme_echange\">PROGRAMME D\u2019\u00c9CHANGE DES IDENTIFIANTS<\/a><\/li>\n<li><a href=\"https:\/\/bovin.qc.ca\/infolettre-la-minute-bovine-septembre-2017\/#facebook_producteurs\">UNE PAGE FACEBOOK POUR LES PRODUCTEURS DE VEAUX D\u2019EMBOUCHE DU QU\u00c9BEC<\/a><\/li>\n<li><a href=\"https:\/\/bovin.qc.ca\/infolettre-la-minute-bovine-septembre-2017\/#congres_craaq\">CONGR\u00c8S B\u0152UF DU CRAAQ \u2013 VENDREDI 6 OCTOBRE<\/a><\/li>\n<li><a href=\"https:\/\/bovin.qc.ca\/infolettre-la-minute-bovine-septembre-2017\/#sieges_releve\">SI\u00c8GES POUR LA REL\u00c8VE EN PRODUCTION BOVINE<\/a><\/li>\n<li><a href=\"https:\/\/bovin.qc.ca\/infolettre-la-minute-bovine-septembre-2017\/#producteurs_region\">LES PRODUCTEURS DE BOVINS EN R\u00c9GION<\/a><\/li>\n<li><a href=\"https:\/\/bovin.qc.ca\/infolettre-la-minute-bovine-septembre-2017\/#expo_trois_riviere\">LES SP\u00c9CIALIT\u00c9S DE LA F\u00c9D\u00c9RATION DE L\u2019UPA DE LA MAURICIE \u00c0 L\u2019EXPO AGRICOLE DE TROIS-RIVI\u00c8RES<\/a><\/li>\n<li><a href=\"https:\/\/bovin.qc.ca\/infolettre-la-minute-bovine-septembre-2017\/#mechoui\">M\u00c9CHOUI DES PRODUCTEURS DE BOVINS \u00c0 L\u2019EXPO AGRICOLE DE TROIS-RIVI\u00c8RES<\/a><\/li>\n<\/ul>\n<p><strong><a id=\"nouveau_employes\"><\/a>NOUVEAUX EMPLOY\u00c9S ET NOMINATIONS AUX PBQ<\/strong><\/p>\n<p style=\"text-align: justify;\"><img loading=\"lazy\" decoding=\"async\" class=\"alignleft wp-image-4252\" src=\"https:\/\/bovin.qc.ca\/wp-content\/uploads\/2017\/09\/Andr\u00e9-Roy-199x300.jpg\" alt=\"\" width=\"140\" height=\"211\" srcset=\"https:\/\/bovin.qc.ca\/wp-content\/uploads\/2017\/09\/Andr\u00e9-Roy-199x300.jpg 199w, https:\/\/bovin.qc.ca\/wp-content\/uploads\/2017\/09\/Andr\u00e9-Roy-199x300-85x128.jpg 85w\" sizes=\"auto, (max-width: 140px) 100vw, 140px\" \/>\u00c0 la suite du d\u00e9part de M. Jean-Philippe Desch\u00eanes-Gilbert, M. Andr\u00e9 Roy occupe le poste de directeur g\u00e9n\u00e9ral depuis le 7 ao\u00fbt dernier. Titulaire d\u2019un baccalaur\u00e9at et d\u2019une ma\u00eetrise en sciences \u00e9conomiques de l\u2019Universit\u00e9 de Montr\u00e9al ainsi que d\u2019une ma\u00eetrise en administration des affaires de l\u2019Universit\u00e9 de Sherbrooke, Andr\u00e9 poss\u00e8de plus de 30 ann\u00e9es d\u2019exp\u00e9rience dans le secteur agroalimentaire. Il est reconnu pour son professionnalisme, ses capacit\u00e9s de n\u00e9gociation et de communication ainsi que pour le d\u00e9veloppement et le maintien d\u2019excellentes relations d\u2019affaires. Nous lui souhaitons beaucoup de succ\u00e8s dans ce mandat.<\/p>\n<p style=\"text-align: justify;\">Dans ce contexte, M. Jean-S\u00e9bastien Roy a accept\u00e9 le poste de directeur par int\u00e9rim de l\u2019agence de vente des bouvillons en plus de ses t\u00e2ches actuelles de Bovitrace et de la tra\u00e7abilit\u00e9. Pour le secteur bovin de r\u00e9forme et veau laitier, M. Louis Blouin devient directeur par int\u00e9rim, en plus d\u2019assumer ses t\u00e2ches de responsable des activit\u00e9s de mise en march\u00e9 du secteur. Ils sont tous deux entr\u00e9s en fonction officiellement le 7 ao\u00fbt 2017.<\/p>\n<p style=\"text-align: justify;\">Nous avons aussi le plaisir de vous annoncer l\u2019embauche des personnes suivantes :<\/p>\n<ul>\n<li>Mme&nbsp;Isabelle Morin, m\u00e9decin v\u00e9t\u00e9rinaire. Titulaire d\u2019un doctorat en m\u00e9decine v\u00e9t\u00e9rinaire de l\u2019Universit\u00e9 de Montr\u00e9al, Isabelle compl\u00e8te actuellement une ma\u00eetrise en gestion des organisations. Depuis 2008, elle exerce en pratique mixte : bovins, \u00e9quins et petits animaux dans la r\u00e9gion du Saguenay-Lac-Saint-Jean. Mme Morin entrera en poste le 10 octobre prochain.<\/li>\n<li>Mme Julie Seyer, secr\u00e9taire pour les agences de vente des bouvillons, veaux d\u2019embouche et bovins de r\u00e9forme et veaux laitiers. Elle sera parmi nous \u00e0 compter du 18 septembre.<\/li>\n<li>M. Keven Beaudin St-Pierre, stagiaire en agroenvironnement pour une dur\u00e9e de huit mois. Keven travaillera sur le guide des am\u00e9nagements alternatifs en production bovine et sur la probl\u00e9matique de la consommation en eau des bovins.<\/li>\n<\/ul>\n<p style=\"text-align: justify;\"><a href=\"https:\/\/bovin.qc.ca\/infolettre-la-minute-bovine-septembre-2017\/#haut_de_page\">Retour en haut<\/a><\/p>\n<hr>\n<p style=\"text-align: justify;\"><strong><a id=\"nomination\"><\/a>NOMINATION DE CLAUDE VIEL \u00c0 LA FADQ<\/strong><\/p>\n<p><img loading=\"lazy\" decoding=\"async\" class=\"alignright wp-image-4253\" src=\"https:\/\/bovin.qc.ca\/wp-content\/uploads\/2017\/09\/Claude-Viel-2017-226x300.jpg\" alt=\"\" width=\"140\" height=\"186\" srcset=\"https:\/\/bovin.qc.ca\/wp-content\/uploads\/2017\/09\/Claude-Viel-2017-226x300.jpg 226w, https:\/\/bovin.qc.ca\/wp-content\/uploads\/2017\/09\/Claude-Viel-2017-226x300-96x128.jpg 96w\" sizes=\"auto, (max-width: 140px) 100vw, 140px\" \/>Dans le cadre de la tenue du conseil g\u00e9n\u00e9ral de l\u2019UPA, M. Claude Viel a \u00e9t\u00e9 nomm\u00e9 \u00e0 titre d\u2019administrateur de La Financi\u00e8re agricole du Qu\u00e9bec (FADQ). Afin que le tout soit officialis\u00e9, il ne manquera que l\u2019approbation du gouvernement. Nous vous rappelons que le conseil d\u2019administration de la FADQ a notamment pour fonctions d\u2019\u00e9tablir les priorit\u00e9s relativement aux produits et services \u00e0 offrir aux entreprises du secteur agricole et agroalimentaire et d\u2019\u00e9laborer des orientations \u00e0 cet \u00e9gard. Les connaissances de M. Viel et son cheminement seront des atouts majeurs pour tous.<\/p>\n<p style=\"text-align: justify;\"><a href=\"https:\/\/bovin.qc.ca\/infolettre-la-minute-bovine-septembre-2017\/#haut_de_page\">Retour en haut<\/a><\/p>\n<p style=\"text-align: justify;\">&nbsp;&nbsp;<\/p>\n<hr>\n<p style=\"text-align: justify;\"><strong><a id=\"programme_echange\"><\/a>PROGRAMME D\u2019\u00c9CHANGE DES IDENTIFIANTS<\/strong><\/p>\n<p style=\"text-align: justify;\"><strong>Au tour des r\u00e9gions de la Mont\u00e9r\u00e9gie et du Centre-du-Qu\u00e9bec<\/strong><\/p>\n<p style=\"text-align: justify;\"><img loading=\"lazy\" decoding=\"async\" class=\"alignleft wp-image-4254\" src=\"https:\/\/bovin.qc.ca\/wp-content\/uploads\/2017\/09\/300px-Carte_mont\u00e9r\u00e9gie.svg_.png\" alt=\"\" width=\"200\" height=\"153\" srcset=\"https:\/\/bovin.qc.ca\/wp-content\/uploads\/2017\/09\/300px-Carte_mont\u00e9r\u00e9gie.svg_.png 300w, https:\/\/bovin.qc.ca\/wp-content\/uploads\/2017\/09\/300px-Carte_mont\u00e9r\u00e9gie.svg_-167x128.png 167w\" sizes=\"auto, (max-width: 200px) 100vw, 200px\" \/>Lors de la semaine du 7 ao\u00fbt, Allflex effectuait l\u2019envoi d\u2019environ 2000 enveloppes contenant la liste des identifiants de mod\u00e8le REG admissibles \u00e0 un \u00e9change pour les producteurs des r\u00e9gions de la Mont\u00e9r\u00e9gie et du Centre-du-Qu\u00e9bec. Il faut rappeler que le programme a pour but d\u2019\u00e9changer les identifiants de mod\u00e8le REG pour l\u2019Ultraflex. Ce dernier poss\u00e8de un taux de r\u00e9tention sup\u00e9rieur. Certaines fermes, ayant des volumes d\u2019identifiants REG plus importants \u00e0 \u00e9changer, recevront la visite d\u2019agents d\u00e9di\u00e9s au programme. Les visites ont pour but de proc\u00e9der \u00e0 l\u2019\u00e9change, mais aussi de v\u00e9rifier le mat\u00e9riel d\u2019identification, de sensibiliser les utilisateurs aux bonnes pratiques d\u2019identification et de colliger les commentaires d\u2019am\u00e9lioration des identifiants et du syst\u00e8me de tra\u00e7abilit\u00e9.<\/p>\n<p style=\"text-align: justify;\">Nous encourageons les producteurs admissibles \u00e0 participer au programme d\u2019\u00e9change puisqu\u2019il est gratuit. Chaque identifiant doit \u00eatre neuf, non pos\u00e9 et doit avoir ses quatre morceaux pour \u00eatre \u00e9changeable.&nbsp;<\/p>\n<table style=\"font-family: Meiryo, Arial, Helvetica, sans-serif; font-size: 14px; color: #474747; border: 2px solid black; border-color: #000000; padding: 10px; margin: 10px; margin-bottom: 15px; line-height: 20px;\" border=\"2px\" cellpadding=\"5px\">\n<tbody>\n<tr>\n<td><strong>Ce projet a \u00e9t\u00e9 r\u00e9alis\u00e9 gr\u00e2ce \u00e0 une aide financi\u00e8re du Programme de d\u00e9veloppement sectoriel, issu de l&#8217;accord du cadre Cultivons l&#8217;avenir 2 conclu entre le minist\u00e8re de l&#8217;Agriculture, des P\u00eacheries et de l&#8217;Alimentation du Qu\u00e9bec et Agriculture et Agroalimentaire Canada<\/strong><\/td>\n<\/tr>\n<\/tbody>\n<\/table>\n<p style=\"text-align: justify;\"><a href=\"https:\/\/bovin.qc.ca\/infolettre-la-minute-bovine-septembre-2017\/#haut_de_page\">Retour en haut<\/a><\/p>\n<hr>\n<p style=\"text-align: justify;\"><strong><a id=\"facebook_producteurs\"><\/a>UNE PAGE FACEBOOK POUR LES PRODUCTEURS DE VEAUX D\u2019EMBOUCHE DU QU\u00c9BEC<\/strong><\/p>\n<p style=\"text-align: justify;\"><img loading=\"lazy\" decoding=\"async\" class=\"alignright wp-image-4255\" src=\"https:\/\/bovin.qc.ca\/wp-content\/uploads\/2017\/09\/FB-VE-128x128.jpg\" alt=\"\" width=\"115\" height=\"115\">Nous sommes heureux de vous annoncer la cr\u00e9ation d\u2019une <a href=\"https:\/\/www.facebook.com\/veaudembouche\/\" target=\"_blank\" rel=\"noopener noreferrer\">page Facebook<\/a> pour les Producteurs de veaux d\u2019embouche du Qu\u00e9bec pour rejoindre et \u00e9changer efficacement avec les producteurs ainsi que toutes les personnes qui partagent leur passion pour cette production. Allez-y, partagez et faites conna\u00eetre ce bel outil de communication! Suivez-nous en <a href=\"https:\/\/www.facebook.com\/veaudembouche\/\" target=\"_blank\" rel=\"noopener noreferrer\">cliquant ici<\/a>.&nbsp;<\/p>\n<p style=\"text-align: justify;\"><a href=\"https:\/\/bovin.qc.ca\/infolettre-la-minute-bovine-septembre-2017\/#haut_de_page\">Retour en haut<\/a>&nbsp;&nbsp;<\/p>\n<hr>\n<p style=\"text-align: justify;\"><strong><a id=\"congres_craaq\"><\/a>CONGR\u00c8S B\u0152UF DU CRAAQ \u2013 VENDREDI 6 OCTOBRE<\/strong><\/p>\n<p style=\"text-align: justify;\"><img loading=\"lazy\" decoding=\"async\" class=\"alignleft wp-image-4256\" src=\"https:\/\/bovin.qc.ca\/wp-content\/uploads\/2017\/09\/Congr\u00e8s-boeuf-CRAAQ.jpg\" alt=\"\" width=\"180\" height=\"132\" srcset=\"https:\/\/bovin.qc.ca\/wp-content\/uploads\/2017\/09\/Congr\u00e8s-boeuf-CRAAQ.jpg 300w, https:\/\/bovin.qc.ca\/wp-content\/uploads\/2017\/09\/Congr\u00e8s-boeuf-CRAAQ-175x128.jpg 175w\" sizes=\"auto, (max-width: 180px) 100vw, 180px\" \/>S\u2019outiller pour mieux g\u00e9rer et r\u00e9ussir! Le Congr\u00e8s B\u0153uf vous accueille cette ann\u00e9e au Parc de l\u2019Exposition agricole de Victoriaville, au Pavillon Agri-Sports. Venez \u00e9changer avec les conf\u00e9renciers, soyez inform\u00e9s des derni\u00e8res avanc\u00e9es technologiques disponibles, et plus encore! Vous participez \u00e0 l\u2019\u00e9v\u00e8nement? Affichez votre pr\u00e9sence sur la page <a href=\"https:\/\/www.facebook.com\/events\/1791855667496970\/\" target=\"_blank\" rel=\"noopener noreferrer\">Facebook de l\u2019\u00e9v\u00e8nement<\/a> d\u00e8s maintenant!<\/p>\n<p style=\"text-align: justify;\">Le programme complet est disponible sur le site Web en <a href=\"https:\/\/www.craaq.qc.ca\/Evenements-du-CRAAQ\/congres-boeuf-2017\/e\/2443#tab_tab-programme\" target=\"_blank\" rel=\"noopener noreferrer\">cliquant ici<\/a>.&nbsp;<\/p>\n<p style=\"text-align: justify;\"><a href=\"https:\/\/bovin.qc.ca\/infolettre-la-minute-bovine-septembre-2017\/#haut_de_page\">Retour en haut<\/a>&nbsp;&nbsp;&nbsp;<\/p>\n<hr>\n<p style=\"text-align: justify;\"><strong><a id=\"sieges_releve\"><\/a>SI\u00c8GES POUR LA REL\u00c8VE EN PRODUCTION BOVINE<\/strong><\/p>\n<p style=\"text-align: justify;\"><img loading=\"lazy\" decoding=\"async\" class=\"alignright wp-image-4257\" src=\"https:\/\/bovin.qc.ca\/wp-content\/uploads\/2017\/09\/LogoRgie.gif\" alt=\"\" width=\"180\" height=\"73\">Bonne nouvelle! Le 3 juillet dernier, la R\u00e9gie des march\u00e9s agricoles et alimentaires du Qu\u00e9bec a approuv\u00e9 une modification au Plan conjoint des producteurs de bovins du Qu\u00e9bec permettant dor\u00e9navant \u00e0 la rel\u00e8ve en production bovine d\u2019avoir un si\u00e8ge officiel sur chacun des comit\u00e9s de mise en march\u00e9 (veaux de grain, veaux de lait, veaux d\u2019embouche, bouvillons d\u2019abattage et bovins de r\u00e9forme et veaux laitiers) avec plein droit de vote si tous les crit\u00e8res d\u2019\u00e9ligibilit\u00e9 pr\u00e9vus audit Plan sont respect\u00e9s. Il reste des postes \u00e0 combler dans les secteurs veau de grain, veau de lait et bovin de r\u00e9forme et veau laitier.<\/p>\n<p style=\"text-align: justify;\"><a href=\"https:\/\/bovin.qc.ca\/infolettre-la-minute-bovine-septembre-2017\/#haut_de_page\">Retour en haut<\/a>&nbsp;&nbsp;<\/p>\n<hr>\n<p style=\"text-align: justify;\"><strong><a id=\"producteurs_region\"><\/a><u>LES PRODUCTUERS DE BOVINS EN R\u00c9GION<\/u><\/strong><\/p>\n<p style=\"text-align: justify;\"><strong><a id=\"expo_trois_riviere\"><\/a>LES SP\u00c9CIALIT\u00c9S DE LA F\u00c9D\u00c9RATION DE L\u2019UPA DE LA MAURICIE \u00c0 L\u2019EXPO AGRICOLE DE TROIS-RIVI\u00c8RES<\/strong><\/p>\n<p style=\"text-align: justify;\"><img loading=\"lazy\" decoding=\"async\" class=\"aligncenter wp-image-4258 size-full\" src=\"https:\/\/bovin.qc.ca\/wp-content\/uploads\/2017\/09\/Agriculture_reduced.jpg\" alt=\"\" width=\"800\" height=\"533\" srcset=\"https:\/\/bovin.qc.ca\/wp-content\/uploads\/2017\/09\/Agriculture_reduced.jpg 800w, https:\/\/bovin.qc.ca\/wp-content\/uploads\/2017\/09\/Agriculture_reduced-300x200.jpg 300w, https:\/\/bovin.qc.ca\/wp-content\/uploads\/2017\/09\/Agriculture_reduced-192x128.jpg 192w\" sizes=\"auto, (max-width: 800px) 100vw, 800px\" \/><\/p>\n<p style=\"text-align: justify;\">L\u2019Expo agricole de Trois-Rivi\u00e8res a approch\u00e9 la F\u00e9d\u00e9ration de l\u2019UPA de la Mauricie pour bonifier le circuit \u00e9ducatif \u00ab De la ferme au march\u00e9 \u00bb qui fait d\u00e9couvrir le m\u00e9tier d\u2019agriculteur. Les sp\u00e9cialit\u00e9s ont contribu\u00e9 financi\u00e8rement et avec des produits de l\u2019\u00e9rable au circuit qui explique aux jeunes que la nourriture ne provient pas du supermarch\u00e9, mais bien de la terre et des \u00e9levages.<\/p>\n<p style=\"text-align: justify;\">Les sp\u00e9cialit\u00e9s ont donn\u00e9 des renseignements sur les diff\u00e9rentes productions en plus de l\u2019information d\u00e9j\u00e0 pr\u00e9sente dans le circuit. \u00c0 chaque arr\u00eat, une t\u00e2che devait \u00eatre accomplie en lien avec la production vis\u00e9e.<\/p>\n<p style=\"text-align: justify;\"><img loading=\"lazy\" decoding=\"async\" class=\"alignright wp-image-4259\" src=\"https:\/\/bovin.qc.ca\/wp-content\/uploads\/2017\/09\/cowboy_reduced-300x200.jpg\" alt=\"\" width=\"220\" height=\"147\" srcset=\"https:\/\/bovin.qc.ca\/wp-content\/uploads\/2017\/09\/cowboy_reduced-300x200.jpg 300w, https:\/\/bovin.qc.ca\/wp-content\/uploads\/2017\/09\/cowboy_reduced-300x200-192x128.jpg 192w\" sizes=\"auto, (max-width: 220px) 100vw, 220px\" \/>Les jeunes \u00e9taient accueillis au silo \u00e0 grains o\u00f9 ils prenaient possession d\u2019un sceau contenant des grains pour nourrir les animaux de ferme qu\u2019ils rencontraient. Le sceau servait aussi \u00e0 d\u00e9poser les produits r\u00e9colt\u00e9s sur leur parcours. Les jeunes poursuivaient en allant nourrir les poules et r\u00e9coltaient un \u0153uf. Ils passaient ensuite \u00e0 la station du porc pour r\u00e9colter du bacon. Les jeunes pouvaient se d\u00e9gourdir en faisant des courses de petits tracteurs \u00e0 p\u00e9dales. \u00c0 la station du b\u0153uf, ils pouvaient r\u00e9colter un burger et en apprendre plus sur la production laiti\u00e8re. Avant de passer au march\u00e9, il y avait la station \u00e9quine o\u00f9 ils avaient l\u2019occasion de se pratiquer au fer. Finalement, les jeunes vendaient leur r\u00e9colte et pouvaient se procurer des produits de l\u2019\u00e9rable et du pop-corn.<\/p>\n<p style=\"text-align: justify;\">Selon la direction de l\u2019Expo, autant les enfants que les adultes en apprenaient sur l\u2019agriculture qu\u00e9b\u00e9coise. Les gens s\u2019int\u00e9ressaient \u00e0 l\u2019information disponible sur les diff\u00e9rentes productions. Ce fut un succ\u00e8s sur toute la ligne!<\/p>\n<p style=\"text-align: justify;\"><a href=\"https:\/\/bovin.qc.ca\/infolettre-la-minute-bovine-septembre-2017\/#haut_de_page\">Retour en haut<\/a>&nbsp;&nbsp;<\/p>\n<hr>\n<p style=\"text-align: justify;\"><strong><a id=\"mechoui\"><\/a>M\u00c9CHOUI DES PRODUCTEURS DE BOVINS \u00c0 L\u2019EXPO AGRICOLE DE TROIS-RIVI\u00c8RES<\/strong><\/p>\n<p style=\"text-align: justify;\"><img loading=\"lazy\" decoding=\"async\" class=\"alignleft wp-image-4260\" src=\"https:\/\/bovin.qc.ca\/wp-content\/uploads\/2017\/09\/Mechoui-Expo_administrateurs_reduced-300x170.jpg\" alt=\"\" width=\"240\" height=\"136\" srcset=\"https:\/\/bovin.qc.ca\/wp-content\/uploads\/2017\/09\/Mechoui-Expo_administrateurs_reduced-300x170.jpg 300w, https:\/\/bovin.qc.ca\/wp-content\/uploads\/2017\/09\/Mechoui-Expo_administrateurs_reduced-300x170-226x128.jpg 226w\" sizes=\"auto, (max-width: 240px) 100vw, 240px\" \/>Le 14 juillet avait lieu le m\u00e9choui des Producteurs de bovins de la Mauricie \u00e0 l\u2019Expo agricole de Trois-Rivi\u00e8res. Certains administrateurs \u00e9taient pr\u00e9sents pour offrir une d\u00e9gustation gratuite de veau de grain et de b\u0153uf du Qu\u00e9bec. M. Robert Caron a marin\u00e9 la viande pour ensuite s\u2019occuper de sa cuisson tandis que M. Jean-S\u00e9bastien Gascon, responsable du programme B\u0153uf Qu\u00e9bec, \u00e9tait pr\u00e9sent pour r\u00e9pondre aux questions du public en compagnie des administrateurs. Plus de mille portions ont \u00e9t\u00e9 servies!&nbsp;<\/p>\n<p style=\"text-align: justify;\"><a href=\"https:\/\/bovin.qc.ca\/infolettre-la-minute-bovine-septembre-2017\/#haut_de_page\">Retour en haut<\/a>&nbsp;&nbsp;<\/p>\n","protected":false},"excerpt":{"rendered":"<p>Infolettre : La minute bovine \u2013 Septembre 2017 NOUVEAUX EMPLOY\u00c9S ET NOMINATIONS AUX PBQ NOMINATION DE CLAUDE VIEL \u00c0 LA FADQ PROGRAMME D\u2019\u00c9CHANGE DES IDENTIFIANTS UNE PAGE FACEBOOK POUR LES PRODUCTEURS DE VEAUX D\u2019EMBOUCHE DU QU\u00c9BEC CONGR\u00c8S B\u0152UF DU CRAAQ \u2013 VENDREDI 6 OCTOBRE SI\u00c8GES POUR LA REL\u00c8VE EN PRODUCTION BOVINE LES PRODUCTEURS DE BOVINS [&#8230;]<\/p>\n","protected":false},"author":6,"featured_media":0,"parent":0,"menu_order":0,"comment_status":"closed","ping_status":"closed","template":"","meta":{"ngg_post_thumbnail":0,"footnotes":""},"class_list":["post-4262","page","type-page","status-publish","hentry"],"_links":{"self":[{"href":"https:\/\/bovin.qc.ca\/en\/wp-json\/wp\/v2\/pages\/4262","targetHints":{"allow":["GET"]}}],"collection":[{"href":"https:\/\/bovin.qc.ca\/en\/wp-json\/wp\/v2\/pages"}],"about":[{"href":"https:\/\/bovin.qc.ca\/en\/wp-json\/wp\/v2\/types\/page"}],"author":[{"embeddable":true,"href":"https:\/\/bovin.qc.ca\/en\/wp-json\/wp\/v2\/users\/6"}],"replies":[{"embeddable":true,"href":"https:\/\/bovin.qc.ca\/en\/wp-json\/wp\/v2\/comments?post=4262"}],"version-history":[{"count":1,"href":"https:\/\/bovin.qc.ca\/en\/wp-json\/wp\/v2\/pages\/4262\/revisions"}],"predecessor-version":[{"id":4725,"href":"https:\/\/bovin.qc.ca\/en\/wp-json\/wp\/v2\/pages\/4262\/revisions\/4725"}],"wp:attachment":[{"href":"https:\/\/bovin.qc.ca\/en\/wp-json\/wp\/v2\/media?parent=4262"}],"curies":[{"name":"wp","href":"https:\/\/api.w.org\/{rel}","templated":true}]}}