{"id":3782,"date":"2017-06-25T12:20:00","date_gmt":"2017-06-25T16:20:00","guid":{"rendered":"https:\/\/bovin.qc.ca\/infolettre-la-minute-bovine-juin-2017\/"},"modified":"2018-01-29T22:27:18","modified_gmt":"2018-01-30T03:27:18","slug":"infolettre-la-minute-bovine-juin-2017","status":"publish","type":"page","link":"https:\/\/bovin.qc.ca\/en\/infolettre-la-minute-bovine-juin-2017\/","title":{"rendered":"Infolettre : La minute bovine &#8211; Juin 2017"},"content":{"rendered":"<div class=\"newsletter_subscription_box\"><a class=\"newsletter_subscription_link\" href=\"https:\/\/bovin.qc.ca\/abonnement\/\"><div class=\"left_side\"><img decoding=\"async\" src=\"https:\/\/bovin.qc.ca\/wp-content\/themes\/bovins\/images\/infolettre_icon.png\" class=\"newsletter_icon\" \/><\/div><div class=\"right_side\"><p class=\"newsletter_sub_text\">Vous n'\u00eates pas abonn\u00e9 \u00e0 notre infolettre?<br \/>Cliquez ici.<\/p><\/div><div style=\"clear:both;\"><\/div><\/a><\/div>\n<h1 style=\"font-size: 32px; margin-top: 24px;\"><a id=\"haut_de_page\"><\/a>Infolettre : La minute bovine \u2013 Juin 2017<\/h1>\n<ul>\n<li><a href=\"https:\/\/bovin.qc.ca\/infolettre-la-minute-bovine-juin-2017\/#symposium\">SYMPOSIUM INTERNATIONAL DE LA FILI\u00c8RE VEAU<\/a><\/li>\n<li><a href=\"https:\/\/bovin.qc.ca\/infolettre-la-minute-bovine-juin-2017\/#programme\">PROGRAMME D&#8217;\u00c9CHANGE DES IDENTIFIANTS<\/a><\/li>\n<li><a href=\"https:\/\/bovin.qc.ca\/infolettre-la-minute-bovine-juin-2017\/#avis\">AVIS IMPORTANT DE L\u2019ACIA<\/a><\/li>\n<li><a href=\"https:\/\/bovin.qc.ca\/infolettre-la-minute-bovine-juin-2017\/#brochure\">PROGRAMME DE PAIEMENTS ANTICIP\u00c9S (PPA)<\/a><\/li>\n<li><a href=\"https:\/\/bovin.qc.ca\/infolettre-la-minute-bovine-juin-2017\/#premier\">PREMIER PRODUCTEUR VACHE-VEAU VBP+<\/a><\/li>\n<li><a href=\"https:\/\/bovin.qc.ca\/infolettre-la-minute-bovine-juin-2017\/#nouveau\">NOUVEAU DIRECTEUR G\u00c9N\u00c9RAL AU CDPQ<\/a><\/li>\n<li><a href=\"https:\/\/bovin.qc.ca\/infolettre-la-minute-bovine-juin-2017\/#pour\">ENTREPRISES AGRICOLES TOUCH\u00c9ES PAR LES INONDATIONS PRINTANI\u00c8RES<\/a><\/li>\n<li><a href=\"https:\/\/bovin.qc.ca\/infolettre-la-minute-bovine-juin-2017\/#nouvelle\">NOUVELLE CAMPAGNE DE VALORISATION DE L\u2019UPA<\/a><\/li>\n<li><a href=\"https:\/\/bovin.qc.ca\/infolettre-la-minute-bovine-juin-2017\/#concours\">CONCOURS &#8211; LA FAMILLE AGRICOLE DE L\u2019ANN\u00c9E<\/a><\/li>\n<\/ul>\n<p><strong><a id=\"symposium\"><\/a>SYMPOSIUM INTERNATIONAL DE LA FILI\u00c8RE VEAU<\/strong><\/p>\n<p style=\"text-align: justify;\">En avril dernier, une dizaine de repr\u00e9sentants des PBQ ont particip\u00e9 au Symposium international de la fili\u00e8re veau en France. Cet \u00e9v\u00e9nement r\u00e9unissait tous les acteurs du veau \u00e0 l\u2019\u00e9chelle internationale, sachant toutefois que l\u2019Europe et l\u2019Am\u00e9rique du Nord regroupent la quasi-totalit\u00e9 de la production mondiale de veau.<\/p>\n<p style=\"text-align: justify;\">Une conclusion s\u2019impose \u00e0 la sortie du symposium : la production qu\u00e9b\u00e9coise de veau est aussi comp\u00e9titive que la production europ\u00e9enne, \u00e0 condition de <img loading=\"lazy\" decoding=\"async\" class=\"wp-image-3772  alignleft\" src=\"https:\/\/bovin.qc.ca\/wp-content\/uploads\/2017\/06\/6eme_symposium_international_filiere_veau.jpg\" alt=\"\" width=\"372\" height=\"178\">disposer des m\u00eames outils. Ainsi, la d\u00e9l\u00e9gation qu\u00e9b\u00e9coise a pu constater sur place que le producteur de veau europ\u00e9en dispose de divers outils (m\u00e9dicaments et antibiotiques) ou de diverses subventions relativement, entre autres, au chauffage, au bien-\u00eatre animal et \u00e0 la s\u00e9curit\u00e9 du revenu pour abaisser ses co\u00fbts de production. Enfin, la qualit\u00e9 des veaux laitiers, principal intrant de la production de veau, est mieux encadr\u00e9e. On pense notamment \u00e0 la r\u00e9glementation europ\u00e9enne qui interdit le transport des animaux de moins de 14 jours, sans compter qu\u2019il y a une suroffre de veaux laitiers en Europe, ce qui favorise le producteur de veau. Ce sont donc trois avantages concurrentiels dont disposent les producteurs de veau europ\u00e9ens. Il revient au pouvoir du public qu\u00e9b\u00e9cois et canadien de mettre \u00e0 la disposition des producteurs de veau qu\u00e9b\u00e9cois les m\u00eames outils en l\u00e9gif\u00e9rant notamment sur la r\u00e9ciprocit\u00e9 des normes.<\/p>\n<p style=\"text-align: justify;\">Bien que l\u2019Am\u00e9rique du Nord demeure un joueur mineur par rapport \u00e0 l\u2019Europe (il se produit dix fois plus de veau en Europe)<img loading=\"lazy\" decoding=\"async\" class=\"wp-image-3769 alignright\" src=\"https:\/\/bovin.qc.ca\/wp-content\/uploads\/2017\/06\/Symposium-veau.jpg\" alt=\"\" width=\"237\" height=\"116\">, la qualit\u00e9 du veau de lait et du veau de grain qu\u00e9b\u00e9cois se d\u00e9marque du veau europ\u00e9en. La d\u00e9finition d\u2019un veau qu\u00e9b\u00e9cois est ax\u00e9e sur le poids et selon un&nbsp;cahier&nbsp;des charges. En Europe, tout veau \u00e2g\u00e9 de moins de 8 mois est vendu sous l\u2019appellation veau. On retrouve donc sur les tablettes europ\u00e9ennes une diversit\u00e9 de veau qui ne garantit en rien sa qualit\u00e9, contrairement au Qu\u00e9bec.<\/p>\n<p style=\"text-align: justify;\">Dans ce contexte, la production qu\u00e9b\u00e9coise de veau peut se vanter d\u2019offrir un produit de grande qualit\u00e9 \u00e0 un prix comp\u00e9titif \u00e0 condition de disposer des m\u00eames outils que ses comp\u00e9titeurs europ\u00e9ens.<\/p>\n<p style=\"text-align: justify;\"><a href=\"https:\/\/bovin.qc.ca\/infolettre-la-minute-bovine-juin-2017\/#haut_de_page\">Retour en haut<\/a><\/p>\n<hr>\n<p style=\"text-align: justify;\"><strong><a id=\"programme\"><\/a>PROGRAMME D\u2019\u00c9CHANGE DES IDENTIFIANTS :&nbsp;<\/strong><strong>Au tour de la Gasp\u00e9sie et du Bas-Saint-Laurent <\/strong><\/p>\n<p><img loading=\"lazy\" decoding=\"async\" class=\"wp-image-3768 alignleft\" src=\"https:\/\/bovin.qc.ca\/wp-content\/uploads\/2017\/06\/Rocher-perce.jpg\" alt=\"\" width=\"246\" height=\"185\"><\/p>\n<p style=\"text-align: justify;\">Les 10 et 17 mai dernier, Allflex effectuait l\u2019envoi des enveloppes contenant la liste des identifiants de mod\u00e8le REG admissibles \u00e0 un \u00e9change \u00e0 environ 760 producteurs de la Gasp\u00e9sie et du Bas-Saint-Laurent. Il faut rappeler que le programme a pour but d\u2019\u00e9changer les identifiants de mod\u00e8le REG pour l\u2019Ultraflex. L\u2019Ultraflex d\u00e9montre un taux de r\u00e9tention sup\u00e9rieur. Certaines fermes, ayant des volumes d\u2019identifiants REG \u00e0 \u00e9changer plus importants, recevront la visite d\u2019agents d\u00e9di\u00e9s au programme. Les visites ont pour but de proc\u00e9der \u00e0 l\u2019\u00e9change, mais aussi de v\u00e9rifier le mat\u00e9riel d\u2019identification, de sensibiliser les utilisateurs aux bonnes pratiques d\u2019identification et de colliger les commentaires d\u2019am\u00e9lioration des identifiants et du syst\u00e8me de tra\u00e7abilit\u00e9.<\/p>\n<p style=\"text-align: justify;\">Nous encourageons les producteurs admissibles \u00e0 participer au programme d\u2019\u00e9change puisqu\u2019il est gratuit. Chaque identifiant doit \u00eatre neuf, non pos\u00e9 et doit avoir ses quatre morceaux pour \u00eatre \u00e9changeable.<\/p>\n<p style=\"text-align: justify;\">Ce projet a \u00e9t\u00e9 r\u00e9alis\u00e9 gr\u00e2ce \u00e0 une aide financi\u00e8re du Programme de d\u00e9veloppement sectoriel, issu de l\u2019accord du cadre Cultivons l\u2019avenir 2 conclu entre le minist\u00e8re de l\u2019Agriculture, des P\u00eacheries et de l\u2019Alimentation du Qu\u00e9bec et Agriculture et Agroalimentaire Canada.<\/p>\n<p><a href=\"https:\/\/bovin.qc.ca\/infolettre-la-minute-bovine-juin-2017\/#haut_de_page\">Retour en haut<\/a><\/p>\n<hr>\n<p><strong><a id=\"avis\"><\/a>AVIS IMPORTANT DE L\u2019ACIA<\/strong><\/p>\n<p style=\"text-align: justify;\">R\u00e9cemment, l\u2019Agence canadienne d\u2019inspection des aliments (ACIA) nous a avis\u00e9s qu\u2019un nombre important de bovins re\u00e7us dans les parcs de rassemblement (encans) ne portaient pas d\u2019identifiants approuv\u00e9s dans le cadre du programme national d\u2019identification et de tra\u00e7abilit\u00e9 des animaux d\u2019\u00e9levage. L\u2019ACIA examinera si le nombre d\u2019inspections et d\u2019actions de la mise en application des exigences r\u00e8glementaires dans les parcs de rassemblement (encans) devraient \u00eatre<img loading=\"lazy\" decoding=\"async\" class=\" wp-image-3757 alignright\" src=\"https:\/\/bovin.qc.ca\/wp-content\/uploads\/2017\/06\/Logo-ACIA.jpg\" alt=\"\" width=\"190\" height=\"108\"> augment\u00e9s pour rem\u00e9dier \u00e0 la situation.<\/p>\n<p style=\"text-align: justify;\">De plus, le R\u00e8glement sur l\u2019identification et la tra\u00e7abilit\u00e9 de certains animaux du minist\u00e8re de l\u2019Agriculture, des P\u00eacheries et de l\u2019Alimentation du Qu\u00e9bec (MAPAQ) pr\u00e9voit que tout propri\u00e9taire, gardien ou importateur d\u2019animaux doit les identifier ou les faire identifier et les maintenir identifi\u00e9s. Veuillez donc vous assurer que vos bovins sont correctement identifi\u00e9s en tout temps afin d\u2019\u00e9viter des p\u00e9nalit\u00e9s.<\/p>\n<p style=\"text-align: justify;\"><a href=\"https:\/\/bovin.qc.ca\/infolettre-la-minute-bovine-juin-2017\/#haut_de_page\">Retour en haut<\/a><\/p>\n<hr>\n<p><strong><a id=\"brochure\"><\/a>PROGRAMME DE PAIEMENTS ANTICIP\u00c9S (PPA)<\/strong><\/p>\n<p style=\"text-align: justify;\"><img loading=\"lazy\" decoding=\"async\" class=\"wp-image-3764 alignleft\" src=\"https:\/\/bovin.qc.ca\/wp-content\/uploads\/2017\/06\/Page-couverture-brochure-PPA.bmp\" alt=\"\" width=\"119\" height=\"179\">La brochure du PPA s\u2019est refait une beaut\u00e9! Mais, premi\u00e8rement, qu\u2019est-ce que le PPA ? Il s\u2019agit du <a href=\"https:\/\/bovin.qc.ca\/nos-grands-dossiers\/1632-2\/gestion-des-risques-financiers\/ppa\/\">programme de paiements anticip\u00e9s<\/a> ou plus simplement d\u2019un pr\u00eat. Comme producteur, saviez-vous que vous pourriez recevoir un pr\u00eat pouvant aller jusqu\u2019\u00e0 400&nbsp;000&nbsp;$*, dont 100&nbsp;000&nbsp;$ sans int\u00e9r\u00eat et 300&nbsp;000&nbsp;$ au taux pr\u00e9f\u00e9rentiel moins 0,25&nbsp;%.&nbsp;*Maximum par entreprise.<\/p>\n<p style=\"text-align: left;\">Le PPA c\u2019est rentable ! Pour y adh\u00e9rer ou pour plus d\u2019information&nbsp;: 450 679-0540, poste 8994.<\/p>\n<p style=\"text-align: justify;\">T\u00e9l\u00e9chargez la <a href=\"https:\/\/bovin.qc.ca\/wp-content\/uploads\/2017\/05\/PPA_Bovins-Fr2017_Web.pdf\">nouvelle brochure<\/a> et le <a href=\"https:\/\/bovin.qc.ca\/wp-content\/uploads\/2017\/05\/ppa_formulaires_francais.pdf\">formulaire<\/a>&nbsp;d\u00e8s maintenant !<\/p>\n<p style=\"text-align: justify;\"><a href=\"https:\/\/bovin.qc.ca\/infolettre-la-minute-bovine-juin-2017\/#haut_de_page\">Retour en haut<\/a><\/p>\n<hr>\n<p><strong><a id=\"premier\"><\/a>PREMIER PRODUCTEUR VACHE-VEAU VBP+<\/strong><\/p>\n<p style=\"text-align: justify;\">Un premier producteur vache-veau du Qu\u00e9bec devient VBP+. La ferme CGR Murray inc. \u00e0 Laterri\u00e8re au Saguenay-Lac-Saint-Jean a re\u00e7u <img loading=\"lazy\" decoding=\"async\" class=\"wp-image-3588 alignright\" src=\"https:\/\/bovin.qc.ca\/wp-content\/uploads\/2017\/05\/Logo-VBP.png\" alt=\"\" width=\"149\" height=\"133\" srcset=\"https:\/\/bovin.qc.ca\/wp-content\/uploads\/2017\/05\/Logo-VBP.png 218w, https:\/\/bovin.qc.ca\/wp-content\/uploads\/2017\/05\/Logo-VBP-143x128.png 143w\" sizes=\"auto, (max-width: 149px) 100vw, 149px\" \/>son certificat de conformit\u00e9 du programme VBP+ le 17 mai dernier. M. Murray avait volontairement particip\u00e9 au projet-pilote de la Table ronde sur le b\u0153uf durable en recevant un auditeur sur sa ferme le 2 mai dernier. Les r\u00e9sultats de cet exercice ont \u00e9t\u00e9 pris en compte pour l\u2019analyse du statut de conformit\u00e9 de sa ferme&nbsp;au programme VBP+. \u00ab J\u2019ai ajout\u00e9 la colonne p\u00e9riode de retrait \u00e0 mes registres et fait mon auto-\u00e9valuation pour r\u00e9pondre aux exigences qui manquaient sur ma ferme, le reste, je le faisais d\u00e9j\u00e0 \u00bb affirme M. Murray.<\/p>\n<p style=\"text-align: justify;\">Rappelons que VBP+ est un programme canadien qui touche les pratiques de gestion \u00e0 la ferme en regard de la salubrit\u00e9 des aliments, la bios\u00e9curit\u00e9, le bien-\u00eatre animal et la gestion respectueuse de l\u2019environnement. Le producteur doit mettre en place les pratiques de gestion et les registres exig\u00e9s par le programme. Un auditeur externe v\u00e9rifie sur place la conformit\u00e9 de chaque ferme.<\/p>\n<p style=\"text-align: justify;\">Visitez le nouveau site Internet de VBP+ en <a href=\"http:\/\/verifiedbeefproductionplus.ca\/\">cliquant ici<\/a>.<\/p>\n<p style=\"text-align: justify;\"><a href=\"https:\/\/bovin.qc.ca\/infolettre-la-minute-bovine-juin-2017\/#haut_de_page\">Retour en haut<\/a><\/p>\n<hr>\n<p><strong><a id=\"nouveau\"><\/a>NOUVEAU DIRECTEUR G\u00c9N\u00c9RAL AU CDPQ<\/strong><\/p>\n<p style=\"text-align: justify;\"><img loading=\"lazy\" decoding=\"async\" class=\" wp-image-3756 alignleft\" src=\"https:\/\/bovin.qc.ca\/wp-content\/uploads\/2017\/06\/Jacques-Faucher.jpg\" alt=\"\" width=\"148\" height=\"148\">C\u2019est avec plaisir que nous vous annon\u00e7ons la nomination de M. Jacques Faucher \u00e0 titre de directeur g\u00e9n\u00e9ral du Centre de d\u00e9veloppement du porc du Qu\u00e9bec inc. (CDPQ). M.&nbsp;Faucher d\u00e9tient une formation en administration des affaires de l\u2019Universit\u00e9 Laval et poss\u00e8de \u00e0 son actif une vingtaine d\u2019ann\u00e9es d\u2019exp\u00e9rience diversifi\u00e9e en gestion, soit dans le secteur agricole au sein de La Coop f\u00e9d\u00e9r\u00e9e et son r\u00e9seau (Covilac) et de Bunge du Canada lt\u00e9e, dans le secteur manufacturier (IPL &#8211; Stryker Medical) et le secteur financier (Desjardins).<\/p>\n<p style=\"text-align: justify;\">Nous sommes fiers d\u2019accueillir M. Faucher dans notre \u00e9quipe. Choisi pour ses grandes qualit\u00e9s de gestionnaire, il sera en mesure de relever les nombreux d\u00e9fis \u00e0 venir. Nous tenons \u00e0 lui assurer notre soutien dans ses nouvelles fonctions.<\/p>\n<p style=\"text-align: right;\">&#8211; Normand Martineau, pr\u00e9sident du CDPQ<\/p>\n<p style=\"text-align: justify;\"><a href=\"https:\/\/bovin.qc.ca\/infolettre-la-minute-bovine-juin-2017\/#haut_de_page\">Retour en haut<\/a><\/p>\n<hr>\n<p style=\"text-align: left;\"><strong><a id=\"pour\"><\/a>CR\u00c9ATION D\u2019UN GUICHET UNIQUE POUR LES ENTREPRISES AGRICOLES TOUCH\u00c9ES PAR LES INONDATIONS&nbsp;PRINTANI\u00c8RES<\/strong><\/p>\n<p style=\"text-align: justify;\">Vous \u00eates touch\u00e9s par les inondations r\u00e9centes? Sachez que le MAPAQ, La Financi\u00e8re agricole du Qu\u00e9bec (FADQ) et le <img loading=\"lazy\" decoding=\"async\" class=\" wp-image-3755 alignright\" src=\"https:\/\/bovin.qc.ca\/wp-content\/uploads\/2017\/06\/Infographie_inondations2.jpg\" alt=\"\" width=\"214\" height=\"120\">minist\u00e8re de la S\u00e9curit\u00e9 publique (MSP) mettent tout en \u0153uvre pour vous offrir un support ad\u00e9quat qui s\u2019applique \u00e0 votre situation. Le MAPAQ, la FADQ et le MSP&nbsp;ont cr\u00e9\u00e9 un guichet unique permettant de simplifier votre d\u00e9marche d\u2019indemnisation et de favoriser la reprise rapide de vos activit\u00e9s. Vous \u00eates donc invit\u00e9s \u00e0 communiquer d\u00e8s maintenant avec la FADQ au num\u00e9ro sans frais&nbsp;<a href=\"tel:1%C2%A0800%C2%A0749-3646\">1&nbsp;800&nbsp;749-3646<\/a>. Lorsque requis, celle-ci assurera le suivi de votre dossier aupr\u00e8s du MAPAQ et du MSP.&nbsp;<\/p>\n<p style=\"text-align: justify;\">La crue printani\u00e8re de cette ann\u00e9e touche six r\u00e9gions agricoles&nbsp;: Lanaudi\u00e8re, Centre-du-Qu\u00e9bec, Mauricie, Mont\u00e9r\u00e9gie, Outaouais et Laurentides. Les \u00e9valuations pr\u00e9liminaires indiquent que quelque 800&nbsp;producteurs agricoles, exploitant des superficies de pr\u00e8s de 10&nbsp;000&nbsp;hectares, ont \u00e9t\u00e9 frapp\u00e9s par ces inondations exceptionnelles.<\/p>\n<p style=\"text-align: justify;\">Pour plus d\u2019information, visitez le site Internet du MAPAQ en <a href=\"http:\/\/www.mapaq.gouv.qc.ca\/inondations2017\">cliquant ici<\/a>.<\/p>\n<p style=\"text-align: justify;\"><a href=\"https:\/\/bovin.qc.ca\/infolettre-la-minute-bovine-juin-2017\/#haut_de_page\">Retour en haut<\/a><\/p>\n<hr>\n<p><strong><a id=\"nouvelle\"><\/a>NOUVELLE CAMPAGNE DE VALORISATION DE L\u2019UPA<\/strong><\/p>\n<p style=\"text-align: justify;\"><img loading=\"lazy\" decoding=\"async\" class=\" wp-image-3766 alignleft\" src=\"https:\/\/bovin.qc.ca\/wp-content\/uploads\/2017\/06\/PublicationGrillade-FBTwitter.jpg\" alt=\"\" width=\"195\" height=\"110\">C\u2019est le 15 mai dernier qu\u2019a \u00e9t\u00e9 lanc\u00e9e la nouvelle campagne d\u2019affichage de l\u2019Union, qui vise \u00e0 valoriser notre agriculture et la profession agricole. Cette campagne, qui prend la forme de panneaux aux abords des routes, fait suite \u00e0 la publicit\u00e9 t\u00e9l\u00e9visuelle de l\u2019Union Pouvoir nourrir, pouvoir grandir, diffus\u00e9e sur les ondes de Radio-Canada. Elle se d\u00e9clinera ensuite sous diff\u00e9rentes formes tout au long de l\u2019ann\u00e9e, dont de l\u2019affichage dans les fermes d\u00e8s le mois de juin.<\/p>\n<p style=\"text-align: justify;\">Sous le th\u00e8me \u00ab&nbsp;<strong>On fait tous partie de la recette<\/strong>&nbsp;\u00bb, la campagne a pour but de rappeler aux consommateurs l\u2019importance de l\u2019agriculture et des producteurs d\u2019ici. Pour la majorit\u00e9 des Qu\u00e9b\u00e9cois, le travail et le quotidien des agriculteurs peuvent \u00eatre abstraits.<\/p>\n<p style=\"text-align: justify;\">La campagne d\u00e9montre que ce qui unit les producteurs et les consommateurs s\u2019articule autour du concret, soit les produits achet\u00e9s, cuisin\u00e9s, puis servis dans l\u2019assiette. Elle met de l\u2019avant la fiert\u00e9 des producteurs d\u2019offrir aux consommateurs des produits de qualit\u00e9, dignes de chez nous. Le fruit du travail<img loading=\"lazy\" decoding=\"async\" class=\" wp-image-3767 alignright\" src=\"https:\/\/bovin.qc.ca\/wp-content\/uploads\/2017\/06\/PublicationOeuf-FBTwitter.jpg\" alt=\"\" width=\"202\" height=\"114\"> de l\u2019agriculteur se retrouve dans les cuisines, les recettes et les repas du quotidien, mais \u00e9galement dans quelque chose d\u2019encore plus grand&nbsp;: le succ\u00e8s \u00e9conomique du Qu\u00e9bec. \u00cates-vous fiers de faire partie de la recette? Diff\u00e9rents outils de communication sont mis \u00e0 votre disposition afin de vous permettre d\u2019afficher vos couleurs et&nbsp;d\u2019appuyer le mouvement.<\/p>\n<p style=\"text-align: justify;\">T\u00e9l\u00e9chargez les visuels ainsi que les outils de communication ou visionnez les coulisses du tournage de la campagne en <a href=\"https:\/\/www.upa.qc.ca\/fr\/campagne-upa-on-fait-tous-partie-de-la-recette\/\">cliquant ici<\/a>.<\/p>\n<p style=\"text-align: justify;\"><a href=\"https:\/\/bovin.qc.ca\/infolettre-la-minute-bovine-juin-2017\/#haut_de_page\">Retour en haut<\/a><\/p>\n<hr>\n<p style=\"text-align: justify;\"><strong><a id=\"concours\"><\/a>CONCOURS &#8211; LA FAMILLE AGRICOLE DE L\u2019ANN\u00c9E<\/strong><\/p>\n<p style=\"text-align: justify;\"><a href=\"https:\/\/bovin.qc.ca\/wp-content\/uploads\/2017\/06\/FFT-WEB2017.jpg\"><img loading=\"lazy\" decoding=\"async\" class=\"alignleft wp-image-3753\" src=\"https:\/\/bovin.qc.ca\/wp-content\/uploads\/2017\/06\/FFT-WEB2017.jpg\" alt=\"\" width=\"481\" height=\"350\" srcset=\"https:\/\/bovin.qc.ca\/wp-content\/uploads\/2017\/06\/FFT-WEB2017.jpg 1475w, https:\/\/bovin.qc.ca\/wp-content\/uploads\/2017\/06\/FFT-WEB2017-300x218.jpg 300w, https:\/\/bovin.qc.ca\/wp-content\/uploads\/2017\/06\/FFT-WEB2017-176x128.jpg 176w\" sizes=\"auto, (max-width: 481px) 100vw, 481px\" \/><\/a><\/p>\n<p style=\"text-align: justify;\">&nbsp;<\/p>\n<p style=\"text-align: justify;\">&nbsp;<\/p>\n<p style=\"text-align: justify;\">&nbsp;<\/p>\n<p style=\"text-align: justify;\">&nbsp;<\/p>\n<p style=\"text-align: justify;\">&nbsp;<\/p>\n<p style=\"text-align: justify;\">&nbsp;<\/p>\n<p style=\"text-align: justify;\">&nbsp;<\/p>\n<p style=\"text-align: justify;\">&nbsp;<\/p>\n<p style=\"text-align: justify;\">&nbsp;<\/p>\n<p style=\"text-align: justify;\">&nbsp;<\/p>\n<p style=\"text-align: justify;\">&nbsp;<\/p>\n<p style=\"text-align: justify;\"><a href=\"https:\/\/bovin.qc.ca\/infolettre-la-minute-bovine-juin-2017\/#haut_de_page\">Retour en haut<\/a><\/p>\n<hr>\n<p style=\"text-align: justify;\"><strong>&nbsp;<\/strong><\/p>\n","protected":false},"excerpt":{"rendered":"<p>Infolettre : La minute bovine \u2013 Juin 2017 SYMPOSIUM INTERNATIONAL DE LA FILI\u00c8RE VEAU PROGRAMME D&#8217;\u00c9CHANGE DES IDENTIFIANTS AVIS IMPORTANT DE L\u2019ACIA PROGRAMME DE PAIEMENTS ANTICIP\u00c9S (PPA) PREMIER PRODUCTEUR VACHE-VEAU VBP+ NOUVEAU DIRECTEUR G\u00c9N\u00c9RAL AU CDPQ ENTREPRISES AGRICOLES TOUCH\u00c9ES PAR LES INONDATIONS PRINTANI\u00c8RES NOUVELLE CAMPAGNE DE VALORISATION DE L\u2019UPA CONCOURS &#8211; LA FAMILLE AGRICOLE DE [&#8230;]<\/p>\n","protected":false},"author":6,"featured_media":0,"parent":0,"menu_order":0,"comment_status":"closed","ping_status":"closed","template":"","meta":{"ngg_post_thumbnail":0,"footnotes":""},"class_list":["post-3782","page","type-page","status-publish","hentry"],"_links":{"self":[{"href":"https:\/\/bovin.qc.ca\/en\/wp-json\/wp\/v2\/pages\/3782","targetHints":{"allow":["GET"]}}],"collection":[{"href":"https:\/\/bovin.qc.ca\/en\/wp-json\/wp\/v2\/pages"}],"about":[{"href":"https:\/\/bovin.qc.ca\/en\/wp-json\/wp\/v2\/types\/page"}],"author":[{"embeddable":true,"href":"https:\/\/bovin.qc.ca\/en\/wp-json\/wp\/v2\/users\/6"}],"replies":[{"embeddable":true,"href":"https:\/\/bovin.qc.ca\/en\/wp-json\/wp\/v2\/comments?post=3782"}],"version-history":[{"count":2,"href":"https:\/\/bovin.qc.ca\/en\/wp-json\/wp\/v2\/pages\/3782\/revisions"}],"predecessor-version":[{"id":4727,"href":"https:\/\/bovin.qc.ca\/en\/wp-json\/wp\/v2\/pages\/3782\/revisions\/4727"}],"wp:attachment":[{"href":"https:\/\/bovin.qc.ca\/en\/wp-json\/wp\/v2\/media?parent=3782"}],"curies":[{"name":"wp","href":"https:\/\/api.w.org\/{rel}","templated":true}]}}