{"id":3630,"date":"2017-05-31T21:10:28","date_gmt":"2017-06-01T01:10:28","guid":{"rendered":"https:\/\/bovin.qc.ca\/infolettre-la-minute-bovine-mars-2017\/"},"modified":"2018-01-29T22:28:20","modified_gmt":"2018-01-30T03:28:20","slug":"infolettre-la-minute-bovine-mars-2017","status":"publish","type":"page","link":"https:\/\/bovin.qc.ca\/en\/infolettre-la-minute-bovine-mars-2017\/","title":{"rendered":"Infolettre : La minute bovine \u2013 Mars 2017"},"content":{"rendered":"<div class=\"newsletter_subscription_box\"><a class=\"newsletter_subscription_link\" href=\"https:\/\/bovin.qc.ca\/abonnement\/\"><div class=\"left_side\"><img decoding=\"async\" src=\"https:\/\/bovin.qc.ca\/wp-content\/themes\/bovins\/images\/infolettre_icon.png\" class=\"newsletter_icon\" \/><\/div><div class=\"right_side\"><p class=\"newsletter_sub_text\">Vous n'\u00eates pas abonn\u00e9 \u00e0 notre infolettre?<br \/>Cliquez ici.<\/p><\/div><div style=\"clear:both;\"><\/div><\/a><\/div>\n<h1 style=\"font-size: 32px; margin-top: 24px;\"><a id=\"haut_de_page\"><\/a>Infolettre : La minute bovine \u2013&nbsp;Mars 2017<\/h1>\n<ul>\n<li><a href=\"https:\/\/bovin.qc.ca\/infolettre-la-minute-bovine-mars-2017\/#boeuf\">BOEUF QU\u00c9BEC<\/a><\/li>\n<li><a href=\"https:\/\/bovin.qc.ca\/infolettre-la-minute-bovine-mars-2017\/#assembl\u00e9e\">ASSEMBL\u00c9E G\u00c9N\u00c9RALE ANNUELLE DES PRODUCTEURS DE BOVINS DU QU\u00c9BEC<\/a><\/li>\n<li><a href=\"https:\/\/bovin.qc.ca\/infolettre-la-minute-bovine-mars-2017\/#programme\">PROGRAMME D&#8217;\u00c9CHANGE ALLFLEX, C&#8217;EST PARTI !<\/a><\/li>\n<li><a href=\"https:\/\/bovin.qc.ca\/infolettre-la-minute-bovine-mars-2017\/#bilan\">BILAN DES ASSEMBL\u00c9ES G\u00c9N\u00c9RALES ANNUELLES DES SYNDICATS R\u00c9GIONAUX<\/a><\/li>\n<li><a href=\"https:\/\/bovin.qc.ca\/infolettre-la-minute-bovine-mars-2017\/#nouveau\">UN NOUVEAU LOOK POUR LE PPA<\/a><\/li>\n<li><a href=\"https:\/\/bovin.qc.ca\/infolettre-la-minute-bovine-mars-2017\/#guide\">GUIDE SUR LA CONTRACTUALISATION<\/a><\/li>\n<li><a href=\"https:\/\/bovin.qc.ca\/infolettre-la-minute-bovine-mars-2017\/#vgqc\">VGQC&nbsp;: PREMIERS AUDITS EXTERNES<\/a><\/li>\n<li><a href=\"https:\/\/bovin.qc.ca\/infolettre-la-minute-bovine-mars-2017\/#r\u00e8gles\">LES R\u00c8GLES SUR LE TRANSPORT DES ANIMAUX POURRAIENT CHANGER<\/a><\/li>\n<li><a href=\"https:\/\/bovin.qc.ca\/infolettre-la-minute-bovine-mars-2017\/#code\">NOUVEAU CODE VEAU&nbsp;: LES PRODUCTEURS DONNENT LEUR AVIS<\/a><\/li>\n<li><a href=\"https:\/\/bovin.qc.ca\/infolettre-la-minute-bovine-mars-2017\/#u+\">U+<\/a><\/li>\n<\/ul>\n<p>\n <a id=\"boeuf\"><\/a><\/p>\n<p><strong>BOEUF QU\u00c9BEC<\/strong><\/p>\n<p style=\"text-align: justify;\">Depuis plusieurs ann\u00e9es, les PBQ r\u00eavent d\u2019offrir au consommateur qu\u00e9b\u00e9cois un steak de b\u0153uf clairement identifi\u00e9. C\u2019est maintenant chose faite. Ce steak s\u2019appelle B\u0153uf Qu\u00e9bec et porte un logo distinctif. B\u0153uf Qu\u00e9bec, c\u2019est bien plus qu\u2019un logo ou une marque. C\u2019est un engagement. Un engagement envers le consommateur afin que celui-ci puisse acheter ou co<img loading=\"lazy\" decoding=\"async\" class=\" wp-image-3603 alignleft\" src=\"https:\/\/bovin.qc.ca\/wp-content\/uploads\/2017\/05\/Logo-Boeuf-QC-SPEQ_slider-430x272-300x190.jpg\" alt=\"\" width=\"245\" height=\"155\">mmander une viande de b\u0153uf d\u2019ici et de qualit\u00e9. Les PBQ sont fiers de s\u2019associer \u00e0 la campagne \u00ab&nbsp;Partenaires B\u0153uf Qu\u00e9bec&nbsp;\u00bb, la plus importante d\u00e9marche fili\u00e8re apportant le b\u0153uf \u00e9lev\u00e9 au Qu\u00e9bec dans l\u2019assiette des consommateurs. L\u2019int\u00e9r\u00eat vient \u00e9galement des abattoirs, des distributeurs et des restaurateurs. Les producteurs de veaux poss\u00e8dent d\u00e9j\u00e0 deux marques pour arriver \u00e0 informer le consommateur, soit Veau de lait du Qu\u00e9bec et Veau de grain du Qu\u00e9bec certifi\u00e9. Ces m\u00eames producteurs de veaux investissent pr\u00e8s de 1&nbsp;M$ par ann\u00e9e pour promouvoir leur produit. Et \u00e7a rapporte, puisque la consommation de veau au Qu\u00e9bec est largement sup\u00e9rieure \u00e0 celle du reste de l\u2019Am\u00e9rique. Depuis le 28 f\u00e9vrier, 200 bouvillons par semaine sont mis en march\u00e9 en tant que B\u0153uf Qu\u00e9bec. S\u2019ajoute \u00e0 cette collaboration la cha\u00eene de restauration La Cage \u2013 Brasserie Sportive, qui offre depuis le 20 mars, un B\u0153uf 100&nbsp;% Qu\u00e9bec pour l\u2019ensemble de ses produits.<\/p>\n<p style=\"text-align: justify;\">Les consommateurs pourront identifier le b\u0153uf du Qu\u00e9bec gr\u00e2ce \u00e0 un logo portant la mention \u00ab&nbsp;B\u0152UF QU\u00c9BEC&nbsp;\u00bb sch\u00e9matisant l\u2019animal avec du bleu marin. Le produit sera potentiellement disponible dans 850 points de vente r\u00e9partis dans plusieurs r\u00e9gions du Qu\u00e9bec. Nous invitons donc les consommateurs \u00e0 en faire la demande \u00e0 leur boucher. La production bovine est importante pour le d\u00e9veloppement \u00e9conomique et cette initiative suscite de l\u2019enthousiasme, car elle solidifie notre production. En achetant le b\u0153uf du Qu\u00e9bec, la population encouragera l\u2019\u00e9conomie, posera un geste responsable et profitera d\u2019une qualit\u00e9 de viande exceptionnelle. Les PBQ sont ravis des initiatives qui rendent accessible la viande bovine qu\u00e9b\u00e9coise au grand public. La Soci\u00e9t\u00e9 des parcs d\u2019engraissement du Qu\u00e9bec, Colabor (divisions Viandes Lauzon et Viandes D\u00e9carie), B\u0153uf Canada ainsi que Financement agricole Canada sont les autres organisations responsables du rayonnement de ce projet. Des acteurs de l\u2019industrie ont enfin concr\u00e9tis\u00e9 un partenariat qui permet au consommateur d\u2019acheter un steak de chez nous. Tout a \u00e9t\u00e9 mis en \u0153uvre pour que ce steak portant l\u2019appellation B\u0153uf Qu\u00e9bec voie enfin le jour.&nbsp;<\/p>\n<p><a href=\"https:\/\/bovin.qc.ca\/infolettre-la-minute-bovine-mars-2017\/#haut_de_page\">Retour en haut<\/a><\/p>\n<hr>\n<p style=\"text-align: justify;\">&nbsp;<a id=\"assembl\u00e9e\"><\/a><strong>ASSEMBL\u00c9E G\u00c9N\u00c9RALE ANNUELLE DES PRODUCTEURS DE BOVINS DU QU\u00c9BEC<\/strong><\/p>\n<p style=\"text-align: justify;\"><strong>Th\u00e8me&nbsp;:<\/strong> La production bovine qu\u00e9b\u00e9coise c\u2019est&nbsp;: une fili\u00e8re VEAU, une fili\u00e8re B\u0152UF.<\/p>\n<p style=\"text-align: justify;\"><strong>Dates \u00e0 mettre \u00e0 votre agenda&nbsp;: <\/strong>Les 5 et 6 avril, soyez des n\u00f4tres en assistant \u00e0 l\u2019assembl\u00e9e <img loading=\"lazy\" decoding=\"async\" class=\"wp-image-3604 alignleft\" src=\"https:\/\/bovin.qc.ca\/wp-content\/uploads\/2017\/05\/veau-boeuf-300x242.png\" alt=\"\" width=\"245\" height=\"198\">g\u00e9n\u00e9rale annuelle des producteurs de bovins du Qu\u00e9bec.<\/p>\n<p style=\"text-align: justify;\"><strong>Quand&nbsp;:<\/strong> Mercredi 5 et jeudi 6 avril 2017<\/p>\n<p style=\"text-align: justify;\"><strong>O\u00f9&nbsp;:<\/strong> H\u00f4tel Clarion de Qu\u00e9bec<\/p>\n<p style=\"text-align: justify;\">Participez \u00e0 la 35<sup>e<\/sup> \u00e9dition de l\u2019assembl\u00e9e g\u00e9n\u00e9rale annuelle des productrices et producteurs vis\u00e9s par le Plan conjoint des producteurs de bovins du Qu\u00e9bec. Nous vous attendons en grand nombre !<\/p>\n<p style=\"text-align: justify;\"><a href=\"https:\/\/bovin.qc.ca\/infolettre-la-minute-bovine-mars-2017\/#haut_de_page\">Retour en haut<\/a><\/p>\n<hr>\n<p style=\"text-align: justify;\"><a id=\"programme\"><\/a><strong>PROGRAMME D&#8217;\u00c9CHANGE ALLFLEX &#8211; C&#8217;EST PARTI !<\/strong><\/p>\n<p style=\"text-align: justify;\"><img loading=\"lazy\" decoding=\"async\" class=\"size-full wp-image-3611 alignleft\" src=\"https:\/\/bovin.qc.ca\/wp-content\/uploads\/2017\/05\/Logo-Allflex.png\" alt=\"\" width=\"156\" height=\"90\">Le programme visant l\u2019\u00e9change des identifiants de mod\u00e8le REG, datant d\u2019avant 2011, pour l\u2019Ultraflex a d\u00e9but\u00e9 <img loading=\"lazy\" decoding=\"async\" class=\"wp-image-3610 alignright\" src=\"https:\/\/bovin.qc.ca\/wp-content\/uploads\/2017\/05\/Logo-Agri-Tra\u00e7a.png\" alt=\"\" width=\"158\" height=\"68\">le 7 mars dernier. En effet, les producteurs admissibles recevront une enveloppe par la poste ou seront contact\u00e9s par t\u00e9l\u00e9phone afin de proc\u00e9der \u00e0 l\u2019\u00e9change. Il est important de noter que pour effectuer l\u2019\u00e9change, l\u2019identifiant doit \u00eatre neuf, non pos\u00e9 et poss\u00e9der ses 4 morceaux. Le programme a d\u00e9but\u00e9 dans les r\u00e9gions Outaouais-Laurentides et Lanaudi\u00e8re et s\u2019\u00e9tendra \u00e0 l\u2019ensemble du Qu\u00e9bec durant l\u2019ann\u00e9e. Nous vous encourageons \u00e0 proc\u00e9der \u00e0 l\u2019\u00e9change m\u00eame si vous avez peu d\u2019identifiants puisque l\u2019Ultraflex a un taux de r\u00e9tention sup\u00e9rieure. Am\u00e9liorer la r\u00e9tention de vos identifiants en participant, c\u2019est gratuit !<\/p>\n<p><a href=\"https:\/\/bovin.qc.ca\/infolettre-la-minute-bovine-mars-2017\/#haut_de_page\">Retour en haut<\/a><\/p>\n<hr>\n<p style=\"text-align: justify;\"><a id=\"bilan\"><\/a><strong>BILAN DES ASSEMBL\u00c9ES G\u00c9N\u00c9RALES ANNUELLES DES SYNDICATS R\u00c9GIONAUX (AGR)<\/strong><\/p>\n<p style=\"text-align: justify;\">C\u2019est entr<img loading=\"lazy\" decoding=\"async\" class=\"wp-image-3609 alignleft\" src=\"https:\/\/bovin.qc.ca\/wp-content\/uploads\/2017\/05\/AGR-Visuel-183x300.png\" alt=\"\" width=\"130\" height=\"213\">e les 7 et 24 f\u00e9vrier dernier que se sont tenues les assembl\u00e9es g\u00e9n\u00e9rales annuelles des syndicats r\u00e9gionaux (AGR). En moins d\u2019un mois, ce sont 14 r\u00e9gions qui ont \u00e9t\u00e9 visit\u00e9es par Les Producteurs de bovins du Qu\u00e9bec (PBQ) afin de rencontrer les producteurs. Au terme de ces rencontres fort enrichissantes, plusieurs sujets ont \u00e9t\u00e9 abord\u00e9s. Des sujets d\u2019actualit\u00e9 tels que le bien-\u00eatre animal, la s\u00e9curit\u00e9 du revenu, l\u2019assurance stabilisation des revenus agricoles, la sant\u00e9 animale ou encore B\u0153uf Qu\u00e9bec ont \u00e9t\u00e9 au c\u0153ur des discussions. Les PBQ analyseront tous les dossiers afin de proposer les meilleures avenues. Les conf\u00e9rences ont \u00e9galement \u00e9t\u00e9 tr\u00e8s appr\u00e9ci\u00e9es. Enfin, malgr\u00e9 une participation que l\u2019on souhaiterait plus grande, les PBQ sont heureux de leur passage aux assembl\u00e9es, car cela a permis de pr\u00e9senter les dossiers sur lesquels ils travaillent au quotidien. Nous tenons d\u2019ailleurs \u00e0 remercier tous les producteurs qui y ont assist\u00e9 ainsi que toutes les personnes qui ont particip\u00e9 \u00e0 l\u2019organisation de ces assembl\u00e9es.<\/p>\n<p><a href=\"https:\/\/bovin.qc.ca\/infolettre-la-minute-bovine-mars-2017\/#haut_de_page\">Retour en haut<\/a><\/p>\n<hr>\n<p><strong><a id=\"nouveau\"><\/a>UN NOUVEAU LOOK POUR LE PPA<\/strong><\/p>\n<p style=\"text-align: justify;\">La brochure du PPA se refait une beaut\u00e9! Mais, premi\u00e8rement, qu\u2019est-ce que le PPA? Il s\u2019agit du programme <img loading=\"lazy\" decoding=\"async\" class=\"wp-image-3608 alignleft\" src=\"https:\/\/bovin.qc.ca\/wp-content\/uploads\/2017\/05\/Logo-PPA.jpg\" alt=\"\" width=\"143\" height=\"108\" srcset=\"https:\/\/bovin.qc.ca\/wp-content\/uploads\/2017\/05\/Logo-PPA.jpg 200w, https:\/\/bovin.qc.ca\/wp-content\/uploads\/2017\/05\/Logo-PPA-170x128.jpg 170w\" sizes=\"auto, (max-width: 143px) 100vw, 143px\" \/>de paiements anticip\u00e9s ou plus simplement d\u2019un pr\u00eat. Comme producteur, saviez-vous que vous pourriez recevoir un pr\u00eat pouvant aller jusqu\u2019\u00e0 400&nbsp;000&nbsp;$*, dont 100&nbsp;000&nbsp;$ sans int\u00e9r\u00eat et 300&nbsp;000&nbsp;$ au taux pr\u00e9f\u00e9rentiel moins 0,25&nbsp;%.<\/p>\n<p style=\"text-align: right;\"><em>*Maximum par entreprise<\/em><\/p>\n<p style=\"text-align: justify;\"><strong>Le PPA c\u2019est rentable !<\/strong><\/p>\n<p style=\"text-align: justify;\"><strong>Pour y adh\u00e9rer ou pour plus d\u2019information&nbsp;:<\/strong><\/p>\n<p style=\"text-align: justify;\">T\u00e9l\u00e9phone&nbsp;: 450 679-0540 poste 8994<\/p>\n<p style=\"text-align: justify;\">Vous recevrez la nouvelle brochure d\u2019information dans les prochaines semaines.<\/p>\n<p style=\"text-align: justify;\"><a href=\"https:\/\/bovin.qc.ca\/infolettre-la-minute-bovine-mars-2017\/#haut_de_page\">Retour en haut<\/a><\/p>\n<hr>\n<p style=\"text-align: justify;\">&nbsp;<a id=\"guide\"><\/a><strong>GUIDE SUR LA CONTRACTUALISATION<\/strong><\/p>\n<p style=\"text-align: justify;\">Depuis une vingtaine d\u2019ann\u00e9es, la contractualisation entre producteurs s\u2019observe dans plusieurs secteurs agricoles. Pr\u00e9occup\u00e9s par la progression de ce mod\u00e8le d\u2019affaires, les producteurs ont demand\u00e9 \u00e0 l\u2019Union d\u2019\u00e9tudier et de docu\u00admenter <img loading=\"lazy\" decoding=\"async\" class=\"size-full wp-image-3607 alignright\" src=\"https:\/\/bovin.qc.ca\/wp-content\/uploads\/2017\/05\/Logo-contractualisation.png\" alt=\"\" width=\"280\" height=\"65\">ce ph\u00e9nom\u00e8ne. Les travaux ont permis de d\u00e9montrer qu\u2019il existait diverses formes d\u2019int\u00e9gration et plusieurs types de contrats. Ce guide a donc \u00e9t\u00e9 \u00e9labor\u00e9 pour aider les producteurs \u00e0 faire des choix \u00e9clair\u00e9s lors des n\u00e9gociations de leur contrat et de bien en comprendre les enjeux. Il s\u2019adresse \u00e0 tout producteur agricole et forestier qui songe ou s\u2019appr\u00eate \u00e0 signer un contrat.<\/p>\n<p style=\"text-align: justify;\">Ils trouveront dans ce <a href=\"https:\/\/www.guide-contractualisation.upa.qc.ca\/\">document de r\u00e9f\u00e9rence<\/a> de l\u2019information utile pour les soutenir dans la pr\u00e9paration et la n\u00e9gociation. Ce guide, pour la pr\u00e9paration et la n\u00e9gociation d\u2019un contrat de production \u00e0 l\u2019intention des producteurs agricoles et forestiers, contient notamment&nbsp;:<\/p>\n<ul style=\"text-align: justify;\">\n<li>un <a href=\"https:\/\/www.guide-contractualisation.upa.qc.ca\/wp-content\/uploads\/2016\/11\/AIDE-MEMOIRE.pdf\">aide-m\u00e9moire<\/a> sur les principales questions \u00e0 se poser avant de signer un contrat;<\/li>\n<li>un <a href=\"https:\/\/www.guide-contractualisation.upa.qc.ca\/ressources\/\">index de ressources professionnelles<\/a> \u00e0 consulter au besoin;<\/li>\n<li><a href=\"https:\/\/www.guide-contractualisation.upa.qc.ca\/telechargements\/\">17&nbsp;fiches<\/a> r\u00e9parties dans 12&nbsp;chapitres th\u00e9matiques et traitant des diff\u00e9rents aspects d\u2019un contrat de production.<\/li>\n<\/ul>\n<p style=\"text-align: justify;\">Chaque chapitre a \u00e9t\u00e9 con\u00e7u en fonction des int\u00e9r\u00eats et des besoins exprim\u00e9s par les producteurs. Vous trouverez donc des r\u00e9f\u00e9rences concernant la main-d\u2019\u0153uvre, la livraison, les modalit\u00e9s de prix et de paiement, les assurances, le r\u00e8glement des diff\u00e9rends, etc.<\/p>\n<p style=\"text-align: justify;\">Vous pouvez <a href=\"https:\/\/www.guide-contractualisation.upa.qc.ca\/telechargements\/\">t\u00e9l\u00e9charger les fiches ou le guide<\/a> complet en format PDF.<\/p>\n<p style=\"text-align: right;\"><em>Source&nbsp;: Mot du pr\u00e9sident \u2013 Guide de contractualisation<\/em><\/p>\n<p style=\"text-align: left;\"><a href=\"https:\/\/bovin.qc.ca\/infolettre-la-minute-bovine-mars-2017\/#haut_de_page\">Retour en haut<\/a><\/p>\n<hr>\n<p><strong><a id=\"vgqc\"><\/a>VGQC&nbsp;: PREMIERS AUDITS EXTERNES<\/strong><\/p>\n<p style=\"text-align: justify;\">Depuis le d<img loading=\"lazy\" decoding=\"async\" class=\"wp-image-3606 alignleft\" src=\"https:\/\/bovin.qc.ca\/wp-content\/uploads\/2017\/05\/Audit.png\" alt=\"\" width=\"126\" height=\"112\">\u00e9but f\u00e9vrier, les audits externes dans le cadre du programme de Veau de grain du Qu\u00e9bec certifi\u00e9 ont d\u00e9but\u00e9. Les producteurs rencontr\u00e9s ont su d\u00e9montrer leur conformit\u00e9 au programme pour presque que 100&nbsp;% des crit\u00e8res. D\u00e9j\u00e0, plusieurs ont re\u00e7u leur certification de conformit\u00e9 et nous ont t\u00e9moign\u00e9 que la visite s\u2019est bien d\u00e9roul\u00e9e. De nouveaux outils ont \u00e9t\u00e9 d\u00e9velopp\u00e9s pour \u00e9pauler les producteurs dans la pr\u00e9paration de leur ferme \u00e0 la visite de l\u2019auditeur externe. Les documents suivants sont dor\u00e9navant disponibles sur le site extranet des producteurs de veaux de grain&nbsp;:<\/p>\n<ul style=\"text-align: justify;\">\n<li>Se pr\u00e9parer pour son audit VGQC<\/li>\n<li>Calcul des densit\u00e9s de mes b\u00e2timents<\/li>\n<li>Charte de poids dans les pouponni\u00e8res pour le dosage des m\u00e9dicaments<\/li>\n<li>Politique qualit\u00e9<\/li>\n<li>Document de r\u00e9f\u00e9rence pour l\u2019alimentation (crit\u00e8re 6.4)<\/li>\n<li>Document de r\u00e9f\u00e9rence pour les aliments m\u00e9dicamenteux (crit\u00e8re 6.14)<\/li>\n<li>Document de r\u00e9f\u00e9rence pour les crit\u00e8res 6.16, 6.17, 6.18 \u2013 prendre ou ne pas prendre d\u2019\u00e9chantillons<\/li>\n<li>Grille d\u2019audit interne<\/li>\n<li>Tous les registres, protocoles d\u00e9clarations et annexes du cahier des charges<\/li>\n<\/ul>\n<p style=\"text-align: justify;\">Par ailleurs, tous les producteurs de veaux de grain re\u00e7oivent d\u00e9sormais la D\u00e9claration 02 \u2013 d\u00e9claration de sortie compl\u00e9t\u00e9e \u00e0 la suite de chaque vente de veau. Ce document doit accompagner les veaux dans leur transport vers l\u2019abattoir. Nous vous rappelons que ce programme de certification vise \u00e0 r\u00e9pondre aux nouvelles attentes des consommateurs et de tous les maillons de la fili\u00e8re et qu\u2019il est obligatoire pour pouvoir vendre des veaux de grain au Qu\u00e9bec.<\/p>\n<p style=\"text-align: justify;\"><a href=\"https:\/\/bovin.qc.ca\/infolettre-la-minute-bovine-mars-2017\/#haut_de_page\">Retour en haut<\/a><\/p>\n<hr>\n<p><strong><a id=\"r\u00e8gles\"><\/a>LES R\u00c8GLES SUR LE TRANSPORT DES ANIMAUX POURRAIENT CHANGER<\/strong><\/p>\n<p style=\"text-align: justify;\">Une proposition de modification au <em>R\u00e8glement sur la sant\u00e9 des animaux \u2013 partie XII transport des animaux<\/em> a \u00e9t\u00e9 publi\u00e9e le 3 d\u00e9cembre 2016 dans la Gazette du Canada partie 1. L\u2019offre de modification porte essentiellement sur les intervalles maximums sans aliments, sans eau et sans repos pour le transport des animaux. Ainsi, il est propos\u00e9 de r\u00e9duire l\u2019intervalle de 18 \u00e0 12 heures pour les jeunes ruminants et de 52 \u00e0 36 heures pour les bovins et autres ruminants. Les p\u00e9riodes de repos, si ces intervalles ne sont pas respect\u00e9s, augmenteraient de 5 \u00e0 8 heures. Par ailleurs, une proposition visant \u00e0 restreindre le transport des veaux d\u2019au plus 8 jours ainsi que le transport d\u2019animaux fragilis\u00e9s est aussi incluse dans cette proposition de modification r\u00e8glementaire.<\/p>\n<p style=\"text-align: justify;\">Les PBQ ont transmis des commentaires sur cette proposition de modification et plus particuli\u00e8rement concernant les r\u00e9ductions d\u2019intervalles maximums sans aliments, sans eau et sans repos. Les PBQ consid\u00e8rent que ces propositions de modifications peuvent ne pas \u00eatre souhaitables selon les circonstances et entra\u00eener un plus grand stress sur les animaux qui subissent plusieurs chargements et d\u00e9chargements. Les questions de transport vers le lieu le plus proche, l\u2019isolement des animaux, l\u2019obligation de formation des transporteurs et le transfert de responsabilit\u00e9 ont aussi \u00e9t\u00e9 comment\u00e9es par les PBQ. Les PBQ souhaitent que l\u2019Agence canadienne d\u2019inspection des aliments analyse ses commentaires sur la proposition de modifications \u00e0 la lumi\u00e8re non seulement du bien-\u00eatre animal, mais aussi en termes de salubrit\u00e9 alimentaire, de sant\u00e9 animale, d\u2019environnement et d\u2019\u00e9conomie.<\/p>\n<p style=\"text-align: justify;\"><a href=\"https:\/\/bovin.qc.ca\/infolettre-la-minute-bovine-mars-2017\/#haut_de_page\">Retour en haut<\/a><\/p>\n<hr>\n<p><strong><a id=\"code\"><\/a>NOUVEAU CODE VEAU&nbsp;: LES PRODUCTEURS DONNENT LEUR AVIS<\/strong><\/p>\n<p style=\"text-align: justify;\">Les 23 et 27 janvier derniers, les producteurs de veaux de grain et de veaux de lait \u00e9taient convi\u00e9s \u00e0 des rencontres d\u2019information sur le contenu du nouveau Code de pratiques pour le soin et la manipulation des veaux lourds. Cinquante-quatre producteurs ont pu prendre connaissance de la version pr\u00e9liminaire du Code et exprimer leurs commentaires. Les PBQ ont ainsi pu transmettre des commentaires pr\u00e9cis au Conseil national pour le soin des animaux d\u2019\u00e9levage, responsable de l\u2019\u00e9laboration des codes au Canada. Les commentaires des producteurs du Qu\u00e9bec, de m\u00eame que ceux de tous les groupes qui en ont soumis, seront analys\u00e9s par le comit\u00e9 d\u2019\u00e9laboration les 23 et 24 mars. La version d\u00e9finitive du Code devrait \u00eatre publi\u00e9e \u00e0 l\u2019automne 2017.<\/p>\n<p style=\"text-align: justify;\"><a href=\"https:\/\/bovin.qc.ca\/infolettre-la-minute-bovine-mars-2017\/#haut_de_page\">Retour en haut<\/a><\/p>\n<hr>\n<p style=\"text-align: justify;\"><a id=\"u+\"><\/a><strong>U+<\/strong><\/p>\n<p style=\"text-align: justify;\">L\u2019Union <img loading=\"lazy\" decoding=\"async\" class=\" wp-image-3605 alignleft\" src=\"https:\/\/bovin.qc.ca\/wp-content\/uploads\/2017\/05\/Logo-U-300x104.png\" alt=\"\" width=\"228\" height=\"79\">des producteurs agricoles (UPA), en collaboration avec les Collectifs r\u00e9gionaux en formation agricole (CRFA), a proc\u00e9d\u00e9 en d\u00e9but d\u2019ann\u00e9e au lancement du nouveau site Internet <strong>U+<\/strong>&nbsp;: <em>pour se former et en savoir plus<\/em><em>.<\/em> S\u2019adressant aux producteurs agricoles et forestiers du Qu\u00e9bec, <a href=\"http:\/\/uplus.upa.qc.ca\/\">uplus.upa.qc.ca<\/a> se veut un lieu de r\u00e9f\u00e9rence privil\u00e9gi\u00e9 qui facilite l\u2019acc\u00e8s \u00e0 l\u2019offre de formation continue r\u00e9gionale ou m\u00eame nationale, que ce soit en classe, en ligne ou lors d\u2019\u00e9v\u00e9nements sectoriels. <strong>U+<\/strong> est cr\u00e9\u00e9 particuli\u00e8rement pour les entrepreneurs agricoles qui souhaitent continuer \u00e0 d\u00e9velopper leurs comp\u00e9tences afin de rester comp\u00e9titifs, dans un secteur d\u2019activit\u00e9 en constante \u00e9volution. Plus sp\u00e9cifiquement, <strong>U+<\/strong> pr\u00e9sente l\u2019offre de formation continue de tous les CRFA, des \u00e9v\u00e9nements de perfectionnement, des formations syndicales et des outils de r\u00e9f\u00e9rence pour mieux soutenir le d\u00e9veloppement de comp\u00e9tences des producteurs. La plateforme Web servira \u00e9galement, pour l\u2019UPA, de lieu de diffusion de webinaires novateurs d\u00e9velopp\u00e9s par et pour les producteurs agricoles, ce qui permettra \u00e0 des leaders du milieu de partager leurs connaissances et leurs exp\u00e9riences. <strong>U+<\/strong> souhaite accro\u00eetre le r\u00e9seautage et, surtout, d\u00e9velopper le leadership qu\u00e9b\u00e9cois en mati\u00e8re de formation continue en agriculture, autant sur le plan personnel qu\u2019entrepreneurial. Le contenu de formationagricole.com, auparavant g\u00e9r\u00e9 par les CRFA, a migr\u00e9 vers le site Internet <strong>U+<\/strong>, administr\u00e9 et coordonn\u00e9 par l\u2019UPA. D\u00e9sormais, uplus.upa.qc.ca est le lieu de r\u00e9f\u00e9rence commun pour la formation continue en agriculture au Qu\u00e9bec.<\/p>\n<p style=\"text-align: justify;\">Le prochain webinaire qui portera sur&nbsp;: <a href=\"http:\/\/uplus.upa.qc.ca\/formation\/optimiser-gestion-dune-entreprise-agricole\/\">Comment optimiser la gestion d\u2019une entreprise agricole ?<\/a> sera pr\u00e9sent\u00e9 le 27 mars de 10h \u00e0 11h. <a href=\"https:\/\/studiocast.ca\/client\/upa\/event\/2638\/fr\/\">Inscrivez-vous<\/a> sans tarder, c\u2019est gratuit !<\/p>\n<p style=\"text-align: justify;\"><a href=\"https:\/\/bovin.qc.ca\/infolettre-la-minute-bovine-mars-2017\/#haut_de_page\">Retour en haut<\/a><\/p>\n","protected":false},"excerpt":{"rendered":"<p>Infolettre : La minute bovine \u2013&nbsp;Mars 2017 BOEUF QU\u00c9BEC ASSEMBL\u00c9E G\u00c9N\u00c9RALE ANNUELLE DES PRODUCTEURS DE BOVINS DU QU\u00c9BEC PROGRAMME D&#8217;\u00c9CHANGE ALLFLEX, C&#8217;EST PARTI ! BILAN DES ASSEMBL\u00c9ES G\u00c9N\u00c9RALES ANNUELLES DES SYNDICATS R\u00c9GIONAUX UN NOUVEAU LOOK POUR LE PPA GUIDE SUR LA CONTRACTUALISATION VGQC&nbsp;: PREMIERS AUDITS EXTERNES LES R\u00c8GLES SUR LE TRANSPORT DES ANIMAUX POURRAIENT CHANGER [&#8230;]<\/p>\n","protected":false},"author":6,"featured_media":0,"parent":0,"menu_order":0,"comment_status":"closed","ping_status":"closed","template":"","meta":{"ngg_post_thumbnail":0,"footnotes":""},"class_list":["post-3630","page","type-page","status-publish","hentry"],"_links":{"self":[{"href":"https:\/\/bovin.qc.ca\/en\/wp-json\/wp\/v2\/pages\/3630","targetHints":{"allow":["GET"]}}],"collection":[{"href":"https:\/\/bovin.qc.ca\/en\/wp-json\/wp\/v2\/pages"}],"about":[{"href":"https:\/\/bovin.qc.ca\/en\/wp-json\/wp\/v2\/types\/page"}],"author":[{"embeddable":true,"href":"https:\/\/bovin.qc.ca\/en\/wp-json\/wp\/v2\/users\/6"}],"replies":[{"embeddable":true,"href":"https:\/\/bovin.qc.ca\/en\/wp-json\/wp\/v2\/comments?post=3630"}],"version-history":[{"count":1,"href":"https:\/\/bovin.qc.ca\/en\/wp-json\/wp\/v2\/pages\/3630\/revisions"}],"predecessor-version":[{"id":4731,"href":"https:\/\/bovin.qc.ca\/en\/wp-json\/wp\/v2\/pages\/3630\/revisions\/4731"}],"wp:attachment":[{"href":"https:\/\/bovin.qc.ca\/en\/wp-json\/wp\/v2\/media?parent=3630"}],"curies":[{"name":"wp","href":"https:\/\/api.w.org\/{rel}","templated":true}]}}