{"id":3206,"date":"2017-02-03T16:00:24","date_gmt":"2017-02-03T21:00:24","guid":{"rendered":"https:\/\/bovin.qc.ca\/infolettre-la-minute-bovine-fevrier-2017\/"},"modified":"2018-01-29T22:30:50","modified_gmt":"2018-01-30T03:30:50","slug":"infolettre-la-minute-bovine-fevrier-2017","status":"publish","type":"page","link":"https:\/\/bovin.qc.ca\/en\/infolettre-la-minute-bovine-fevrier-2017\/","title":{"rendered":"Infolettre : La minute bovine \u2013 F\u00e9vrier 2017"},"content":{"rendered":"<div class=\"newsletter_subscription_box\"><a class=\"newsletter_subscription_link\" href=\"https:\/\/bovin.qc.ca\/abonnement\/\"><div class=\"left_side\"><img decoding=\"async\" src=\"https:\/\/bovin.qc.ca\/wp-content\/themes\/bovins\/images\/infolettre_icon.png\" class=\"newsletter_icon\" \/><\/div><div class=\"right_side\"><p class=\"newsletter_sub_text\">Vous n'\u00eates pas abonn\u00e9 \u00e0 notre infolettre?<br \/>Cliquez ici.<\/p><\/div><div style=\"clear:both;\"><\/div><\/a><\/div>\n<h1 style=\"font-size: 32px; margin-top: 24px;\"><a id=\"haut_de_page\"><\/a>Infolettre : La minute bovine \u2013&nbsp;F\u00e9vrier 2017<\/h1>\n<ul>\n<li><a href=\"https:\/\/bovin.qc.ca\/infolettre-la-minute-bovine-fevrier-2017\/#assembl\u00e9es\">LES ASSEMBL\u00c9ES G\u00c9N\u00c9RALES ANNUELLES SONT DE RETOUR !<\/a><\/li>\n<li><a href=\"https:\/\/bovin.qc.ca\/infolettre-la-minute-bovine-fevrier-2017\/#nouveau\">NOUVEAUX CO\u00dbTS DE PRODUCTION DES VEAUX D&#8217;EMBOUCHE ET DES BOUVILLONS D&#8217;ABATTAGE<\/a><\/li>\n<li><a href=\"https:\/\/bovin.qc.ca\/infolettre-la-minute-bovine-fevrier-2017\/#transition\">TRANSITION VERS DES LOGEMENTS COLLECTIFS DANS LE VEAU DE LAIT<\/a><\/li>\n<li><a href=\"https:\/\/bovin.qc.ca\/infolettre-la-minute-bovine-fevrier-2017\/#nouvel\">UN NOUVEL AGENT \u00c0 LA MISE EN MARCH\u00c9 POUR LE SECTEUR BOUVILLONS<\/a><\/li>\n<li><a href=\"https:\/\/bovin.qc.ca\/infolettre-la-minute-bovine-fevrier-2017\/#agrom\u00e9t\u00e9o\">AGROM\u00c9T\u00c9O QU\u00c9BEC : LA M\u00c9T\u00c9O TAILL\u00c9E SUR MESURE POUR L&#8217;AGRICULTURE !<\/a><\/li>\n<li><a href=\"https:\/\/bovin.qc.ca\/infolettre-la-minute-bovine-fevrier-2017\/#nomination\">NOMINATION \u00c0 LA COMMISSION CANADIENNE DU LAIT<\/a><\/li>\n<\/ul>\n<p>&nbsp;<\/p>\n<p>\n <strong><a id=\"assembl\u00e9es\"><\/a>LES ASSEMBL\u00c9ES G\u00c9N\u00c9RALES ANNUELLES SONT DE RETOUR !<\/strong><\/p>\n<p style=\"text-align: justify;\"><strong>Faites une diff\u00e9rence en assistant aux assembl\u00e9es g\u00e9n\u00e9rales annuelles des syndicats. <\/strong><\/p>\n<p style=\"text-align: justify;\">Consultez le calendrier en cliquant <a href=\"https:\/\/bovin.qc.ca\/wp-content\/uploads\/2017\/02\/CalendrierAssPBQ2017-TCN_IMP.pdf\">ici<\/a>.<\/p>\n<p style=\"text-align: justify;\"><img loading=\"lazy\" decoding=\"async\" class=\"alignnone  wp-image-3123\" src=\"https:\/\/bovin.qc.ca\/wp-content\/uploads\/2017\/02\/calendrier2-300x240.jpg\" alt=\"\" width=\"228\" height=\"182\" srcset=\"https:\/\/bovin.qc.ca\/wp-content\/uploads\/2017\/02\/calendrier2-300x240.jpg 300w, https:\/\/bovin.qc.ca\/wp-content\/uploads\/2017\/02\/calendrier2-160x128.jpg 160w, https:\/\/bovin.qc.ca\/wp-content\/uploads\/2017\/02\/calendrier2.jpg 600w\" sizes=\"auto, (max-width: 228px) 100vw, 228px\" \/><\/p>\n<p><a href=\"https:\/\/bovin.qc.ca\/infolettre-la-minute-bovine-fevrier-2017\/#haut_de_page\">Retour en haut<\/a>&nbsp;<\/p>\n<hr>\n<p style=\"text-align: justify;\"><strong><a id=\"nouveau\"><\/a>NOUVEAUX CO\u00dbTS DE PRODUCTION DES VEAUX D&#8217;EMBOUCHE ET DES BOUVILLONS D&#8217;ABATTAGE<\/strong><\/p>\n<p style=\"text-align: justify;\">Le Centre d\u2019\u00e9tudes sur les<img loading=\"lazy\" decoding=\"async\" class=\" wp-image-3114 alignleft\" src=\"https:\/\/bovin.qc.ca\/wp-content\/uploads\/2017\/02\/BA-300x151.jpg\" alt=\"\" width=\"328\" height=\"165\" srcset=\"https:\/\/bovin.qc.ca\/wp-content\/uploads\/2017\/02\/BA-300x151.jpg 300w, https:\/\/bovin.qc.ca\/wp-content\/uploads\/2017\/02\/BA-255x128.jpg 255w\" sizes=\"auto, (max-width: 328px) 100vw, 328px\" \/> co\u00fbts de production en agriculture (CECPA) a finalis\u00e9 le processus de mise \u00e0 jour des co\u00fbts de production des&nbsp;veaux d&#8217;embouche et des bouvillons d&#8217;abattage. Au total, 64 fermes de vache-veau et 35 fermes de bouvillons d\u2019abattage ont \u00e9t\u00e9 retenus pour \u00e9tablir les nouveaux mod\u00e8les de co\u00fbts de production. Les donn\u00e9es technico-\u00e9conomiques recueillies portaient sur l\u2019ann\u00e9e 2015.&nbsp; Les nouveaux mod\u00e8les ont \u00e9t\u00e9 index\u00e9s et sont appliqu\u00e9s&nbsp;depuis le d\u00e9but de l&#8217;ann\u00e9e.<\/p>\n<p style=\"text-align: justify;\">Veuillez consulter les liens suivants&nbsp;:&nbsp;<a href=\"https:\/\/bovin.qc.ca\/wp-content\/uploads\/2017\/02\/Sommaire_Bouv_2015.pdf\">sommaire bouvillons d&#8217;abattage <\/a>et&nbsp;<a href=\"https:\/\/bovin.qc.ca\/wp-content\/uploads\/2017\/02\/Sommaire_VEE_2015_final.pdf\">sommaire veau d\u2019embouche<\/a> ou le site du CECPA au <a href=\"http:\/\/www.cecpa.qc.ca\/\">cecpa.qc.ca<\/a> pour plus d\u2019information sur les r\u00e9sultats des \u00e9tudes de co\u00fbts de production.<\/p>\n<p style=\"text-align: justify;\"><strong>Nouveau mod\u00e8le bouvillons d\u2019abattage <\/strong><\/p>\n<p style=\"text-align: justify;\">Le nouveau <a href=\"https:\/\/bovin.qc.ca\/wp-content\/uploads\/2017\/02\/BA-et-VE-nouveaux-mod\u00e8les-1.pdf\">mod\u00e8le bouvillons d\u2019abattage<\/a> entra\u00eenera une augmentation de la couverture d\u2019assurance d\u2019environ 14&nbsp;$\/bouvillon.<\/p>\n<p style=\"text-align: justify;\"><strong>Nouveau mod\u00e8le veaux d\u2019embouche en 2017<\/strong><\/p>\n<p style=\"text-align: justify;\">Le nouveau <a href=\"https:\/\/bovin.qc.ca\/wp-content\/uploads\/2017\/02\/BA-et-VE-nouveaux-mod\u00e8les-1.pdf\">mod\u00e8le veaux d\u2019embouche<\/a> entra\u00eenera une augmentation de la couverture d\u2019assurance d\u2019environ 42&nbsp;$\/vache.<\/p>\n<p><a href=\"https:\/\/bovin.qc.ca\/infolettre-la-minute-bovine-fevrier-2017\/#haut_de_page\">Retour en haut<\/a><\/p>\n<hr>\n<p style=\"text-align: justify;\"><strong><a id=\"transition\"><\/a>TRANSITION VERS DES LOGEMENTS COLLECTIFS DANS LE VEAU DE LAIT<\/strong><\/p>\n<p style=\"text-align: justify;\">Le 12 janvier dernier, r\u00e9uni en assembl\u00e9e g\u00e9n\u00e9rale sp\u00e9ciale, les producteurs de veau de lait ont vot\u00e9 \u00e0 80 % en faveur de la conversion des b\u00e2tim<img loading=\"lazy\" decoding=\"async\" class=\" wp-image-3121 alignright\" src=\"https:\/\/bovin.qc.ca\/wp-content\/uploads\/2017\/02\/VL-215x300.jpg\" alt=\"\" width=\"184\" height=\"256\" srcset=\"https:\/\/bovin.qc.ca\/wp-content\/uploads\/2017\/02\/VL-215x300.jpg 215w, https:\/\/bovin.qc.ca\/wp-content\/uploads\/2017\/02\/VL-92x128.jpg 92w, https:\/\/bovin.qc.ca\/wp-content\/uploads\/2017\/02\/VL.jpg 1375w\" sizes=\"auto, (max-width: 184px) 100vw, 184px\" \/>ents d\u2019\u00e9levage en logement collectif d\u2019ici le 31 d\u00e9cembre 2018.<\/p>\n<p style=\"text-align: justify;\">En tant que leader dans la production de veau de lait au Canada, les producteurs du Qu\u00e9bec veulent maintenir leur place dans un march\u00e9 comp\u00e9titif. Avec un produit haut de gamme comme le veau de lait, il \u00e9tait donc important pour eux de r\u00e9pondre aux attentes en mati\u00e8re de bien-\u00eatre animal.<\/p>\n<p style=\"text-align: justify;\">La m\u00e9thode de r\u00e9am\u00e9nagement repose sur de saines pratiques d\u2019\u00e9levage qui garantissent le bien-\u00eatre des animaux dans un environnement leur permettant \u00e9galement d\u2019exercer un comportement naturel de sociabilit\u00e9. \u00c0 ce jour, au Qu\u00e9bec, c\u2019est plus de la moiti\u00e9 des b\u00e2timents qui sont convertis. En allant de l\u2019avant avec cette d\u00e9cision, les producteurs viennent officialiser une orientation qui avait \u00e9t\u00e9 prise il y a de cela quelques ann\u00e9es.<\/p>\n<p style=\"text-align: justify;\">Enfin, dans le cadre de l\u2019assembl\u00e9e, les producteurs se sont \u00e9galement prononc\u00e9s unanimement en faveur de revoir le mod\u00e8le de repr\u00e9sentativit\u00e9 du secteur. Le mandat donn\u00e9 aux Producteurs de bovins du Qu\u00e9bec est de d\u00e9finir un nouveau mod\u00e8le permettant de r\u00e9pondre d\u2019une part, aux attentes des producteurs en leur permettant d\u2019avoir un lieu d\u2019\u00e9change pour discuter de la production et d\u2019autre part, d\u2019\u00e9tablir un forum permettant de rejoindre l\u2019ensemble des acteurs de la fili\u00e8re dans le but de se donner une vision d\u2019avenir et de travailler ensemble.<\/p>\n<p><a href=\"https:\/\/bovin.qc.ca\/infolettre-la-minute-bovine-fevrier-2017\/#haut_de_page\">Retour en haut<\/a><\/p>\n<hr>\n<p>&nbsp;<\/p>\n<p><strong><a id=\"nouvel\"><\/a>UN NOUVEL AGENT&nbsp;\u00c0 LA&nbsp;MISE EN MARCH\u00c9 POUR LE SECTEUR BOUVILLONS<\/strong><\/p>\n<p style=\"text-align: justify;\">Depuis le 9 janvier dernier, <strong>Yannick Sauv\u00e9<\/strong> s\u2019est joint \u00e0 l\u2019\u00e9quipe du secteur bouvillons \u00e0 titre d\u2019agent \u00e0 la mise en march\u00e9. Comme il a d\u00e9j\u00e0 occup\u00e9 ce poste il y a quelques ann\u00e9es et qu\u2019il a toujours conserv\u00e9 un bon sentiment d\u2019appartenance envers les producteurs de bovins, il retrouve avec joie ses anciens coll\u00e8gues.&nbsp;<\/p>\n<p style=\"text-align: justify;\"><img loading=\"lazy\" decoding=\"async\" class=\" wp-image-3122 alignleft\" src=\"https:\/\/bovin.qc.ca\/wp-content\/uploads\/2017\/02\/Yannick-Sauv\u00e9-271x300.jpg\" alt=\"\" width=\"166\" height=\"184\" srcset=\"https:\/\/bovin.qc.ca\/wp-content\/uploads\/2017\/02\/Yannick-Sauv\u00e9-271x300.jpg 271w, https:\/\/bovin.qc.ca\/wp-content\/uploads\/2017\/02\/Yannick-Sauv\u00e9-115x128.jpg 115w\" sizes=\"auto, (max-width: 166px) 100vw, 166px\" \/>Yannick d\u00e9tient une formation universitaire en gestion des op\u00e9rations (BAC) et en marketing (DEC), Il a \u0153uvr\u00e9 pendant pr\u00e8s de 6 ans \u00e0 la F\u00e9d\u00e9ration comme agent de mise en march\u00e9, poste dans lequel il a surtout effectu\u00e9 des ventes et des op\u00e9rations. Vers la fin de son mandant, il \u00e9tait en charge des ventes am\u00e9ricaines. Il est donc aujourd\u2019hui de retour dans le m\u00eame poste. Son r\u00f4le sera d\u2019effectuer des ventes sur l\u2019ench\u00e8re \u00e9lectronique, tout en conservant les ventes aux \u00c9tats-Unis.<\/p>\n<p style=\"text-align: justify;\">Par la m\u00eame occasion, Louis Blouin a \u00e9t\u00e9 affect\u00e9 \u00e0 temps plein au secteur bovins de r\u00e9forme et veaux laitiers. Du coup, les secteurs bouvillons ainsi que celui des bovins de r\u00e9forme\/veaux laitiers se trouvent renforc\u00e9s.<\/p>\n<p><a href=\"https:\/\/bovin.qc.ca\/infolettre-la-minute-bovine-fevrier-2017\/#haut_de_page\">Retour en haut<\/a><\/p>\n<hr>\n<p style=\"text-align: justify;\"><strong><a id=\"agrom\u00e9t\u00e9o\"><\/a>AGROM\u00c9T\u00c9O QU\u00c9BEC : LA M\u00c9T\u00c9O TAILL\u00c9E SUR MESURE POUR L&#8217;AGRICULTURE !<\/strong><\/p>\n<p style=\"text-align: justify;\">Saviez-vous que le site Web Agrom\u00e9t\u00e9o Qu\u00e9bec est accessible \u00e0 l\u2019ensemble des entreprises et intervenants agricoles? Il suffit de visiter <a href=\"http:\/\/www.agrometeo.org\/\">agrometeo.org<\/a> pour avoir acc\u00e8s \u00e0 un \u00e9ventail de renseignements de nature agroclimatique adapt\u00e9s \u00e0 vos besoins. L\u2019application mobile d\u2019Agrom\u00e9t\u00e9o peut aussi \u00eatre t\u00e9l\u00e9charg\u00e9e dans l\u2019<a href=\"https:\/\/itunes.apple.com\/ca\/app\/agrometeo-mobile\/id950354380?l=fr\">App Store<\/a> ou dans <a href=\"https:\/\/play.google.com\/store\/apps\/details?id=org.agrometeo.android.app.agrometeo&amp;hl=fr\">Google Play<\/a>.<\/p>\n<p style=\"text-align: justify;\">Agrom\u00e9t\u00e9o Qu\u00e9bec est un outil essentiel pour vous appuyer dans vos prises de d\u00e9cision au quotidien, que ce soit pour r<img loading=\"lazy\" decoding=\"async\" class=\"alignnone size-medium wp-image-3113 alignright\" src=\"https:\/\/bovin.qc.ca\/wp-content\/uploads\/2017\/02\/Affiche_AgroMeteo-2-300x158.jpg\" alt=\"\" width=\"300\" height=\"158\" srcset=\"https:\/\/bovin.qc.ca\/wp-content\/uploads\/2017\/02\/Affiche_AgroMeteo-2-300x158.jpg 300w, https:\/\/bovin.qc.ca\/wp-content\/uploads\/2017\/02\/Affiche_AgroMeteo-2-244x128.jpg 244w, https:\/\/bovin.qc.ca\/wp-content\/uploads\/2017\/02\/Affiche_AgroMeteo-2.jpg 1200w\" sizes=\"auto, (max-width: 300px) 100vw, 300px\" \/>enforcer la lutte contre les ennemis des cultures ou pour effectuer une meilleure utilisation des pesticides, pour optimiser l\u2019emploi de l\u2019eau et des fertilisants, pour am\u00e9liorer la productivit\u00e9 et les activit\u00e9s de mise en march\u00e9 de l\u2019entreprise ou pour composer avec la variabilit\u00e9 climatique.<\/p>\n<p>Soulignons que le d\u00e9ploiement de l\u2019outil Agrom\u00e9t\u00e9o Qu\u00e9bec est soutenu financi\u00e8rement par l\u2019entremise des Initiatives Agri-risques, programme \u00e9tabli en vertu de l\u2019entente Canada-Qu\u00e9bec <em>Cultivons l\u2019avenir&nbsp;2<\/em>.<\/p>\n<p style=\"text-align: justify;\"><a href=\"https:\/\/bovin.qc.ca\/infolettre-la-minute-bovine-fevrier-2017\/#haut_de_page\">Retour en haut<\/a><\/p>\n<hr>\n<p style=\"text-align: justify;\"><strong><a id=\"nomination\"><\/a>NOMINATION \u00c0 LA COMMISSION CANADIENNE DU LAIT<\/strong><\/p>\n<p style=\"text-align: justify;\"><img loading=\"lazy\" decoding=\"async\" class=\"size-medium wp-image-3116 alignleft\" src=\"https:\/\/bovin.qc.ca\/wp-content\/uploads\/2017\/02\/jennifer-hayes-300x169.jpg\" alt=\"\" width=\"300\" height=\"169\" srcset=\"https:\/\/bovin.qc.ca\/wp-content\/uploads\/2017\/02\/jennifer-hayes-300x169.jpg 300w, https:\/\/bovin.qc.ca\/wp-content\/uploads\/2017\/02\/jennifer-hayes-228x128.jpg 228w, https:\/\/bovin.qc.ca\/wp-content\/uploads\/2017\/02\/jennifer-hayes.jpg 635w\" sizes=\"auto, (max-width: 300px) 100vw, 300px\" \/>C\u2019est avec fiert\u00e9 que nous avons appris la nomination d\u2019un membre du comit\u00e9 de mise en march\u00e9 des bovins de r\u00e9forme et veaux laitiers \u00e0 titre de commissaire \u00e0 la Commission canadienne du lait. Mme&nbsp;Jennifer Hayes, repr\u00e9sentante de la r\u00e9gion Gasp\u00e9sie-les-\u00celes, a \u00e9t\u00e9 officiellement nomm\u00e9e le 3 janvier 2017 pour un mandat de 3 ans \u00e0 la Commission.<\/p>\n<p style=\"text-align: justify;\">Au nom des producteurs et des membres du comit\u00e9, nous la f\u00e9licitons et nous sommes confiants de son succ\u00e8s dans ce nouveau d\u00e9fi.<\/p>\n<p style=\"text-align: left;\">Photo : Dave Felker<\/p>\n<p style=\"text-align: left;\"><a href=\"https:\/\/bovin.qc.ca\/infolettre-la-minute-bovine-fevrier-2017\/#haut_de_page\">Retour en haut<\/a><\/p>\n","protected":false},"excerpt":{"rendered":"<p>Infolettre : La minute bovine \u2013&nbsp;F\u00e9vrier 2017 LES ASSEMBL\u00c9ES G\u00c9N\u00c9RALES ANNUELLES SONT DE RETOUR ! NOUVEAUX CO\u00dbTS DE PRODUCTION DES VEAUX D&#8217;EMBOUCHE ET DES BOUVILLONS D&#8217;ABATTAGE TRANSITION VERS DES LOGEMENTS COLLECTIFS DANS LE VEAU DE LAIT UN NOUVEL AGENT \u00c0 LA MISE EN MARCH\u00c9 POUR LE SECTEUR BOUVILLONS AGROM\u00c9T\u00c9O QU\u00c9BEC : LA M\u00c9T\u00c9O TAILL\u00c9E SUR [&#8230;]<\/p>\n","protected":false},"author":6,"featured_media":0,"parent":0,"menu_order":0,"comment_status":"closed","ping_status":"closed","template":"","meta":{"ngg_post_thumbnail":0,"footnotes":""},"class_list":["post-3206","page","type-page","status-publish","hentry"],"_links":{"self":[{"href":"https:\/\/bovin.qc.ca\/en\/wp-json\/wp\/v2\/pages\/3206","targetHints":{"allow":["GET"]}}],"collection":[{"href":"https:\/\/bovin.qc.ca\/en\/wp-json\/wp\/v2\/pages"}],"about":[{"href":"https:\/\/bovin.qc.ca\/en\/wp-json\/wp\/v2\/types\/page"}],"author":[{"embeddable":true,"href":"https:\/\/bovin.qc.ca\/en\/wp-json\/wp\/v2\/users\/6"}],"replies":[{"embeddable":true,"href":"https:\/\/bovin.qc.ca\/en\/wp-json\/wp\/v2\/comments?post=3206"}],"version-history":[{"count":8,"href":"https:\/\/bovin.qc.ca\/en\/wp-json\/wp\/v2\/pages\/3206\/revisions"}],"predecessor-version":[{"id":4733,"href":"https:\/\/bovin.qc.ca\/en\/wp-json\/wp\/v2\/pages\/3206\/revisions\/4733"}],"wp:attachment":[{"href":"https:\/\/bovin.qc.ca\/en\/wp-json\/wp\/v2\/media?parent=3206"}],"curies":[{"name":"wp","href":"https:\/\/api.w.org\/{rel}","templated":true}]}}