{"id":30711,"date":"2026-02-26T10:31:35","date_gmt":"2026-02-26T15:31:35","guid":{"rendered":"https:\/\/bovin.qc.ca\/?page_id=30711"},"modified":"2026-04-27T15:05:39","modified_gmt":"2026-04-27T19:05:39","slug":"2026-2","status":"publish","type":"page","link":"https:\/\/bovin.qc.ca\/en\/publications\/archives\/2026-2\/","title":{"rendered":"2026"},"content":{"rendered":"<h2>Farm Income Stabilization Insurance Program<\/h2>\n<h4>Product of Feeder Cattle and Slaughter Cattle<\/h4>\n<p><strong><a href=\"https:\/\/bovin.qc.ca\/wp-content\/uploads\/2025\/11\/A2025_aide_memoire_CBO_BOU_finale.pdf\" target=\"_blank\" rel=\"noopener\">+ Checklist \u2013 Collection of Contributions to the Joint Plan for the 2025 Insurance Year<\/a><\/strong><\/p>\n<h4>Product of Cow Calves<\/h4>\n<p><strong><a href=\"https:\/\/bovin.qc.ca\/wp-content\/uploads\/2025\/11\/A2025_aide_memoire_CBO_VEE_finale.pdf\" target=\"_blank\" rel=\"noopener\">+ Checklist \u2013 Collection of Contributions to the Joint Plan for the 2025 Insurance Year<\/a><\/strong><\/p>\n<h2>Sectoral Documentation<\/h2>\n<p><strong>Click on a sector:&nbsp;<\/strong><\/p>\n<p><a href=\"https:\/\/bovin.qc.ca\/la-production\/bovin-de-reforme-et-veau-laitier\/publications\/\"><img loading=\"lazy\" decoding=\"async\" class=\"alignnone wp-image-8428 size-medium\" style=\"margin-left: 2px; margin-right: 2px;\" src=\"https:\/\/bovin.qc.ca\/wp-content\/uploads\/2020\/02\/BOV047_photos-BR-FR-137x300.jpg\" alt=\"\" width=\"137\" height=\"300\" srcset=\"https:\/\/bovin.qc.ca\/wp-content\/uploads\/2020\/02\/BOV047_photos-BR-FR-137x300.jpg 137w, https:\/\/bovin.qc.ca\/wp-content\/uploads\/2020\/02\/BOV047_photos-BR-FR-58x128.jpg 58w, https:\/\/bovin.qc.ca\/wp-content\/uploads\/2020\/02\/BOV047_photos-BR-FR.jpg 600w\" sizes=\"auto, (max-width: 137px) 100vw, 137px\" \/><\/a><a href=\"https:\/\/bovin.qc.ca\/en\/the-production\/grain-fed-veal\/publications\/\"><img loading=\"lazy\" decoding=\"async\" class=\"alignnone wp-image-8131 size-medium\" style=\"margin-left: 2px; margin-right: 2px;\" src=\"https:\/\/bovin.qc.ca\/wp-content\/uploads\/2020\/01\/vg-136x300.jpg\" alt=\"\" width=\"136\" height=\"300\" srcset=\"https:\/\/bovin.qc.ca\/wp-content\/uploads\/2020\/01\/vg-136x300.jpg 136w, https:\/\/bovin.qc.ca\/wp-content\/uploads\/2020\/01\/vg-58x128.jpg 58w, https:\/\/bovin.qc.ca\/wp-content\/uploads\/2020\/01\/vg.jpg 157w\" sizes=\"auto, (max-width: 136px) 100vw, 136px\" \/><\/a><a href=\"https:\/\/bovin.qc.ca\/en\/the-production\/milk-fed-veal\/publications\/\"><img loading=\"lazy\" decoding=\"async\" class=\"alignnone wp-image-8432 size-medium\" style=\"margin-left: 2px; margin-right: 2px;\" src=\"https:\/\/bovin.qc.ca\/wp-content\/uploads\/2020\/02\/BOV047_photos-VL-FR-137x300.jpg\" alt=\"\" width=\"137\" height=\"300\" srcset=\"https:\/\/bovin.qc.ca\/wp-content\/uploads\/2020\/02\/BOV047_photos-VL-FR-137x300.jpg 137w, https:\/\/bovin.qc.ca\/wp-content\/uploads\/2020\/02\/BOV047_photos-VL-FR-58x128.jpg 58w, https:\/\/bovin.qc.ca\/wp-content\/uploads\/2020\/02\/BOV047_photos-VL-FR.jpg 600w\" sizes=\"auto, (max-width: 137px) 100vw, 137px\" \/><\/a><a href=\"https:\/\/bovin.qc.ca\/en\/the-production\/feeder-calf\/publications\/\"><img loading=\"lazy\" decoding=\"async\" class=\"alignnone wp-image-9545 size-medium\" style=\"margin-left: 2px; margin-right: 2px;\" src=\"https:\/\/bovin.qc.ca\/wp-content\/uploads\/2020\/05\/BOV047_photos-VE-FR-137x300.jpg\" alt=\"\" width=\"137\" height=\"300\" srcset=\"https:\/\/bovin.qc.ca\/wp-content\/uploads\/2020\/05\/BOV047_photos-VE-FR-137x300.jpg 137w, https:\/\/bovin.qc.ca\/wp-content\/uploads\/2020\/05\/BOV047_photos-VE-FR-58x128.jpg 58w, https:\/\/bovin.qc.ca\/wp-content\/uploads\/2020\/05\/BOV047_photos-VE-FR.jpg 600w\" sizes=\"auto, (max-width: 137px) 100vw, 137px\" \/><\/a><a href=\"https:\/\/bovin.qc.ca\/en\/the-production\/fed-cattle\/publications\/\"><img loading=\"lazy\" decoding=\"async\" class=\"alignnone wp-image-8430 size-medium\" style=\"margin-left: 2px; margin-right: 2px;\" src=\"https:\/\/bovin.qc.ca\/wp-content\/uploads\/2020\/02\/BOV047_photos-BA-FR-137x300.jpg\" alt=\"\" width=\"137\" height=\"300\" srcset=\"https:\/\/bovin.qc.ca\/wp-content\/uploads\/2020\/02\/BOV047_photos-BA-FR-137x300.jpg 137w, https:\/\/bovin.qc.ca\/wp-content\/uploads\/2020\/02\/BOV047_photos-BA-FR-58x128.jpg 58w, https:\/\/bovin.qc.ca\/wp-content\/uploads\/2020\/02\/BOV047_photos-BA-FR.jpg 600w\" sizes=\"auto, (max-width: 137px) 100vw, 137px\" \/><\/a><\/p>\n<h2>Infolettre :&nbsp;<em>La Minute bovine <\/em>2026<\/h2>\n<p>(In French only)<\/p>\n<p><a href=\"https:\/\/bovin.qc.ca\/en\/la-minute-bovine-january\/\" target=\"_blank\" rel=\"noopener\">+ La Minute bovine &#8211; January 2026<\/a><\/p>\n<p><a href=\"https:\/\/bovin.qc.ca\/en\/la-minute-bovine-february-2026\/\" target=\"_blank\" rel=\"noopener\">+ La Minute bovine &#8211; February 2026<\/a><\/p>\n<p><a href=\"https:\/\/bovin.qc.ca\/en\/la-minute-bovine-march-2026\/\" target=\"_blank\" rel=\"noopener\">+ La Minute bovine &#8211; March 2026<\/a><\/p>\n<h2>Cahiers <em>Bovins du Qu\u00e9bec<\/em><i> <\/i>2026<\/h2>\n<p><strong>Int\u00e9gr\u00e9s \u00e0 la <a href=\"https:\/\/laterrekiosk.milibris.com\/\" target=\"_blank\" rel=\"noopener\">Terre de chez nous<\/a><\/strong><\/p>\n<table style=\"border-collapse: collapse; width: 100%; height: 306px;\">\n<tbody>\n<tr style=\"height: 250px;\">\n<td style=\"width: 25%; vertical-align: middle; height: 250px;\"><img loading=\"lazy\" decoding=\"async\" class=\"wp-image-30413 aligncenter\" src=\"https:\/\/bovin.qc.ca\/wp-content\/uploads\/2026\/01\/BVNP_2026-01-28_B001_V6_AF-1.jpg\" alt=\"\" width=\"194\" height=\"244\" srcset=\"https:\/\/bovin.qc.ca\/wp-content\/uploads\/2026\/01\/BVNP_2026-01-28_B001_V6_AF-1.jpg 1839w, https:\/\/bovin.qc.ca\/wp-content\/uploads\/2026\/01\/BVNP_2026-01-28_B001_V6_AF-1-239x300.jpg 239w, https:\/\/bovin.qc.ca\/wp-content\/uploads\/2026\/01\/BVNP_2026-01-28_B001_V6_AF-1-102x128.jpg 102w, https:\/\/bovin.qc.ca\/wp-content\/uploads\/2026\/01\/BVNP_2026-01-28_B001_V6_AF-1-1223x1536.jpg 1223w, https:\/\/bovin.qc.ca\/wp-content\/uploads\/2026\/01\/BVNP_2026-01-28_B001_V6_AF-1-1631x2048.jpg 1631w\" sizes=\"auto, (max-width: 194px) 100vw, 194px\" \/><\/td>\n<td style=\"width: 25.0724%; vertical-align: middle; height: 250px;\"><img loading=\"lazy\" decoding=\"async\" class=\"wp-image-31373  aligncenter\" src=\"https:\/\/bovin.qc.ca\/wp-content\/uploads\/2026\/04\/download_Page_01-scaled-e1777316649965-236x300.jpg\" alt=\"\" width=\"180\" height=\"229\" srcset=\"https:\/\/bovin.qc.ca\/wp-content\/uploads\/2026\/04\/download_Page_01-scaled-e1777316649965-236x300.jpg 236w, https:\/\/bovin.qc.ca\/wp-content\/uploads\/2026\/04\/download_Page_01-scaled-e1777316649965-101x128.jpg 101w, https:\/\/bovin.qc.ca\/wp-content\/uploads\/2026\/04\/download_Page_01-scaled-e1777316649965-1210x1536.jpg 1210w, https:\/\/bovin.qc.ca\/wp-content\/uploads\/2026\/04\/download_Page_01-scaled-e1777316649965-1613x2048.jpg 1613w, https:\/\/bovin.qc.ca\/wp-content\/uploads\/2026\/04\/download_Page_01-scaled-e1777316649965.jpg 1882w\" sizes=\"auto, (max-width: 180px) 100vw, 180px\" \/><\/td>\n<td style=\"width: 24.9276%; vertical-align: middle; height: 250px;\">&nbsp;<\/td>\n<td style=\"width: 25%; vertical-align: middle; height: 250px;\">&nbsp;<\/td>\n<\/tr>\n<tr style=\"height: 56px;\">\n<td style=\"width: 25%; text-align: center; height: 56px;\">\n<p style=\"text-align: center;\"><span style=\"font-size: 12pt;\"><strong><a href=\"https:\/\/publications.laterre.ca\/reader\/185c86a4-bcee-4618-a53b-b9dd6db18e0c?origin=%2Fcahiers-speciaux%2Fcahiers-speciaux%2F2026-01-28\" target=\"_blank\" rel=\"noopener\">January 28, 2026<\/a><\/strong><\/span><\/p>\n<\/td>\n<td style=\"width: 25.0724%; text-align: center; height: 56px;\"><a href=\"https:\/\/publications.laterre.ca\/reader\/01cf1bbd-c2be-4ace-b778-6ef82c844a02?origin=%2Fcahiers-speci&amp;fbclid=IwY2xjawRckUhleHRuA2FlbQIxMABicmlkETFRMHJrQzRwQjVHY3NMUkdnc3J0YwZhcHBfaWQQMjIyMDM5MTc4ODIwMDg5MgABHrihyjietyxHQ2zC7mCul7tG14y29oE8p7Duovhwu9M91QKU-6f6diuqkaQl_aem_Z_DIJ9JRHdGV7b5pr0qTbA\" target=\"_blank\" rel=\"noopener\"><strong>April 29, 2026<\/strong><\/a><\/td>\n<td style=\"width: 24.9276%; text-align: center; height: 56px;\">&nbsp;<\/td>\n<td style=\"width: 25%; text-align: center; height: 56px;\">&nbsp;<\/td>\n<\/tr>\n<\/tbody>\n<\/table>\n<p style=\"text-align: center;\">&nbsp;<\/p>\n","protected":false},"excerpt":{"rendered":"<p>Farm Income Stabilization Insurance Program Product of Feeder Cattle and Slaughter Cattle + Checklist \u2013 Collection of Contributions to the Joint Plan for the 2025 Insurance Year Product of Cow Calves + Checklist \u2013 Collection of Contributions to the Joint Plan for the 2025 Insurance Year Sectoral Documentation Click on a sector:&nbsp; Infolettre :&nbsp;La Minute [&#8230;]<\/p>\n","protected":false},"author":6,"featured_media":0,"parent":1751,"menu_order":0,"comment_status":"closed","ping_status":"closed","template":"","meta":{"ngg_post_thumbnail":0,"footnotes":""},"class_list":["post-30711","page","type-page","status-publish","hentry"],"_links":{"self":[{"href":"https:\/\/bovin.qc.ca\/en\/wp-json\/wp\/v2\/pages\/30711","targetHints":{"allow":["GET"]}}],"collection":[{"href":"https:\/\/bovin.qc.ca\/en\/wp-json\/wp\/v2\/pages"}],"about":[{"href":"https:\/\/bovin.qc.ca\/en\/wp-json\/wp\/v2\/types\/page"}],"author":[{"embeddable":true,"href":"https:\/\/bovin.qc.ca\/en\/wp-json\/wp\/v2\/users\/6"}],"replies":[{"embeddable":true,"href":"https:\/\/bovin.qc.ca\/en\/wp-json\/wp\/v2\/comments?post=30711"}],"version-history":[{"count":7,"href":"https:\/\/bovin.qc.ca\/en\/wp-json\/wp\/v2\/pages\/30711\/revisions"}],"predecessor-version":[{"id":31376,"href":"https:\/\/bovin.qc.ca\/en\/wp-json\/wp\/v2\/pages\/30711\/revisions\/31376"}],"up":[{"embeddable":true,"href":"https:\/\/bovin.qc.ca\/en\/wp-json\/wp\/v2\/pages\/1751"}],"wp:attachment":[{"href":"https:\/\/bovin.qc.ca\/en\/wp-json\/wp\/v2\/media?parent=30711"}],"curies":[{"name":"wp","href":"https:\/\/api.w.org\/{rel}","templated":true}]}}