{"id":30123,"date":"2025-12-22T15:12:16","date_gmt":"2025-12-22T20:12:16","guid":{"rendered":"https:\/\/bovin.qc.ca\/?page_id=30123"},"modified":"2026-01-23T16:01:35","modified_gmt":"2026-01-23T21:01:35","slug":"ragm-26","status":"publish","type":"page","link":"https:\/\/bovin.qc.ca\/en\/ragm-26\/","title":{"rendered":"ragm-26"},"content":{"rendered":"<h3 style=\"text-align: center;\">2026 REGIONAL ANNUAL GENERAL MEETINGS CALENDAR<\/h3>\n<hr>\n<p style=\"text-align: center;\"><span style=\"font-size: 13pt;\"><strong><span style=\"color: #a0302f;\">Note that only producers present on-site will be able to vote<br \/>\nat the Regional Annual General Meetings.&nbsp;<\/span><\/strong><\/span><\/p>\n<hr>\n<h3 style=\"text-align: center;\">Date and location: click on your region\u2193<\/h3>\n<h4 style=\"text-align: center;\"><a href=\"#ABITIBI\"><strong>ABITIBI-T\u00c9MISCAMINGUE<\/strong><\/a><\/h4>\n<h4 style=\"text-align: center;\"><a href=\"#BAS\"><strong>BAS-SAINT-LAURENT<\/strong><\/a><\/h4>\n<h4 style=\"text-align: center;\"><a href=\"#CAPITALE\"><strong>CAPITALE-NATIONALE\u2013C\u00d4TE-NORD<\/strong><\/a><\/h4>\n<h4 style=\"text-align: center;\"><a href=\"#CENTRE\"><strong>CENTRE-DU-QU\u00c9BEC<\/strong><\/a><\/h4>\n<h4 style=\"text-align: center;\"><a href=\"#CHAUDIERENORD\"><strong>CHAUDI\u00c8RE-APPALACHES NORD<\/strong><\/a><\/h4>\n<h4 style=\"text-align: center;\"><a href=\"#CHAUDIERESUD\"><strong>CHAUDI\u00c8RE-APPALACHES-SUD<\/strong><\/a><\/h4>\n<h4 style=\"text-align: center;\"><a href=\"#ESTRIE\"><strong>ESTRIE<\/strong><\/a><\/h4>\n<h4 style=\"text-align: center;\"><a href=\"#GASPESIE\"><strong>GASP\u00c9SIE-LES \u00ceLES<\/strong><\/a><\/h4>\n<h4 style=\"text-align: center;\"><a href=\"#LANAU\"><strong>LANAUDI\u00c8RE<\/strong><\/a><\/h4>\n<h4 style=\"text-align: center;\"><a href=\"#MAU\"><strong>MAURICIE<\/strong><\/a><\/h4>\n<h4 style=\"text-align: center;\"><a href=\"#MONTEEST\"><strong>MONT\u00c9R\u00c9GIE-EST<\/strong><\/a><\/h4>\n<h4 style=\"text-align: center;\"><a href=\"#MONTEOUEST\"><strong>MONT\u00c9R\u00c9GIE-OUEST<\/strong><\/a><\/h4>\n<h4 style=\"text-align: center;\"><a href=\"#OUTA\"><strong>OUTAOUAIS-LAURENTIDES<\/strong><\/a><\/h4>\n<h4 style=\"text-align: center;\"><a href=\"#SAGLAC\"><strong>SAGUENAY-LAC-SAINT-JEAN<\/strong><\/a><\/h4>\n<p>&nbsp;<\/p>\n<p style=\"text-align: left;\"><a href=\"#top\">Retour en haut<\/a><a id=\"ABITIBI\"><\/a><\/p>\n<hr>\n<h2><strong>ABITIBI-T\u00c9MISCAMINGUE<\/strong><\/h2>\n<h4><img loading=\"lazy\" decoding=\"async\" class=\"wp-image-4661 alignleft\" src=\"https:\/\/bovin.qc.ca\/wp-content\/uploads\/2018\/01\/icon-1549619_960_720-300x286.png\" alt=\"\" width=\"53\" height=\"50\" srcset=\"https:\/\/bovin.qc.ca\/wp-content\/uploads\/2018\/01\/icon-1549619_960_720-300x286.png 300w, https:\/\/bovin.qc.ca\/wp-content\/uploads\/2018\/01\/icon-1549619_960_720-134x128.png 134w, https:\/\/bovin.qc.ca\/wp-content\/uploads\/2018\/01\/icon-1549619_960_720.png 754w\" sizes=\"auto, (max-width: 53px) 100vw, 53px\" \/>Wednesday, February 11, 1:00 p.m.&nbsp;&nbsp;<\/h4>\n<p>&nbsp;<\/p>\n<p><img loading=\"lazy\" decoding=\"async\" class=\"wp-image-4662 alignleft\" src=\"https:\/\/bovin.qc.ca\/wp-content\/uploads\/2018\/01\/pin-308802_960_720-185x300.png\" alt=\"\" width=\"53\" height=\"86\" srcset=\"https:\/\/bovin.qc.ca\/wp-content\/uploads\/2018\/01\/pin-308802_960_720-185x300.png 185w, https:\/\/bovin.qc.ca\/wp-content\/uploads\/2018\/01\/pin-308802_960_720-79x128.png 79w, https:\/\/bovin.qc.ca\/wp-content\/uploads\/2018\/01\/pin-308802_960_720.png 444w\" sizes=\"auto, (max-width: 53px) 100vw, 53px\" \/><\/p>\n<h4><a href=\"https:\/\/www.google.com\/maps\/place\/52+Rue+Perreault+O,+Rouyn-Noranda,+QC+J9X+2T4\/data=!4m2!3m1!1s0x4d21339c1b865c19:0xb80bc889889f12c6?sa=X&amp;ved=1t:242&amp;ictx=111\" target=\"_blank\" rel=\"noopener\"><strong>T<\/strong>emabex<\/a><\/h4>\n<p>52, rue Perreault Ouest, Rouyn-Noranda (Qu\u00e9bec)&nbsp; J9X 2T4<\/p>\n<p>&nbsp;<\/p>\n<p style=\"text-align: left;\"><a href=\"#top\">Retour en haut<\/a><a id=\"BAS\"><\/a><\/p>\n<hr>\n<h2><strong>BAS-SAINT-LAURENT<\/strong><\/h2>\n<p><img loading=\"lazy\" decoding=\"async\" class=\"wp-image-4661 alignleft\" src=\"https:\/\/bovin.qc.ca\/wp-content\/uploads\/2018\/01\/icon-1549619_960_720-300x286.png\" alt=\"\" width=\"53\" height=\"50\" srcset=\"https:\/\/bovin.qc.ca\/wp-content\/uploads\/2018\/01\/icon-1549619_960_720-300x286.png 300w, https:\/\/bovin.qc.ca\/wp-content\/uploads\/2018\/01\/icon-1549619_960_720-134x128.png 134w, https:\/\/bovin.qc.ca\/wp-content\/uploads\/2018\/01\/icon-1549619_960_720.png 754w\" sizes=\"auto, (max-width: 53px) 100vw, 53px\" \/><\/p>\n<h4>Wednesday, February 18, 9:00 a.m.<\/h4>\n<p>&nbsp;<\/p>\n<p>In order to encourage the participation of a maximum number of producers, the Syndicat des producteurs de bovins du Bas-Saint-Laurent will hold its Annual General Meeting&nbsp;<strong>on two sites<\/strong>.<\/p>\n<p>Thanks to technology, it will be possible for members who decide to come to Rivi\u00e8re-du-Loup to attend exchanges and workshops that will be held physically in Mont-Joli as well as to attend the conferences and exercise their right to vote, if necessary.<\/p>\n<p><img loading=\"lazy\" decoding=\"async\" class=\"wp-image-4662 alignleft\" src=\"https:\/\/bovin.qc.ca\/wp-content\/uploads\/2018\/01\/pin-308802_960_720-185x300.png\" alt=\"\" width=\"53\" height=\"86\" srcset=\"https:\/\/bovin.qc.ca\/wp-content\/uploads\/2018\/01\/pin-308802_960_720-185x300.png 185w, https:\/\/bovin.qc.ca\/wp-content\/uploads\/2018\/01\/pin-308802_960_720-79x128.png 79w, https:\/\/bovin.qc.ca\/wp-content\/uploads\/2018\/01\/pin-308802_960_720.png 444w\" sizes=\"auto, (max-width: 53px) 100vw, 53px\" \/><\/p>\n<p><a href=\"https:\/\/goo.gl\/maps\/PTo7TB7qGaDbQSjM8\" target=\"_blank\" rel=\"noopener\"><strong>Quality Inn<\/strong><\/a><\/p>\n<p>1015 boul. Jacques-Cartier, Mont-Joli (Qu\u00e9bec)&nbsp; G5H 2S5<\/p>\n<p>&nbsp;<\/p>\n<p><img loading=\"lazy\" decoding=\"async\" class=\"wp-image-4662 alignleft\" src=\"https:\/\/bovin.qc.ca\/wp-content\/uploads\/2018\/01\/pin-308802_960_720-185x300.png\" alt=\"\" width=\"52\" height=\"84\" srcset=\"https:\/\/bovin.qc.ca\/wp-content\/uploads\/2018\/01\/pin-308802_960_720-185x300.png 185w, https:\/\/bovin.qc.ca\/wp-content\/uploads\/2018\/01\/pin-308802_960_720-79x128.png 79w, https:\/\/bovin.qc.ca\/wp-content\/uploads\/2018\/01\/pin-308802_960_720.png 444w\" sizes=\"auto, (max-width: 52px) 100vw, 52px\" \/><\/p>\n<p><a href=\"https:\/\/www.google.com\/maps\/place\/H%C3%B4tel+Universel\/@47.819443,-69.5616482,17z\/data=!3m1!4b1!4m5!3m4!1s0x4cbe47443be15079:0xdf6c2c3d96286516!8m2!3d47.819443!4d-69.5594595\" target=\"_blank\" rel=\"noopener\"><strong>H\u00f4tel Universel de Rivi\u00e8re-du-Loup<\/strong><\/a><\/p>\n<p>311, boul. de l&#8217;H\u00f4tel-de-Ville, Rivi\u00e8re-du-Loup (Qu\u00e9bec)&nbsp; G5R 5S4<\/p>\n<p>&nbsp;<\/p>\n<p style=\"text-align: left;\"><a href=\"#top\">Retour en haut<\/a><a id=\"CAPITALE\"><\/a><\/p>\n<hr>\n<h2><strong>CAPITALE-NATIONALE\u2013C\u00d4TE-NORD<\/strong><\/h2>\n<p><img loading=\"lazy\" decoding=\"async\" class=\"wp-image-4661 alignleft\" src=\"https:\/\/bovin.qc.ca\/wp-content\/uploads\/2018\/01\/icon-1549619_960_720-300x286.png\" alt=\"\" width=\"53\" height=\"51\" srcset=\"https:\/\/bovin.qc.ca\/wp-content\/uploads\/2018\/01\/icon-1549619_960_720-300x286.png 300w, https:\/\/bovin.qc.ca\/wp-content\/uploads\/2018\/01\/icon-1549619_960_720-134x128.png 134w, https:\/\/bovin.qc.ca\/wp-content\/uploads\/2018\/01\/icon-1549619_960_720.png 754w\" sizes=\"auto, (max-width: 53px) 100vw, 53px\" \/><\/p>\n<h4>Tuesday, February 17, 10:00 a.m.<\/h4>\n<p>&nbsp;<\/p>\n<p><img loading=\"lazy\" decoding=\"async\" class=\"wp-image-4662 alignleft\" src=\"https:\/\/bovin.qc.ca\/wp-content\/uploads\/2018\/01\/pin-308802_960_720-185x300.png\" alt=\"\" width=\"53\" height=\"86\" srcset=\"https:\/\/bovin.qc.ca\/wp-content\/uploads\/2018\/01\/pin-308802_960_720-185x300.png 185w, https:\/\/bovin.qc.ca\/wp-content\/uploads\/2018\/01\/pin-308802_960_720-79x128.png 79w, https:\/\/bovin.qc.ca\/wp-content\/uploads\/2018\/01\/pin-308802_960_720.png 444w\" sizes=\"auto, (max-width: 53px) 100vw, 53px\" \/><\/p>\n<h4><a href=\"https:\/\/www.google.com\/maps\/place\/Le+Rascal\/@46.8041118,-71.3324854,17z\/data=!3m1!4b1!4m5!3m4!1s0x4cb897639aeb9391:0x3e31f102ae4b4125!8m2!3d46.8041081!4d-71.3302967\" target=\"_blank\" rel=\"noopener\"><strong>Restaurant Le Rascal<\/strong><\/a><\/h4>\n<p>5050, boul. Wilfrid-Hamel, Qu\u00e9bec (Qu\u00e9bec)&nbsp; G2E 5X5<\/p>\n<p>&nbsp;<\/p>\n<p style=\"text-align: left;\"><a href=\"#top\">Retour en haut<\/a><a id=\"CENTRE\"><\/a><\/p>\n<hr>\n<h2><strong>CENTRE-DU-QU\u00c9BEC<\/strong><\/h2>\n<p><img loading=\"lazy\" decoding=\"async\" class=\"wp-image-4661 alignleft\" src=\"https:\/\/bovin.qc.ca\/wp-content\/uploads\/2018\/01\/icon-1549619_960_720-300x286.png\" alt=\"\" width=\"53\" height=\"50\" srcset=\"https:\/\/bovin.qc.ca\/wp-content\/uploads\/2018\/01\/icon-1549619_960_720-300x286.png 300w, https:\/\/bovin.qc.ca\/wp-content\/uploads\/2018\/01\/icon-1549619_960_720-134x128.png 134w, https:\/\/bovin.qc.ca\/wp-content\/uploads\/2018\/01\/icon-1549619_960_720.png 754w\" sizes=\"auto, (max-width: 53px) 100vw, 53px\" \/><\/p>\n<h4>Thursday, February 12, 9:30 a.m.<\/h4>\n<p>&nbsp;<\/p>\n<p><img loading=\"lazy\" decoding=\"async\" class=\"wp-image-4662 alignleft\" src=\"https:\/\/bovin.qc.ca\/wp-content\/uploads\/2018\/01\/pin-308802_960_720-185x300.png\" alt=\"\" width=\"53\" height=\"86\" srcset=\"https:\/\/bovin.qc.ca\/wp-content\/uploads\/2018\/01\/pin-308802_960_720-185x300.png 185w, https:\/\/bovin.qc.ca\/wp-content\/uploads\/2018\/01\/pin-308802_960_720-79x128.png 79w, https:\/\/bovin.qc.ca\/wp-content\/uploads\/2018\/01\/pin-308802_960_720.png 444w\" sizes=\"auto, (max-width: 53px) 100vw, 53px\" \/><\/p>\n<h4><a href=\"https:\/\/share.google\/aE4RkRIsTltrsDXTE\" target=\"_blank\" rel=\"noopener\"><strong>Salle du Canton<\/strong><\/a><\/h4>\n<p>351, rue Saint-Louis,&nbsp;Warwick (Qu\u00e9bec)&nbsp; J0A 1M0<\/p>\n<p>&nbsp;<\/p>\n<p style=\"text-align: left;\"><a href=\"#top\">Retour en haut<\/a><a id=\"CHAUDIERENORD\"><\/a><\/p>\n<hr>\n<h2><strong>CHAUDI\u00c8RE-APPALACHES NORD<\/strong><\/h2>\n<p><img loading=\"lazy\" decoding=\"async\" class=\"wp-image-4661 alignleft\" src=\"https:\/\/bovin.qc.ca\/wp-content\/uploads\/2018\/01\/icon-1549619_960_720-300x286.png\" alt=\"\" width=\"53\" height=\"50\" srcset=\"https:\/\/bovin.qc.ca\/wp-content\/uploads\/2018\/01\/icon-1549619_960_720-300x286.png 300w, https:\/\/bovin.qc.ca\/wp-content\/uploads\/2018\/01\/icon-1549619_960_720-134x128.png 134w, https:\/\/bovin.qc.ca\/wp-content\/uploads\/2018\/01\/icon-1549619_960_720.png 754w\" sizes=\"auto, (max-width: 53px) 100vw, 53px\" \/><\/p>\n<h4>Thursday, February 19, &nbsp;9:30 a.m.<\/h4>\n<p>&nbsp;<\/p>\n<p><img loading=\"lazy\" decoding=\"async\" class=\"wp-image-4662 alignleft\" src=\"https:\/\/bovin.qc.ca\/wp-content\/uploads\/2018\/01\/pin-308802_960_720-185x300.png\" alt=\"\" width=\"53\" height=\"86\" srcset=\"https:\/\/bovin.qc.ca\/wp-content\/uploads\/2018\/01\/pin-308802_960_720-185x300.png 185w, https:\/\/bovin.qc.ca\/wp-content\/uploads\/2018\/01\/pin-308802_960_720-79x128.png 79w, https:\/\/bovin.qc.ca\/wp-content\/uploads\/2018\/01\/pin-308802_960_720.png 444w\" sizes=\"auto, (max-width: 53px) 100vw, 53px\" \/><\/p>\n<h4><a href=\"https:\/\/share.google\/JHDVBW8HYFaom6hbP\" target=\"_blank\" rel=\"noopener\">Loisirs de St-Lazare de Bellechasse<\/a><\/h4>\n<p>128, rue de la Fabrique, Saint-Lazare G0R 3J0<\/p>\n<p>&nbsp;<\/p>\n<p style=\"text-align: left;\"><a href=\"#top\">Retour en haut<\/a><a id=\"CHAUDIERESUD\"><\/a><\/p>\n<hr>\n<h2><strong>CHAUDI\u00c8RE-APPALACHES SUD<\/strong><\/h2>\n<p><img loading=\"lazy\" decoding=\"async\" class=\"wp-image-4661 alignleft\" src=\"https:\/\/bovin.qc.ca\/wp-content\/uploads\/2018\/01\/icon-1549619_960_720-300x286.png\" alt=\"\" width=\"53\" height=\"50\" srcset=\"https:\/\/bovin.qc.ca\/wp-content\/uploads\/2018\/01\/icon-1549619_960_720-300x286.png 300w, https:\/\/bovin.qc.ca\/wp-content\/uploads\/2018\/01\/icon-1549619_960_720-134x128.png 134w, https:\/\/bovin.qc.ca\/wp-content\/uploads\/2018\/01\/icon-1549619_960_720.png 754w\" sizes=\"auto, (max-width: 53px) 100vw, 53px\" \/><\/p>\n<h4>Tuesday, February 10, &nbsp;9:30 a.m.<\/h4>\n<p>&nbsp;<\/p>\n<p><img loading=\"lazy\" decoding=\"async\" class=\"wp-image-4662 alignleft\" src=\"https:\/\/bovin.qc.ca\/wp-content\/uploads\/2018\/01\/pin-308802_960_720-185x300.png\" alt=\"\" width=\"53\" height=\"86\" srcset=\"https:\/\/bovin.qc.ca\/wp-content\/uploads\/2018\/01\/pin-308802_960_720-185x300.png 185w, https:\/\/bovin.qc.ca\/wp-content\/uploads\/2018\/01\/pin-308802_960_720-79x128.png 79w, https:\/\/bovin.qc.ca\/wp-content\/uploads\/2018\/01\/pin-308802_960_720.png 444w\" sizes=\"auto, (max-width: 53px) 100vw, 53px\" \/><\/p>\n<h4><a href=\"https:\/\/www.google.ca\/maps\/place\/Hotel-Resto-Bar+Le+Journel\/@46.3131506,-70.8858716,15z\/data=!4m8!1m2!2m1!1sH%C3%B4tel+Le+Journel+269,+Route+276,!3m4!1s0x4cb9ade14677d9b9:0xa54d4d9f102674!8m2!3d46.3154209!4d-70.8704637\" target=\"_blank\" rel=\"noopener\"><strong>H\u00f4tel Le Journel<\/strong><\/a><\/h4>\n<p>269, route 276, Saint-Joseph-de-Beauce (Qu\u00e9bec)&nbsp;G0S 2V0<\/p>\n<p>&nbsp;<\/p>\n<p style=\"text-align: left;\"><a href=\"#top\">Retour en haut<\/a><a id=\"ESTRIE\"><\/a><\/p>\n<hr>\n<h2><strong>ESTRIE<\/strong><\/h2>\n<p><img loading=\"lazy\" decoding=\"async\" class=\"wp-image-4661 alignleft\" src=\"https:\/\/bovin.qc.ca\/wp-content\/uploads\/2018\/01\/icon-1549619_960_720-300x286.png\" alt=\"\" width=\"53\" height=\"50\" srcset=\"https:\/\/bovin.qc.ca\/wp-content\/uploads\/2018\/01\/icon-1549619_960_720-300x286.png 300w, https:\/\/bovin.qc.ca\/wp-content\/uploads\/2018\/01\/icon-1549619_960_720-134x128.png 134w, https:\/\/bovin.qc.ca\/wp-content\/uploads\/2018\/01\/icon-1549619_960_720.png 754w\" sizes=\"auto, (max-width: 53px) 100vw, 53px\" \/><\/p>\n<h4>Thrusday, February 19, &nbsp;10:00 a.m.<\/h4>\n<p>&nbsp;<\/p>\n<p><img loading=\"lazy\" decoding=\"async\" class=\"wp-image-4662 alignleft\" src=\"https:\/\/bovin.qc.ca\/wp-content\/uploads\/2018\/01\/pin-308802_960_720-185x300.png\" alt=\"\" width=\"53\" height=\"86\" srcset=\"https:\/\/bovin.qc.ca\/wp-content\/uploads\/2018\/01\/pin-308802_960_720-185x300.png 185w, https:\/\/bovin.qc.ca\/wp-content\/uploads\/2018\/01\/pin-308802_960_720-79x128.png 79w, https:\/\/bovin.qc.ca\/wp-content\/uploads\/2018\/01\/pin-308802_960_720.png 444w\" sizes=\"auto, (max-width: 53px) 100vw, 53px\" \/><\/p>\n<h4><a href=\"https:\/\/share.google\/CU3DTby6F4UXiGRL3\" target=\"_blank\" rel=\"noopener\">Salle Guy-Veilleux<\/a><\/h4>\n<p>75, rue Castonguay,&nbsp;Cookshire-Eaton (Qu\u00e9bec) J0B 1M0<\/p>\n<p>&nbsp;<\/p>\n<p style=\"text-align: left;\"><a href=\"#top\">Retour en haut<\/a><a id=\"GASPESIE\"><\/a><\/p>\n<hr>\n<h2><strong>GASP\u00c9SIE-LES \u00ceLES<\/strong><\/h2>\n<p><img loading=\"lazy\" decoding=\"async\" class=\"wp-image-4661 alignleft\" src=\"https:\/\/bovin.qc.ca\/wp-content\/uploads\/2018\/01\/icon-1549619_960_720-300x286.png\" alt=\"\" width=\"53\" height=\"50\" srcset=\"https:\/\/bovin.qc.ca\/wp-content\/uploads\/2018\/01\/icon-1549619_960_720-300x286.png 300w, https:\/\/bovin.qc.ca\/wp-content\/uploads\/2018\/01\/icon-1549619_960_720-134x128.png 134w, https:\/\/bovin.qc.ca\/wp-content\/uploads\/2018\/01\/icon-1549619_960_720.png 754w\" sizes=\"auto, (max-width: 53px) 100vw, 53px\" \/><\/p>\n<h4>Tuesday, February 17, 1:30 p.m.<\/h4>\n<p>&nbsp;<\/p>\n<p><img loading=\"lazy\" decoding=\"async\" class=\"wp-image-4662 alignleft\" src=\"https:\/\/bovin.qc.ca\/wp-content\/uploads\/2018\/01\/pin-308802_960_720-185x300.png\" alt=\"\" width=\"53\" height=\"86\" srcset=\"https:\/\/bovin.qc.ca\/wp-content\/uploads\/2018\/01\/pin-308802_960_720-185x300.png 185w, https:\/\/bovin.qc.ca\/wp-content\/uploads\/2018\/01\/pin-308802_960_720-79x128.png 79w, https:\/\/bovin.qc.ca\/wp-content\/uploads\/2018\/01\/pin-308802_960_720.png 444w\" sizes=\"auto, (max-width: 53px) 100vw, 53px\" \/><\/p>\n<h4><a href=\"https:\/\/share.google\/g161ts18iGjKrBaXt\" target=\"_blank\" rel=\"noopener\"><strong>H\u00f4tel Le Francis<\/strong><\/a><\/h4>\n<p>210, chemin Pardiac,&nbsp;New Richmond (Qu\u00e9bec) G0C 2B0<\/p>\n<p>&nbsp;<\/p>\n<p style=\"text-align: left;\"><a href=\"#top\">Retour en haut<\/a><a id=\"LANAU\"><\/a><\/p>\n<hr>\n<h2><strong>LANAUDI\u00c8RE<\/strong><\/h2>\n<p><img loading=\"lazy\" decoding=\"async\" class=\"wp-image-4661 alignleft\" src=\"https:\/\/bovin.qc.ca\/wp-content\/uploads\/2018\/01\/icon-1549619_960_720-300x286.png\" alt=\"\" width=\"53\" height=\"50\" srcset=\"https:\/\/bovin.qc.ca\/wp-content\/uploads\/2018\/01\/icon-1549619_960_720-300x286.png 300w, https:\/\/bovin.qc.ca\/wp-content\/uploads\/2018\/01\/icon-1549619_960_720-134x128.png 134w, https:\/\/bovin.qc.ca\/wp-content\/uploads\/2018\/01\/icon-1549619_960_720.png 754w\" sizes=\"auto, (max-width: 53px) 100vw, 53px\" \/><\/p>\n<h4>Thursday, February 19, &nbsp;9:30 a.m.<\/h4>\n<p>&nbsp;<\/p>\n<p><img loading=\"lazy\" decoding=\"async\" class=\"wp-image-4662 alignleft\" src=\"https:\/\/bovin.qc.ca\/wp-content\/uploads\/2018\/01\/pin-308802_960_720-185x300.png\" alt=\"\" width=\"53\" height=\"86\" srcset=\"https:\/\/bovin.qc.ca\/wp-content\/uploads\/2018\/01\/pin-308802_960_720-185x300.png 185w, https:\/\/bovin.qc.ca\/wp-content\/uploads\/2018\/01\/pin-308802_960_720-79x128.png 79w, https:\/\/bovin.qc.ca\/wp-content\/uploads\/2018\/01\/pin-308802_960_720.png 444w\" sizes=\"auto, (max-width: 53px) 100vw, 53px\" \/><\/p>\n<h4><a href=\"https:\/\/maps.app.goo.gl\/cGzrQamKT9tG3p4D9\" target=\"_blank\" rel=\"noopener\"><strong>Days Inn<\/strong><\/a><\/h4>\n<p>760, rue Gadoury, Berthierville J0K 1A0<\/p>\n<p>&nbsp;<\/p>\n<p style=\"text-align: left;\"><a href=\"#top\">Retour en haut<\/a><a id=\"MAU\"><\/a><\/p>\n<hr>\n<h2><strong>MAURICIE<\/strong><\/h2>\n<p><img loading=\"lazy\" decoding=\"async\" class=\"wp-image-4661 alignleft\" src=\"https:\/\/bovin.qc.ca\/wp-content\/uploads\/2018\/01\/icon-1549619_960_720-300x286.png\" alt=\"\" width=\"53\" height=\"50\" srcset=\"https:\/\/bovin.qc.ca\/wp-content\/uploads\/2018\/01\/icon-1549619_960_720-300x286.png 300w, https:\/\/bovin.qc.ca\/wp-content\/uploads\/2018\/01\/icon-1549619_960_720-134x128.png 134w, https:\/\/bovin.qc.ca\/wp-content\/uploads\/2018\/01\/icon-1549619_960_720.png 754w\" sizes=\"auto, (max-width: 53px) 100vw, 53px\" \/><\/p>\n<h4>Friday, February 12, 10:00 a.m.<\/h4>\n<p>&nbsp;<\/p>\n<p><img loading=\"lazy\" decoding=\"async\" class=\"wp-image-4662 alignleft\" src=\"https:\/\/bovin.qc.ca\/wp-content\/uploads\/2018\/01\/pin-308802_960_720-185x300.png\" alt=\"\" width=\"53\" height=\"86\" srcset=\"https:\/\/bovin.qc.ca\/wp-content\/uploads\/2018\/01\/pin-308802_960_720-185x300.png 185w, https:\/\/bovin.qc.ca\/wp-content\/uploads\/2018\/01\/pin-308802_960_720-79x128.png 79w, https:\/\/bovin.qc.ca\/wp-content\/uploads\/2018\/01\/pin-308802_960_720.png 444w\" sizes=\"auto, (max-width: 53px) 100vw, 53px\" \/><\/p>\n<h4><a href=\"https:\/\/maps.app.goo.gl\/RsAbT3kp7BWcfqSo8\" target=\"_blank\" rel=\"noopener\"><strong>Restaurant Normandin<\/strong><\/a><\/h4>\n<p>1350, boul. des R\u00e9collets, Trois-Rivi\u00e8res, G8Z 4L5<\/p>\n<p>&nbsp;<\/p>\n<p style=\"text-align: left;\"><a href=\"#top\">Retour en haut<\/a><a id=\"MONTEEST\"><\/a><\/p>\n<hr>\n<h2><strong>MONT\u00c9R\u00c9GIE-EST<\/strong><\/h2>\n<p><img loading=\"lazy\" decoding=\"async\" class=\"wp-image-4661 alignleft\" src=\"https:\/\/bovin.qc.ca\/wp-content\/uploads\/2018\/01\/icon-1549619_960_720-300x286.png\" alt=\"\" width=\"53\" height=\"50\" srcset=\"https:\/\/bovin.qc.ca\/wp-content\/uploads\/2018\/01\/icon-1549619_960_720-300x286.png 300w, https:\/\/bovin.qc.ca\/wp-content\/uploads\/2018\/01\/icon-1549619_960_720-134x128.png 134w, https:\/\/bovin.qc.ca\/wp-content\/uploads\/2018\/01\/icon-1549619_960_720.png 754w\" sizes=\"auto, (max-width: 53px) 100vw, 53px\" \/><\/p>\n<h4>Monday, February 16, 9:30 a.m.<\/h4>\n<p>&nbsp;<\/p>\n<p><img loading=\"lazy\" decoding=\"async\" class=\"wp-image-4662 alignleft\" src=\"https:\/\/bovin.qc.ca\/wp-content\/uploads\/2018\/01\/pin-308802_960_720-185x300.png\" alt=\"\" width=\"53\" height=\"86\" srcset=\"https:\/\/bovin.qc.ca\/wp-content\/uploads\/2018\/01\/pin-308802_960_720-185x300.png 185w, https:\/\/bovin.qc.ca\/wp-content\/uploads\/2018\/01\/pin-308802_960_720-79x128.png 79w, https:\/\/bovin.qc.ca\/wp-content\/uploads\/2018\/01\/pin-308802_960_720.png 444w\" sizes=\"auto, (max-width: 53px) 100vw, 53px\" \/><\/p>\n<h4><a href=\"https:\/\/www.google.com\/maps\/place\/F%C3%A9d%C3%A9ration+De+L'UPA+De\/@45.6259498,-72.9884638,17z\/data=!3m1!4b1!4m5!3m4!1s0x4cc84e014887ba73:0xd48f68c5b1a06d!8m2!3d45.6259461!4d-72.9862751\" target=\"_blank\" rel=\"noopener\"><strong>F\u00e9d\u00e9ration de l&#8217;UPA de la Mont\u00e9r\u00e9gie<\/strong><\/a><\/h4>\n<p>3800, boul. Casavant O., Saint-Hyacinthe (Qu\u00e9bec)&nbsp; J2S 8E3<\/p>\n<p>&nbsp;<\/p>\n<p style=\"text-align: left;\"><a href=\"#top\">Retour en haut<\/a><a id=\"MONTEOUEST\"><\/a><\/p>\n<hr>\n<h2><strong>MONT\u00c9R\u00c9GIE-OUEST<\/strong><\/h2>\n<p><img loading=\"lazy\" decoding=\"async\" class=\"wp-image-4661 alignleft\" src=\"https:\/\/bovin.qc.ca\/wp-content\/uploads\/2018\/01\/icon-1549619_960_720-300x286.png\" alt=\"\" width=\"53\" height=\"50\" srcset=\"https:\/\/bovin.qc.ca\/wp-content\/uploads\/2018\/01\/icon-1549619_960_720-300x286.png 300w, https:\/\/bovin.qc.ca\/wp-content\/uploads\/2018\/01\/icon-1549619_960_720-134x128.png 134w, https:\/\/bovin.qc.ca\/wp-content\/uploads\/2018\/01\/icon-1549619_960_720.png 754w\" sizes=\"auto, (max-width: 53px) 100vw, 53px\" \/><\/p>\n<h4>Friday, February 13, 9:30 a.m.<\/h4>\n<p>&nbsp;<\/p>\n<p><img loading=\"lazy\" decoding=\"async\" class=\"wp-image-4662 alignleft\" src=\"https:\/\/bovin.qc.ca\/wp-content\/uploads\/2018\/01\/pin-308802_960_720-185x300.png\" alt=\"\" width=\"53\" height=\"86\" srcset=\"https:\/\/bovin.qc.ca\/wp-content\/uploads\/2018\/01\/pin-308802_960_720-185x300.png 185w, https:\/\/bovin.qc.ca\/wp-content\/uploads\/2018\/01\/pin-308802_960_720-79x128.png 79w, https:\/\/bovin.qc.ca\/wp-content\/uploads\/2018\/01\/pin-308802_960_720.png 444w\" sizes=\"auto, (max-width: 53px) 100vw, 53px\" \/><\/p>\n<h4><a href=\"https:\/\/maps.app.goo.gl\/nYJrMxH3fHz7W5AH7\" target=\"_blank\" rel=\"noopener\"><strong>Restaurant Reggiano<\/strong><\/a><\/h4>\n<p>333, rue Saint-Joseph, Sainte-Martine (Qu\u00e9bec) J0S 1V0<\/p>\n<p>&nbsp;<\/p>\n<p style=\"text-align: left;\"><a href=\"#top\">Retour en haut<\/a><a id=\"OUTA\"><\/a><\/p>\n<hr>\n<h2><strong>OUTAOUAIS-LAURENTIDES<\/strong><\/h2>\n<p><img loading=\"lazy\" decoding=\"async\" class=\"wp-image-4661 alignleft\" src=\"https:\/\/bovin.qc.ca\/wp-content\/uploads\/2018\/01\/icon-1549619_960_720-300x286.png\" alt=\"\" width=\"53\" height=\"50\" srcset=\"https:\/\/bovin.qc.ca\/wp-content\/uploads\/2018\/01\/icon-1549619_960_720-300x286.png 300w, https:\/\/bovin.qc.ca\/wp-content\/uploads\/2018\/01\/icon-1549619_960_720-134x128.png 134w, https:\/\/bovin.qc.ca\/wp-content\/uploads\/2018\/01\/icon-1549619_960_720.png 754w\" sizes=\"auto, (max-width: 53px) 100vw, 53px\" \/><\/p>\n<h4>Thursday, February 5, 5:00 p.m.&nbsp;&nbsp;<\/h4>\n<p>&nbsp;<\/p>\n<p><img loading=\"lazy\" decoding=\"async\" class=\"wp-image-4662 alignleft\" src=\"https:\/\/bovin.qc.ca\/wp-content\/uploads\/2018\/01\/pin-308802_960_720-185x300.png\" alt=\"\" width=\"53\" height=\"86\" srcset=\"https:\/\/bovin.qc.ca\/wp-content\/uploads\/2018\/01\/pin-308802_960_720-185x300.png 185w, https:\/\/bovin.qc.ca\/wp-content\/uploads\/2018\/01\/pin-308802_960_720-79x128.png 79w, https:\/\/bovin.qc.ca\/wp-content\/uploads\/2018\/01\/pin-308802_960_720.png 444w\" sizes=\"auto, (max-width: 53px) 100vw, 53px\" \/><\/p>\n<h4><a href=\"https:\/\/share.google\/TNYOVJu8OW0KPFWzh\" target=\"_blank\" rel=\"noopener\"><strong>Parc Om\u00e9ga<\/strong><\/a><\/h4>\n<p>399, Route 323 Nord&nbsp; Montebello (Qu\u00e9bec)&nbsp; J0V 1L0<\/p>\n<p>&nbsp;<\/p>\n<p style=\"text-align: left;\"><a href=\"#top\">Retour en haut<\/a><a id=\"SAGLAC\"><\/a><\/p>\n<hr>\n<h2><strong>SAGUENAY-LAC-SAINT-JEAN<\/strong><\/h2>\n<p><img loading=\"lazy\" decoding=\"async\" class=\"wp-image-4661 alignleft\" src=\"https:\/\/bovin.qc.ca\/wp-content\/uploads\/2018\/01\/icon-1549619_960_720-300x286.png\" alt=\"\" width=\"53\" height=\"50\" srcset=\"https:\/\/bovin.qc.ca\/wp-content\/uploads\/2018\/01\/icon-1549619_960_720-300x286.png 300w, https:\/\/bovin.qc.ca\/wp-content\/uploads\/2018\/01\/icon-1549619_960_720-134x128.png 134w, https:\/\/bovin.qc.ca\/wp-content\/uploads\/2018\/01\/icon-1549619_960_720.png 754w\" sizes=\"auto, (max-width: 53px) 100vw, 53px\" \/><\/p>\n<h4>Tuesday, February 3, 9:30 a.m.<\/h4>\n<p>&nbsp;<\/p>\n<p><img loading=\"lazy\" decoding=\"async\" class=\"wp-image-4662 alignleft\" src=\"https:\/\/bovin.qc.ca\/wp-content\/uploads\/2018\/01\/pin-308802_960_720-185x300.png\" alt=\"\" width=\"53\" height=\"86\" srcset=\"https:\/\/bovin.qc.ca\/wp-content\/uploads\/2018\/01\/pin-308802_960_720-185x300.png 185w, https:\/\/bovin.qc.ca\/wp-content\/uploads\/2018\/01\/pin-308802_960_720-79x128.png 79w, https:\/\/bovin.qc.ca\/wp-content\/uploads\/2018\/01\/pin-308802_960_720.png 444w\" sizes=\"auto, (max-width: 53px) 100vw, 53px\" \/><\/p>\n<h4><a href=\"https:\/\/www.google.ca\/maps\/place\/H%C3%B4tel+Universel\/@48.5502336,-71.6555952,17z\/data=!3m1!4b1!4m5!3m4!1s0x4cea76255ddd8cf5:0x4a68d97901be0b35!8m2!3d48.5502301!4d-71.6534065\" target=\"_blank\" rel=\"noopener\"><strong>H\u00f4tel Universel<\/strong><\/a><\/h4>\n<p>1000, boul. des Cascades Ouest, Alma (Qu\u00e9bec) G8B 3G4<\/p>\n<p>&nbsp;<\/p>\n<p style=\"text-align: left;\"><a href=\"#top\">Retour en haut<\/a><a id=\"CAPITALE\"><\/a><\/p>\n","protected":false},"excerpt":{"rendered":"<p>2026 REGIONAL ANNUAL GENERAL MEETINGS CALENDAR Note that only producers present on-site will be able to vote at the Regional Annual General Meetings.&nbsp; Date and location: click on your region\u2193 ABITIBI-T\u00c9MISCAMINGUE BAS-SAINT-LAURENT CAPITALE-NATIONALE\u2013C\u00d4TE-NORD CENTRE-DU-QU\u00c9BEC CHAUDI\u00c8RE-APPALACHES NORD CHAUDI\u00c8RE-APPALACHES-SUD ESTRIE GASP\u00c9SIE-LES \u00ceLES LANAUDI\u00c8RE MAURICIE MONT\u00c9R\u00c9GIE-EST MONT\u00c9R\u00c9GIE-OUEST OUTAOUAIS-LAURENTIDES SAGUENAY-LAC-SAINT-JEAN &nbsp; Retour en haut ABITIBI-T\u00c9MISCAMINGUE Wednesday, February 11, 1:00 [&#8230;]<\/p>\n","protected":false},"author":6,"featured_media":0,"parent":0,"menu_order":0,"comment_status":"closed","ping_status":"closed","template":"","meta":{"ngg_post_thumbnail":0,"footnotes":""},"class_list":["post-30123","page","type-page","status-publish","hentry"],"_links":{"self":[{"href":"https:\/\/bovin.qc.ca\/en\/wp-json\/wp\/v2\/pages\/30123","targetHints":{"allow":["GET"]}}],"collection":[{"href":"https:\/\/bovin.qc.ca\/en\/wp-json\/wp\/v2\/pages"}],"about":[{"href":"https:\/\/bovin.qc.ca\/en\/wp-json\/wp\/v2\/types\/page"}],"author":[{"embeddable":true,"href":"https:\/\/bovin.qc.ca\/en\/wp-json\/wp\/v2\/users\/6"}],"replies":[{"embeddable":true,"href":"https:\/\/bovin.qc.ca\/en\/wp-json\/wp\/v2\/comments?post=30123"}],"version-history":[{"count":6,"href":"https:\/\/bovin.qc.ca\/en\/wp-json\/wp\/v2\/pages\/30123\/revisions"}],"predecessor-version":[{"id":30395,"href":"https:\/\/bovin.qc.ca\/en\/wp-json\/wp\/v2\/pages\/30123\/revisions\/30395"}],"wp:attachment":[{"href":"https:\/\/bovin.qc.ca\/en\/wp-json\/wp\/v2\/media?parent=30123"}],"curies":[{"name":"wp","href":"https:\/\/api.w.org\/{rel}","templated":true}]}}