{"id":29618,"date":"2025-11-26T13:43:57","date_gmt":"2025-11-26T18:43:57","guid":{"rendered":"https:\/\/bovin.qc.ca\/?page_id=29618"},"modified":"2025-11-26T13:43:57","modified_gmt":"2025-11-26T18:43:57","slug":"stewardship-award","status":"publish","type":"page","link":"https:\/\/bovin.qc.ca\/en\/sustainable-cattle\/environment\/stewardship-award\/","title":{"rendered":"Stewardship award"},"content":{"rendered":"<h3 style=\"text-align: center;\"><a href=\"#A1\"><strong>The Environmental Stewardship Award \u2013 Quebec Section<\/strong><\/a><\/h3>\n<h3 style=\"text-align: center;\"><a href=\"#A2\"><strong>Prix Innoveau<\/strong><\/a><\/h3>\n<hr>\n<h4>&nbsp;<\/h4>\n<h1><strong>2026 edition<\/strong><\/h1>\n<p>There are recognition awards in cattle production: The Environmental Stewardship Award (TESA) \u2013 Quebec Section for the beef sector, and the Prix INNOVEAU for the veal sector.<\/p>\n<h3><strong>Additional Rewards <\/strong><\/h3>\n<p>PBQ is proud to announce that the winning farms of these two awards will receive $1,000 in financial support for agro-environmental consulting services. Through this initiative, PBQ aims to encourage producers to continue their outstanding work and to recognize their commitment to sustainability.<\/p>\n<p>Join us in large numbers!<\/p>\n<h3><a id=\"A1\"><\/a>Prix de l\u2019intendance environnementale (Environmental Stewarship Award) \u2013 Section Qu\u00e9bec<\/h3>\n<h4><img loading=\"lazy\" decoding=\"async\" class=\"aligncenter wp-image-19684\" src=\"https:\/\/bovin.qc.ca\/wp-content\/uploads\/2023\/09\/Logo-TESA-fr-quebec.png\" alt=\"\" width=\"200\" height=\"278\" srcset=\"https:\/\/bovin.qc.ca\/wp-content\/uploads\/2023\/09\/Logo-TESA-fr-quebec.png 1791w, https:\/\/bovin.qc.ca\/wp-content\/uploads\/2023\/09\/Logo-TESA-fr-quebec-216x300.png 216w, https:\/\/bovin.qc.ca\/wp-content\/uploads\/2023\/09\/Logo-TESA-fr-quebec-92x128.png 92w, https:\/\/bovin.qc.ca\/wp-content\/uploads\/2023\/09\/Logo-TESA-fr-quebec-1105x1536.png 1105w, https:\/\/bovin.qc.ca\/wp-content\/uploads\/2023\/09\/Logo-TESA-fr-quebec-1474x2048.png 1474w\" sizes=\"auto, (max-width: 200px) 100vw, 200px\" \/><\/h4>\n<h3>&nbsp;<\/h3>\n<p>Since 1996, The Environmental Stewardship Award (TESA) has been given each year at the national level to recognize cattle producers\u2019 leadership in conservation. Candidates from the different provinces are selected on the basis of their management practices, accomplishments, and future goals. The Quebec candidate has the privilege of representing the province at the Canadian Beef Industry Conference and becomes eligible to win the national award.<\/p>\n<p><strong>Quebec entered its first candidate in 2021.<\/strong><\/p>\n<p><span style=\"color: #0000ff;\"><a style=\"color: #0000ff;\" href=\"https:\/\/bovin.qc.ca\/wp-content\/uploads\/2025\/04\/Candidature-complete-A-lherbe-Prix-TESA-2025.pdf\" target=\"_blank\" rel=\"noopener\"><strong>Quebec selection 2025 \u2013 \u00c0 L\u2019HERBE! Bouvillons au p\u00e2turage<\/strong><\/a><\/span><\/p>\n<p><span style=\"color: #0000ff;\"><a style=\"color: #0000ff;\" href=\"https:\/\/bovin.qc.ca\/wp-content\/uploads\/2024\/08\/Candidature-complete-Ecoboeuf-2023.pdf\" target=\"_blank\" rel=\"noopener\"><strong>Quebec selection 2024 \u2013 \u00c9coboeuf<\/strong><\/a><\/span><\/p>\n<p><span style=\"color: #0000ff;\"><a style=\"color: #0000ff;\" href=\"https:\/\/bovin.qc.ca\/wp-content\/uploads\/2024\/05\/Dossier-Ferme-Sage-Francais.docx.pdf\" target=\"_blank\" rel=\"noopener\"><strong>Quebec selection 2023 \u2013 Ferme Sage<\/strong><\/a><\/span><\/p>\n<p><span style=\"color: #0000ff;\"><a style=\"color: #0000ff;\" href=\"https:\/\/bovin.qc.ca\/wp-content\/uploads\/2024\/05\/Andre-Ricard-candidature-TESA-2023.pdf\" target=\"_blank\" rel=\"noopener\"><strong>Quebec honourable mention 2023 \u2013 Ferme Ricard<\/strong><\/a><\/span><\/p>\n<p><span style=\"color: #0000ff;\"><a style=\"color: #0000ff;\" href=\"https:\/\/bovin.qc.ca\/wp-content\/uploads\/2024\/05\/Candidature-TESA-2022-Quebec-French.pdf\" target=\"_blank\" rel=\"noopener\"><strong>Quebec selection 2022 \u2013 Ferme Guayclair<\/strong><\/a><\/span><\/p>\n<p><span style=\"color: #0000ff;\"><a style=\"color: #0000ff;\" href=\"https:\/\/bovin.qc.ca\/wp-content\/uploads\/2021\/06\/Candidature-TESA-Quebec-French.pdf\" target=\"_blank\" rel=\"noopener\"><strong>Quebec selection 2021 \u2013 Brylee Farm<\/strong><\/a><\/span><\/p>\n<h4><strong>How to Submit Your Application<\/strong><\/h4>\n<p>All beef cattle producers in Quebec are eligible. Nominations are now open, and the application file must be submitted to the regional secretary of your cattle producers&#8217; union by January 5, 2026.<\/p>\n<p>Let me know if you&#8217;d like this adapted for a specific tone or audience\u2014formal, promotional, or something more community-oriented.<\/p>\n<p>Tous les producteurs de bovins de boucherie du Qu\u00e9bec sont admissibles. <strong>Les mises en candidatures sont ouvertes et le dossier doit \u00eatre remis <a href=\"https:\/\/bovin.qc.ca\/en\/contact-us\/\">au secr\u00e9taire r\u00e9gional de votre syndicat des producteurs de bovins<\/a> d&#8217;ici le 5 janvier 2026<\/strong>.<\/p>\n<p><strong><span style=\"color: #0000ff;\"><a href=\"https:\/\/bovin.qc.ca\/wp-content\/uploads\/2024\/08\/Prix-TESA-criteres-du-concours-15-aout-2024.pdf\" target=\"_blank\" rel=\"noopener\">Contest criteria <\/a>&nbsp;<\/span><\/strong><\/p>\n<p><strong><span style=\"color: #0000ff;\"><a href=\"https:\/\/bovin.qc.ca\/wp-content\/uploads\/2025\/09\/FORMULAIRE-MISE-EN-CANDIDATURE-Prix-TESA-17-septembre-2025.pdf\" target=\"_blank\" rel=\"noopener\">Application form <\/a>&nbsp;<\/span><\/strong><\/p>\n<p>The winner\u2019s name will be revealed at the annual general meeting of Qu\u00e9bec\u2019s cattle producers in March 2026.<\/p>\n<p><a href=\"#top\">Retour en haut<\/a><\/p>\n<hr>\n<h4><strong><img loading=\"lazy\" decoding=\"async\" class=\"wp-image-19454 aligncenter\" src=\"https:\/\/bovin.qc.ca\/wp-content\/uploads\/2023\/08\/LOGO_INNOVEAU_coul.jpg\" alt=\"\" width=\"259\" height=\"159\" srcset=\"https:\/\/bovin.qc.ca\/wp-content\/uploads\/2023\/08\/LOGO_INNOVEAU_coul.jpg 304w, https:\/\/bovin.qc.ca\/wp-content\/uploads\/2023\/08\/LOGO_INNOVEAU_coul-300x184.jpg 300w, https:\/\/bovin.qc.ca\/wp-content\/uploads\/2023\/08\/LOGO_INNOVEAU_coul-209x128.jpg 209w\" sizes=\"auto, (max-width: 259px) 100vw, 259px\" \/><\/strong><\/h4>\n<h3><strong>Prix Innoveau<\/strong><\/h3>\n<p><strong><a id=\"A2\"><\/a>Recognizing excellence in calf production<\/strong><\/p>\n<p>The PBQ created the Prix INNOVEAU to recognize veal producers\u2019 leadership in animal welfare, innovation, and conservation. Each year, the contest recognizes the excellence of a Quebec business that stands out for its ability to improve production efficiency and adopt climate change adaptation measures.<\/p>\n<p>The winner is selected on the basis of management practices, accomplishments, and objectives.<\/p>\n<p><span style=\"color: #0000ff;\"><a style=\"color: #0000ff;\" href=\"https:\/\/bovin.qc.ca\/wp-content\/uploads\/2025\/04\/Candidature-complete-Prix-INNOVEAU_Ferme-Deaunier.pdf\" target=\"_blank\" rel=\"noopener\"><strong>2025 winner \u2013 Ferme Deaunier inc.<\/strong><\/a><\/span><\/p>\n<p><span style=\"color: #0000ff;\"><a style=\"color: #0000ff;\" href=\"https:\/\/bovin.qc.ca\/wp-content\/uploads\/2024\/08\/FORMULAIRE-MISE-EN-CANDIDATURE-Prix-INNOVEAU.pdf\" target=\"_blank\" rel=\"noopener\"><strong>2024 winner \u2013 Ferme MAGI SENC.<\/strong><\/a><\/span><\/p>\n<p>&nbsp;<\/p>\n<h4><strong>How to Submit Your Application<\/strong><\/h4>\n<p>Tous les producteurs de veaux lourds du Qu\u00e9bec sont admissibles. <strong>Les mises en candidatures sont ouvertes et le dossier doit \u00eatre remis <a href=\"https:\/\/bovin.qc.ca\/en\/contact-us\/\">au secr\u00e9taire r\u00e9gional de votre syndicat des producteurs de bovins<\/a> d&#8217;ici le 5 janvier 2026<\/strong>.<\/p>\n<p><strong><span style=\"color: #0000ff;\"><a href=\"https:\/\/bovin.qc.ca\/wp-content\/uploads\/2023\/08\/Criteres-concours-INNOVEAU-27-juin-2023.pdf\" target=\"_blank\" rel=\"noopener\">Crit\u00e8re du concours<\/a>&nbsp;<\/span><\/strong><\/p>\n<p><strong><span style=\"color: #0000ff;\"><a href=\"https:\/\/bovin.qc.ca\/wp-content\/uploads\/2025\/09\/FORMULAIRE-MISE-EN-CANDIDATURE-Prix-INNOVEAU-17-sept-2025.pdf\" target=\"_blank\" rel=\"noopener\">Formulaire de mise en candidature<\/a>&nbsp;<\/span><\/strong><\/p>\n<p>Le nom du gagnant sera d\u00e9voil\u00e9 lors de l\u2019assembl\u00e9e g\u00e9n\u00e9rale annuelle des producteurs de bovins du Qu\u00e9bec en mars 2026.<\/p>\n<p>&nbsp;<\/p>\n<p><a href=\"#top\">Retour en haut<\/a><\/p>\n","protected":false},"excerpt":{"rendered":"<p>The Environmental Stewardship Award \u2013 Quebec Section Prix Innoveau &nbsp; 2026 edition There are recognition awards in cattle production: The Environmental Stewardship Award (TESA) \u2013 Quebec Section for the beef sector, and the Prix INNOVEAU for the veal sector. Additional Rewards PBQ is proud to announce that the winning farms of these two awards will [&#8230;]<\/p>\n","protected":false},"author":6,"featured_media":0,"parent":28832,"menu_order":0,"comment_status":"closed","ping_status":"closed","template":"","meta":{"ngg_post_thumbnail":0,"footnotes":""},"class_list":["post-29618","page","type-page","status-publish","hentry"],"_links":{"self":[{"href":"https:\/\/bovin.qc.ca\/en\/wp-json\/wp\/v2\/pages\/29618","targetHints":{"allow":["GET"]}}],"collection":[{"href":"https:\/\/bovin.qc.ca\/en\/wp-json\/wp\/v2\/pages"}],"about":[{"href":"https:\/\/bovin.qc.ca\/en\/wp-json\/wp\/v2\/types\/page"}],"author":[{"embeddable":true,"href":"https:\/\/bovin.qc.ca\/en\/wp-json\/wp\/v2\/users\/6"}],"replies":[{"embeddable":true,"href":"https:\/\/bovin.qc.ca\/en\/wp-json\/wp\/v2\/comments?post=29618"}],"version-history":[{"count":1,"href":"https:\/\/bovin.qc.ca\/en\/wp-json\/wp\/v2\/pages\/29618\/revisions"}],"predecessor-version":[{"id":29619,"href":"https:\/\/bovin.qc.ca\/en\/wp-json\/wp\/v2\/pages\/29618\/revisions\/29619"}],"up":[{"embeddable":true,"href":"https:\/\/bovin.qc.ca\/en\/wp-json\/wp\/v2\/pages\/28832"}],"wp:attachment":[{"href":"https:\/\/bovin.qc.ca\/en\/wp-json\/wp\/v2\/media?parent=29618"}],"curies":[{"name":"wp","href":"https:\/\/api.w.org\/{rel}","templated":true}]}}