{"id":2825,"date":"2016-10-02T20:18:29","date_gmt":"2016-10-03T00:18:29","guid":{"rendered":"https:\/\/bovin.qc.ca\/en\/la-minute-bovine-2\/2016-2\/infolettre-la-minute-bovine-octobre-2016\/"},"modified":"2016-10-11T12:31:55","modified_gmt":"2016-10-11T16:31:55","slug":"infolettre-la-minute-bovine-octobre-2016","status":"publish","type":"page","link":"https:\/\/bovin.qc.ca\/en\/la-minute-bovine-2\/2016-2\/infolettre-la-minute-bovine-octobre-2016\/","title":{"rendered":"Infolettre : La minute bovine &#8211; Octobre 2016"},"content":{"rendered":"<h4><span style=\"font-size: 32px;\">\u00a0<a id=\"minute-bovine\"><\/a>Infolettre : La minute <span style=\"font-size: 24pt;\">bovine<\/span> \u2013\u00a0Octobre 2016<\/span><\/h4>\n<ul>\n<li><a href=\"#programme-vbp\">Le Programme VBP change et devient le Programme VBP+<\/a><\/li>\n<li><a href=\"#congres-expo-boeuf\">Congr\u00e8s B\u0153uf et Expo-B\u0153uf les 7, 8 et 9 octobre 2016<\/a><\/li>\n<li><a href=\"#planier-avant-reformer\">D\u00e9pliant informatif <em>Planifier avant de r\u00e9former<\/em><\/a><\/li>\n<li><a href=\"#projet-pilote\">Projet-pilote de ventes par lots de veaux laitier<\/a><\/li>\n<li><a href=\"#bovins-integre-laterre\"><em>Bovins du Qu\u00e9bec<\/em> int\u00e9gr\u00e9 \u00e0 <em>La Terre de chez nous<\/em><\/a><\/li>\n<li><a href=\"#pratiques-recommandees\">Code de pratiques recommand\u00e9es pour les veaux, les travaux avancent<\/a><\/li>\n<li><a href=\"#pbq-upa\">Les PBQ jasent d&#8217;environnement avec l&#8217;UPA<\/a><\/li>\n<li><a href=\"#atelier-qualite\">Atelier sur la qualit\u00e9 et la conformation des veaux laitiers<\/a><\/li>\n<li><a href=\"#visites-fermes\">VGQC, les visites de fermes sont commenc\u00e9es<\/a><\/li>\n<li><a href=\"#portes-ouvertes\">Portes ouvertes de l&#8217;UPA<\/a><\/li>\n<\/ul>\n<h4>\u00a0<\/h4>\n<h4><span style=\"font-size: 12pt;\"><a id=\"programme-vbp\"><\/a>LE PROG<span style=\"font-size: 32px;\"><img loading=\"lazy\" decoding=\"async\" class=\"size-full wp-image-2752 alignleft\" src=\"https:\/\/bovin.qc.ca\/wp-content\/uploads\/2016\/09\/VBP.png\" alt=\"vbp\" width=\"123\" height=\"110\" \/><\/span>RAMME VBP CHANGE ET DEVIENT LE PROGRAMME VBP+<\/span><\/h4>\n<p>Au fil des ans, l\u2019industrie bovine et le march\u00e9 ont adopt\u00e9 des programmes de v\u00e9rification pour rassurer les consommateurs et faire en sorte qu\u2019ils sachent que les producteurs passent vraiment de la parole aux actes. L\u2019objectif de cette d\u00e9marche est d\u2019assurer une plus grande transparence et de r\u00e9tablir la confiance avec les consommateurs.<\/p>\n<p>Les pr\u00e9occupations des acheteurs portent sur une vari\u00e9t\u00e9 de sujets, notamment la salubrit\u00e9 des aliments, la sant\u00e9 et le bien-\u00eatre animal, ainsi que l\u2019environnement.<\/p>\n<p>En production bovine, on parle maintenant de produire du b\u0153uf durable et le programme VBP+ r\u00e9pond \u00e0 ce besoin. En plus de la salubrit\u00e9 des aliments, VBP+ contient les volets suivants\u00a0: bios\u00e9curit\u00e9, bien-\u00eatre animal et environnement. Il compl\u00e8te donc le programme VBP connu depuis une dizaine d\u2019ann\u00e9es.<\/p>\n<p>Le programme VBP+ sera le seul programme offert pour la production vache-veau et bouvillon d\u2019abattage. Pour en savoir plus, contactez Nathalie C\u00f4t\u00e9 au 450 679-0530, poste\u00a08460.<\/p>\n<p>Nathalie C\u00f4t\u00e9<\/p>\n<p style=\"text-align: justify;\"><a href=\"#minute-bovine\">Retour en haut<\/a><\/p>\n<hr \/>\n<h4><span style=\"font-size: 12pt;\"> <a id=\"congres-expo-boeuf\"><\/a>CONGR\u00c8S BOEUF ET EXPO-BOEUF LES 7, 8 ET 9 OCTOBRE 2016<\/span><\/h4>\n<p>C\u2019est le vendredi 7 octobre prochain, \u00e0 Victoriaville, qu\u2019aura lieu le Congr\u00e8s B\u0153uf\u00a02016 dans le cadre de l\u2019Expo-Boeuf. Le Congr\u00e8s d\u00e9butera \u00e0 11\u00a0h et un d\u00eener sera servi sur place au co\u00fbt de 20\u00a0$ pour les producteurs et les \u00e9tudiants. Les journ\u00e9es du samedi et du dimanche seront consacr\u00e9es aux jugements d\u2019animaux.<\/p>\n<p>Plusieurs conf\u00e9rences sur les th\u00e8mes de la bios\u00e9curit\u00e9 et du bien-\u00eatre animal sont au programme\u00a0:<\/p>\n<ul>\n<li>Manipulation efficace et s\u00e9curitaire des bovins\u00a0: utilisez leurs comportements \u00e0 votre avantage. Par Fr\u00e9d\u00e9ric Tremblay, D.M.V., Bureau v\u00e9t\u00e9rinaire Sainte-Marie-de-Beauce;<\/li>\n<li>La nouvelle Loi sur le bien-\u00eatre et la s\u00e9curit\u00e9 de l\u2019animal\u00a0: en quoi concerne-t-elle les producteurs de bovins du Qu\u00e9bec? Par H\u00e9l\u00e8ne Tr\u00e9panier, M.V.M. Sc., minist\u00e8re de l\u2019Agriculture, des P\u00eacheries et de l\u2019Alimentation;<span style=\"font-size: 32px;\"><img loading=\"lazy\" decoding=\"async\" class=\" wp-image-2745 alignright\" src=\"https:\/\/bovin.qc.ca\/wp-content\/uploads\/2016\/09\/Congr\u00e8s-Boeuf-2016.png\" alt=\"congres-boeuf-2016\" width=\"213\" height=\"159\" srcset=\"https:\/\/bovin.qc.ca\/wp-content\/uploads\/2016\/09\/Congr\u00e8s-Boeuf-2016.png 197w, https:\/\/bovin.qc.ca\/wp-content\/uploads\/2016\/09\/Congr\u00e8s-Boeuf-2016-172x128.png 172w\" sizes=\"auto, (max-width: 213px) 100vw, 213px\" \/><\/span><\/li>\n<li>Bien-\u00eatre animal, un sujet de l\u2019heure! Par Nathalie C\u00f4t\u00e9, agronome, Les Producteurs de bovins du Qu\u00e9bec;<\/li>\n<li><em>Salmonella<\/em> Dublin\u00a0: une opportunit\u00e9 de bios\u00e9curit\u00e9! Par R\u00e9mi Laplante, D.M.V., Les Producteurs de bovins du Qu\u00e9bec.<\/li>\n<\/ul>\n<p>Les r\u00e9sultats du concours des meilleurs vendeurs de veaux d\u2019embouche aux encans sp\u00e9cialis\u00e9s seront d\u00e9voil\u00e9s pendant le d\u00eener. Pour vous inscrire, veuillez communiquer avec le Centre de r\u00e9f\u00e9rence en agriculture et agroalimentaire du Qu\u00e9bec au\u00a01\u00a0888\u00a0535-2537.<\/p>\n<p>Nous esp\u00e9rons vous y voir en grand nombre!<\/p>\n<p>Eve Martin<\/p>\n<p><a href=\"#minute-bovine\">Retour en haut<\/a><\/p>\n<hr \/>\n<h4><span style=\"font-size: 12pt;\"> <a id=\"planier-avant-reformer\"><\/a>D\u00c9PLI<span style=\"font-size: 32px;\"><img loading=\"lazy\" decoding=\"async\" class=\" wp-image-2781 alignleft\" src=\"https:\/\/bovin.qc.ca\/wp-content\/uploads\/2016\/09\/D\u00e9pliant-BR-174x300.png\" alt=\"depliant-br\" width=\"125\" height=\"216\" srcset=\"https:\/\/bovin.qc.ca\/wp-content\/uploads\/2016\/09\/D\u00e9pliant-BR-174x300.png 174w, https:\/\/bovin.qc.ca\/wp-content\/uploads\/2016\/09\/D\u00e9pliant-BR-74x128.png 74w, https:\/\/bovin.qc.ca\/wp-content\/uploads\/2016\/09\/D\u00e9pliant-BR.png 1648w\" sizes=\"auto, (max-width: 125px) 100vw, 125px\" \/><\/span>ANT INFORMATIF <em>PLANIFIER AVANT DE R\u00c9FORMER\u00a0<\/em><\/span><\/h4>\n<p>L\u2019agence de vente des bovins de r\u00e9forme et veaux laitiers a pr\u00e9par\u00e9 un d\u00e9pliant informatif destin\u00e9 aux producteurs laitiers. Le document a pour objectif d\u2019assister le producteur dans la prise de d\u00e9cision, \u00e0 savoir si son bovin \u00e0 r\u00e9former est apte ou non au transport. Le d\u00e9pliant a \u00e9t\u00e9 distribu\u00e9 en encart dans l\u2019\u00e9dition d\u2019\u00e9t\u00e9 de la revue <em>Le producteur de lai<\/em><em>t qu\u00e9b\u00e9cois<\/em>, aux employ\u00e9s de Valacta et de l\u2019Agence canadienne d\u2019inspection des aliments, \u00e0 l\u2019Association des M\u00e9decins V\u00e9t\u00e9rinaires Praticiens du Qu\u00e9bec et aux encans. Un article sur la motricit\u00e9 des bovins de r\u00e9forme a aussi \u00e9t\u00e9 publi\u00e9 dans la revue <em>Le producteur de lait qu\u00e9b\u00e9cois<\/em> afin d\u2019accompagner et de faire la promotion de l\u2019encart.<\/p>\n<p>\u00a0Cliquez <a href=\"https:\/\/bovin.qc.ca\/wp-content\/uploads\/2016\/10\/Depliant-BR-v3.pdf\"><span style=\"text-decoration: underline;\"><strong>ici<\/strong><\/span><\/a> pour voir le d\u00e9pliant.<\/p>\n<p>Louis Blouin<\/p>\n<p><a href=\"#minute-bovine\">Retour en haut<\/a><\/p>\n<hr \/>\n<p style=\"text-align: justify;\"><span style=\"font-size: 12pt;\"><strong><a id=\"projet-pilote\"><\/a>PROJET-PILOTE DE VENTES PAR LOTS DE VEAUX LAITIER<\/strong><\/span><\/p>\n<p>Un projet-pilote de ventes par lots de veaux laitiers a commenc\u00e9 le 1<sup>er<\/sup> ao\u00fbt \u00e0 l\u2019encan du Bic en partenariat avec un acheteur. Le projet fait suite \u00e0 une entente intervenue avec les associations d\u2019encans afin de permettre la r\u00e9alisation du projet-pilote. Les donn\u00e9es seront recueillies pendant environ deux mois et seront \u00e9valu\u00e9es par la suite.<\/p>\n<p>Louis Blouin<\/p>\n<p><a href=\"#minute-bovine\">Retour en haut<\/a>\u00a0<span style=\"font-size: 32px;\"><img loading=\"lazy\" decoding=\"async\" class=\"wp-image-2789 alignright\" src=\"https:\/\/bovin.qc.ca\/wp-content\/uploads\/2016\/09\/Bovins-TCN-224x300.png\" alt=\"bovins-tcn\" width=\"222\" height=\"298\" srcset=\"https:\/\/bovin.qc.ca\/wp-content\/uploads\/2016\/09\/Bovins-TCN-224x300.png 224w, https:\/\/bovin.qc.ca\/wp-content\/uploads\/2016\/09\/Bovins-TCN-96x128.png 96w, https:\/\/bovin.qc.ca\/wp-content\/uploads\/2016\/09\/Bovins-TCN.png 335w\" sizes=\"auto, (max-width: 222px) 100vw, 222px\" \/><\/span><\/p>\n<hr \/>\n<h4 style=\"text-align: justify;\"><span style=\"font-size: 12pt;\"><em><a id=\"bovins-integre-laterre\"><\/a>BOVINS DU QU\u00c9BEC<\/em> INT\u00c9GR\u00c9 \u00c0\u00a0<em>LA TERRE DE CHEZ NOUS<\/em><\/span><\/h4>\n<p>Depuis juillet 2016, la revue <em>Bovins du Qu\u00e9bec<\/em> a \u00e9t\u00e9 remplac\u00e9e par une section sp\u00e9ciale int\u00e9gr\u00e9e \u00e0 m\u00eame le journal <em>La Terre de chez nous<\/em> (TCN).\u00a0 Pour consulter l\u2019\u00e9dition publi\u00e9e dans la TCN du 27 juillet 2016, cliquez <strong><a href=\"https:\/\/bovin.qc.ca\/wp-content\/uploads\/2016\/09\/BVNP_2016-07-27.pdf\" target=\"_blank\"><span style=\"text-decoration: underline;\">ici<\/span><\/a>.<\/strong>\u00a0<\/p>\n<p>Vous pouvez nous faire part de vos suggestions et commentaires en cliquant <a href=\"mailto:ncote@upa.qc.ca\"><strong><span style=\"text-decoration: underline;\">ici<\/span><\/strong><\/a><u>.<\/u><\/p>\n<p>Jos\u00e9e-Anne Desautels<\/p>\n<p style=\"text-align: justify;\"><a href=\"#minute-bovine\">Retour en haut<\/a><\/p>\n<hr \/>\n<h4><span style=\"font-size: 12pt;\"><a id=\"pratiques-recommandees\"><\/a>CODE DE PRATIQUES RECOMMAND\u00c9ES POUR LES VEAUX, LES TRAVAUX AVANCENT<\/span><\/h4>\n<p>Depuis l\u2019automne\u00a02014, un comit\u00e9 s\u2019active \u00e0 la mise \u00e0 jour du Code de pratiques recommand\u00e9es pour le soin et la manipulation des veaux lourds.<\/p>\n<p>Rappelons qu\u2019un code sert \u00e0 \u00e9tablir des lignes directrices fiables sur le bien-\u00eatre animal. Il est en quelque sorte un guide et agit comme outil de vulgarisation pour promouvoir de saines pratiques de soins aux animaux. Le code est aussi le fondement pour des programmes d\u2019\u00e9valuation des soins aux animaux. Finalement, le d\u00e9veloppement d\u2019un code est bas\u00e9 sur un processus cr\u00e9dible en tenant compte des plus r\u00e9centes informations scientifiques et avec la collaboration des acteurs de la production, des transformateurs, de la communaut\u00e9 v\u00e9t\u00e9rinaire et agronomique ainsi que des d\u00e9taillants, des gouvernements et des groupes de d\u00e9fense des animaux.<\/p>\n<p>Le code pour les veaux lourds couvrira la production de veaux de lait, veaux de grain, ainsi que la portion d\u00e9marrage de bouvillons laitiers. Comme tous les codes, il contiendra des exigences ainsi que des pratiques recommand\u00e9es.<\/p>\n<p>Les sujets abord\u00e9s dans le code seront les suivants\u00a0:<\/p>\n<ul>\n<li>La s\u00e9lection et les soins aux veaux nouvellement arriv\u00e9s<\/li>\n<li>Le logement<\/li>\n<li>L\u2019alimentation et l\u2019eau<\/li>\n<li>Les m\u00e9thodes d\u2019\u00e9levage<\/li>\n<li>La gestion de la sant\u00e9<\/li>\n<li>Le transport<\/li>\n<li>L\u2019euthanasie<\/li>\n<\/ul>\n<p>\u00c0\u00a0la fin\u00a02016, le code sera soumis pour consultation publique. La publication finale est pr\u00e9vue pour l\u2019automne\u00a02017.<\/p>\n<p>Nathalie C\u00f4t\u00e9<\/p>\n<p><a href=\"#minute-bovine\">Retour en haut<\/a><\/p>\n<hr \/>\n<h4><a id=\"pbq-upa\"><\/a>LES PBQ JASENT D&#8217;ENVIRONNEMENT AVEC L&#8217;UPA<span style=\"font-size: 32px;\"><img loading=\"lazy\" decoding=\"async\" class=\"wp-image-2802 alignright\" src=\"https:\/\/bovin.qc.ca\/wp-content\/uploads\/2016\/09\/PAY-20081017-036-300x109.jpg\" alt=\"pay-20081017-036\" width=\"410\" height=\"149\" srcset=\"https:\/\/bovin.qc.ca\/wp-content\/uploads\/2016\/09\/PAY-20081017-036-300x109.jpg 300w, https:\/\/bovin.qc.ca\/wp-content\/uploads\/2016\/09\/PAY-20081017-036-353x128.jpg 353w, https:\/\/bovin.qc.ca\/wp-content\/uploads\/2016\/09\/PAY-20081017-036.jpg 1982w\" sizes=\"auto, (max-width: 410px) 100vw, 410px\" \/><\/span><\/h4>\n<p>Le 30 ao\u00fbt dernier, M.\u00a0Michel Daigle, \u00e9lu responsable du dossier environnement, et Mme\u00a0Nathalie C\u00f4t\u00e9, professionnelle charg\u00e9e de l\u2019environnement pour les PBQ, rencontraient M.\u00a0Martin Caron, \u00e9lu \u00e0 l\u2019UPA responsable du dossier environnement ainsi que M.\u00a0Daniel Bernier, professionnel attitr\u00e9 au dossier.<\/p>\n<p>Ils ont discut\u00e9 des diff\u00e9rends avec le minist\u00e8re du D\u00e9veloppement durable, de l\u2019Environnement et de la Lutte contre les changements climatiques (MDDELCC) dans la m\u00e9thode de calcul des bilans phosphore en production bovine, des impacts substantiels de l\u2019application de l\u2019\u00e9coconditionnalit\u00e9 et de la charge \u00e9norme pour le producteur qui doit aller vers une \u00e9tude d\u2019impact.<\/p>\n<p>Cette mise au point a permis aux repr\u00e9sentants de l\u2019UPA de mieux comprendre la r\u00e9alit\u00e9 des producteurs de bovins et de pouvoir faire avancer les dossiers devant le MDDELCC.<\/p>\n<p>Nathalie C\u00f4t\u00e9<\/p>\n<p style=\"text-align: justify;\"><a href=\"#minute-bovine\">Retour en haut<\/a><\/p>\n<hr \/>\n<p style=\"text-align: justify;\"><span style=\"font-size: 12pt;\"><strong><a id=\"atelier-qualite\"><\/a>ATELIER SUR LA QUALIT\u00c9 E<\/strong><span style=\"font-size: 32px;\"><img loading=\"lazy\" decoding=\"async\" class=\" wp-image-2782 alignleft\" src=\"https:\/\/bovin.qc.ca\/wp-content\/uploads\/2016\/09\/Atelier-qualit\u00e9-300x175.png\" alt=\"atelier-qualite\" width=\"352\" height=\"205\" srcset=\"https:\/\/bovin.qc.ca\/wp-content\/uploads\/2016\/09\/Atelier-qualit\u00e9-300x175.png 300w, https:\/\/bovin.qc.ca\/wp-content\/uploads\/2016\/09\/Atelier-qualit\u00e9-220x128.png 220w, https:\/\/bovin.qc.ca\/wp-content\/uploads\/2016\/09\/Atelier-qualit\u00e9.png 790w\" sizes=\"auto, (max-width: 352px) 100vw, 352px\" \/><\/span><strong>T LA CONFORMATION DES VEAUX LAITIERS<\/strong><\/span><\/p>\n<p><strong>\u00a0<\/strong>Le 1<sup>er<\/sup> ao\u00fbt, les membres du comit\u00e9 de mise en march\u00e9 des bovins de r\u00e9forme ont suivi une formation sur la qualit\u00e9 et la conformation des veaux laitiers \u00e0 l\u2019encan au Bic. Le pr\u00e9sident des PBQ, le pr\u00e9sident du comit\u00e9 de mise en march\u00e9 des veaux de lait et les pr\u00e9sident et vice-pr\u00e9sident du comit\u00e9 de mise en march\u00e9 des veaux de grain ont aussi particip\u00e9 \u00e0 cette activit\u00e9.<\/p>\n<p>L\u2019objectif \u00e9tait d\u2019am\u00e9liorer les connaissances des administrateurs sur la commercialisation des veaux laitiers. Les participants ont ainsi pu apprendre \u00e0 regarder les veaux laitiers avec l\u2019\u0153il d\u2019un acheteur professionnel.<\/p>\n<p>Le 2 ao\u00fbt, les membres du comit\u00e9 ont ensuite fait un bilan de l\u2019activit\u00e9. Ils ont ainsi pu partager leur appr\u00e9ciation de l\u2019atelier et leur opinion sur la situation du commerce des veaux laitiers.<\/p>\n<p>Louis Blouin<\/p>\n<p><a href=\"#minute-bovine\">Retour en haut<\/a>\u00a0<\/p>\n<hr \/>\n<h4 style=\"text-align: justify;\"><span style=\"font-size: 12pt;\"><a id=\"visites-fermes\"><\/a>VGQC, LES VISITES DE FERMES SONT COMMENC\u00c9ES<\/span><\/h4>\n<p>En mars dernier, les producteurs de veaux de grain ont pris la d\u00e9cision de modifier leur cahier des charges et de le rendre obligatoire pour la mise en march\u00e9 des veaux de grain au Qu\u00e9bec.<\/p>\n<p>Afin d\u2019aider les producteurs \u00e0 implanter le programme Veau de grain du Qu\u00e9bec certifi\u00e9 (VGQC) sur leur ferme, un accompagnement est pr\u00e9vu. Ainsi, la firme Gestion Qualiterra a \u00e9t\u00e9 engag\u00e9e pour visiter les fermes et appuyer les producteurs dans leur transition vers le nouveau programme. Une vingtaine de visites se sont d\u00e9roul\u00e9es pendant l\u2019\u00e9t\u00e9 et 40 autres sont pr\u00e9vues d\u2019ici avril 2017.<\/p>\n<p>D\u2019autres visites d\u2019accompagnement auront lieu en 2017-2018 et 2018-2019.<\/p>\n<p>L\u2019\u00e9tape suivante consiste \u00e0 faire les visites d\u2019audit de conformit\u00e9. Celles-ci seront r\u00e9alis\u00e9es par un auditeur externe. Un plan de travail est en \u00e9laboration pour mener \u00e0 bien cette deuxi\u00e8me phase. Tous les producteurs seront bient\u00f4t inform\u00e9s des d\u00e9tails relatifs \u00e0 ce plan.<\/p>\n<p>Nathalie C\u00f4t\u00e9<\/p>\n<p style=\"text-align: justify;\"><a href=\"#minute-bovine\">Retour en haut<\/a><\/p>\n<hr \/>\n<p style=\"text-align: justify;\"><a id=\"portes-ouvertes\"><\/a><strong>PORTES OUVERTES DE L\u2019UPA<\/strong><span style=\"font-size: 32px;\"><img loading=\"lazy\" decoding=\"async\" class=\" wp-image-2783 alignright\" src=\"https:\/\/bovin.qc.ca\/wp-content\/uploads\/2016\/09\/\u00c9leveur-300x225.jpg\" alt=\"eleveur\" width=\"225\" height=\"169\" srcset=\"https:\/\/bovin.qc.ca\/wp-content\/uploads\/2016\/09\/\u00c9leveur-300x225.jpg 300w, https:\/\/bovin.qc.ca\/wp-content\/uploads\/2016\/09\/\u00c9leveur-171x128.jpg 171w, https:\/\/bovin.qc.ca\/wp-content\/uploads\/2016\/09\/\u00c9leveur.jpg 434w\" sizes=\"auto, (max-width: 225px) 100vw, 225px\" \/><\/span><\/p>\n<p>Pour une quatorzi\u00e8me ann\u00e9e cons\u00e9cutive, Les Producteurs de bovins du Qu\u00e9bec ont particip\u00e9 \u00e0 la journ\u00e9e Portes ouvertes sur les fermes du Qu\u00e9bec qui s\u2019est tenue le\u00a011\u00a0septembre dernier sur l\u2019ensemble du territoire qu\u00e9b\u00e9cois. Douze fermes bovines repr\u00e9sentant les cinq secteurs bovins (veau de grain, veau de lait, veau d\u2019embouche, bouvillon d\u2019abattage et bovin de r\u00e9forme et veau laitier) ont particip\u00e9 \u00e0 l\u2019\u00e9v\u00e8nement.<\/p>\n<p>Afin de s\u2019assurer d\u2019une saine gestion de la bios\u00e9curit\u00e9 lors de l\u2019\u00e9v\u00e8nement, des mesures ont \u00e9t\u00e9 prises par les fermes participantes, \u00e0 <span style=\"font-size: 32px;\"><img loading=\"lazy\" decoding=\"async\" class=\"wp-image-2785 alignleft\" src=\"https:\/\/bovin.qc.ca\/wp-content\/uploads\/2016\/09\/Lajoie-300x225.jpg\" alt=\"lajoie\" width=\"272\" height=\"204\" srcset=\"https:\/\/bovin.qc.ca\/wp-content\/uploads\/2016\/09\/Lajoie-300x225.jpg 300w, https:\/\/bovin.qc.ca\/wp-content\/uploads\/2016\/09\/Lajoie-171x128.jpg 171w, https:\/\/bovin.qc.ca\/wp-content\/uploads\/2016\/09\/Lajoie.jpg 428w\" sizes=\"auto, (max-width: 272px) 100vw, 272px\" \/><\/span>savoir\u00a0: affichage de consignes sur la bios\u00e9curit\u00e9, mise \u00e0 la disposition du public de distributeurs de d\u00e9sinfectant pour les mains, nettoyage des aires de circulation, isolement d\u2019animaux pr\u00e9sentant des signes de maladie, etc.<\/p>\n<p>Marie-Claude Dubuc<\/p>\n<p><strong>Photos : Ferme \u00c9levage du petit veau<\/strong><\/p>\n<p><a href=\"#minute-bovine\">Retour en haut<\/a>\u00a0<\/p>\n","protected":false},"excerpt":{"rendered":"<p>\u00a0Infolettre : La minute bovine \u2013\u00a0Octobre 2016 Le Programme VBP change et devient le Programme VBP+ Congr\u00e8s B\u0153uf et Expo-B\u0153uf les 7, 8 et 9 octobre 2016 D\u00e9pliant informatif Planifier avant de r\u00e9former Projet-pilote de ventes par lots de veaux laitier Bovins du Qu\u00e9bec int\u00e9gr\u00e9 \u00e0 La Terre de chez nous Code de pratiques recommand\u00e9es [&#8230;]<\/p>\n","protected":false},"author":6,"featured_media":0,"parent":2423,"menu_order":0,"comment_status":"closed","ping_status":"closed","template":"","meta":{"ngg_post_thumbnail":0,"footnotes":""},"class_list":["post-2825","page","type-page","status-publish","hentry"],"_links":{"self":[{"href":"https:\/\/bovin.qc.ca\/en\/wp-json\/wp\/v2\/pages\/2825","targetHints":{"allow":["GET"]}}],"collection":[{"href":"https:\/\/bovin.qc.ca\/en\/wp-json\/wp\/v2\/pages"}],"about":[{"href":"https:\/\/bovin.qc.ca\/en\/wp-json\/wp\/v2\/types\/page"}],"author":[{"embeddable":true,"href":"https:\/\/bovin.qc.ca\/en\/wp-json\/wp\/v2\/users\/6"}],"replies":[{"embeddable":true,"href":"https:\/\/bovin.qc.ca\/en\/wp-json\/wp\/v2\/comments?post=2825"}],"version-history":[{"count":4,"href":"https:\/\/bovin.qc.ca\/en\/wp-json\/wp\/v2\/pages\/2825\/revisions"}],"predecessor-version":[{"id":2854,"href":"https:\/\/bovin.qc.ca\/en\/wp-json\/wp\/v2\/pages\/2825\/revisions\/2854"}],"up":[{"embeddable":true,"href":"https:\/\/bovin.qc.ca\/en\/wp-json\/wp\/v2\/pages\/2423"}],"wp:attachment":[{"href":"https:\/\/bovin.qc.ca\/en\/wp-json\/wp\/v2\/media?parent=2825"}],"curies":[{"name":"wp","href":"https:\/\/api.w.org\/{rel}","templated":true}]}}