{"id":27256,"date":"2025-06-18T11:28:29","date_gmt":"2025-06-18T15:28:29","guid":{"rendered":"https:\/\/bovin.qc.ca\/?page_id=27256"},"modified":"2025-06-18T11:28:29","modified_gmt":"2025-06-18T15:28:29","slug":"2014-2","status":"publish","type":"page","link":"https:\/\/bovin.qc.ca\/en\/meetings\/2014-2\/","title":{"rendered":"2014"},"content":{"rendered":"<h2>Federation<\/h2>\n<h3>Annual meeting<\/h3>\n<p><a href=\"https:\/\/bovin.qc.ca\/wp-content\/uploads\/2016\/03\/Cahier-Assembl\u00e9es-g\u00e9n\u00e9rales-annuelles-r\u00e9gionales-2014.pdf\" target=\"_blank\" rel=\"noopener\">+ Cahier &#8211; Assembl\u00e9es g\u00e9n\u00e9rales annuelles r\u00e9gionales 2014<\/a><\/p>\n<p>+ Condens\u00e9 des r\u00e9solutions en s\u00e9ance pl\u00e9ni\u00e8re &#8211; avril 2014<\/p>\n<h2>&nbsp;<\/h2>\n","protected":false},"excerpt":{"rendered":"<p>Federation Annual meeting + Cahier &#8211; Assembl\u00e9es g\u00e9n\u00e9rales annuelles r\u00e9gionales 2014 + Condens\u00e9 des r\u00e9solutions en s\u00e9ance pl\u00e9ni\u00e8re &#8211; avril 2014 &nbsp;<\/p>\n","protected":false},"author":6,"featured_media":0,"parent":20581,"menu_order":0,"comment_status":"closed","ping_status":"closed","template":"","meta":{"ngg_post_thumbnail":0,"footnotes":""},"class_list":["post-27256","page","type-page","status-publish","hentry"],"_links":{"self":[{"href":"https:\/\/bovin.qc.ca\/en\/wp-json\/wp\/v2\/pages\/27256","targetHints":{"allow":["GET"]}}],"collection":[{"href":"https:\/\/bovin.qc.ca\/en\/wp-json\/wp\/v2\/pages"}],"about":[{"href":"https:\/\/bovin.qc.ca\/en\/wp-json\/wp\/v2\/types\/page"}],"author":[{"embeddable":true,"href":"https:\/\/bovin.qc.ca\/en\/wp-json\/wp\/v2\/users\/6"}],"replies":[{"embeddable":true,"href":"https:\/\/bovin.qc.ca\/en\/wp-json\/wp\/v2\/comments?post=27256"}],"version-history":[{"count":1,"href":"https:\/\/bovin.qc.ca\/en\/wp-json\/wp\/v2\/pages\/27256\/revisions"}],"predecessor-version":[{"id":27257,"href":"https:\/\/bovin.qc.ca\/en\/wp-json\/wp\/v2\/pages\/27256\/revisions\/27257"}],"up":[{"embeddable":true,"href":"https:\/\/bovin.qc.ca\/en\/wp-json\/wp\/v2\/pages\/20581"}],"wp:attachment":[{"href":"https:\/\/bovin.qc.ca\/en\/wp-json\/wp\/v2\/media?parent=27256"}],"curies":[{"name":"wp","href":"https:\/\/api.w.org\/{rel}","templated":true}]}}