{"id":27248,"date":"2025-06-18T11:25:50","date_gmt":"2025-06-18T15:25:50","guid":{"rendered":"https:\/\/bovin.qc.ca\/?page_id=27248"},"modified":"2025-06-18T11:26:08","modified_gmt":"2025-06-18T15:26:08","slug":"2015-2","status":"publish","type":"page","link":"https:\/\/bovin.qc.ca\/en\/meetings\/2015-2\/","title":{"rendered":"2015"},"content":{"rendered":"<h2>Federation<\/h2>\n<h3>Annual meeting<\/h3>\n<p><a href=\"https:\/\/bovin.qc.ca\/wp-content\/uploads\/2016\/03\/Cahier-Assembl\u00e9es-g\u00e9n\u00e9rales-annuelles-r\u00e9gionales-2015.pdf\" target=\"_blank\" rel=\"noopener\">+ Cahier &#8211; Assembl\u00e9es g\u00e9n\u00e9rales annuelles r\u00e9gionales 2015<\/a><\/p>\n<p><a href=\"https:\/\/bovin.qc.ca\/wp-content\/uploads\/2016\/03\/Condens\u00e9-des-r\u00e9solutions-en-s\u00e9ance-pl\u00e9ni\u00e8re-avril-2015.pdf\" target=\"_blank\" rel=\"noopener\">+ Resolutions in plenary session \u2013 Annual General Meeting 2015<\/a><\/p>\n<h3>Annual report<\/h3>\n<p><a href=\"https:\/\/bovin.qc.ca\/wp-content\/uploads\/2016\/03\/Annual-report-2014.pdf\" rel=\"\">+ Annual report 2014<\/a><\/p>\n<h2>&nbsp;<\/h2>\n","protected":false},"excerpt":{"rendered":"<p>Federation Annual meeting + Cahier &#8211; Assembl\u00e9es g\u00e9n\u00e9rales annuelles r\u00e9gionales 2015 + Resolutions in plenary session \u2013 Annual General Meeting 2015 Annual report + Annual report 2014 &nbsp;<\/p>\n","protected":false},"author":6,"featured_media":0,"parent":20581,"menu_order":0,"comment_status":"closed","ping_status":"closed","template":"","meta":{"ngg_post_thumbnail":0,"footnotes":""},"class_list":["post-27248","page","type-page","status-publish","hentry"],"_links":{"self":[{"href":"https:\/\/bovin.qc.ca\/en\/wp-json\/wp\/v2\/pages\/27248","targetHints":{"allow":["GET"]}}],"collection":[{"href":"https:\/\/bovin.qc.ca\/en\/wp-json\/wp\/v2\/pages"}],"about":[{"href":"https:\/\/bovin.qc.ca\/en\/wp-json\/wp\/v2\/types\/page"}],"author":[{"embeddable":true,"href":"https:\/\/bovin.qc.ca\/en\/wp-json\/wp\/v2\/users\/6"}],"replies":[{"embeddable":true,"href":"https:\/\/bovin.qc.ca\/en\/wp-json\/wp\/v2\/comments?post=27248"}],"version-history":[{"count":2,"href":"https:\/\/bovin.qc.ca\/en\/wp-json\/wp\/v2\/pages\/27248\/revisions"}],"predecessor-version":[{"id":27250,"href":"https:\/\/bovin.qc.ca\/en\/wp-json\/wp\/v2\/pages\/27248\/revisions\/27250"}],"up":[{"embeddable":true,"href":"https:\/\/bovin.qc.ca\/en\/wp-json\/wp\/v2\/pages\/20581"}],"wp:attachment":[{"href":"https:\/\/bovin.qc.ca\/en\/wp-json\/wp\/v2\/media?parent=27248"}],"curies":[{"name":"wp","href":"https:\/\/api.w.org\/{rel}","templated":true}]}}