{"id":27233,"date":"2025-06-18T11:18:46","date_gmt":"2025-06-18T15:18:46","guid":{"rendered":"https:\/\/bovin.qc.ca\/?page_id=27233"},"modified":"2025-06-18T11:20:46","modified_gmt":"2025-06-18T15:20:46","slug":"2016-2","status":"publish","type":"page","link":"https:\/\/bovin.qc.ca\/en\/meetings\/2016-2\/","title":{"rendered":"2016"},"content":{"rendered":"<h2>Federation<\/h2>\n<h4>Annual General Meeting<\/h4>\n<p><a href=\"https:\/\/bovin.qc.ca\/wp-content\/uploads\/2019\/06\/Cahier-AGA-Avril-2016.pdf\" target=\"_blank\" rel=\"noopener\">+ Cahier de l&#8217;AGA &#8211; 2016<\/a><\/p>\n<p><a href=\"https:\/\/bovin.qc.ca\/wp-content\/uploads\/2018\/04\/Condens\u00e9-s\u00e9cance-pl\u00e9ni\u00e8re-2016.pdf\" target=\"_blank\" rel=\"noopener\">+ Resolutions in plenary session \u2013 Annual General Meeting 2016<\/a><\/p>\n<p><a href=\"https:\/\/bovin.qc.ca\/wp-content\/uploads\/2024\/08\/BOV015_Etats-financiers_v4-2015.pdf\" target=\"_blank\" rel=\"noopener\">+ \u00c9tats financiers 2015<\/a><\/p>\n<h4>Annual Regional Meetings<\/h4>\n<p><a href=\"https:\/\/bovin.qc.ca\/wp-content\/uploads\/2019\/06\/Cahier-AGR-2016.pdf\" target=\"_blank\" rel=\"noopener\">+ Cahier AGR &#8211; 2016<\/a><\/p>\n","protected":false},"excerpt":{"rendered":"<p>Federation Annual General Meeting + Cahier de l&#8217;AGA &#8211; 2016 + Resolutions in plenary session \u2013 Annual General Meeting 2016 + \u00c9tats financiers 2015 Annual Regional Meetings + Cahier AGR &#8211; 2016<\/p>\n","protected":false},"author":6,"featured_media":0,"parent":20581,"menu_order":0,"comment_status":"closed","ping_status":"closed","template":"","meta":{"ngg_post_thumbnail":0,"footnotes":""},"class_list":["post-27233","page","type-page","status-publish","hentry"],"_links":{"self":[{"href":"https:\/\/bovin.qc.ca\/en\/wp-json\/wp\/v2\/pages\/27233","targetHints":{"allow":["GET"]}}],"collection":[{"href":"https:\/\/bovin.qc.ca\/en\/wp-json\/wp\/v2\/pages"}],"about":[{"href":"https:\/\/bovin.qc.ca\/en\/wp-json\/wp\/v2\/types\/page"}],"author":[{"embeddable":true,"href":"https:\/\/bovin.qc.ca\/en\/wp-json\/wp\/v2\/users\/6"}],"replies":[{"embeddable":true,"href":"https:\/\/bovin.qc.ca\/en\/wp-json\/wp\/v2\/comments?post=27233"}],"version-history":[{"count":2,"href":"https:\/\/bovin.qc.ca\/en\/wp-json\/wp\/v2\/pages\/27233\/revisions"}],"predecessor-version":[{"id":27235,"href":"https:\/\/bovin.qc.ca\/en\/wp-json\/wp\/v2\/pages\/27233\/revisions\/27235"}],"up":[{"embeddable":true,"href":"https:\/\/bovin.qc.ca\/en\/wp-json\/wp\/v2\/pages\/20581"}],"wp:attachment":[{"href":"https:\/\/bovin.qc.ca\/en\/wp-json\/wp\/v2\/media?parent=27233"}],"curies":[{"name":"wp","href":"https:\/\/api.w.org\/{rel}","templated":true}]}}