{"id":27203,"date":"2025-06-18T11:00:20","date_gmt":"2025-06-18T15:00:20","guid":{"rendered":"https:\/\/bovin.qc.ca\/?page_id=27203"},"modified":"2025-06-18T11:00:20","modified_gmt":"2025-06-18T15:00:20","slug":"2019-2","status":"publish","type":"page","link":"https:\/\/bovin.qc.ca\/en\/meetings\/2019-2\/","title":{"rendered":"2019"},"content":{"rendered":"<h2>F\u00e9d\u00e9ration<\/h2>\n<h4>Annual General Meeting<\/h4>\n<p><a href=\"https:\/\/bovin.qc.ca\/wp-content\/uploads\/2019\/06\/Cahier-AGA-Avril-2019.pdf\" target=\"_blank\" rel=\"noopener\">+ Cahier de l&#8217;AGA &#8211; Avril 2019<\/a><\/p>\n<p><a href=\"https:\/\/bovin.qc.ca\/wp-content\/uploads\/2019\/04\/Condens\u00e9-R\u00e9solutions-s\u00e9ance-pl\u00e9ni\u00e8re-2019.pdf\" target=\"_blank\" rel=\"noopener\">+ Condens\u00e9 des r\u00e9solutions en s\u00e9ance de pl\u00e9ni\u00e8re &#8211; Avril 2019<\/a><\/p>\n<p><a href=\"https:\/\/bovin.qc.ca\/wp-content\/uploads\/2019\/04\/R\u00e9solutionsAGS-BA.pdf\" target=\"_blank\" rel=\"noopener\">+ Condens\u00e9 des r\u00e9solutions &#8211; secteur bouvillon d&#8217;abattage &#8211; Avril 2019<\/a><\/p>\n<p><a href=\"https:\/\/bovin.qc.ca\/wp-content\/uploads\/2019\/04\/R\u00e9solutions-atelier-BR-1.pdf\" target=\"_blank\" rel=\"noopener\">+ Condens\u00e9 des r\u00e9solutions &#8211; secteur bovin de r\u00e9forme et veau laitier &#8211; Avril 2019<\/a><\/p>\n<p><a href=\"https:\/\/bovin.qc.ca\/wp-content\/uploads\/2019\/04\/R\u00e9solutions-atelier-VG.pdf\" target=\"_blank\" rel=\"noopener\">+ Condens\u00e9 des r\u00e9solutions &#8211; secteur veau de grain &#8211; Avril 2019<\/a><\/p>\n<p><a href=\"https:\/\/bovin.qc.ca\/wp-content\/uploads\/2019\/04\/R\u00e9solutions-atelier-VL.pdf\" target=\"_blank\" rel=\"noopener\">+ Condens\u00e9 des r\u00e9solutions &#8211; secteur veau de lait &#8211; Avril 2019<\/a><\/p>\n<p><a href=\"https:\/\/bovin.qc.ca\/wp-content\/uploads\/2019\/04\/R\u00e9solutions-atelier-VE.pdf\" target=\"_blank\" rel=\"noopener\">+ Condens\u00e9 des r\u00e9solutions &#8211; secteur veau d&#8217;embouche &#8211; Avril 2019<\/a><\/p>\n<p><a href=\"https:\/\/bovin.qc.ca\/wp-content\/uploads\/2024\/08\/Etatsfinanciers2018_FINAL.pdf\" target=\"_blank\" rel=\"noopener\">+ \u00c9tats financiers 2018<\/a>&nbsp;<\/p>\n<h4>Annual Regional Meeting<\/h4>\n<p><a href=\"https:\/\/bovin.qc.ca\/wp-content\/uploads\/2019\/06\/Cahier-AGR-2019.pdf\" target=\"_blank\" rel=\"noopener\">+ Cahier AGR &#8211; 2019<\/a><\/p>\n<p>&nbsp;<\/p>\n","protected":false},"excerpt":{"rendered":"<p>F\u00e9d\u00e9ration Annual General Meeting + Cahier de l&#8217;AGA &#8211; Avril 2019 + Condens\u00e9 des r\u00e9solutions en s\u00e9ance de pl\u00e9ni\u00e8re &#8211; Avril 2019 + Condens\u00e9 des r\u00e9solutions &#8211; secteur bouvillon d&#8217;abattage &#8211; Avril 2019 + Condens\u00e9 des r\u00e9solutions &#8211; secteur bovin de r\u00e9forme et veau laitier &#8211; Avril 2019 + Condens\u00e9 des r\u00e9solutions &#8211; secteur veau [&#8230;]<\/p>\n","protected":false},"author":6,"featured_media":0,"parent":20581,"menu_order":0,"comment_status":"closed","ping_status":"closed","template":"","meta":{"ngg_post_thumbnail":0,"footnotes":""},"class_list":["post-27203","page","type-page","status-publish","hentry"],"_links":{"self":[{"href":"https:\/\/bovin.qc.ca\/en\/wp-json\/wp\/v2\/pages\/27203","targetHints":{"allow":["GET"]}}],"collection":[{"href":"https:\/\/bovin.qc.ca\/en\/wp-json\/wp\/v2\/pages"}],"about":[{"href":"https:\/\/bovin.qc.ca\/en\/wp-json\/wp\/v2\/types\/page"}],"author":[{"embeddable":true,"href":"https:\/\/bovin.qc.ca\/en\/wp-json\/wp\/v2\/users\/6"}],"replies":[{"embeddable":true,"href":"https:\/\/bovin.qc.ca\/en\/wp-json\/wp\/v2\/comments?post=27203"}],"version-history":[{"count":1,"href":"https:\/\/bovin.qc.ca\/en\/wp-json\/wp\/v2\/pages\/27203\/revisions"}],"predecessor-version":[{"id":27204,"href":"https:\/\/bovin.qc.ca\/en\/wp-json\/wp\/v2\/pages\/27203\/revisions\/27204"}],"up":[{"embeddable":true,"href":"https:\/\/bovin.qc.ca\/en\/wp-json\/wp\/v2\/pages\/20581"}],"wp:attachment":[{"href":"https:\/\/bovin.qc.ca\/en\/wp-json\/wp\/v2\/media?parent=27203"}],"curies":[{"name":"wp","href":"https:\/\/api.w.org\/{rel}","templated":true}]}}