{"id":26825,"date":"2025-05-26T13:40:02","date_gmt":"2025-05-26T17:40:02","guid":{"rendered":"https:\/\/bovin.qc.ca\/?page_id=26825"},"modified":"2025-05-26T13:40:02","modified_gmt":"2025-05-26T17:40:02","slug":"2020-2","status":"publish","type":"page","link":"https:\/\/bovin.qc.ca\/en\/meetings\/2020-2\/","title":{"rendered":"2020"},"content":{"rendered":"<h2>Federation<\/h2>\n<h4>Annual General Meeting&nbsp; 2020 \u2013 <em>Plan conjoint&nbsp;<\/em><\/h4>\n<p><a href=\"https:\/\/bovin.qc.ca\/wp-content\/uploads\/2020\/07\/R\u00e8gles-de-proc\u00e9dure-AGA-virtuelle.pdf\" target=\"_blank\" rel=\"noopener\">+ R\u00e8gles de proc\u00e9dures de l&#8217;AGA virtuelle <\/a>(in French only)<\/p>\n<p><a href=\"https:\/\/bovin.qc.ca\/wp-content\/uploads\/2020\/07\/Invitation-and-Agenda.pdf\" target=\"_blank\" rel=\"noopener\">+ Notice of Meeting and Agenda<\/a><\/p>\n<p><a href=\"https:\/\/bovin.qc.ca\/wp-content\/uploads\/2020\/07\/PV-avec-suivis-AGA-PC-3-et-4-avril-2019.pdf\">+ Proc\u00e8s-verbal des 3 et 4 avril 2019<\/a> (in French only)<\/p>\n<p><a href=\"https:\/\/bovin.qc.ca\/wp-content\/uploads\/2020\/06\/Rapport-annuel-des-activites-EN.pdf\" target=\"_blank\" rel=\"noopener\">+ 2019 Annual Report of Activities<\/a><\/p>\n<p><a href=\"https:\/\/bovin.qc.ca\/wp-content\/uploads\/2024\/08\/Etats-financiers-2019.pdf\" target=\"_blank\" rel=\"noopener\">+ \u00c9tats financiers 2019 <\/a>(in French only)<\/p>\n<p><a href=\"https:\/\/bovin.qc.ca\/wp-content\/uploads\/2020\/07\/Budget-2020-Fonds-garantie-de-paiement.pdf\" target=\"_blank\" rel=\"noopener\">+ Budget 2020 du Fonds de garantie de paiement<\/a> (in French only)<\/p>\n<p><a href=\"https:\/\/bovin.qc.ca\/wp-content\/uploads\/2020\/07\/Modification-R\u00e8glement-sur-les-contributions.pdf\">+ R\u00e8glement pr\u00e9cisant les cat\u00e9gories bovines et modifiant les contributions de base dans le R\u00e8glement sur les contributions des producteurs de bovins <\/a>(in French only)<\/p>\n<h4>Annual General Meeting \u2013 Syndicates<em>&nbsp;<\/em><\/h4>\n<p><a href=\"https:\/\/bovin.qc.ca\/wp-content\/uploads\/2020\/07\/R\u00e8gles-de-proc\u00e9dure-AGA-virtuelle.pdf\">+ R\u00e8gles de proc\u00e9dure de l&#8217;AGA virtuelle <\/a>(in French only)<\/p>\n<p><a href=\"https:\/\/bovin.qc.ca\/wp-content\/uploads\/2020\/07\/PV-AGA-syndicale-4-avril-2019.pdf\" target=\"_blank\" rel=\"noopener\">+ Proc\u00e8s-verbal du 4 avril 2019 <\/a>(in French only)<\/p>\n<p><a href=\"https:\/\/bovin.qc.ca\/wp-content\/uploads\/2020\/06\/Rapport-annuel-des-activites-EN.pdf\" target=\"_blank\" rel=\"noopener\">+ 2019 Annual Report of Activities<\/a><\/p>\n<h4>Regional General Meetings<\/h4>\n<p><a id=\"asra\"><\/a><a href=\"https:\/\/bovin.qc.ca\/wp-content\/uploads\/2020\/02\/BOV047_document-AGR_WEB_compressed.pdf\" target=\"_blank\" rel=\"noopener\">+ Cahier AGR &#8211; 2020 <\/a>(in French only)<\/p>\n<h2>&nbsp;<\/h2>\n","protected":false},"excerpt":{"rendered":"<p>Federation Annual General Meeting&nbsp; 2020 \u2013 Plan conjoint&nbsp; + R\u00e8gles de proc\u00e9dures de l&#8217;AGA virtuelle (in French only) + Notice of Meeting and Agenda + Proc\u00e8s-verbal des 3 et 4 avril 2019 (in French only) + 2019 Annual Report of Activities + \u00c9tats financiers 2019 (in French only) + Budget 2020 du Fonds de garantie [&#8230;]<\/p>\n","protected":false},"author":6,"featured_media":0,"parent":20581,"menu_order":0,"comment_status":"closed","ping_status":"closed","template":"","meta":{"ngg_post_thumbnail":0,"footnotes":""},"class_list":["post-26825","page","type-page","status-publish","hentry"],"_links":{"self":[{"href":"https:\/\/bovin.qc.ca\/en\/wp-json\/wp\/v2\/pages\/26825","targetHints":{"allow":["GET"]}}],"collection":[{"href":"https:\/\/bovin.qc.ca\/en\/wp-json\/wp\/v2\/pages"}],"about":[{"href":"https:\/\/bovin.qc.ca\/en\/wp-json\/wp\/v2\/types\/page"}],"author":[{"embeddable":true,"href":"https:\/\/bovin.qc.ca\/en\/wp-json\/wp\/v2\/users\/6"}],"replies":[{"embeddable":true,"href":"https:\/\/bovin.qc.ca\/en\/wp-json\/wp\/v2\/comments?post=26825"}],"version-history":[{"count":1,"href":"https:\/\/bovin.qc.ca\/en\/wp-json\/wp\/v2\/pages\/26825\/revisions"}],"predecessor-version":[{"id":26826,"href":"https:\/\/bovin.qc.ca\/en\/wp-json\/wp\/v2\/pages\/26825\/revisions\/26826"}],"up":[{"embeddable":true,"href":"https:\/\/bovin.qc.ca\/en\/wp-json\/wp\/v2\/pages\/20581"}],"wp:attachment":[{"href":"https:\/\/bovin.qc.ca\/en\/wp-json\/wp\/v2\/media?parent=26825"}],"curies":[{"name":"wp","href":"https:\/\/api.w.org\/{rel}","templated":true}]}}