{"id":26818,"date":"2025-05-26T13:35:50","date_gmt":"2025-05-26T17:35:50","guid":{"rendered":"https:\/\/bovin.qc.ca\/?page_id=26818"},"modified":"2025-05-26T13:35:50","modified_gmt":"2025-05-26T17:35:50","slug":"2021-2","status":"publish","type":"page","link":"https:\/\/bovin.qc.ca\/en\/meetings\/2021-2\/","title":{"rendered":"2021"},"content":{"rendered":"<h2 style=\"text-align: center;\"><strong>ANNUAL GENERAL MEETING <\/strong><strong>2021 <\/strong><\/h2>\n<h2>Federation<\/h2>\n<h4>Annual General Meeting 2021 \u2013 <em>Plan conjoint&nbsp;<\/em><\/h4>\n<p><strong><a href=\"https:\/\/bovin.qc.ca\/wp-content\/uploads\/2021\/03\/Regles-procedure-AGA-virtuelle_2021.pdf\" target=\"_blank\" rel=\"noopener\">+ R\u00e8gles de proc\u00e9dures de l\u2019AGA virtuelle&nbsp;<\/a><\/strong>(in French only)<\/p>\n<p><strong><a href=\"https:\/\/bovin.qc.ca\/wp-content\/uploads\/2021\/03\/Plan_conjoint_Avis_convocation_EN-1.pdf\" target=\"_blank\" rel=\"noopener\">+ Notice of Meeting and Agenda<\/a><\/strong><\/p>\n<p><strong><a href=\"https:\/\/bovin.qc.ca\/wp-content\/uploads\/2021\/03\/PV_AGA_PC_8_septembre_2020.pdf\" target=\"_blank\" rel=\"noopener\">+ Proc\u00e8s-verbal du 8 septembre 2020&nbsp;<\/a><\/strong>(in French only)<\/p>\n<p><a href=\"https:\/\/bovin.qc.ca\/wp-content\/uploads\/2021\/03\/Cahier-AGA-2021-web.pdf\" target=\"_blank\" rel=\"noopener\"><strong>+ Cahier AGA<\/strong> (in French only)<\/a><\/p>\n<p><a href=\"https:\/\/bovin.qc.ca\/wp-content\/uploads\/2021\/03\/Cahier-R\u00e9solutions-secteurs-et-pl\u00e9ni\u00e8re-AGA-2021-PBQ-2.pdf\" target=\"_blank\" rel=\"noopener\"><strong>+ R\u00e9solutions secteurs et pl\u00e9ni\u00e8re<\/strong><\/a>&nbsp;(in French only)<\/p>\n<p><a href=\"https:\/\/bovin.qc.ca\/wp-content\/uploads\/2021\/03\/RA_ENG_2021.pdf\" target=\"_blank\" rel=\"noopener\"><strong>+ 2020 Annual Report of Activities<\/strong><\/a><\/p>\n<p><a href=\"https:\/\/bovin.qc.ca\/wp-content\/uploads\/2024\/08\/BOV050_Etats-financiers-2020_WEB.pdf\" target=\"_blank\" rel=\"noopener\"><strong>+ \u00c9tats financiers 2020&nbsp;<\/strong><\/a>(in French only)<\/p>\n<h4>Annual General Meeting \u2013 Syndicates<em>&nbsp;<\/em><\/h4>\n<p><strong><a href=\"https:\/\/bovin.qc.ca\/wp-content\/uploads\/2021\/03\/Regles_de_procedure_AGA_virtuelle.pdf\" target=\"_blank\" rel=\"noopener\">+ R\u00e8gles de proc\u00e9dure de l\u2019AGA virtuelle&nbsp;<\/a><\/strong>(in French only)<\/p>\n<p><strong><a style=\"font-style: inherit;\" href=\"https:\/\/bovin.qc.ca\/wp-content\/uploads\/2021\/03\/Avis_convocation.pdf\" target=\"_blank\" rel=\"noopener\">+ Notice of Meeting and Agenda&nbsp;<\/a><\/strong>(in French only)<\/p>\n<p><strong><a href=\"https:\/\/bovin.qc.ca\/wp-content\/uploads\/2021\/03\/PV_AGA_Fed\u00e9ration-8-septembre-2020.pdf\">+ Proc\u00e8s-verbal 8 septembre 2020&nbsp;<\/a><\/strong>(in French only)<\/p>\n<p><a href=\"https:\/\/bovin.qc.ca\/wp-content\/uploads\/2021\/03\/RA_ENG_2021.pdf\" target=\"_blank\" rel=\"noopener\"><strong>+ 2020 Annual Report of Activities<\/strong><\/a><\/p>\n<h4>Regional General Meetings<\/h4>\n<p><strong><a href=\"https:\/\/bovin.qc.ca\/wp-content\/uploads\/2021\/02\/AGR2021_cahier-complet.pdf\" target=\"_blank\" rel=\"noopener\">+ Document d\u2019assembl\u00e9es g\u00e9n\u00e9rales annuelles r\u00e9gionales \u2013 F\u00e9vrier 2021<\/a><\/strong><\/p>\n<p><strong><a href=\"https:\/\/bovin.qc.ca\/wp-content\/uploads\/2021\/01\/AGR2021_BA.pdf\" target=\"_blank\" rel=\"noopener\">+ Atelier des producteurs de bouvillons d\u2019abattage<\/a><\/strong><\/p>\n<p><strong><a href=\"https:\/\/bovin.qc.ca\/wp-content\/uploads\/2021\/01\/AGR2021_BR.pdf\" target=\"_blank\" rel=\"noopener\">+ Atelier des producteurs de bovins de r\u00e9forme et veaux laitiers<\/a><\/strong><\/p>\n<p><strong><a href=\"https:\/\/bovin.qc.ca\/wp-content\/uploads\/2021\/01\/AGR2021_VE.pdf\" target=\"_blank\" rel=\"noopener\">+ Atelier des producteurs de veaux d\u2019embouche<\/a><\/strong><\/p>\n<p><strong><a href=\"https:\/\/bovin.qc.ca\/wp-content\/uploads\/2021\/01\/AGR2021_VG.pdf\" target=\"_blank\" rel=\"noopener\">+ Atelier des producteurs de veaux de grain<\/a><\/strong><\/p>\n<p><strong><a href=\"https:\/\/bovin.qc.ca\/wp-content\/uploads\/2021\/01\/AGR2021_VL.pdf\" target=\"_blank\" rel=\"noopener\">+ Atelier des producteurs de veaux de lait<\/a><\/strong><\/p>\n<h2>&nbsp;<\/h2>\n","protected":false},"excerpt":{"rendered":"<p>ANNUAL GENERAL MEETING 2021 Federation Annual General Meeting 2021 \u2013 Plan conjoint&nbsp; + R\u00e8gles de proc\u00e9dures de l\u2019AGA virtuelle&nbsp;(in French only) + Notice of Meeting and Agenda + Proc\u00e8s-verbal du 8 septembre 2020&nbsp;(in French only) + Cahier AGA (in French only) + R\u00e9solutions secteurs et pl\u00e9ni\u00e8re&nbsp;(in French only) + 2020 Annual Report of Activities + [&#8230;]<\/p>\n","protected":false},"author":6,"featured_media":0,"parent":20581,"menu_order":0,"comment_status":"closed","ping_status":"closed","template":"","meta":{"ngg_post_thumbnail":0,"footnotes":""},"class_list":["post-26818","page","type-page","status-publish","hentry"],"_links":{"self":[{"href":"https:\/\/bovin.qc.ca\/en\/wp-json\/wp\/v2\/pages\/26818","targetHints":{"allow":["GET"]}}],"collection":[{"href":"https:\/\/bovin.qc.ca\/en\/wp-json\/wp\/v2\/pages"}],"about":[{"href":"https:\/\/bovin.qc.ca\/en\/wp-json\/wp\/v2\/types\/page"}],"author":[{"embeddable":true,"href":"https:\/\/bovin.qc.ca\/en\/wp-json\/wp\/v2\/users\/6"}],"replies":[{"embeddable":true,"href":"https:\/\/bovin.qc.ca\/en\/wp-json\/wp\/v2\/comments?post=26818"}],"version-history":[{"count":1,"href":"https:\/\/bovin.qc.ca\/en\/wp-json\/wp\/v2\/pages\/26818\/revisions"}],"predecessor-version":[{"id":26820,"href":"https:\/\/bovin.qc.ca\/en\/wp-json\/wp\/v2\/pages\/26818\/revisions\/26820"}],"up":[{"embeddable":true,"href":"https:\/\/bovin.qc.ca\/en\/wp-json\/wp\/v2\/pages\/20581"}],"wp:attachment":[{"href":"https:\/\/bovin.qc.ca\/en\/wp-json\/wp\/v2\/media?parent=26818"}],"curies":[{"name":"wp","href":"https:\/\/api.w.org\/{rel}","templated":true}]}}