{"id":26456,"date":"2025-05-08T14:03:43","date_gmt":"2025-05-08T18:03:43","guid":{"rendered":"https:\/\/bovin.qc.ca\/?page_id=26456"},"modified":"2025-05-08T14:03:43","modified_gmt":"2025-05-08T18:03:43","slug":"cull-cattle","status":"publish","type":"page","link":"https:\/\/bovin.qc.ca\/en\/the-production\/cull-cattle-and-bob-calves\/cull-cattle\/","title":{"rendered":"Cull Cattle"},"content":{"rendered":"<h1 class=\"title\">Cull Cattle<\/h1>\n<p><img loading=\"lazy\" decoding=\"async\" class=\"aligncenter wp-image-26322\" src=\"https:\/\/bovin.qc.ca\/wp-content\/uploads\/2025\/04\/bovins-de-reforme-2-scaled.jpg\" alt=\"\" width=\"815\" height=\"611\" srcset=\"https:\/\/bovin.qc.ca\/wp-content\/uploads\/2025\/04\/bovins-de-reforme-2-scaled.jpg 2560w, https:\/\/bovin.qc.ca\/wp-content\/uploads\/2025\/04\/bovins-de-reforme-2-300x225.jpg 300w, https:\/\/bovin.qc.ca\/wp-content\/uploads\/2025\/04\/bovins-de-reforme-2-171x128.jpg 171w, https:\/\/bovin.qc.ca\/wp-content\/uploads\/2025\/04\/bovins-de-reforme-2-1536x1152.jpg 1536w, https:\/\/bovin.qc.ca\/wp-content\/uploads\/2025\/04\/bovins-de-reforme-2-2048x1536.jpg 2048w\" sizes=\"auto, (max-width: 815px) 100vw, 815px\" \/><\/p>\n<p>&nbsp;<\/p>\n<style id=\"ea_dynamic_css26457\">#sp-ea-26457 .spcollapsing{height: 0; overflow: hidden; transition-property: height; transition-duration: 500ms;}#sp-ea-26457.sp-easy-accordion>.sp-ea-single.eap_inactive>.ea-header a {background-color: #bb0000 !important; color: #fff !important;}#sp-ea-26457.sp-easy-accordion>.sp-ea-single{ margin-bottom: 10px; border: 6px none #dd3333; border-radius: 3px;}#sp-ea-26457.sp-easy-accordion>.sp-ea-single.ea-expand{ border-color: #dd3333;}#sp-ea-26457.sp-easy-accordion>.sp-ea-single:hover{ border-color: #dd3333;}#sp-ea-26457.sp-easy-accordion>.sp-ea-single>.ea-header a {background: #dd3333;}#sp-ea-26457.sp-easy-accordion>.sp-ea-single.ea-expand>.ea-header a {background: #dd3333;}#sp-ea-26457.sp-easy-accordion>.sp-ea-single>.ea-header:hover a {background: #eee;}#sp-ea-26457.sp-easy-accordion>.sp-ea-single>.ea-header a .eap-title-icon { color: #444;font-size: 20px;} #sp-ea-26457.sp-easy-accordion>.sp-ea-single>.ea-header a .eap-title-custom-icon {max-width: 20px;}#sp-ea-26457.sp-easy-accordion>.sp-ea-single>.ea-header:hover a .eap-title-icon {color: #444;}#sp-ea-26457.sp-easy-accordion>.sp-ea-single.ea-expand>.ea-header a .eap-title-icon {color: #444;}#sp-ea-26457.sp-easy-accordion>.sp-ea-single>.ea-header a {padding: 15px 15px 15px 15px; color: #ffffff; font-size: 20px; line-height: 30px; text-align: left; letter-spacing: 0px; text-transform: none;}#sp-ea-26457.sp-easy-accordion>.sp-ea-single>.ea-header:hover a {color: #444;}#sp-ea-26457.sp-easy-accordion>.sp-ea-single.ea-expand>.ea-header a {color: #444;}#sp-ea-26457.sp-easy-accordion>.sp-ea-single>.sp-collapse>.ea-body p,#sp-ea-26457.sp-easy-accordion>.sp-ea-single>.sp-collapse>.ea-body{background: #fff; padding: 15px 15px 15px 15px; border-radius: 0 0 3px 3px; color: #444; font-size: 16px; text-align: left; letter-spacing: 0px; line-height: 26px; animation-delay: 200ms; text-transform: none;}#sp-ea-26457.sp-easy-accordion>.sp-ea-single>.ea-header a .ea-expand-icon.fa:before {color: #ffffff; font-size: 16px; font-style: normal;}#sp-ea-26457.sp-easy-accordion>.sp-ea-single>.ea-header:hover a .ea-expand-icon.fa:before {color: #dd3333;}#sp-ea-26457.sp-easy-accordion>.sp-ea-single.ea-expand>.ea-header a .ea-expand-icon.fa:before {color: #ffffff;}#sp-ea-26457.sp-easy-accordion>.sp-ea-single{background: transparent; border: none;}#sp-ea-26457.sp-easy-accordion>.sp-ea-single>.ea-header a {border-bottom: 6px none #dd3333;}#sp-ea-26457.sp-easy-accordion>.sp-ea-single>.ea-header a .ea-expand-icon {background: transparent; border-radius: 3px;}#sp-ea-26457.sp-easy-accordion>.sp-ea-single>.ea-header:hover a .ea-expand-icon {background: transparent;}#sp-ea-26457.sp-easy-accordion>.sp-ea-single.ea-expand>.ea-header a .ea-expand-icon {background: transparent;}#sp-ea-26457 #eap_faq_search_bar_container {display:none; opacity:0;}#sp-ea-26457 #eap_faq_search_bar_container span::before{content:\"\";}#sp-ea-26457.sp-easy-accordion>.sp-ea-single>.sp-collapse>.ea-body p{ padding:0px}#sp-eap-accordion-section-26457.sp-eap-container .sp-eap-infinite-scroll-loader,#sp-eap-accordion-section-26457.sp-eap-container div:is(.sp-eap-load-more,.sp-eap-ajax-number-pagination){text-align:center;}#sp-ea-26457>.sp-ea-single>.sp-collapse>.ea-body .eap-product-price {color: #444;}#sp-ea-26457.sp-easy-accordion>.sp-ea-single>.sp-collapse>.ea-body .eap-product-price del{color: rgba(68,68,68,0.71);}#sp-ea-26457.sp-easy-accordion>.sp-ea-single>.sp-collapse>.ea-body .eap-product-cart-button .woocommerce a { border: 1px solid #DAD6DA;border-radius: 2px;background-color: transparent;color: #444;}#sp-ea-26457.sp-easy-accordion>.sp-ea-single>.sp-collapse>.ea-body .eap-product-cart-button .woocommerce a:hover { border-color: #444;background-color: #444;color: #fff;}#sp-ea-26457.sp-easy-accordion>.sp-ea-single>>.sp-collapse>.ea-body .eap-product-cart-button .eap-product-quantity .eap_input_text {border: 1px solid #DAD6DA;}#sp-ea-26457.sp-easy-accordion>.sp-ea-single>.sp-collapse>.ea-body .eap-product-cart-button a.add_to_cart_button{position: relative;}<\/style><div id=\"sp-eap-accordion-section-26457\" class=\"sp-eap-container\"><div id=\"sp-ea-26457\" class=\"sp-ea-fifteen sp-easy-accordion \" data-ex-icon=\"ea-font-icon-minus_regular\" data-col-icon=\"ea-font-icon-plus_regular\" data-ea-active=\"ea-click\" data-ea-mode=\"vertical\" data-ea-multi-column=\"\" data-ea-coll=\"\" data-keep-accordion=\"\" data-autoclose=\"1\" data-preloader=\"\" data-scroll-active-item=\"0\" data-offset-to-scroll=\"0\" data-autoplaytime=\"3000\" data-expand=\"\" data-post-id=\"26457\" >\t<div class=\"ea-card  sp-ea-single\"  data-accordion-id= \"0\">\n\n\t\t<h4 class=\"ea-header\">\n\t\t\t<a class=\"collapsed\" data-sptoggle=\"spcollapse\" rel=\"nofollow\" data-sptarget=\"#collapse264570\" href=\"#\" data-title=\"efaq-use-of-veterinary-drugs\" aria-expanded=\"false\">\n\t\t\t\t<i class=\"ea-expand-icon fa ea-font-icon-plus_regular\"><\/i>  Use of veterinary drugs\t\t\t<\/a>\n\t\t<\/h4>\n\n\t\t<div class=\"sp-collapse spcollapse spcollapse\" id=\"collapse264570\" data-parent=\"#sp-ea-26457\">\n\t\t<div class=\"ea-body\"> \n<div class=\"ea-content-wrapper animated fadeIn\"> \n\t<h3><strong>Use of veterinary drugs: authorized indications and recommended pre-slaughter withdrawal times for beef in Canada and the United States<\/strong><\/h3>\n<p><a href=\"https:\/\/bovin.qc.ca\/wp-content\/uploads\/2021\/03\/D-1410-PBQ-Medicaments_1603_2021.pdf\" target=\"_blank\" rel=\"noopener\"><img loading=\"lazy\" decoding=\"async\" class=\"alignleft wp-image-10359\" src=\"https:\/\/bovin.qc.ca\/wp-content\/uploads\/2020\/07\/Utilisation_medicament-veterinaire.jpg\" alt=\"\" width=\"321\" height=\"203\" srcset=\"https:\/\/bovin.qc.ca\/wp-content\/uploads\/2020\/07\/Utilisation_medicament-veterinaire.jpg 520w, https:\/\/bovin.qc.ca\/wp-content\/uploads\/2020\/07\/Utilisation_medicament-veterinaire-300x190.jpg 300w, https:\/\/bovin.qc.ca\/wp-content\/uploads\/2020\/07\/Utilisation_medicament-veterinaire-202x128.jpg 202w\" sizes=\"auto, (max-width: 321px) 100vw, 321px\" \/><\/a><\/p>\n<p>This&nbsp;<a href=\"https:\/\/bovin.qc.ca\/wp-content\/uploads\/2021\/03\/D-1410-PBQ-Medicaments_1603_2021.pdf\" target=\"_blank\" rel=\"noopener\">handbook<\/a>&nbsp;is designed for cull cattle and bob calf producers in Quebec and other stakeholders. It is published by the Producteurs de bovins du Qu\u00e9bec and the Association des m\u00e9decins v\u00e9t\u00e9rinaires praticiens du Qu\u00e9bec.<\/p>\n<p>&nbsp;<\/p>\n<p>&nbsp;<\/p>\n<p><iframe loading=\"lazy\" src=\"\/\/www.youtube.com\/embed\/ibXshEWTa2s\" width=\"560\" height=\"314\" allowfullscreen=\"allowfullscreen\"><\/iframe><\/p>\n<\/div>\n<\/div>\n\t\t\t<\/div>\n\t<\/div>\n\t<\/div><\/div>\n<style id=\"ea_dynamic_css26465\">#sp-ea-26465 .spcollapsing{height: 0; overflow: hidden; transition-property: height; transition-duration: 500ms;}#sp-ea-26465.sp-easy-accordion>.sp-ea-single.eap_inactive>.ea-header a {background-color: #bb0000 !important; color: #fff !important;}#sp-ea-26465.sp-easy-accordion>.sp-ea-single{ margin-bottom: 10px; border: 6px none #dd3333; border-radius: 3px;}#sp-ea-26465.sp-easy-accordion>.sp-ea-single.ea-expand{ border-color: #dd3333;}#sp-ea-26465.sp-easy-accordion>.sp-ea-single:hover{ border-color: #dd3333;}#sp-ea-26465.sp-easy-accordion>.sp-ea-single>.ea-header a {background: #dd3333;}#sp-ea-26465.sp-easy-accordion>.sp-ea-single.ea-expand>.ea-header a {background: #dd3333;}#sp-ea-26465.sp-easy-accordion>.sp-ea-single>.ea-header:hover a {background: #eee;}#sp-ea-26465.sp-easy-accordion>.sp-ea-single>.ea-header a .eap-title-icon { color: #444;font-size: 20px;} #sp-ea-26465.sp-easy-accordion>.sp-ea-single>.ea-header a .eap-title-custom-icon {max-width: 20px;}#sp-ea-26465.sp-easy-accordion>.sp-ea-single>.ea-header:hover a .eap-title-icon {color: #444;}#sp-ea-26465.sp-easy-accordion>.sp-ea-single.ea-expand>.ea-header a .eap-title-icon {color: #444;}#sp-ea-26465.sp-easy-accordion>.sp-ea-single>.ea-header a {padding: 15px 15px 15px 15px; color: #ffffff; font-size: 20px; line-height: 30px; text-align: left; letter-spacing: 0px; text-transform: none;}#sp-ea-26465.sp-easy-accordion>.sp-ea-single>.ea-header:hover a {color: #444;}#sp-ea-26465.sp-easy-accordion>.sp-ea-single.ea-expand>.ea-header a {color: #444;}#sp-ea-26465.sp-easy-accordion>.sp-ea-single>.sp-collapse>.ea-body p,#sp-ea-26465.sp-easy-accordion>.sp-ea-single>.sp-collapse>.ea-body{background: #fff; padding: 15px 15px 15px 15px; border-radius: 0 0 3px 3px; color: #444; font-size: 16px; text-align: left; letter-spacing: 0px; line-height: 26px; animation-delay: 200ms; text-transform: none;}#sp-ea-26465.sp-easy-accordion>.sp-ea-single>.ea-header a .ea-expand-icon.fa:before {color: #ffffff; font-size: 16px; font-style: normal;}#sp-ea-26465.sp-easy-accordion>.sp-ea-single>.ea-header:hover a .ea-expand-icon.fa:before {color: #dd3333;}#sp-ea-26465.sp-easy-accordion>.sp-ea-single.ea-expand>.ea-header a .ea-expand-icon.fa:before {color: #ffffff;}#sp-ea-26465.sp-easy-accordion>.sp-ea-single{background: transparent; border: none;}#sp-ea-26465.sp-easy-accordion>.sp-ea-single>.ea-header a {border-bottom: 6px none #dd3333;}#sp-ea-26465.sp-easy-accordion>.sp-ea-single>.ea-header a .ea-expand-icon {background: transparent; border-radius: 3px;}#sp-ea-26465.sp-easy-accordion>.sp-ea-single>.ea-header:hover a .ea-expand-icon {background: transparent;}#sp-ea-26465.sp-easy-accordion>.sp-ea-single.ea-expand>.ea-header a .ea-expand-icon {background: transparent;}#sp-ea-26465 #eap_faq_search_bar_container {display:none; opacity:0;}#sp-ea-26465 #eap_faq_search_bar_container span::before{content:\"\";}#sp-ea-26465.sp-easy-accordion>.sp-ea-single>.sp-collapse>.ea-body p{ padding:0px}#sp-eap-accordion-section-26465.sp-eap-container .sp-eap-infinite-scroll-loader,#sp-eap-accordion-section-26465.sp-eap-container div:is(.sp-eap-load-more,.sp-eap-ajax-number-pagination){text-align:center;}#sp-ea-26465>.sp-ea-single>.sp-collapse>.ea-body .eap-product-price {color: #444;}#sp-ea-26465.sp-easy-accordion>.sp-ea-single>.sp-collapse>.ea-body .eap-product-price del{color: rgba(68,68,68,0.71);}#sp-ea-26465.sp-easy-accordion>.sp-ea-single>.sp-collapse>.ea-body .eap-product-cart-button .woocommerce a { border: 1px solid #DAD6DA;border-radius: 2px;background-color: transparent;color: #444;}#sp-ea-26465.sp-easy-accordion>.sp-ea-single>.sp-collapse>.ea-body .eap-product-cart-button .woocommerce a:hover { border-color: #444;background-color: #444;color: #fff;}#sp-ea-26465.sp-easy-accordion>.sp-ea-single>>.sp-collapse>.ea-body .eap-product-cart-button .eap-product-quantity .eap_input_text {border: 1px solid #DAD6DA;}#sp-ea-26465.sp-easy-accordion>.sp-ea-single>.sp-collapse>.ea-body .eap-product-cart-button a.add_to_cart_button{position: relative;}<\/style><div id=\"sp-eap-accordion-section-26465\" class=\"sp-eap-container\"><div id=\"sp-ea-26465\" class=\"sp-ea-fifteen sp-easy-accordion \" data-ex-icon=\"ea-font-icon-minus_regular\" data-col-icon=\"ea-font-icon-plus_regular\" data-ea-active=\"ea-click\" data-ea-mode=\"vertical\" data-ea-multi-column=\"\" data-ea-coll=\"\" data-keep-accordion=\"\" data-autoclose=\"1\" data-preloader=\"\" data-scroll-active-item=\"0\" data-offset-to-scroll=\"0\" data-autoplaytime=\"3000\" data-expand=\"\" data-post-id=\"26465\" >\t<div class=\"ea-card  sp-ea-single\"  data-accordion-id= \"0\">\n\n\t\t<h4 class=\"ea-header\">\n\t\t\t<a class=\"collapsed\" data-sptoggle=\"spcollapse\" rel=\"nofollow\" data-sptarget=\"#collapse264650\" href=\"#\" data-title=\"efaq-assessing-motricity-in-cull-cattle\" aria-expanded=\"false\">\n\t\t\t\t<i class=\"ea-expand-icon fa ea-font-icon-plus_regular\"><\/i>  Assessing motricity in cull cattle\t\t\t<\/a>\n\t\t<\/h4>\n\n\t\t<div class=\"sp-collapse spcollapse spcollapse\" id=\"collapse264650\" data-parent=\"#sp-ea-26465\">\n\t\t<div class=\"ea-body\"> \n<div class=\"ea-content-wrapper animated fadeIn\"> \n\t<h3><strong>Plan before culling<\/strong><\/h3>\n<p style=\"text-align: left\"><a href=\"https:\/\/bovin.qc.ca\/wp-content\/uploads\/2019\/05\/D-1202-FPBQ-AFF-REFORME-ANG-Mars2016.pdf\" target=\"_blank\" rel=\"noopener\"><img loading=\"lazy\" decoding=\"async\" class=\"alignleft\" src=\"https:\/\/bovin.qc.ca\/wp-content\/uploads\/2020\/07\/Assessment-CullCow-Mobility.jpg\" width=\"378\" height=\"185\"><\/a><\/p>\n<p>&nbsp;<\/p>\n<p><a href=\"https:\/\/bovin.qc.ca\/wp-content\/uploads\/2019\/05\/D-1202-FPBQ-AFF-REFORME-Mars2016.pdf\" target=\"_blank\" rel=\"noopener\">Click on the image<\/a> <br \/>\nto download<\/p>\n<p>&nbsp;<\/p>\n<p>&nbsp;<\/p>\n<p><iframe loading=\"lazy\" src=\"\/\/www.youtube.com\/embed\/Uv5Hvbc8MXk\" width=\"560\" height=\"314\" allowfullscreen=\"allowfullscreen\"><\/iframe><\/p>\n<\/div>\n<\/div>\n\t\t\t<\/div>\n\t<\/div>\n\t<\/div><\/div>\n<style id=\"ea_dynamic_css26445\">#sp-ea-26445 .spcollapsing{height: 0; overflow: hidden; transition-property: height; transition-duration: 500ms;}#sp-ea-26445.sp-easy-accordion>.sp-ea-single.eap_inactive>.ea-header a {background-color: #bb0000 !important; color: #fff !important;}#sp-ea-26445.sp-easy-accordion>.sp-ea-single{ margin-bottom: 10px; border: 6px none #dd3333; border-radius: 3px;}#sp-ea-26445.sp-easy-accordion>.sp-ea-single.ea-expand{ border-color: #dd3333;}#sp-ea-26445.sp-easy-accordion>.sp-ea-single:hover{ border-color: #dd3333;}#sp-ea-26445.sp-easy-accordion>.sp-ea-single>.ea-header a {background: #dd3333;}#sp-ea-26445.sp-easy-accordion>.sp-ea-single.ea-expand>.ea-header a {background: #dd3333;}#sp-ea-26445.sp-easy-accordion>.sp-ea-single>.ea-header:hover a {background: #eee;}#sp-ea-26445.sp-easy-accordion>.sp-ea-single>.ea-header a .eap-title-icon { color: #444;font-size: 20px;} #sp-ea-26445.sp-easy-accordion>.sp-ea-single>.ea-header a .eap-title-custom-icon {max-width: 20px;}#sp-ea-26445.sp-easy-accordion>.sp-ea-single>.ea-header:hover a .eap-title-icon {color: #444;}#sp-ea-26445.sp-easy-accordion>.sp-ea-single.ea-expand>.ea-header a .eap-title-icon {color: #444;}#sp-ea-26445.sp-easy-accordion>.sp-ea-single>.ea-header a {padding: 15px 15px 15px 15px; color: #ffffff; font-size: 20px; line-height: 30px; text-align: left; letter-spacing: 0px; text-transform: none;}#sp-ea-26445.sp-easy-accordion>.sp-ea-single>.ea-header:hover a {color: #444;}#sp-ea-26445.sp-easy-accordion>.sp-ea-single.ea-expand>.ea-header a {color: #444;}#sp-ea-26445.sp-easy-accordion>.sp-ea-single>.sp-collapse>.ea-body p,#sp-ea-26445.sp-easy-accordion>.sp-ea-single>.sp-collapse>.ea-body{background: #fff; padding: 15px 15px 15px 15px; border-radius: 0 0 3px 3px; color: #444; font-size: 16px; text-align: left; letter-spacing: 0px; line-height: 26px; animation-delay: 200ms; text-transform: none;}#sp-ea-26445.sp-easy-accordion>.sp-ea-single>.ea-header a .ea-expand-icon.fa:before {color: #ffffff; font-size: 16px; font-style: normal;}#sp-ea-26445.sp-easy-accordion>.sp-ea-single>.ea-header:hover a .ea-expand-icon.fa:before {color: #dd3333;}#sp-ea-26445.sp-easy-accordion>.sp-ea-single.ea-expand>.ea-header a .ea-expand-icon.fa:before {color: #ffffff;}#sp-ea-26445.sp-easy-accordion>.sp-ea-single{background: transparent; border: none;}#sp-ea-26445.sp-easy-accordion>.sp-ea-single>.ea-header a {border-bottom: 6px none #dd3333;}#sp-ea-26445.sp-easy-accordion>.sp-ea-single>.ea-header a .ea-expand-icon {background: transparent; border-radius: 3px;}#sp-ea-26445.sp-easy-accordion>.sp-ea-single>.ea-header:hover a .ea-expand-icon {background: transparent;}#sp-ea-26445.sp-easy-accordion>.sp-ea-single.ea-expand>.ea-header a .ea-expand-icon {background: transparent;}#sp-ea-26445 #eap_faq_search_bar_container {display:none; opacity:0;}#sp-ea-26445 #eap_faq_search_bar_container span::before{content:\"\";}#sp-ea-26445.sp-easy-accordion>.sp-ea-single>.sp-collapse>.ea-body p{ padding:0px}#sp-eap-accordion-section-26445.sp-eap-container .sp-eap-infinite-scroll-loader,#sp-eap-accordion-section-26445.sp-eap-container div:is(.sp-eap-load-more,.sp-eap-ajax-number-pagination){text-align:center;}#sp-ea-26445>.sp-ea-single>.sp-collapse>.ea-body .eap-product-price {color: #444;}#sp-ea-26445.sp-easy-accordion>.sp-ea-single>.sp-collapse>.ea-body .eap-product-price del{color: rgba(68,68,68,0.71);}#sp-ea-26445.sp-easy-accordion>.sp-ea-single>.sp-collapse>.ea-body .eap-product-cart-button .woocommerce a { border: 1px solid #DAD6DA;border-radius: 2px;background-color: transparent;color: #444;}#sp-ea-26445.sp-easy-accordion>.sp-ea-single>.sp-collapse>.ea-body .eap-product-cart-button .woocommerce a:hover { border-color: #444;background-color: #444;color: #fff;}#sp-ea-26445.sp-easy-accordion>.sp-ea-single>>.sp-collapse>.ea-body .eap-product-cart-button .eap-product-quantity .eap_input_text {border: 1px solid #DAD6DA;}#sp-ea-26445.sp-easy-accordion>.sp-ea-single>.sp-collapse>.ea-body .eap-product-cart-button a.add_to_cart_button{position: relative;}<\/style><div id=\"sp-eap-accordion-section-26445\" class=\"sp-eap-container\"><div id=\"sp-ea-26445\" class=\"sp-ea-fifteen sp-easy-accordion \" data-ex-icon=\"ea-font-icon-minus_regular\" data-col-icon=\"ea-font-icon-plus_regular\" data-ea-active=\"ea-click\" data-ea-mode=\"vertical\" data-ea-multi-column=\"\" data-ea-coll=\"\" data-keep-accordion=\"\" data-autoclose=\"1\" data-preloader=\"\" data-scroll-active-item=\"0\" data-offset-to-scroll=\"0\" data-autoplaytime=\"3000\" data-expand=\"\" data-post-id=\"26445\" >\t<div class=\"ea-card  sp-ea-single\"  data-accordion-id= \"0\">\n\n\t\t<h4 class=\"ea-header\">\n\t\t\t<a class=\"collapsed\" data-sptoggle=\"spcollapse\" rel=\"nofollow\" data-sptarget=\"#collapse264450\" href=\"#\" data-title=\"efaq-costs-involved-in-selling-cull-cattle-and-dairy-calves-by-auction\" aria-expanded=\"false\">\n\t\t\t\t<i class=\"ea-expand-icon fa ea-font-icon-plus_regular\"><\/i>  Costs involved in selling cull cattle and dairy calves by auction\t\t\t<\/a>\n\t\t<\/h4>\n\n\t\t<div class=\"sp-collapse spcollapse spcollapse\" id=\"collapse264450\" data-parent=\"#sp-ea-26445\">\n\t\t<div class=\"ea-body\"> \n<div class=\"ea-content-wrapper animated fadeIn\"> \n\t<p>(french only)<a href=\"https:\/\/bovin.qc.ca\/wp-content\/uploads\/2025\/05\/Couts-relies-a-la-commercialisation-des-Bovins-002-scaled.jpg\" target=\"_blank\" rel=\"noopener\"><img loading=\"lazy\" decoding=\"async\" class=\"aligncenter wp-image-26390\" src=\"https:\/\/bovin.qc.ca\/wp-content\/uploads\/2025\/05\/Couts-relies-a-la-commercialisation-des-Bovins-002-scaled.jpg\" alt=\"\" width=\"815\" height=\"505\" srcset=\"https:\/\/bovin.qc.ca\/wp-content\/uploads\/2025\/05\/Couts-relies-a-la-commercialisation-des-Bovins-002-scaled.jpg 2560w, https:\/\/bovin.qc.ca\/wp-content\/uploads\/2025\/05\/Couts-relies-a-la-commercialisation-des-Bovins-002-300x186.jpg 300w, https:\/\/bovin.qc.ca\/wp-content\/uploads\/2025\/05\/Couts-relies-a-la-commercialisation-des-Bovins-002-207x128.jpg 207w, https:\/\/bovin.qc.ca\/wp-content\/uploads\/2025\/05\/Couts-relies-a-la-commercialisation-des-Bovins-002-1536x952.jpg 1536w, https:\/\/bovin.qc.ca\/wp-content\/uploads\/2025\/05\/Couts-relies-a-la-commercialisation-des-Bovins-002-2048x1269.jpg 2048w\" sizes=\"auto, (max-width: 815px) 100vw, 815px\" \/><\/a><\/p>\n<\/div>\n<\/div>\n\t\t\t<\/div>\n\t<\/div>\n\t<\/div><\/div>\n<h2 style=\"text-align: left;\"><strong>Webinar \u2013 Salmonellosis in the cattle sector: a battle on many fronts<\/strong><\/h2>\n<p>In recent years, bovine salmonellosis outbreaks have generated much discussion\u2014which is why an improved understanding of the disease is essential. In this webinar, which took place on November 26, 2020, a group of renowned specialists discuss various issues facing producers.<\/p>\n<p>Host: Paul Baillargeon, DVM<\/p>\n<p>Speakers: Fr\u00e9d\u00e9ric Beaulac, DVM, Clinique Triple-V; M\u00e9lissa Blackburn, DVM, Clinique v\u00e9t\u00e9rinaire Sagamie; S\u00e9bastien Buczinski, DVM, University of Montreal, and a number of other guests.<\/p>\n<p>Topics discussed (in French): Salmonellosis as being the responsibility of the whole sector; <em>Salmonella<\/em>, a complex enemy; the cattle sector\u2019s role.<\/p>\n<p style=\"text-align: left;\"><iframe loading=\"lazy\" src=\"\/\/www.youtube.com\/embed\/i77VRfB8LZc\" width=\"700\" height=\"393\" allowfullscreen=\"allowfullscreen\" data-mce-fragment=\"1\"><\/iframe><a id=\"S9\"><\/a><\/p>\n","protected":false},"excerpt":{"rendered":"<p>Cull Cattle &nbsp; Webinar \u2013 Salmonellosis in the cattle sector: a battle on many fronts In recent years, bovine salmonellosis outbreaks have generated much discussion\u2014which is why an improved understanding of the disease is essential. In this webinar, which took place on November 26, 2020, a group of renowned specialists discuss various issues facing producers. [&#8230;]<\/p>\n","protected":false},"author":6,"featured_media":0,"parent":1798,"menu_order":4,"comment_status":"closed","ping_status":"closed","template":"","meta":{"ngg_post_thumbnail":0,"footnotes":""},"class_list":["post-26456","page","type-page","status-publish","hentry"],"_links":{"self":[{"href":"https:\/\/bovin.qc.ca\/en\/wp-json\/wp\/v2\/pages\/26456","targetHints":{"allow":["GET"]}}],"collection":[{"href":"https:\/\/bovin.qc.ca\/en\/wp-json\/wp\/v2\/pages"}],"about":[{"href":"https:\/\/bovin.qc.ca\/en\/wp-json\/wp\/v2\/types\/page"}],"author":[{"embeddable":true,"href":"https:\/\/bovin.qc.ca\/en\/wp-json\/wp\/v2\/users\/6"}],"replies":[{"embeddable":true,"href":"https:\/\/bovin.qc.ca\/en\/wp-json\/wp\/v2\/comments?post=26456"}],"version-history":[{"count":7,"href":"https:\/\/bovin.qc.ca\/en\/wp-json\/wp\/v2\/pages\/26456\/revisions"}],"predecessor-version":[{"id":26470,"href":"https:\/\/bovin.qc.ca\/en\/wp-json\/wp\/v2\/pages\/26456\/revisions\/26470"}],"up":[{"embeddable":true,"href":"https:\/\/bovin.qc.ca\/en\/wp-json\/wp\/v2\/pages\/1798"}],"wp:attachment":[{"href":"https:\/\/bovin.qc.ca\/en\/wp-json\/wp\/v2\/media?parent=26456"}],"curies":[{"name":"wp","href":"https:\/\/api.w.org\/{rel}","templated":true}]}}