{"id":2599,"date":"2016-03-21T21:52:01","date_gmt":"2016-03-22T01:52:01","guid":{"rendered":"https:\/\/bovin.qc.ca\/en\/?page_id=2599"},"modified":"2025-06-18T11:18:11","modified_gmt":"2025-06-18T15:18:11","slug":"2016-2","status":"publish","type":"page","link":"https:\/\/bovin.qc.ca\/en\/publications\/archives\/2016-2\/","title":{"rendered":"2016"},"content":{"rendered":"<h2>Production sectors<\/h2>\n<h4>Feeder calf&nbsp;(Sales circuit)<\/h4>\n<p><a href=\"https:\/\/bovin.qc.ca\/wp-content\/uploads\/2016\/03\/BOV020_feuillet-Info-Circuit-ENG_final.pdf\" target=\"_blank\" rel=\"noopener\">+ L&#8217;info-circuit &#8211; Quebec specialized Feeder Calf Auctions Circuit<\/a><\/p>\n<p><a href=\"https:\/\/bovin.qc.ca\/wp-content\/uploads\/2016\/03\/BOV022_carnet-calendrier_final.pdf\" target=\"_blank\" rel=\"noopener\">+ Le Circuit &#8211; The Quebec Feeder Calf Auctions Circuit<\/a><\/p>\n<p><a href=\"https:\/\/bovin.qc.ca\/wp-content\/uploads\/2016\/03\/Declaration_Vaccination_2016_ENG.pdf\" rel=\"\">+ Vaccination Declaration 2016-2017<\/a><\/p>\n<h2 style=\"text-align: left;\">Cahiers Bovins du Qu\u00e9bec<\/h2>\n<div style=\"text-align: left;\"><strong>Int\u00e9gr\u00e9s \u00e0 la <a href=\"https:\/\/laterrekiosk.milibris.com\/\" target=\"_blank\" rel=\"noopener\">Terre de chez nous<\/a><\/strong><\/div>\n<div style=\"text-align: left;\">&nbsp;<\/div>\n<div style=\"text-align: left;\"><a href=\"https:\/\/www.laterre.ca\/magazine\/bovins-automne-2016#page\/1\" target=\"_blank\" rel=\"noopener\"><img loading=\"lazy\" decoding=\"async\" class=\"wp-image-10177\" src=\"https:\/\/bovin.qc.ca\/wp-content\/uploads\/2020\/07\/Bovins_Quebec_Automne2016-216x300.jpg\" alt=\"\" width=\"288\" height=\"400\" srcset=\"https:\/\/bovin.qc.ca\/wp-content\/uploads\/2020\/07\/Bovins_Quebec_Automne2016-216x300.jpg 216w, https:\/\/bovin.qc.ca\/wp-content\/uploads\/2020\/07\/Bovins_Quebec_Automne2016-92x128.jpg 92w, https:\/\/bovin.qc.ca\/wp-content\/uploads\/2020\/07\/Bovins_Quebec_Automne2016.jpg 259w\" sizes=\"auto, (max-width: 288px) 100vw, 288px\" \/><\/a><\/div>\n<div style=\"text-align: left;\"><strong>Fall 2016<\/strong><\/div>\n<div>&nbsp;<\/div>\n<div style=\"text-align: left;\">\n<p><a href=\"https:\/\/www.laterre.ca\/magazine\/bovins-ete-2016\" target=\"_blank\" rel=\"noopener\"><strong><img loading=\"lazy\" decoding=\"async\" class=\"wp-image-10175 alignnone\" src=\"https:\/\/bovin.qc.ca\/wp-content\/uploads\/2020\/07\/Bovins_Quebec_Ete2016-215x300.jpg\" alt=\"\" width=\"304\" height=\"424\" srcset=\"https:\/\/bovin.qc.ca\/wp-content\/uploads\/2020\/07\/Bovins_Quebec_Ete2016-215x300.jpg 215w, https:\/\/bovin.qc.ca\/wp-content\/uploads\/2020\/07\/Bovins_Quebec_Ete2016-92x128.jpg 92w, https:\/\/bovin.qc.ca\/wp-content\/uploads\/2020\/07\/Bovins_Quebec_Ete2016.jpg 344w\" sizes=\"auto, (max-width: 304px) 100vw, 304px\" \/><\/strong><\/a><\/p>\n<div><strong>Summer 2016<\/strong><\/div>\n<div>&nbsp;<\/div>\n<\/div>\n<p style=\"text-align: left;\"><a href=\"https:\/\/www.laterre.ca\/magazine\/bovins-du-quebec-2016-05-11\" target=\"_blank\" rel=\"noopener\"><img loading=\"lazy\" decoding=\"async\" class=\"alignnone  wp-image-10165\" src=\"https:\/\/bovin.qc.ca\/wp-content\/uploads\/2020\/07\/Bovins_Quebec_Printemps2016-221x300.jpg\" alt=\"\" width=\"306\" height=\"415\" srcset=\"https:\/\/bovin.qc.ca\/wp-content\/uploads\/2020\/07\/Bovins_Quebec_Printemps2016-221x300.jpg 221w, https:\/\/bovin.qc.ca\/wp-content\/uploads\/2020\/07\/Bovins_Quebec_Printemps2016-94x128.jpg 94w, https:\/\/bovin.qc.ca\/wp-content\/uploads\/2020\/07\/Bovins_Quebec_Printemps2016.jpg 481w\" sizes=\"auto, (max-width: 306px) 100vw, 306px\" \/><\/a><\/p>\n<p style=\"text-align: left;\"><strong>Spring 2016<\/strong><\/p>\n<p>&nbsp;<\/p>\n<p style=\"text-align: left;\"><a href=\"https:\/\/www.laterre.ca\/magazine\/bovins-du-quebec-2016-01-20\" target=\"_blank\" rel=\"noopener\"><img loading=\"lazy\" decoding=\"async\" class=\"alignnone wp-image-10169\" src=\"https:\/\/bovin.qc.ca\/wp-content\/uploads\/2020\/07\/Bovins_Quebec_Hiver2016-220x300.jpg\" alt=\"\" width=\"302\" height=\"412\" srcset=\"https:\/\/bovin.qc.ca\/wp-content\/uploads\/2020\/07\/Bovins_Quebec_Hiver2016-220x300.jpg 220w, https:\/\/bovin.qc.ca\/wp-content\/uploads\/2020\/07\/Bovins_Quebec_Hiver2016-94x128.jpg 94w, https:\/\/bovin.qc.ca\/wp-content\/uploads\/2020\/07\/Bovins_Quebec_Hiver2016.jpg 577w\" sizes=\"auto, (max-width: 302px) 100vw, 302px\" \/><\/a><\/p>\n<p style=\"text-align: left;\"><strong>Winter 2016<\/strong><\/p>\n<p style=\"text-align: left;\">&nbsp;<\/p>\n","protected":false},"excerpt":{"rendered":"<p>Production sectors Feeder calf&nbsp;(Sales circuit) + L&#8217;info-circuit &#8211; Quebec specialized Feeder Calf Auctions Circuit + Le Circuit &#8211; The Quebec Feeder Calf Auctions Circuit + Vaccination Declaration 2016-2017 Cahiers Bovins du Qu\u00e9bec Int\u00e9gr\u00e9s \u00e0 la Terre de chez nous &nbsp; Fall 2016 &nbsp; Summer 2016 &nbsp; Spring 2016 &nbsp; Winter 2016 &nbsp;<\/p>\n","protected":false},"author":6,"featured_media":0,"parent":1751,"menu_order":0,"comment_status":"closed","ping_status":"closed","template":"","meta":{"ngg_post_thumbnail":0,"footnotes":""},"class_list":["post-2599","page","type-page","status-publish","hentry"],"_links":{"self":[{"href":"https:\/\/bovin.qc.ca\/en\/wp-json\/wp\/v2\/pages\/2599","targetHints":{"allow":["GET"]}}],"collection":[{"href":"https:\/\/bovin.qc.ca\/en\/wp-json\/wp\/v2\/pages"}],"about":[{"href":"https:\/\/bovin.qc.ca\/en\/wp-json\/wp\/v2\/types\/page"}],"author":[{"embeddable":true,"href":"https:\/\/bovin.qc.ca\/en\/wp-json\/wp\/v2\/users\/6"}],"replies":[{"embeddable":true,"href":"https:\/\/bovin.qc.ca\/en\/wp-json\/wp\/v2\/comments?post=2599"}],"version-history":[{"count":8,"href":"https:\/\/bovin.qc.ca\/en\/wp-json\/wp\/v2\/pages\/2599\/revisions"}],"predecessor-version":[{"id":27232,"href":"https:\/\/bovin.qc.ca\/en\/wp-json\/wp\/v2\/pages\/2599\/revisions\/27232"}],"up":[{"embeddable":true,"href":"https:\/\/bovin.qc.ca\/en\/wp-json\/wp\/v2\/pages\/1751"}],"wp:attachment":[{"href":"https:\/\/bovin.qc.ca\/en\/wp-json\/wp\/v2\/media?parent=2599"}],"curies":[{"name":"wp","href":"https:\/\/api.w.org\/{rel}","templated":true}]}}