{"id":2582,"date":"2016-07-25T09:41:56","date_gmt":"2016-07-25T13:41:56","guid":{"rendered":"https:\/\/bovin.qc.ca\/en\/la-minute-bovine-2\/2016-2\/infolettre-la-minute-bovine-juillet-2016\/"},"modified":"2016-07-25T09:41:56","modified_gmt":"2016-07-25T13:41:56","slug":"infolettre-la-minute-bovine-juillet-2016","status":"publish","type":"page","link":"https:\/\/bovin.qc.ca\/en\/la-minute-bovine-2\/2016-2\/infolettre-la-minute-bovine-juillet-2016\/","title":{"rendered":"Infolettre : La minute bovine &#8211; Juillet 2016"},"content":{"rendered":"<h4><span style=\"font-size: 32px;\">Infolettre : La minute <span style=\"font-size: 24pt;\">bovine<\/span> \u2013\u00a0Juillet 2016<\/span><a id=\"minute-bovine\"><\/a><\/h4>\n<ul>\n<li><a href=\"#ricardo\" target=\"_blank\">Le VEAU du Qu\u00e9bec au Caf\u00e9 Ricardo<\/a><\/li>\n<li><a href=\"#videorecette\">Nouveaut\u00e9 &#8211; Vid\u00e9orecette<\/a><\/li>\n<li><a href=\"#aga\">Plan d&#8217;action pour Les Producteurs de bovins du Qu\u00e9bec \u00e0 la suite de l&#8217;AGA 2016<\/a><\/li>\n<li><a href=\"#conventions\">Modification \u00e0 la Convention de mise en march\u00e9 des veaux d&#8217;embouche avec les associations d&#8217;encans<\/a><\/li>\n<li><a href=\"#bovi\">Bovi-Expert : Le taux d&#8217;aide maintenu pour 2016-2017<\/a><\/li>\n<li><a href=\"#contributions\">Suspension des contributions dans le secteur veau de lait<\/a><\/li>\n<li><a href=\"#petition\">P\u00e9tition solidarit\u00e9 &#8211; S\u00e9curit\u00e9 du revenu agricole : Signez !<\/a><\/li>\n<\/ul>\n<h4>\u00a0<\/h4>\n<h4><span style=\"font-size: 12pt;\"><strong>LE VEAU DU QU\u00c9BEC AU CAF\u00c9 RICARDO<a id=\"ricardo\"><\/a><img loading=\"lazy\" decoding=\"async\" class=\"alignright wp-image-2512 \" src=\"https:\/\/bovin.qc.ca\/wp-content\/uploads\/2016\/07\/photo-CV-RIcardo-e1469454624834.jpg\" alt=\"photo CV RIcardo\" width=\"335\" height=\"157\" \/><\/strong><\/span><\/h4>\n<p style=\"text-align: justify;\">Le 5 mai dernier avait lieu l\u2019\u00e9v\u00e9nement VEAU du Qu\u00e9bec au Caf\u00e9 Ricardo. Cette soir\u00e9e avait pour but de pr\u00e9senter, dans une ambiance conviviale et chaleureuse, les diff\u00e9rentes campagnes du Veau de lait du Qu\u00e9bec et du Veau de grain du Qu\u00e9bec pr\u00e9vues pour 2016. Des repr\u00e9sentants des grandes banni\u00e8res d\u2019alimentation du Qu\u00e9bec, des distributeurs alimentaires, des membres des diff\u00e9rentes associations qu\u00e9b\u00e9coises du secteur de l\u2019alimentation et, bien entendu, des repr\u00e9sentants de l\u2019UPA y \u00e9taient convi\u00e9s. Ricardo s\u2019est joint \u00e0 l\u2019\u00e9v\u00e9nement pour rappeler l\u2019importance de privil\u00e9gier les produits du Qu\u00e9bec dans notre alimentation. De plus, l\u2019occasion a \u00e9t\u00e9 propice pour lancer les nouvelles vid\u00e9orecettes (recettes en acc\u00e9l\u00e9r\u00e9) du Veau de grain du Qu\u00e9bec et du Veau de lait du Qu\u00e9bec, au grand plaisir des invit\u00e9s!<\/p>\n<p style=\"text-align: justify;\"><a href=\"#minute-bovine\">Retour en haut<\/a><\/p>\n<hr \/>\n<h4><strong><span style=\"font-size: 12pt;\">NOUVEAUT\u00c9 &#8211; VID\u00c9ORECETTE<a id=\"videorecette\"><\/a> <\/span><\/strong><\/h4>\n<p style=\"text-align: justify;\">Notre derni\u00e8re nouveaut\u00e9 en mati\u00e8re de mat\u00e9riel promotionnel est principalement destin\u00e9e aux adeptes des m\u00e9dias sociaux. Les vid\u00e9orecettes o\u00f9 l\u2019on voit des recettes en acc\u00e9l\u00e9r\u00e9 sont tr\u00e8s populaires sur les m\u00e9dias sociaux. Le Veau du Qu\u00e9bec propose maintenant ce type de vid\u00e9orecettes afin d\u2019inciter l\u2019internaute \u00e0 cuisiner le veau. Voyez par vous-m\u00eame\u00a0:<\/p>\n<p>Recettes de veau de lait\u00a0\u00a0\u00a0\u00a0\u00a0\u00a0\u00a0\u00a0\u00a0\u00a0\u00a0\u00a0\u00a0 <a href=\"http:\/\/veaudelait.com\/le-veau-de-lait-du-quebec-en-images\/\">http:\/\/veaudelait.com\/le-veau-de-lait-du-quebec-en-images\/<\/a><\/p>\n<p>Recettes de veau de grain \u00a0\u00a0\u00a0\u00a0\u00a0\u00a0\u00a0\u00a0 <a href=\"http:\/\/veaudegrain.com\/capsules-video\/\">http:\/\/veaudegrain.com\/capsules-video\/<\/a><\/p>\n<p><a href=\"#minute-bovine\">Retour en haut<\/a><\/p>\n<hr \/>\n<h4><span style=\"font-size: 12pt;\"><strong>MANDATS INSCRITS AU PLAN D\u2019ACTION POUR LES PRODUCTEURS DE BOVINS DU QU\u00c9BEC \u00c0 LA SUITE DE L\u2019AGA\u00a02016<a id=\"aga\"><\/a> <img loading=\"lazy\" decoding=\"async\" class=\" wp-image-2513 alignright\" src=\"https:\/\/bovin.qc.ca\/wp-content\/uploads\/2016\/07\/R\u00e9solutions-AGA-e1469451621479.jpg\" alt=\"R\u00e9solutions AGA\" width=\"805\" height=\"321\" \/><\/strong><\/span><\/h4>\n<p style=\"text-align: justify;\">Au cours de l\u2019assembl\u00e9e, 22 r\u00e9solutions ont \u00e9t\u00e9 adopt\u00e9es, dont 10 en s\u00e9ance pl\u00e9ni\u00e8re. Elles s\u2019inscrivent au plan d\u2019action des administrateurs des Producteurs de bovins du Qu\u00e9bec pour l\u2019ann\u00e9e en cours.<\/p>\n<p><span style=\"text-decoration: underline;\">R\u00e9solutions adopt\u00e9es en pl\u00e9ni\u00e8re\u00a0<\/span><\/p>\n<ol>\n<li>R\u00e9solution modifiant la d\u00e9nomination sociale de la F\u00e9d\u00e9ration des producteurs de bovins du Qu\u00e9bec<\/li>\n<li>Renforcement de la s\u00e9curit\u00e9 du revenu en production bovine<\/li>\n<li>Bios\u00e9curit\u00e9 \u00e0 la ferme<\/li>\n<li>Composition des comit\u00e9s de mise en march\u00e9<\/li>\n<li>Cr\u00e9ation d\u2019un poste d\u2019ombudsman \u00e0 l\u2019UPA<\/li>\n<li>R\u00e9solution modifiant le Plan conjoint des Producteurs de bovins du Qu\u00e9bec<\/li>\n<li><em>Salmonella<\/em> Dublin<\/li>\n<li>Qualit\u00e9 des veaux laitiers<\/li>\n<li>Table de d\u00e9veloppement de la production bovine<\/li>\n<li>Reconnaissance de l\u2019agriculture<\/li>\n<\/ol>\n<p>\u00a0Cliquez <strong><a href=\"https:\/\/bovin.qc.ca\/wp-content\/uploads\/2016\/07\/Minute-bovine-r%C3%A9solutions-AGA-pl%C3%A9ni%C3%A8re.pdf\">ici<\/a><\/strong> pour voir la r\u00e9solution en entier.<\/p>\n<p><a href=\"#minute-bovine\">Retour en haut<\/a><\/p>\n<hr \/>\n<p style=\"text-align: justify;\"><span style=\"font-size: 12pt;\"><strong><img loading=\"lazy\" decoding=\"async\" class=\"alignleft  wp-image-2509\" src=\"https:\/\/bovin.qc.ca\/wp-content\/uploads\/2016\/07\/Addenda-VE-e1469106646440.jpg\" alt=\"Addenda VE\" width=\"161\" height=\"242\" \/>MODIFICATION \u00c0 LA CONVENTION DE MISE EN MARCH\u00c9 DES VEAUX D\u2019EMBOUCHE AVEC LES ASSOCIATIONS D\u2019ENCANS<a id=\"conventions\"><\/a><\/strong><\/span><\/p>\n<p style=\"text-align: justify;\">Afin de diminuer le nombre de veaux hors norme, une modification a \u00e9t\u00e9 adopt\u00e9e par le conseil d\u2019administration des Producteurs de bovins du Qu\u00e9bec en augmentant les frais de mise en march\u00e9 suppl\u00e9mentaires de 15\u00a0$ \u00e0 20\u00a0$ (pour un veau hors normes). Pour informer ad\u00e9quatement les producteurs sur les bonnes pratiques pour \u00e9corner et castrer les animaux, un d\u00e9pliant et des formations pratiques seront offerts dans les diff\u00e9rentes r\u00e9gions du Qu\u00e9bec d\u00e8s l\u2019automne prochain.<\/p>\n<p style=\"text-align: justify;\"><a href=\"#minute-bovine\">Retour en haut<\/a><\/p>\n<p style=\"text-align: justify;\">\u00a0<\/p>\n<hr \/>\n<h4 style=\"text-align: justify;\"><span style=\"font-size: 12pt;\"><strong>BOVI-EXPERT\u00a0: LE TAUX D\u2019AIDE MAINTENU POUR 2016-2017<a id=\"bovi\"><\/a><\/strong><\/span><\/h4>\n<p style=\"text-align: justify;\">Pour l\u2019ann\u00e9e\u00a02016-2017, le MAPAQ maintient le taux d\u2019aide \u00e0 l\u2019utilisation des services-conseils des Bovi-experts \u00e0 85\u00a0%. Pour l\u2019ann\u00e9e\u00a02017-2018, derni\u00e8re ann\u00e9e du cadre strat\u00e9gique Cultivons l\u2019avenir\u00a02, il passera \u00e0 80\u00a0%.<\/p>\n<p style=\"text-align: justify;\">Le secteur veau d\u2019embouche demandait le maintien du financement pour les prochaines ann\u00e9es afin d\u2019inciter les producteurs \u00e0 utiliser les services-conseils au b\u00e9n\u00e9fice de leur entreprise.<\/p>\n<p style=\"text-align: justify;\"><a href=\"#minute-bovine\">Retour en haut<\/a><\/p>\n<hr \/>\n<h4><span style=\"font-size: 12pt;\"><strong>SUSPENSION DES CONTRIBUTIONS DANS LE SECTEUR VEAU DE LAIT<a id=\"contributions\"><\/a><img loading=\"lazy\" decoding=\"async\" class=\"wp-image-2514 alignright\" src=\"https:\/\/bovin.qc.ca\/wp-content\/uploads\/2016\/07\/Suspension-VL-e1469451879241.jpg\" alt=\"Suspension VL\" width=\"170\" height=\"205\" \/><\/strong><\/span><\/h4>\n<p style=\"text-align: justify;\">\u00c0 la suite de la demande du comit\u00e9 de mise en march\u00e9 des veaux de lait, le conseil d\u2019administration des Producteurs de bovins du Qu\u00e9bec a suspendu la perception de la contribution sp\u00e9ciale pour la production et la mise en march\u00e9 ainsi que pour la recherche et d\u00e9veloppement, et ce, jusqu\u2019\u00e0 la fin de l\u2019ann\u00e9e\u00a02016. Rappelons que l\u2019agence de vente dans le secteur veau de lait maintiendra l\u2019ensemble de ses activit\u00e9s.<\/p>\n<p><a href=\"#minute-bovine\">Retour en haut<\/a><\/p>\n<p>&nbsp;<\/p>\n<hr \/>\n<h4><strong><span style=\"font-size: 12pt;\">P\u00c9TITION SOLIDARIT\u00c9 \u2013 S\u00c9CURIT\u00c9 DU REVENU AGRICOLE\u00a0: SIGNEZ<\/span>!<a id=\"petition\"><\/a><\/strong><\/h4>\n<p style=\"text-align: justify;\"><img loading=\"lazy\" decoding=\"async\" class=\"alignleft size-full wp-image-2511\" src=\"https:\/\/bovin.qc.ca\/wp-content\/uploads\/2016\/07\/P\u00e9tition-asra.jpg\" alt=\"P\u00e9tition asra\" width=\"275\" height=\"183\" srcset=\"https:\/\/bovin.qc.ca\/wp-content\/uploads\/2016\/07\/P\u00e9tition-asra.jpg 275w, https:\/\/bovin.qc.ca\/wp-content\/uploads\/2016\/07\/P\u00e9tition-asra-192x128.jpg 192w\" sizes=\"auto, (max-width: 275px) 100vw, 275px\" \/>Les risques et les sources d\u2019instabilit\u00e9 inh\u00e9rents \u00e0 l\u2019agriculture sont nombreux, et sans des programmes ad\u00e9quats et efficaces de s\u00e9curit\u00e9 du revenu, les agriculteurs ralentiraient leurs projets d\u2019investissement et la rel\u00e8ve se d\u00e9couragerait rapidement.<\/p>\n<p style=\"text-align: justify;\"><a href=\"http:\/\/www.fadq.qc.ca\/\">La Financi\u00e8re agricole du Qu\u00e9bec<\/a> (FADQ) consulte actuellement les producteurs afin qu\u2019ils choisissent d\u00e9finitivement entre l\u2019assurance stabilisation des revenus agricoles (ASRA) et les programmes AGRI, qui remplissent pourtant des fonctions diff\u00e9rentes et qui se compl\u00e8tent. <strong>Pour certaines productions, choisir peut signifier peu ou pas de compensations dans les prochaines ann\u00e9es, pour d\u2019autres l\u2019arr\u00eat total de revenu s\u00e9curis\u00e9.<\/strong><\/p>\n<p style=\"text-align: justify;\">Le d\u00e9veloppement et la p\u00e9rennit\u00e9 de l\u2019agriculture qu\u00e9b\u00e9coise d\u00e9pendent grandement de ces programmes, <strong>les producteurs qu\u00e9b\u00e9cois ne peuvent se faire d\u00e9shabiller ainsi<\/strong>. Il est urgent de mettre fin \u00e0 cette remise en question et de donner un signal fort aux producteurs pour r\u00e9tablir leur confiance en l\u2019avenir et stimuler leurs investissements! <a href=\"https:\/\/www.change.org\/p\/solidarit%C3%A9-s%C3%A9curit%C3%A9-du-revenu-agricole-signez\">Soyons solidaires! Signons la p\u00e9tition!<\/a><\/p>\n<p style=\"text-align: justify;\"><strong>Nous, producteurs agricoles de partout au Qu\u00e9bec, tous secteurs confondus, demandons au gouvernement\u00a0:<\/strong><\/p>\n<ul style=\"text-align: justify;\">\n<li>de <strong>reporter la d\u00e9marche de la FADQ<\/strong> visant \u00e0 ce que les producteurs choisissent entre l\u2019ASRA et les programmes Agri;<\/li>\n<li>de <strong>rendre admissible le programme Agri-Qu\u00e9bec<\/strong>, sans arrimage avec l\u2019ASRA;<\/li>\n<li>de <strong>mettre en place un programme d\u2019appui au d\u00e9veloppement des entreprises<\/strong> \u00e0 deux volets\u00a0:\n<ul>\n<li>un <strong>volet r\u00e9gional<\/strong> pour tenir compte des d\u00e9fis suppl\u00e9mentaires, tel l\u2019\u00e9loignement des march\u00e9s;<\/li>\n<li>un <strong>volet g\u00e9n\u00e9ral<\/strong> pour le d\u00e9veloppement, la transition, l\u2019adaptation et l\u2019am\u00e9lioration de la productivit\u00e9;<\/li>\n<\/ul>\n<\/li>\n<li>d\u2019<strong>ajouter un m\u00e9canisme de redressement des marges de r\u00e9f\u00e9rence<\/strong> dans l\u2019application du programme Agri-Qu\u00e9bec Plus pour les entreprises sans ASRA et sans gestion de l\u2019offre afin de soutenir convenablement le revenu des fermes, notamment lors de crises prolong\u00e9es;<\/li>\n<li>d\u2019<strong>ajuster, en ASRA, le revenu stabilis\u00e9<\/strong> afin qu\u2019il repr\u00e9sente les r\u00e9els co\u00fbts de chaque production assur\u00e9e et d\u2019inclure le temps de gestion dans la r\u00e9mun\u00e9ration de l\u2019exploitant.<\/li>\n<\/ul>\n<p style=\"text-align: justify;\">Il est possible de signer cette p\u00e9tition \u00e0 l&#8217;adresse suivante: \u00a0 <a href=\"http:\/\/bit.ly\/securite-revenu\">http:\/\/bit.ly\/securite-revenu<\/a><\/p>\n<p style=\"text-align: justify;\"><strong><a href=\"#minute-bovine\">Retour en haut<\/a><\/strong><\/p>\n<p style=\"text-align: justify;\">\u00a0<\/p>\n<p>&nbsp;<\/p>\n","protected":false},"excerpt":{"rendered":"<p>Infolettre : La minute bovine \u2013\u00a0Juillet 2016 Le VEAU du Qu\u00e9bec au Caf\u00e9 Ricardo Nouveaut\u00e9 &#8211; Vid\u00e9orecette Plan d&#8217;action pour Les Producteurs de bovins du Qu\u00e9bec \u00e0 la suite de l&#8217;AGA 2016 Modification \u00e0 la Convention de mise en march\u00e9 des veaux d&#8217;embouche avec les associations d&#8217;encans Bovi-Expert : Le taux d&#8217;aide maintenu pour 2016-2017 [&#8230;]<\/p>\n","protected":false},"author":6,"featured_media":0,"parent":2423,"menu_order":0,"comment_status":"closed","ping_status":"closed","template":"","meta":{"ngg_post_thumbnail":0,"footnotes":""},"class_list":["post-2582","page","type-page","status-publish","hentry"],"_links":{"self":[{"href":"https:\/\/bovin.qc.ca\/en\/wp-json\/wp\/v2\/pages\/2582","targetHints":{"allow":["GET"]}}],"collection":[{"href":"https:\/\/bovin.qc.ca\/en\/wp-json\/wp\/v2\/pages"}],"about":[{"href":"https:\/\/bovin.qc.ca\/en\/wp-json\/wp\/v2\/types\/page"}],"author":[{"embeddable":true,"href":"https:\/\/bovin.qc.ca\/en\/wp-json\/wp\/v2\/users\/6"}],"replies":[{"embeddable":true,"href":"https:\/\/bovin.qc.ca\/en\/wp-json\/wp\/v2\/comments?post=2582"}],"version-history":[{"count":0,"href":"https:\/\/bovin.qc.ca\/en\/wp-json\/wp\/v2\/pages\/2582\/revisions"}],"up":[{"embeddable":true,"href":"https:\/\/bovin.qc.ca\/en\/wp-json\/wp\/v2\/pages\/2423"}],"wp:attachment":[{"href":"https:\/\/bovin.qc.ca\/en\/wp-json\/wp\/v2\/media?parent=2582"}],"curies":[{"name":"wp","href":"https:\/\/api.w.org\/{rel}","templated":true}]}}