{"id":25199,"date":"2025-02-10T13:54:00","date_gmt":"2025-02-10T18:54:00","guid":{"rendered":"https:\/\/bovin.qc.ca\/?page_id=25199"},"modified":"2025-12-18T09:43:15","modified_gmt":"2025-12-18T14:43:15","slug":"2025-2","status":"publish","type":"page","link":"https:\/\/bovin.qc.ca\/en\/publications\/archives\/2025-2\/","title":{"rendered":"2025"},"content":{"rendered":"<h2>Farm Income Stabilization Insurance Program<\/h2>\n<h4>Product of Feeder Cattle and Slaughter Cattle<\/h4>\n<p><strong><a href=\"https:\/\/bovin.qc.ca\/wp-content\/uploads\/2025\/11\/A2025_aide_memoire_CBO_BOU_finale.pdf\" target=\"_blank\" rel=\"noopener\">+ Checklist \u2013 Collection of Contributions to the Joint Plan for the 2025 Insurance Year<\/a><\/strong><\/p>\n<h4>Product of Cow Calves<\/h4>\n<p><strong><a href=\"https:\/\/bovin.qc.ca\/wp-content\/uploads\/2025\/11\/A2025_aide_memoire_CBO_VEE_finale.pdf\" target=\"_blank\" rel=\"noopener\">+ Checklist \u2013 Collection of Contributions to the Joint Plan for the 2025 Insurance Year<\/a><\/strong><\/p>\n<h2>Sectoral Documentation<\/h2>\n<p><strong>Click on a sector:&nbsp;<\/strong><\/p>\n<p><a href=\"https:\/\/bovin.qc.ca\/en\/the-production\/cull-cattle-and-bob-calves\/publications\/\"><img loading=\"lazy\" decoding=\"async\" class=\"alignnone wp-image-8428 size-medium\" style=\"margin-left: 2px; margin-right: 2px;\" src=\"https:\/\/bovin.qc.ca\/wp-content\/uploads\/2020\/07\/BOV047_photos-BR-EN-137x300.jpg\" width=\"137\" height=\"300\"><\/a><a href=\"https:\/\/bovin.qc.ca\/en\/the-production\/grain-fed-veal\/publications\/\"><img loading=\"lazy\" decoding=\"async\" class=\"alignnone wp-image-10334 size-medium\" style=\"margin-left: 2px; margin-right: 2px;\" src=\"https:\/\/bovin.qc.ca\/wp-content\/uploads\/2020\/07\/BOV047_photos-VG-EN-137x300.jpg\" alt=\"\" width=\"137\" height=\"300\" srcset=\"https:\/\/bovin.qc.ca\/wp-content\/uploads\/2020\/07\/BOV047_photos-VG-EN-137x300.jpg 137w, https:\/\/bovin.qc.ca\/wp-content\/uploads\/2020\/07\/BOV047_photos-VG-EN-58x128.jpg 58w, https:\/\/bovin.qc.ca\/wp-content\/uploads\/2020\/07\/BOV047_photos-VG-EN.jpg 600w\" sizes=\"auto, (max-width: 137px) 100vw, 137px\" \/><\/a><a href=\"https:\/\/bovin.qc.ca\/en\/the-production\/milk-fed-veal\/publications\/\"><img loading=\"lazy\" decoding=\"async\" class=\"alignnone wp-image-10336 size-medium\" style=\"margin-left: 2px; margin-right: 2px;\" src=\"https:\/\/bovin.qc.ca\/wp-content\/uploads\/2020\/07\/BOV047_photos-VL-EN-137x300.jpg\" alt=\"\" width=\"137\" height=\"300\" srcset=\"https:\/\/bovin.qc.ca\/wp-content\/uploads\/2020\/07\/BOV047_photos-VL-EN-137x300.jpg 137w, https:\/\/bovin.qc.ca\/wp-content\/uploads\/2020\/07\/BOV047_photos-VL-EN-58x128.jpg 58w, https:\/\/bovin.qc.ca\/wp-content\/uploads\/2020\/07\/BOV047_photos-VL-EN.jpg 600w\" sizes=\"auto, (max-width: 137px) 100vw, 137px\" \/><\/a><a href=\"https:\/\/bovin.qc.ca\/en\/the-production\/feeder-calf\/publications\/\"><img loading=\"lazy\" decoding=\"async\" class=\"alignnone wp-image-10332 size-medium\" style=\"margin-left: 2px; margin-right: 2px;\" src=\"https:\/\/bovin.qc.ca\/wp-content\/uploads\/2020\/07\/BOV047_photos-VE-EN-137x300.jpg\" alt=\"\" width=\"137\" height=\"300\" srcset=\"https:\/\/bovin.qc.ca\/wp-content\/uploads\/2020\/07\/BOV047_photos-VE-EN-137x300.jpg 137w, https:\/\/bovin.qc.ca\/wp-content\/uploads\/2020\/07\/BOV047_photos-VE-EN-58x128.jpg 58w, https:\/\/bovin.qc.ca\/wp-content\/uploads\/2020\/07\/BOV047_photos-VE-EN.jpg 600w\" sizes=\"auto, (max-width: 137px) 100vw, 137px\" \/><\/a><a href=\"https:\/\/bovin.qc.ca\/en\/the-production\/fed-cattle\/publications\/\"><img loading=\"lazy\" decoding=\"async\" class=\"alignnone wp-image-10339 size-medium\" style=\"margin-left: 2px; margin-right: 2px;\" src=\"https:\/\/bovin.qc.ca\/wp-content\/uploads\/2020\/07\/BOV047_photos-BA-EN-137x300.jpg\" alt=\"\" width=\"137\" height=\"300\" srcset=\"https:\/\/bovin.qc.ca\/wp-content\/uploads\/2020\/07\/BOV047_photos-BA-EN-137x300.jpg 137w, https:\/\/bovin.qc.ca\/wp-content\/uploads\/2020\/07\/BOV047_photos-BA-EN-58x128.jpg 58w, https:\/\/bovin.qc.ca\/wp-content\/uploads\/2020\/07\/BOV047_photos-BA-EN.jpg 600w\" sizes=\"auto, (max-width: 137px) 100vw, 137px\" \/><\/a><\/p>\n<h2>Infolettre :&nbsp;<em>La Minute bovine <\/em>2025<\/h2>\n<p>(in French only)<\/p>\n<p><strong><a href=\"https:\/\/bovin.qc.ca\/en\/la-minute-bovine-december-2025\/\" target=\"_blank\" rel=\"noopener\">+ La Minute bovine &#8211; December 2025<\/a><\/strong><\/p>\n<p><strong><a href=\"https:\/\/bovin.qc.ca\/en\/la-minute-bovine-november-2025\/\" target=\"_blank\" rel=\"noopener\">+ La Minute bovine &#8211; November 2025<\/a><\/strong><\/p>\n<p><strong><a href=\"https:\/\/bovin.qc.ca\/en\/la-minute-bovine-october-2025\/\" target=\"_blank\" rel=\"noopener\">+ La Minute bovine &#8211; October 2025<\/a><\/strong><\/p>\n<p><strong><a href=\"https:\/\/bovin.qc.ca\/en\/la-minute-bovine-september-2025\/\" target=\"_blank\" rel=\"noopener\">+ La Minute bovine &#8211; September 2025<\/a><\/strong><\/p>\n<p><strong><a href=\"https:\/\/bovin.qc.ca\/en\/la-minute-bovine-august-2025\/\" target=\"_blank\" rel=\"noopener\">+ La Minute bovine &#8211; August 2025<\/a><\/strong><\/p>\n<p><strong><a href=\"https:\/\/bovin.qc.ca\/en\/la-minute-bovine-july-2025\/\" target=\"_blank\" rel=\"noopener\">+ La Minute bovine &#8211; July 2025<\/a><\/strong><\/p>\n<p><strong><a href=\"https:\/\/bovin.qc.ca\/en\/la-minute-bovine-june-2025-2\/\" target=\"_blank\" rel=\"noopener\">+ La Minute bovine &#8211; June 2025<\/a><\/strong><\/p>\n<p><strong><a href=\"https:\/\/bovin.qc.ca\/en\/la-minute-bovine-may-2025\/\" target=\"_blank\" rel=\"noopener\">+ La Minute bovine &#8211; May 2025<\/a><\/strong><\/p>\n<p><strong><a href=\"https:\/\/bovin.qc.ca\/en\/la-minute-bovine-april-2025\/\" target=\"_blank\" rel=\"noopener\">+ La Minute bovine &#8211; April 2025<\/a><\/strong><\/p>\n<p><strong><a href=\"https:\/\/bovin.qc.ca\/en\/la-minute-bovine-march-2025\/\" target=\"_blank\" rel=\"noopener\">+ La Minute bovine &#8211; March 2025<\/a><\/strong><\/p>\n<p><strong><a href=\"https:\/\/bovin.qc.ca\/en\/la-minute-bovine-february-2025\/\" target=\"_blank\" rel=\"noopener\">+ La Minute bovine &#8211; February 2025<\/a><\/strong><\/p>\n<p><strong><a href=\"https:\/\/bovin.qc.ca\/en\/la-minute-bovine-january-2025\/\" target=\"_blank\" rel=\"noopener\">+ La Minute bovine &#8211; January 2025<\/a><\/strong><\/p>\n<h2>Cahiers <em>Bovins du Qu\u00e9bec<\/em><i> <\/i>2025&nbsp;<\/h2>\n<p><strong>Int\u00e9gr\u00e9s \u00e0 la <a href=\"https:\/\/laterrekiosk.milibris.com\/\" target=\"_blank\" rel=\"noopener\">Terre de chez nous<\/a><\/strong><\/p>\n<table style=\"border-collapse: collapse; width: 100%;\">\n<tbody>\n<tr>\n<td style=\"width: 33.3333%; text-align: center; vertical-align: middle;\"><strong><a href=\"https:\/\/publications.laterre.ca\/reader\/d61d7ecb-3b4b-40b1-8f73-435b1d65da49?origin=%2Fcahiers-speciaux%2Fcahiers-speciaux%2F2025-07-09&amp;fbclid=IwY2xjawLstiNleHRuA2FlbQIxMABicmlkETFFZ1BTbTk4SWdYYjB4RTFUAR5TPGZyhW8jRBFCx_e2eT4HFdSwMX_7KlTNqK5rBKOMe-KOHR2ZSTR2-G2Xog_aem_CU0PaGo86OoCsu5S-CWq3w\" target=\"_blank\" rel=\"noopener\"><img loading=\"lazy\" decoding=\"async\" class=\"aligncenter wp-image-27495\" src=\"https:\/\/bovin.qc.ca\/wp-content\/uploads\/2025\/07\/Bovins_juillet-scaled.jpg\" alt=\"\" width=\"285\" height=\"369\" srcset=\"https:\/\/bovin.qc.ca\/wp-content\/uploads\/2025\/07\/Bovins_juillet-scaled.jpg 1979w, https:\/\/bovin.qc.ca\/wp-content\/uploads\/2025\/07\/Bovins_juillet-232x300.jpg 232w, https:\/\/bovin.qc.ca\/wp-content\/uploads\/2025\/07\/Bovins_juillet-99x128.jpg 99w, https:\/\/bovin.qc.ca\/wp-content\/uploads\/2025\/07\/Bovins_juillet-1187x1536.jpg 1187w, https:\/\/bovin.qc.ca\/wp-content\/uploads\/2025\/07\/Bovins_juillet-1583x2048.jpg 1583w\" sizes=\"auto, (max-width: 285px) 100vw, 285px\" \/><\/a><\/strong><\/td>\n<td style=\"width: 33.3333%; text-align: center; vertical-align: middle;\"><a href=\"https:\/\/publications.laterre.ca\/reader\/56adc370-7778-4286-ac4e-cafc1d77017f?origin=%2Fcahiers-speciaux%2Fcahiers-speciaux%2F2025-04-30\" target=\"_blank\" rel=\"noopener\"><img loading=\"lazy\" decoding=\"async\" class=\"aligncenter wp-image-26458\" src=\"https:\/\/bovin.qc.ca\/wp-content\/uploads\/2025\/05\/cahier_bovins.jpg\" alt=\"\" width=\"250\" height=\"349\" srcset=\"https:\/\/bovin.qc.ca\/wp-content\/uploads\/2025\/05\/cahier_bovins.jpg 1602w, https:\/\/bovin.qc.ca\/wp-content\/uploads\/2025\/05\/cahier_bovins-215x300.jpg 215w, https:\/\/bovin.qc.ca\/wp-content\/uploads\/2025\/05\/cahier_bovins-92x128.jpg 92w, https:\/\/bovin.qc.ca\/wp-content\/uploads\/2025\/05\/cahier_bovins-1101x1536.jpg 1101w, https:\/\/bovin.qc.ca\/wp-content\/uploads\/2025\/05\/cahier_bovins-1468x2048.jpg 1468w\" sizes=\"auto, (max-width: 250px) 100vw, 250px\" \/><\/a><\/td>\n<td style=\"width: 33.3333%; text-align: center; vertical-align: middle;\"><a href=\"https:\/\/publications.laterre.ca\/reader\/e0facc9c-c1fc-4f26-b132-1176dbd5ed3c?origin=%2Fcahiers-speciaux%2Fcahiers-speciaux%2F2025-01-29&amp;fbclid=IwY2xjawIN9uJleHRuA2FlbQIxMAABHcznGVt95dCAULY95Z8cA7YJQ4KN0vo3Z0sfobKd9vLwW8jJB_xozuqFVg_aem_dsrMG1rtEyxYEOf78Ou7vQ\" target=\"_blank\" rel=\"noopener\"><img loading=\"lazy\" decoding=\"async\" class=\"aligncenter wp-image-25152\" src=\"https:\/\/bovin.qc.ca\/wp-content\/uploads\/2025\/02\/Bovins-du-Quebec-fevrier-2025.jpg\" alt=\"\" width=\"250\" height=\"346\" srcset=\"https:\/\/bovin.qc.ca\/wp-content\/uploads\/2025\/02\/Bovins-du-Quebec-fevrier-2025.jpg 693w, https:\/\/bovin.qc.ca\/wp-content\/uploads\/2025\/02\/Bovins-du-Quebec-fevrier-2025-217x300.jpg 217w, https:\/\/bovin.qc.ca\/wp-content\/uploads\/2025\/02\/Bovins-du-Quebec-fevrier-2025-92x128.jpg 92w\" sizes=\"auto, (max-width: 250px) 100vw, 250px\" \/><\/a><\/td>\n<\/tr>\n<tr>\n<td style=\"width: 33.3333%; text-align: center;\"><strong><a href=\"https:\/\/publications.laterre.ca\/reader\/d61d7ecb-3b4b-40b1-8f73-435b1d65da49?origin=%2Fcahiers-speciaux%2Fcahiers-speciaux%2F2025-07-09&amp;fbclid=IwY2xjawLstiNleHRuA2FlbQIxMABicmlkETFFZ1BTbTk4SWdYYjB4RTFUAR5TPGZyhW8jRBFCx_e2eT4HFdSwMX_7KlTNqK5rBKOMe-KOHR2ZSTR2-G2Xog_aem_CU0PaGo86OoCsu5S-CWq3w\" target=\"_blank\" rel=\"noopener\">July 9, 2025<\/a><\/strong><\/td>\n<td style=\"width: 33.3333%; text-align: center;\"><strong><a href=\"https:\/\/publications.laterre.ca\/reader\/e0facc9c-c1fc-4f26-b132-1176dbd5ed3c?origin=%2Fcahiers-speciaux%2Fcahiers-speciaux%2F2025-01-29&amp;fbclid=IwY2xjawIN9uJleHRuA2FlbQIxMAABHcznGVt95dCAULY95Z8cA7YJQ4KN0vo3Z0sfobKd9vLwW8jJB_xozuqFVg_aem_dsrMG1rtEyxYEOf78Ou7vQ\" target=\"_blank\" rel=\"noopener\">April 30, 2025<\/a><\/strong><\/td>\n<td style=\"width: 33.3333%; text-align: center;\"><strong><a href=\"https:\/\/publications.laterre.ca\/reader\/e0facc9c-c1fc-4f26-b132-1176dbd5ed3c?origin=%2Fcahiers-speciaux%2Fcahiers-speciaux%2F2025-01-29&amp;fbclid=IwY2xjawIN9uJleHRuA2FlbQIxMAABHcznGVt95dCAULY95Z8cA7YJQ4KN0vo3Z0sfobKd9vLwW8jJB_xozuqFVg_aem_dsrMG1rtEyxYEOf78Ou7vQ\" target=\"_blank\" rel=\"noopener\">January 29, 2025<\/a><\/strong><\/td>\n<\/tr>\n<tr>\n<td style=\"width: 33.3333%;\"><a href=\"https:\/\/publications.laterre.ca\/reader\/af1b8ab9-6db9-48e2-86f2-64142f48c8ec?origin=%2Fcahiers-speciaux%2Fcahiers-speciaux%2F2025-01-15\" target=\"_blank\" rel=\"noopener\"><img loading=\"lazy\" decoding=\"async\" class=\"aligncenter wp-image-25193\" src=\"https:\/\/bovin.qc.ca\/wp-content\/uploads\/2025\/02\/Bovins-du-Qc-15-janv-25.jpg\" alt=\"\" width=\"250\" height=\"348\" srcset=\"https:\/\/bovin.qc.ca\/wp-content\/uploads\/2025\/02\/Bovins-du-Qc-15-janv-25.jpg 576w, https:\/\/bovin.qc.ca\/wp-content\/uploads\/2025\/02\/Bovins-du-Qc-15-janv-25-216x300.jpg 216w, https:\/\/bovin.qc.ca\/wp-content\/uploads\/2025\/02\/Bovins-du-Qc-15-janv-25-92x128.jpg 92w\" sizes=\"auto, (max-width: 250px) 100vw, 250px\" \/><\/a><\/td>\n<td style=\"width: 33.3333%;\">&nbsp;<\/td>\n<td style=\"width: 33.3333%;\">&nbsp;<\/td>\n<\/tr>\n<tr>\n<td style=\"width: 33.3333%; text-align: center;\"><strong><a href=\"https:\/\/publications.laterre.ca\/reader\/af1b8ab9-6db9-48e2-86f2-64142f48c8ec?origin=%2Fcahiers-speciaux%2Fcahiers-speciaux%2F2025-01-15\" target=\"_blank\" rel=\"noopener\">January 15, 2025<\/a><\/strong><\/td>\n<td style=\"width: 33.3333%;\">&nbsp;<\/td>\n<td style=\"width: 33.3333%;\">&nbsp;<\/td>\n<\/tr>\n<\/tbody>\n<\/table>\n<p style=\"text-align: center;\">&nbsp;<\/p>\n","protected":false},"excerpt":{"rendered":"<p>Farm Income Stabilization Insurance Program Product of Feeder Cattle and Slaughter Cattle + Checklist \u2013 Collection of Contributions to the Joint Plan for the 2025 Insurance Year Product of Cow Calves + Checklist \u2013 Collection of Contributions to the Joint Plan for the 2025 Insurance Year Sectoral Documentation Click on a sector:&nbsp; Infolettre :&nbsp;La Minute [&#8230;]<\/p>\n","protected":false},"author":6,"featured_media":0,"parent":1751,"menu_order":0,"comment_status":"closed","ping_status":"closed","template":"","meta":{"ngg_post_thumbnail":0,"footnotes":""},"class_list":["post-25199","page","type-page","status-publish","hentry"],"_links":{"self":[{"href":"https:\/\/bovin.qc.ca\/en\/wp-json\/wp\/v2\/pages\/25199","targetHints":{"allow":["GET"]}}],"collection":[{"href":"https:\/\/bovin.qc.ca\/en\/wp-json\/wp\/v2\/pages"}],"about":[{"href":"https:\/\/bovin.qc.ca\/en\/wp-json\/wp\/v2\/types\/page"}],"author":[{"embeddable":true,"href":"https:\/\/bovin.qc.ca\/en\/wp-json\/wp\/v2\/users\/6"}],"replies":[{"embeddable":true,"href":"https:\/\/bovin.qc.ca\/en\/wp-json\/wp\/v2\/comments?post=25199"}],"version-history":[{"count":20,"href":"https:\/\/bovin.qc.ca\/en\/wp-json\/wp\/v2\/pages\/25199\/revisions"}],"predecessor-version":[{"id":30083,"href":"https:\/\/bovin.qc.ca\/en\/wp-json\/wp\/v2\/pages\/25199\/revisions\/30083"}],"up":[{"embeddable":true,"href":"https:\/\/bovin.qc.ca\/en\/wp-json\/wp\/v2\/pages\/1751"}],"wp:attachment":[{"href":"https:\/\/bovin.qc.ca\/en\/wp-json\/wp\/v2\/media?parent=25199"}],"curies":[{"name":"wp","href":"https:\/\/api.w.org\/{rel}","templated":true}]}}