{"id":2430,"date":"2016-05-13T13:13:49","date_gmt":"2016-05-13T17:13:49","guid":{"rendered":"https:\/\/bovin.qc.ca\/en\/la-minute-bovine-2\/2016-2\/la-minute-bovine-mai-2016\/"},"modified":"2016-05-16T09:29:48","modified_gmt":"2016-05-16T13:29:48","slug":"la-minute-bovine-mai-2016","status":"publish","type":"page","link":"https:\/\/bovin.qc.ca\/en\/la-minute-bovine-2\/2016-2\/la-minute-bovine-mai-2016\/","title":{"rendered":"La minute bovine \u2013 Mai 2016"},"content":{"rendered":"<h1><span style=\"font-size: 32px;\">Infolettre : La minute <span style=\"font-size: 24pt;\">bovine<\/span> \u2013 Mai 2016<\/span><a id=\"minute-bovine\"><\/a><\/h1>\n<ul>\n<li><a href=\"#assemblee-generale\">Assembl\u00e9e g\u00e9n\u00e9rale annuelle 2016<\/a><\/li>\n<li><a href=\"#enclos-hivernage\">Enclos d\u2019hivernage et amas au champ : rappels!<\/a><\/li>\n<li><a href=\"#agri-vs-asra\">AGRI versus ASRA : Les producteurs de bovins ont choisi l\u2019ASRA<\/a><\/li>\n<li><a href=\"#code-veau\">Nouveau Code pour le veau, o\u00f9 en sommes-nous?<\/a><\/li>\n<li><a href=\"#salmonella-dublin\">Salmonella Dublin<\/a><\/li>\n<li><a href=\"#relance-production\">Relance de la production : Le dossier prioritaire!<\/a><\/li>\n<li><a href=\"#normes-veau\">Absence de r\u00e9ciprocit\u00e9 des normes pour le secteur du veau<\/a><\/li>\n<li><a href=\"#asra-bouvillons\">ASRA bouvillons : rencontre avec la FADQ<\/a><\/li>\n<li><a href=\"#gestion-enclos-hivernage\">G\u00e9rer avec succ\u00e8s un enclos d\u2019hivernage<\/a><\/li>\n<\/ul>\n<h4><strong>ASSEMBL\u00c9E G\u00c9N\u00c9RALE ANNUELLE 2016<a id=\"assemblee-generale\"><\/a><\/strong><\/h4>\n<p><strong>Par Jos\u00e9e-Anne Desautels<\/strong><\/p>\n<p style=\"text-align: justify;\">C\u2019est sous le th\u00e8me <em>Ensemble, visons la croissance<\/em> que se tenait les 6 et 7 avril dernier l\u2019assembl\u00e9e g\u00e9n\u00e9rale annuelle des producteurs de bovins du Qu\u00e9bec. Plus de 180 producteurs de bovins, intervenants de l\u2019industrie et repr\u00e9sentants des diff\u00e9rents paliers gouvernementaux y ont particip\u00e9. Les d\u00e9l\u00e9gu\u00e9s ont appuy\u00e9 le changement de la d\u00e9nomination sociale de la F\u00e9d\u00e9ration des producteurs de bovins du Qu\u00e9bec. La F\u00e9d\u00e9ration devient d\u00e9sormais <strong>Les Producteurs de bovins du Qu\u00e9bec<\/strong>.<\/p>\n<p style=\"text-align: justify;\">Lors de l\u2019assembl\u00e9e, 22 r\u00e9solutions ont \u00e9t\u00e9 adopt\u00e9es. Un r\u00e9sum\u00e9 des 10 r\u00e9solutions adopt\u00e9es en pl\u00e9ni\u00e8re sera disponible sous peu sur le nouveau site Web qui facilite la navigation et informe davantage les producteurs <a href=\"http:\/\/www.bovin.qc.ca\/\">www.bovin.qc.ca<\/a>. Voici le <a href=\"https:\/\/bovin.qc.ca\/wp-content\/uploads\/2016\/05\/Guide-de-navigation.pdf\" target=\"_blank\" rel=\"\">guide pour une navigation simple et rapide.<\/a><\/p>\n<p><strong>\u00c9lections<\/strong><\/p>\n<p style=\"text-align: justify;\">Au terme de l\u2019assembl\u00e9e, le conseil d\u2019administration a proc\u00e9d\u00e9 \u00e0 l\u2019\u00e9lection de son comit\u00e9 ex\u00e9cutif. Il est compos\u00e9 de\u00a0:<\/p>\n<ul style=\"text-align: justify;\">\n<li>Claude Viel, r\u00e9\u00e9lu \u00e0 la pr\u00e9sidence pour un nouveau mandat de deux ans;<\/li>\n<li>M. Guy Gallant, vice-pr\u00e9sident;<\/li>\n<li>MM. Michel Daigle, Andr\u00e9 Ricard et Kirk Jackson.<\/li>\n<\/ul>\n<p style=\"text-align: justify;\">Deux nouveaux \u00e9lus deviennent membres du conseil d\u2019administration. Il s\u2019agit de MM. Jean-Thomas Maltais, nouveau pr\u00e9sident du comit\u00e9 de mise en march\u00e9 des veaux d\u2019embouche, et Pierre-Luc Nadeau, nouveau pr\u00e9sident du comit\u00e9 de mise en march\u00e9 des veaux de lait.<\/p>\n<p style=\"text-align: justify;\"><img loading=\"lazy\" decoding=\"async\" class=\"alignleft wp-image-2431\" src=\"https:\/\/bovin.qc.ca\/wp-content\/uploads\/2016\/05\/3.jpg\" alt=\"3\" width=\"400\" height=\"600\" srcset=\"https:\/\/bovin.qc.ca\/wp-content\/uploads\/2016\/05\/3.jpg 683w, https:\/\/bovin.qc.ca\/wp-content\/uploads\/2016\/05\/3-200x300.jpg 200w, https:\/\/bovin.qc.ca\/wp-content\/uploads\/2016\/05\/3-85x128.jpg 85w\" sizes=\"auto, (max-width: 400px) 100vw, 400px\" \/><img loading=\"lazy\" decoding=\"async\" class=\"aligncenter wp-image-2433\" src=\"https:\/\/bovin.qc.ca\/wp-content\/uploads\/2016\/05\/5.jpg\" alt=\"5\" width=\"400\" height=\"600\" srcset=\"https:\/\/bovin.qc.ca\/wp-content\/uploads\/2016\/05\/5.jpg 1000w, https:\/\/bovin.qc.ca\/wp-content\/uploads\/2016\/05\/5-200x300.jpg 200w, https:\/\/bovin.qc.ca\/wp-content\/uploads\/2016\/05\/5-85x128.jpg 85w\" sizes=\"auto, (max-width: 400px) 100vw, 400px\" \/><\/p>\n<p style=\"text-align: justify;\"><a href=\"https:\/\/bovin.qc.ca\/photos-assamblee-generale-annuelle-2016\/\" target=\"_blank\">Voir les autres photos<\/a><\/p>\n<p style=\"text-align: justify;\"><a href=\"#minute-bovine\">Retour en haut<\/a><\/p>\n<hr \/>\n<h4><strong>ENCLOS D\u2019HIVERNAGE ET AMAS AU CHAMP\u00a0: RAPPELS!<a id=\"enclos-hivernage\"><\/a><\/strong><\/h4>\n<p><strong>Par <\/strong><strong>Nathalie C\u00f4t\u00e9<\/strong><\/p>\n<p><a href=\"https:\/\/bovin.qc.ca\/wp-content\/uploads\/2016\/05\/Enclos-hivernage-RAPPEL.jpg\" target=\"_blank\" rel=\"attachment wp-att-2451\"><img loading=\"lazy\" decoding=\"async\" class=\"alignright wp-image-2451\" src=\"https:\/\/bovin.qc.ca\/wp-content\/uploads\/2016\/05\/Enclos-hivernage-RAPPEL.jpg\" alt=\"Enclos hivernage - RAPPEL\" width=\"450\" height=\"170\" srcset=\"https:\/\/bovin.qc.ca\/wp-content\/uploads\/2016\/05\/Enclos-hivernage-RAPPEL.jpg 2678w, https:\/\/bovin.qc.ca\/wp-content\/uploads\/2016\/05\/Enclos-hivernage-RAPPEL-300x113.jpg 300w, https:\/\/bovin.qc.ca\/wp-content\/uploads\/2016\/05\/Enclos-hivernage-RAPPEL-339x128.jpg 339w\" sizes=\"auto, (max-width: 450px) 100vw, 450px\" \/><\/a><\/p>\n<p style=\"text-align: justify;\">Ce sera bient\u00f4t le grand m\u00e9nage du printemps dans vos enclos. Un petit rappel pour vous pr\u00e9ciser que le fumier accumul\u00e9 dans l\u2019enclos peut \u00eatre \u00e9pandu d\u00e8s sa sortie ou entrepos\u00e9 en amas de fumier solide dans un champ cultiv\u00e9. Dans ce dernier cas, l\u2019amas doit respecter toutes les conditions de conception pr\u00e9vues au <em>R\u00e8glement sur les exploitations agricoles<\/em>, soit\u00a0:<\/p>\n<ul style=\"text-align: justify;\">\n<li>les eaux contamin\u00e9es ne doivent pas atteindre les cours d\u2019eau;<\/li>\n<li>les eaux de ruissellement ne doivent pas atteindre l\u2019amas;<\/li>\n<li>l\u2019amas ne doit pas contenir plus de 2\u00a0000\u00a0kg de phosphore;<\/li>\n<li>l\u2019amas doit servir pour fertiliser la parcelle o\u00f9 il est situ\u00e9 ou une parcelle contig\u00fce;<\/li>\n<li>l\u2019amas doit \u00eatre fait \u00e0 au moins 100 m\u00e8tres de l\u2019emplacement d\u2019un amas constitu\u00e9 l\u2019ann\u00e9e pr\u00e9c\u00e9dente.<\/li>\n<\/ul>\n<p style=\"text-align: justify;\">Toutefois, il faut noter que l\u2019amas de fumier provenant d\u2019un enclos doit \u00eatre \u00e9pandu dans la m\u00eame saison de culture. Donc si vous enlevez le fumier de votre enclos ce printemps et le stockez en amas dans un champ cultiv\u00e9, vous\u00a0devez \u00e9pandre ce fumier selon les directives de votre Plan AgroEnvironnement de fertilisation dans la saison de culture 2016.<\/p>\n<p style=\"text-align: justify;\"><a href=\"#minute-bovine\">Retour en haut<\/a><\/p>\n<hr \/>\n<h4><strong>AGRI VERSUS ASRA\u00a0: LES PRODUCTEURS DE BOVINS ONT CHOISI L\u2019ASRA<a id=\"agri-vs-asra\"><\/a><\/strong><\/h4>\n<p><strong>Par Ann Fornasier<\/strong><\/p>\n<p><img loading=\"lazy\" decoding=\"async\" class=\"alignleft size-medium wp-image-2454\" src=\"https:\/\/bovin.qc.ca\/wp-content\/uploads\/2016\/05\/ASRA-VS-AGRI-240x300.jpg\" alt=\"ASRA VS AGRI\" width=\"240\" height=\"300\" srcset=\"https:\/\/bovin.qc.ca\/wp-content\/uploads\/2016\/05\/ASRA-VS-AGRI-240x300.jpg 240w, https:\/\/bovin.qc.ca\/wp-content\/uploads\/2016\/05\/ASRA-VS-AGRI-102x128.jpg 102w, https:\/\/bovin.qc.ca\/wp-content\/uploads\/2016\/05\/ASRA-VS-AGRI.jpg 1983w\" sizes=\"auto, (max-width: 240px) 100vw, 240px\" \/><\/p>\n<p style=\"text-align: justify;\">Les Producteurs de bovins du Qu\u00e9bec ont organis\u00e9 des rencontres d\u2019information avec les producteurs de veaux de grain, bouvillons d\u2019abattage et veaux d\u2019embouche concernant le choix offert aux secteurs sous ASRA de se retirer du Programme ASRA et d\u2019opter plut\u00f4t pour les programmes Agri-Qu\u00e9bec et Agri-Qu\u00e9bec Plus.<\/p>\n<p style=\"text-align: justify;\">Apr\u00e8s analyse, les producteurs de tous les secteurs concern\u00e9s ont conclu que le Programme ASRA offre une meilleure couverture contre les risques de march\u00e9 \u00e0 long terme. Ils demandent que le Programme ASRA soit maintenu dans leurs secteurs de production respectifs.<\/p>\n<p style=\"text-align: justify;\">Rappelons que la FADQ a mis fin au Programme ASRA dans le secteur veau de lait en 2015. Le secteur compte d\u00e9sormais sur les programmes AGRI pour les prot\u00e9ger contre les risques de march\u00e9. \u00c0 l\u2019instar de l\u2019UPA, Les Producteurs de bovins du Qu\u00e9bec demandent qu\u2019un m\u00e9canisme de redressement des marges de r\u00e9f\u00e9rence soit mis en place afin de mieux prot\u00e9ger les producteurs contre une baisse prolong\u00e9e des prix de march\u00e9.<\/p>\n<p style=\"text-align: justify;\"><a href=\"#minute-bovine\">Retour en haut<\/a><\/p>\n<hr \/>\n<h4><strong>NOUVEAU CODE POUR LE VEAU, O\u00d9 EN SOMMES-NOUS?<a id=\"code-veau\"><\/a><\/strong><\/h4>\n<p><strong>Par <\/strong><strong>Nathalie C\u00f4t\u00e9<\/strong><\/p>\n<p><img loading=\"lazy\" decoding=\"async\" class=\"alignleft wp-image-2455\" src=\"https:\/\/bovin.qc.ca\/wp-content\/uploads\/2016\/05\/Code-veau.jpg\" alt=\"Code veau\" width=\"600\" height=\"441\" srcset=\"https:\/\/bovin.qc.ca\/wp-content\/uploads\/2016\/05\/Code-veau.jpg 776w, https:\/\/bovin.qc.ca\/wp-content\/uploads\/2016\/05\/Code-veau-300x220.jpg 300w, https:\/\/bovin.qc.ca\/wp-content\/uploads\/2016\/05\/Code-veau-174x128.jpg 174w\" sizes=\"auto, (max-width: 600px) 100vw, 600px\" \/><\/p>\n<p style=\"text-align: justify;\">Les travaux pour le renouvellement du code de pratiques recommand\u00e9es pour les soins et la manipulation du veau lourd se poursuivent. Le code, dont la parution est pr\u00e9vue pour la fin de 2017, couvrira les productions de veaux de lait, veaux de grain et la portion d\u00e9marrage de bouvillons laitiers. Le code contiendra les chapitres suivants\u00a0: s\u00e9lection et soins aux veaux nouvellement arriv\u00e9s, logement, alimentation et eau, m\u00e9thodes d\u2019\u00e9levage, gestion de la sant\u00e9, transport et euthanasie.<\/p>\n<p style=\"text-align: justify;\">\u00a0<\/p>\n<p style=\"text-align: justify;\">\u00a0<\/p>\n<p style=\"text-align: justify;\">Rappelons qu\u2019un code c\u2019est\u00a0:<\/p>\n<ul style=\"text-align: justify;\">\n<li>des lignes directrices fiables sur le bien-\u00eatre animal;<\/li>\n<li>un guide et des outils de vulgarisation pour promouvoir de saines pratiques de soins aux animaux;<\/li>\n<li>le fondement des programmes d\u2019\u00e9valuation des soins aux animaux;<\/li>\n<li>un processus cr\u00e9dible bas\u00e9 sur la rigueur scientifique, la collaboration des acteurs et une d\u00e9marche syst\u00e9matique.<\/li>\n<\/ul>\n<p style=\"text-align: justify;\">Les codes prendront probablement une importance particuli\u00e8re \u00e0 la suite de l\u2019adoption par le gouvernement du Qu\u00e9bec de la <em>Loi sur le bien-\u00eatre et la s\u00e9curit\u00e9 animale<\/em> en d\u00e9cembre 2015 puisque le ministre s\u2019est r\u00e9serv\u00e9 le droit de les rendre obligatoires.<\/p>\n<p style=\"text-align: justify;\"><a href=\"#minute-bovine\">Retour en haut<\/a><\/p>\n<hr \/>\n<h4><strong><em>SALMONELLA<\/em><\/strong><strong> DUBLIN<a id=\"salmonella-dublin\"><\/a><\/strong><\/h4>\n<p><strong>Par R\u00e9mi Laplante<\/strong><\/p>\n<p style=\"text-align: justify;\">M\u00eame si la situation est plut\u00f4t calme actuellement en ce qui concerne les nouveaux cas cliniques de <em>Salmonella<\/em> Dublin au Qu\u00e9bec, le contr\u00f4le de la propagation de la bact\u00e9rie dans les troupeaux laitiers et de boucherie demeure un enjeu tr\u00e8s pr\u00e9occupant. Plusieurs initiatives ont \u00e9t\u00e9, et seront prises, en vue d\u2019informer les producteurs et les intervenants sur les mesures efficaces de bios\u00e9curit\u00e9 permettant de se pr\u00e9munir contre cette maladie. Plus particuli\u00e8rement dans le secteur vache-veau, le seul foyer d\u2019infection connu \u00e0 ce jour a \u00e9t\u00e9 contr\u00f4l\u00e9 et r\u00e9duit \u00e0 n\u00e9ant par l\u2019envoi du troupeau complet \u00e0 l\u2019abattage, avec les pr\u00e9cautions de bios\u00e9curit\u00e9 garantissant la protection de toute la fili\u00e8re b\u0153uf. L\u2019enqu\u00eate de pr\u00e9valence entreprise par le minist\u00e8re de l\u2019Agriculture, des P\u00eacheries et de l\u2019Alimentation du Qu\u00e9bec, visant plus d\u2019une centaine de troupeaux vache-veau r\u00e9partis \u00e0 travers toute la province, progresse comme pr\u00e9vu. Lorsqu\u2019ils seront connus, les r\u00e9sultats de cette enqu\u00eate nous permettront d\u2019\u00e9mettre les consignes de bios\u00e9curit\u00e9 et de contr\u00f4le de la maladie ajust\u00e9es au niveau de risque pr\u00e9sent dans le secteur. D\u2019ici l\u00e0, tous sont invit\u00e9s \u00e0 adopter des mesures de bios\u00e9curit\u00e9 de base dans leur entreprise concernant particuli\u00e8rement les visiteurs et l\u2019entr\u00e9e de nouveaux animaux. Ces mesures prot\u00e8geront votre troupeau d\u2019un contact avec tout nouveau microorganisme pathog\u00e8ne.<\/p>\n<p style=\"text-align: justify;\"><a href=\"#minute-bovine\">Retour en haut<\/a><\/p>\n<hr \/>\n<h4><strong>RELANCE DE LA PRODUCTION\u00a0:\u00a0LE DOSSIER PRIORITAIRE!<a id=\"relance-production\"><\/a><\/strong><\/h4>\n<p><strong>Par Marie-Claude Dubuc<\/strong><\/p>\n<p><a href=\"https:\/\/bovin.qc.ca\/wp-content\/uploads\/2016\/05\/Relance-de-la-production.jpg\" target=\"_blank\" rel=\"attachment wp-att-2456\"><img loading=\"lazy\" decoding=\"async\" class=\"alignright wp-image-2456\" src=\"https:\/\/bovin.qc.ca\/wp-content\/uploads\/2016\/05\/Relance-de-la-production.jpg\" alt=\"Relance de la production\" width=\"400\" height=\"266\" srcset=\"https:\/\/bovin.qc.ca\/wp-content\/uploads\/2016\/05\/Relance-de-la-production.jpg 3008w, https:\/\/bovin.qc.ca\/wp-content\/uploads\/2016\/05\/Relance-de-la-production-300x199.jpg 300w, https:\/\/bovin.qc.ca\/wp-content\/uploads\/2016\/05\/Relance-de-la-production-193x128.jpg 193w\" sizes=\"auto, (max-width: 400px) 100vw, 400px\" \/><\/a><\/p>\n<p style=\"text-align: justify;\">Les Producteurs de bovins du Qu\u00e9bec s\u2019appr\u00eatent \u00e0 entreprendre diverses actions aupr\u00e8s des d\u00e9cideurs politiques afin de faire conna\u00eetre positivement la production bovine et de miser davantage sur les forces de chacun des secteurs pour relancer la production. Les producteurs de bovins comptent sur le gouvernement pour les accompagner tout au long de ce processus!<\/p>\n<p style=\"text-align: justify;\">Une journ\u00e9e de r\u00e9flexion a eu lieu le 12 avril dernier. Les membres du comit\u00e9 ex\u00e9cutif et les pr\u00e9sidents des comit\u00e9s de mise en march\u00e9 ont amorc\u00e9 leur r\u00e9flexion, accompagn\u00e9s d\u2019une firme sp\u00e9cialis\u00e9e en relations gouvernementales et communication strat\u00e9gique. La relance de la production bovine \u00e9tant n\u00e9cessaire plus que jamais, les personnes pr\u00e9sentes lors de cette rencontre ont mis de l\u2019avant diverses id\u00e9es qui seront soumises au prochain conseil d\u2019administration des Producteurs de bovins du Qu\u00e9bec.<\/p>\n<p style=\"text-align: justify;\"><a href=\"#minute-bovine\">Retour en haut<\/a><\/p>\n<hr \/>\n<p style=\"text-align: justify;\">\u00a0<\/p>\n<h4><strong>ABSENCE DE R\u00c9CIPROCIT\u00c9 DES NORMES POUR LE SECTEUR DU VEAU<a id=\"normes-veau\"><\/a><\/strong><\/h4>\n<p style=\"text-align: justify;\"><strong>Par Marie-Claude Dubuc<\/strong><\/p>\n<p style=\"text-align: justify;\">Des communications et des rencontres sont actuellement effectu\u00e9es afin d\u2019informer les d\u00e9cideurs publics de l\u2019impact socio\u00e9conomique li\u00e9 \u00e0 l\u2019absence de r\u00e9ciprocit\u00e9 des normes, entre le Canada et l\u2019Union europ\u00e9enne, pour la production et la commercialisation du veau.<\/p>\n<p style=\"text-align: justify;\">Ces rencontres visent la mise en place de solutions \u00e9conomiques (ex.\u00a0: soutien financier pour mettre aux normes les installations n\u00e9cessaires en\u00a0regard du bien-\u00eatre animal) et de politiques afin de soutenir les producteurs de veau du Qu\u00e9bec.\u00a0<\/p>\n<p style=\"text-align: justify;\"><a href=\"#minute-bovine\">Retour en haut<\/a><\/p>\n<hr \/>\n<p style=\"text-align: justify;\">\u00a0<\/p>\n<h4><strong>ASRA BOUVILLONS\u00a0: RENCONTRE AVEC LA FADQ<a id=\"asra-bouvillons\"><\/a><\/strong><\/h4>\n<p style=\"text-align: justify;\"><strong>Par Ann Fornasier<\/strong><\/p>\n<p style=\"text-align: justify;\">\u00c0 deux reprises au cours des derni\u00e8res semaines, les producteurs de bouvillons d\u2019abattage ont pu rencontrer La Financi\u00e8re agricole du Qu\u00e9bec (FADQ) afin de faire le point sur le dossier de la s\u00e9curit\u00e9 du revenu. Les rencontres ont permis d\u2019\u00e9changer sur le d\u00e9clin important de la production de bouvillons d\u2019abattage au cours des derni\u00e8res ann\u00e9es, soit une baisse de 50\u00a0% du volume entre 2008 et 2015!<img loading=\"lazy\" decoding=\"async\" class=\"alignleft wp-image-2457\" src=\"https:\/\/bovin.qc.ca\/wp-content\/uploads\/2016\/05\/ASRA-bouvillons.jpg\" alt=\"ASRA bouvillons\" width=\"400\" height=\"266\" srcset=\"https:\/\/bovin.qc.ca\/wp-content\/uploads\/2016\/05\/ASRA-bouvillons.jpg 1698w, https:\/\/bovin.qc.ca\/wp-content\/uploads\/2016\/05\/ASRA-bouvillons-300x200.jpg 300w, https:\/\/bovin.qc.ca\/wp-content\/uploads\/2016\/05\/ASRA-bouvillons-192x128.jpg 192w\" sizes=\"auto, (max-width: 400px) 100vw, 400px\" \/><\/p>\n<p style=\"text-align: justify;\">Depuis quelques semaines, le recul important et les fluctuations des prix de march\u00e9 entra\u00eenent encore davantage d\u2019incertitude dans le secteur. Les \u00e9changes avec la FADQ ont port\u00e9 sur les pistes de solutions qui pourraient \u00eatre mises de l\u2019avant afin de r\u00e9duire le niveau d\u2019exposition au risque du march\u00e9.<\/p>\n<p style=\"text-align: justify;\">Depuis plusieurs ann\u00e9es, le secteur demande \u00e0 la FADQ de revenir \u00e0 l\u2019ancienne m\u00e9thode de calcul du co\u00fbt de production, soit de consid\u00e9rer la p\u00e9riode de septembre \u00e0 ao\u00fbt pour le calcul du co\u00fbt d\u2019achat des veaux d\u2019embouche. Cette simple mesure permettrait de mieux faire concorder le prix de vente des bouvillons avec le co\u00fbt d\u2019achat des veaux puisque la dur\u00e9e d\u2019engraissement des bouvillons s\u2019\u00e9tend sur une p\u00e9riode de 8 \u00e0 10 mois. Les producteurs estiment que l\u2019ancienne m\u00e9thode de calcul permettait une meilleure gestion des liquidit\u00e9s de l\u2019entreprise puisque le calcul de l\u2019ASRA correspondait davantage \u00e0 la r\u00e9alit\u00e9 \u00e9conomique du secteur.<\/p>\n<p style=\"text-align: justify;\">La FADQ a sembl\u00e9 \u00e0 l\u2019\u00e9coute des demandes des producteurs. Elle s\u2019est engag\u00e9e \u00e0 analyser le dossier de la p\u00e9riode d\u2019achat des veaux d\u2019embouche. Nous esp\u00e9rons un d\u00e9nouement au dossier d\u00e8s 2016.<\/p>\n<p style=\"text-align: justify;\"><a href=\"#minute-bovine\">Retour en haut<\/a><\/p>\n<hr \/>\n<p style=\"text-align: justify;\">\u00a0<\/p>\n<h4><strong>G\u00c9RER AVEC SUCC\u00c8S UN ENCLOS D\u2019HIVERNAGE<a id=\"gestion-enclos-hivernage\"><\/a><\/strong><\/h4>\n<p style=\"text-align: justify;\"><strong>Par <\/strong><strong>Nathalie C\u00f4t\u00e9<\/strong><\/p>\n<p style=\"text-align: justify;\">Une formation sur la gestion des enclos d\u2019hivernage sera offerte le 3 juin prochain \u00e0 l\u2019UPA de l\u2019Estrie.<\/p>\n<p style=\"text-align: justify;\">Cette formation permettra de faire le point sur l\u2019\u00e9volution des connaissances dans le domaine du logement minimum et d\u2019acqu\u00e9rir les savoir-faire n\u00e9cessaires pour appliquer de fa\u00e7on ad\u00e9quate les principes de mise en place et de gestion des enclos d\u2019hivernage et des bandes v\u00e9g\u00e9tatives filtrantes.<\/p>\n<p style=\"text-align: justify;\">Cette activit\u00e9 s\u2019adresse principalement aux productrices et producteurs de bovins qui utilisent d\u00e9j\u00e0 un enclos d\u2019hivernage ou qui souhaitent implanter cette technique sur leur ferme. Tout producteur qui b\u00e9n\u00e9ficie d\u2019une aide financi\u00e8re du programme Prime-Vert doit suivre cette formation.<\/p>\n<p style=\"text-align: justify;\">Pour plus d\u2019information ou pour faire votre inscription, contactez Jessica Mackey au 819\u00a0346-8905, poste 114<\/p>\n<p style=\"text-align: justify;\"><a href=\"#minute-bovine\">Retour en haut<\/a><\/p>\n<p style=\"text-align: justify;\">\u00a0<\/p>\n","protected":false},"excerpt":{"rendered":"<p>Infolettre : La minute bovine \u2013 Mai 2016 Assembl\u00e9e g\u00e9n\u00e9rale annuelle 2016 Enclos d\u2019hivernage et amas au champ : rappels! AGRI versus ASRA : Les producteurs de bovins ont choisi l\u2019ASRA Nouveau Code pour le veau, o\u00f9 en sommes-nous? Salmonella Dublin Relance de la production : Le dossier prioritaire! Absence de r\u00e9ciprocit\u00e9 des normes pour [&#8230;]<\/p>\n","protected":false},"author":6,"featured_media":0,"parent":2423,"menu_order":0,"comment_status":"closed","ping_status":"closed","template":"","meta":{"ngg_post_thumbnail":0,"footnotes":""},"class_list":["post-2430","page","type-page","status-publish","hentry"],"_links":{"self":[{"href":"https:\/\/bovin.qc.ca\/en\/wp-json\/wp\/v2\/pages\/2430","targetHints":{"allow":["GET"]}}],"collection":[{"href":"https:\/\/bovin.qc.ca\/en\/wp-json\/wp\/v2\/pages"}],"about":[{"href":"https:\/\/bovin.qc.ca\/en\/wp-json\/wp\/v2\/types\/page"}],"author":[{"embeddable":true,"href":"https:\/\/bovin.qc.ca\/en\/wp-json\/wp\/v2\/users\/6"}],"replies":[{"embeddable":true,"href":"https:\/\/bovin.qc.ca\/en\/wp-json\/wp\/v2\/comments?post=2430"}],"version-history":[{"count":5,"href":"https:\/\/bovin.qc.ca\/en\/wp-json\/wp\/v2\/pages\/2430\/revisions"}],"predecessor-version":[{"id":2459,"href":"https:\/\/bovin.qc.ca\/en\/wp-json\/wp\/v2\/pages\/2430\/revisions\/2459"}],"up":[{"embeddable":true,"href":"https:\/\/bovin.qc.ca\/en\/wp-json\/wp\/v2\/pages\/2423"}],"wp:attachment":[{"href":"https:\/\/bovin.qc.ca\/en\/wp-json\/wp\/v2\/media?parent=2430"}],"curies":[{"name":"wp","href":"https:\/\/api.w.org\/{rel}","templated":true}]}}