{"id":24283,"date":"2024-10-19T06:09:47","date_gmt":"2024-10-19T10:09:47","guid":{"rendered":"https:\/\/bovin.qc.ca\/?page_id=24283"},"modified":"2025-05-26T13:36:20","modified_gmt":"2025-05-26T17:36:20","slug":"2022-2","status":"publish","type":"page","link":"https:\/\/bovin.qc.ca\/en\/meetings\/2022-2\/","title":{"rendered":"2022"},"content":{"rendered":"<h2><strong>ANNUAL GENERAL MEETING&nbsp;<\/strong><strong>2022<\/strong><\/h2>\n<h2>Federation<\/h2>\n<h4>Annual General Meeting 2022 \u2013 <em>Plan conjoint&nbsp;<\/em><\/h4>\n<p><a href=\"https:\/\/bovin.qc.ca\/wp-content\/uploads\/2022\/03\/Regles-de-procedure-1.pdf\" target=\"_blank\" rel=\"noopener\"><strong>+ R\u00e8gles de proc\u00e9dures de l\u2019AGA <\/strong><\/a>(in French only)<\/p>\n<p><a href=\"https:\/\/bovin.qc.ca\/wp-content\/uploads\/2022\/03\/Avis-de-convocation-et-ordre-du-jour_EN_WEB.pdf\" target=\"_blank\" rel=\"noopener\"><strong>+ Notice of Meeting and Agenda<\/strong><\/a><\/p>\n<p><a href=\"https:\/\/bovin.qc.ca\/wp-content\/uploads\/2022\/03\/Proces-verbal-6-et-7-avril-2021.pdf\" target=\"_blank\" rel=\"noopener\"><strong>+ Proc\u00e8s-verbal du 6-7 avril 2021 <\/strong><\/a>(in French only)<\/p>\n<p><a href=\"https:\/\/bovin.qc.ca\/wp-content\/uploads\/2022\/03\/BOV054_AGA-2022_WEB-1-page.pdf\" target=\"_blank\" rel=\"noopener\"><strong>+ Cahier AGA<\/strong><\/a> (in French only)<\/p>\n<p><a href=\"https:\/\/bovin.qc.ca\/wp-content\/uploads\/2022\/03\/Rapport-annuel-des-activites_EN_WEB.pdf\" target=\"_blank\" rel=\"noopener\"><strong>+ 2021 Annual Report of Activities<\/strong><\/a><\/p>\n<p><a href=\"https:\/\/bovin.qc.ca\/wp-content\/uploads\/2024\/08\/BOV054_Etats-financiers-2021_WEB.pdf\" target=\"_blank\" rel=\"noopener\"><strong>+ \u00c9tats financiers 2021<\/strong><\/a><\/p>\n<p><strong><a href=\"https:\/\/bovin.qc.ca\/wp-content\/uploads\/2022\/04\/Condense-Resolutions-seance-pleniere-2022.pdf\" target=\"_blank\" rel=\"noopener\">+ Condens\u00e9 des r\u00e9solutions en s\u00e9ance de pl\u00e9ni\u00e8re &#8211; Mars 2022<\/a><\/strong>&nbsp;(in French only)<\/p>\n<p><strong><a href=\"https:\/\/bovin.qc.ca\/wp-content\/uploads\/2022\/04\/Resolutions-AGSBA-2022.pdf\" target=\"_blank\" rel=\"noopener\">+ R\u00e9solutions &#8211; secteur bouvillon d&#8217;abattage &#8211; Mars 2022<\/a><\/strong> (in French only)<\/p>\n<p><strong><a href=\"https:\/\/bovin.qc.ca\/wp-content\/uploads\/2022\/04\/Resolutions-Atelier-BR-2022.pdf\" target=\"_blank\" rel=\"noopener\">+ R\u00e9solutions &#8211; secteur bovin de r\u00e9forme et veau laitier &#8211; Mars 2022<\/a><\/strong> (in French only)<\/p>\n<p><strong><a href=\"https:\/\/bovin.qc.ca\/wp-content\/uploads\/2022\/04\/Resolutions-Atelier-VG-2022.pdf\" target=\"_blank\" rel=\"noopener\">+ R\u00e9solutions &#8211; secteur veau de grain &#8211; Mars 2022<\/a><\/strong> (in French only)<\/p>\n<p><strong><a href=\"https:\/\/bovin.qc.ca\/wp-content\/uploads\/2022\/04\/Resolutions-Atelier-VL-2022.pdf\" target=\"_blank\" rel=\"noopener\">+ R\u00e9solutions &#8211; secteur veau de lait &#8211; Mars 2022<\/a> <\/strong>(in French only)<\/p>\n<p><strong><a href=\"https:\/\/bovin.qc.ca\/wp-content\/uploads\/2022\/04\/Resolutions-Atelier-VE-2022.pdf\" target=\"_blank\" rel=\"noopener\">+ R\u00e9solutions &#8211; secteur veau d&#8217;embouche &#8211; Mars 2022<\/a><\/strong> (in French only)<\/p>\n<h4>Annual General Meeting \u2013 Syndicates<em>&nbsp;<\/em><\/h4>\n<p><a href=\"https:\/\/bovin.qc.ca\/wp-content\/uploads\/2022\/03\/Regles-de-procedure-1.pdf\" target=\"_blank\" rel=\"noopener\"><strong>+ R\u00e8gles de proc\u00e9dure de l\u2019AGA <\/strong><\/a>(in French only)<\/p>\n<p><strong><a href=\"https:\/\/bovin.qc.ca\/wp-content\/uploads\/2022\/03\/ADC-et-ODJ-AGAS-2022.pdf\" target=\"_blank\" rel=\"noopener\">+ Notice of Meeting and Agenda<\/a>&nbsp;<\/strong>(in French only)<\/p>\n<p><a href=\"https:\/\/bovin.qc.ca\/wp-content\/uploads\/2022\/03\/Proces-verbal-7-avril-2021.pdf\" target=\"_blank\" rel=\"noopener\"><strong>+ Proc\u00e8s-verbal du 7 avril 2021 <\/strong><\/a>(in French only)<\/p>\n<p><a href=\"https:\/\/bovin.qc.ca\/wp-content\/uploads\/2022\/03\/Rapport-annuel-des-activites_EN_WEB.pdf\" target=\"_blank\" rel=\"noopener\"><strong>+ 2021 Annual Report of Activities<\/strong><\/a><\/p>\n<h4>Regional General Meetings<\/h4>\n<p><a href=\"https:\/\/bovin.qc.ca\/wp-content\/uploads\/2022\/01\/Cahier-AGR-COUL-WEB.pdf\" target=\"_blank\" rel=\"noopener\"><strong>+ Document d\u2019assembl\u00e9es g\u00e9n\u00e9rales annuelles r\u00e9gionales \u2013 F\u00e9vrier 2022 <\/strong><\/a>(in French only)<\/p>\n<p><a href=\"https:\/\/bovin.qc.ca\/wp-content\/uploads\/2022\/01\/Cahier-AGR-Atelier-BA.pdf\" target=\"_blank\" rel=\"noopener\"><strong>+ Atelier des producteurs de bouvillons d\u2019abattage<\/strong><\/a> (in French only)<\/p>\n<p><a href=\"https:\/\/bovin.qc.ca\/wp-content\/uploads\/2022\/01\/Cahier-AGR-Atelier-BR-et-VL.pdf\" target=\"_blank\" rel=\"noopener\"><strong>+ Atelier des producteurs de bovins de r\u00e9forme et veaux laitiers <\/strong><\/a>(in French only)<\/p>\n<p><a href=\"https:\/\/bovin.qc.ca\/wp-content\/uploads\/2022\/01\/Cahier-AGR-Atelier-VE.pdf\" target=\"_blank\" rel=\"noopener\"><strong>+ Atelier des producteurs de veaux d\u2019embouche<\/strong> <\/a> (in French only)<\/p>\n<p><a href=\"https:\/\/bovin.qc.ca\/wp-content\/uploads\/2022\/01\/Cahier-AGR-Atelier-VG.pdf\" target=\"_blank\" rel=\"noopener\"><strong>+ Atelier des producteurs de veaux de grain<\/strong><\/a> (in French only)<\/p>\n<p><strong><a href=\"https:\/\/bovin.qc.ca\/wp-content\/uploads\/2022\/01\/Cahier-AGR-Atelier-VL.pdf\" target=\"_blank\" rel=\"noopener\">+ Atelier des producteurs de veaux de lait<\/a> <\/strong>(in French only)<\/p>\n<h2>&nbsp;<\/h2>\n","protected":false},"excerpt":{"rendered":"<p>ANNUAL GENERAL MEETING&nbsp;2022 Federation Annual General Meeting 2022 \u2013 Plan conjoint&nbsp; + R\u00e8gles de proc\u00e9dures de l\u2019AGA (in French only) + Notice of Meeting and Agenda + Proc\u00e8s-verbal du 6-7 avril 2021 (in French only) + Cahier AGA (in French only) + 2021 Annual Report of Activities + \u00c9tats financiers 2021 + Condens\u00e9 des r\u00e9solutions [&#8230;]<\/p>\n","protected":false},"author":6,"featured_media":0,"parent":20581,"menu_order":0,"comment_status":"closed","ping_status":"closed","template":"","meta":{"ngg_post_thumbnail":0,"footnotes":""},"class_list":["post-24283","page","type-page","status-publish","hentry"],"_links":{"self":[{"href":"https:\/\/bovin.qc.ca\/en\/wp-json\/wp\/v2\/pages\/24283","targetHints":{"allow":["GET"]}}],"collection":[{"href":"https:\/\/bovin.qc.ca\/en\/wp-json\/wp\/v2\/pages"}],"about":[{"href":"https:\/\/bovin.qc.ca\/en\/wp-json\/wp\/v2\/types\/page"}],"author":[{"embeddable":true,"href":"https:\/\/bovin.qc.ca\/en\/wp-json\/wp\/v2\/users\/6"}],"replies":[{"embeddable":true,"href":"https:\/\/bovin.qc.ca\/en\/wp-json\/wp\/v2\/comments?post=24283"}],"version-history":[{"count":2,"href":"https:\/\/bovin.qc.ca\/en\/wp-json\/wp\/v2\/pages\/24283\/revisions"}],"predecessor-version":[{"id":26821,"href":"https:\/\/bovin.qc.ca\/en\/wp-json\/wp\/v2\/pages\/24283\/revisions\/26821"}],"up":[{"embeddable":true,"href":"https:\/\/bovin.qc.ca\/en\/wp-json\/wp\/v2\/pages\/20581"}],"wp:attachment":[{"href":"https:\/\/bovin.qc.ca\/en\/wp-json\/wp\/v2\/media?parent=24283"}],"curies":[{"name":"wp","href":"https:\/\/api.w.org\/{rel}","templated":true}]}}