{"id":24270,"date":"2024-10-19T05:42:48","date_gmt":"2024-10-19T09:42:48","guid":{"rendered":"https:\/\/bovin.qc.ca\/?page_id=24270"},"modified":"2025-05-26T13:36:45","modified_gmt":"2025-05-26T17:36:45","slug":"2023-2","status":"publish","type":"page","link":"https:\/\/bovin.qc.ca\/en\/meetings\/2023-2\/","title":{"rendered":"2023"},"content":{"rendered":"<h2><strong>ANNUAL GENERAL MEETING&nbsp;<\/strong><strong>2023<\/strong><\/h2>\n<h2>Federation<\/h2>\n<h4>Annual General Meeting 2023 \u2013 <em>Plan conjoint&nbsp;<\/em><\/h4>\n<p><a href=\"https:\/\/bovin.qc.ca\/wp-content\/uploads\/2023\/03\/Regles-de-procedures-de-lAGA.pdf\" target=\"_blank\" rel=\"noopener\"><strong>+ R\u00e8gles de proc\u00e9dures de l\u2019AGA <\/strong>(in French only)<\/a><\/p>\n<p><a href=\"https:\/\/bovin.qc.ca\/wp-content\/uploads\/2023\/03\/Avis-de-convocation-et-ordre-du-jour-EN.pdf\" target=\"_blank\" rel=\"noopener\"><strong>+ Notice of Meeting and Agenda<\/strong><\/a><\/p>\n<p><a href=\"https:\/\/bovin.qc.ca\/wp-content\/uploads\/2023\/03\/Proces-verbal-29-30-mars2022.pdf\" target=\"_blank\" rel=\"noopener\"><strong>+ Proc\u00e8s-verbal du 29 et 30 mars 2022 <\/strong>(in French only)<\/a><\/p>\n<p><a href=\"https:\/\/bovin.qc.ca\/wp-content\/uploads\/2023\/03\/BOV057_AGA-2023_WEB.pdf\" target=\"_blank\" rel=\"noopener\"><strong>+ Cahier AGA 2023<\/strong> (in French only)<\/a><\/p>\n<p><a href=\"https:\/\/bovin.qc.ca\/wp-content\/uploads\/2023\/03\/Rapport-annuel-des-activites-EN-1.pdf\" target=\"_blank\" rel=\"noopener\"><strong>+ 2022 Annual Report of Activities<\/strong><\/a><\/p>\n<p><a href=\"https:\/\/bovin.qc.ca\/wp-content\/uploads\/2024\/08\/BOV057_Etats-financiers-2022.pdf\" target=\"_blank\" rel=\"noopener\"><strong>+ \u00c9tats financiers 2022<\/strong><\/a><\/p>\n<p><strong>+ <a href=\"https:\/\/bovin.qc.ca\/wp-content\/uploads\/2023\/03\/Condense-Resolutions-seance-pleniere-2023.pdf\" target=\"_blank\" rel=\"noopener\">Condens\u00e9 des r\u00e9solutions en s\u00e9ance de pl\u00e9ni\u00e8re &#8211; Mars 2023<\/a><\/strong> (in French only)<\/p>\n<p><strong>+ <a href=\"https:\/\/bovin.qc.ca\/wp-content\/uploads\/2023\/03\/Resolutions-AGSBA-2023.pdf\" target=\"_blank\" rel=\"noopener\">R\u00e9solutions &#8211; secteur bouvillon d&#8217;abattage &#8211; Mars 2023<\/a> <\/strong>(in French only)<\/p>\n<p><a href=\"https:\/\/bovin.qc.ca\/wp-content\/uploads\/2023\/03\/Resolutions-Atelier-VG-2023.pdf\" target=\"_blank\" rel=\"noopener\">+<strong> R\u00e9solutions &#8211; secteur veau de grain &#8211; Mars 2023<\/strong><\/a> (in French only)<\/p>\n<p><strong>+ <a href=\"https:\/\/bovin.qc.ca\/wp-content\/uploads\/2023\/03\/Resolutions-Atelier-VE-2023.pdf\" target=\"_blank\" rel=\"noopener\">R\u00e9solutions &#8211; secteur veau d&#8217;embouche &#8211; Mars 2023<\/a> <\/strong>(in French only)<\/p>\n<h4>Annual General Meeting \u2013 Syndicates<em>&nbsp;<\/em><\/h4>\n<p><a href=\"https:\/\/bovin.qc.ca\/wp-content\/uploads\/2023\/03\/Regles-de-procedures-de-lAGA.pdf\" target=\"_blank\" rel=\"noopener\"><strong>+ R\u00e8gles de proc\u00e9dure de l\u2019AGA <\/strong>(in French only)<\/a><\/p>\n<p><a href=\"https:\/\/bovin.qc.ca\/wp-content\/uploads\/2023\/03\/Avis-de-convocation-et-OJ-Assemblee-syndicale-Federation-2023.pdf\" target=\"_blank\" rel=\"noopener\"><strong>+ Notice of Meeting and Agenda&nbsp;<\/strong>(in French only)<\/a><\/p>\n<p><a href=\"https:\/\/bovin.qc.ca\/wp-content\/uploads\/2023\/03\/Proces-verbal-aga-syndicale-2022.pdf\" target=\"_blank\" rel=\"noopener\"><strong>+ Proc\u00e8s-verbal du 30 mars 2022 <\/strong>(in French only)<\/a><\/p>\n<p><a href=\"https:\/\/bovin.qc.ca\/wp-content\/uploads\/2023\/03\/Rapport-annuel-des-activites-EN-2.pdf\" target=\"_blank\" rel=\"noopener\"><strong>+ 2022 Annual Report of Activities<\/strong><\/a><\/p>\n<h4>Regional General Meetings<\/h4>\n<p><a href=\"https:\/\/bovin.qc.ca\/wp-content\/uploads\/2023\/03\/Cahier-AGR-2023-complet.pdf\" target=\"_blank\" rel=\"noopener\"><strong>+ Document d\u2019assembl\u00e9es g\u00e9n\u00e9rales annuelles r\u00e9gionales \u2013 F\u00e9vrier 2023 <\/strong>(in French only)<\/a><\/p>\n<p><a href=\"https:\/\/bovin.qc.ca\/wp-content\/uploads\/2023\/01\/Cahier-AGR-2023-section-bouvillon.pdf\" target=\"_blank\" rel=\"noopener\"><strong>+ Atelier des producteurs de bouvillons d\u2019abattage<\/strong> (in French only)<\/a><\/p>\n<p><a href=\"https:\/\/bovin.qc.ca\/wp-content\/uploads\/2023\/01\/Cahier-AGR-2023-section-bovin-de-reforme-et-veau-laitier.pdf\" target=\"_blank\" rel=\"noopener\"><strong>+ Atelier des producteurs de bovins de r\u00e9forme et veaux laitiers <\/strong>(in French only)<\/a><\/p>\n<p><a href=\"https:\/\/bovin.qc.ca\/wp-content\/uploads\/2023\/01\/Cahier-AGR-2023-section-veau-dembouche.pdf\" target=\"_blank\" rel=\"noopener\"><strong>+ Atelier des producteurs de veaux d\u2019embouche<\/strong> (in French only)<\/a><\/p>\n<p><a href=\"https:\/\/bovin.qc.ca\/wp-content\/uploads\/2023\/01\/Cahier-AGR-2023-section-commune-veau-et-section-veau-de-grain.pdf\" target=\"_blank\" rel=\"noopener\"><strong>+ Atelier des producteurs de veaux de grain<\/strong> (in French only)<\/a><\/p>\n<p><a href=\"https:\/\/bovin.qc.ca\/wp-content\/uploads\/2023\/01\/Cahier-AGR-2023-section-commune-veau-et-section-veau-de-lait.pdf\" target=\"_blank\" rel=\"noopener\"><strong>+ Atelier des producteurs de veaux de lait <\/strong>(in French only)<\/a><\/p>\n","protected":false},"excerpt":{"rendered":"<p>ANNUAL GENERAL MEETING&nbsp;2023 Federation Annual General Meeting 2023 \u2013 Plan conjoint&nbsp; + R\u00e8gles de proc\u00e9dures de l\u2019AGA (in French only) + Notice of Meeting and Agenda + Proc\u00e8s-verbal du 29 et 30 mars 2022 (in French only) + Cahier AGA 2023 (in French only) + 2022 Annual Report of Activities + \u00c9tats financiers 2022 + [&#8230;]<\/p>\n","protected":false},"author":6,"featured_media":0,"parent":20581,"menu_order":0,"comment_status":"closed","ping_status":"closed","template":"","meta":{"ngg_post_thumbnail":0,"footnotes":""},"class_list":["post-24270","page","type-page","status-publish","hentry"],"_links":{"self":[{"href":"https:\/\/bovin.qc.ca\/en\/wp-json\/wp\/v2\/pages\/24270","targetHints":{"allow":["GET"]}}],"collection":[{"href":"https:\/\/bovin.qc.ca\/en\/wp-json\/wp\/v2\/pages"}],"about":[{"href":"https:\/\/bovin.qc.ca\/en\/wp-json\/wp\/v2\/types\/page"}],"author":[{"embeddable":true,"href":"https:\/\/bovin.qc.ca\/en\/wp-json\/wp\/v2\/users\/6"}],"replies":[{"embeddable":true,"href":"https:\/\/bovin.qc.ca\/en\/wp-json\/wp\/v2\/comments?post=24270"}],"version-history":[{"count":2,"href":"https:\/\/bovin.qc.ca\/en\/wp-json\/wp\/v2\/pages\/24270\/revisions"}],"predecessor-version":[{"id":26822,"href":"https:\/\/bovin.qc.ca\/en\/wp-json\/wp\/v2\/pages\/24270\/revisions\/26822"}],"up":[{"embeddable":true,"href":"https:\/\/bovin.qc.ca\/en\/wp-json\/wp\/v2\/pages\/20581"}],"wp:attachment":[{"href":"https:\/\/bovin.qc.ca\/en\/wp-json\/wp\/v2\/media?parent=24270"}],"curies":[{"name":"wp","href":"https:\/\/api.w.org\/{rel}","templated":true}]}}