{"id":23723,"date":"2024-08-07T08:50:06","date_gmt":"2024-08-07T12:50:06","guid":{"rendered":"https:\/\/bovin.qc.ca\/?page_id=23723"},"modified":"2025-08-07T11:33:39","modified_gmt":"2025-08-07T15:33:39","slug":"scholarships","status":"publish","type":"page","link":"https:\/\/bovin.qc.ca\/en\/schools\/scholarships\/","title":{"rendered":"Scholarships"},"content":{"rendered":"<p style=\"text-align: center;\"><img loading=\"lazy\" decoding=\"async\" class=\"aligncenter wp-image-28019\" src=\"https:\/\/bovin.qc.ca\/wp-content\/uploads\/2025\/08\/Entete-web-page-bourses-11-x-8.5-po.png\" alt=\"\" width=\"815\" height=\"576\" srcset=\"https:\/\/bovin.qc.ca\/wp-content\/uploads\/2025\/08\/Entete-web-page-bourses-11-x-8.5-po.png 2000w, https:\/\/bovin.qc.ca\/wp-content\/uploads\/2025\/08\/Entete-web-page-bourses-11-x-8.5-po-300x212.png 300w, https:\/\/bovin.qc.ca\/wp-content\/uploads\/2025\/08\/Entete-web-page-bourses-11-x-8.5-po-181x128.png 181w, https:\/\/bovin.qc.ca\/wp-content\/uploads\/2025\/08\/Entete-web-page-bourses-11-x-8.5-po-1536x1085.png 1536w\" sizes=\"auto, (max-width: 815px) 100vw, 815px\" \/><\/p>\n<style id=\"ea_dynamic_css27527\">#sp-ea-27527 .spcollapsing{height: 0; overflow: hidden; transition-property: height; transition-duration: 500ms;}#sp-ea-27527.sp-easy-accordion>.sp-ea-single.eap_inactive>.ea-header a {background-color: #bb0000 !important; color: #fff !important;}#sp-ea-27527.sp-easy-accordion>.sp-ea-single{ margin-bottom: 10px; border: 6px none #dd3333; border-radius: 3px;}#sp-ea-27527.sp-easy-accordion>.sp-ea-single.ea-expand{ border-color: #dd3333;}#sp-ea-27527.sp-easy-accordion>.sp-ea-single:hover{ border-color: #dd3333;}#sp-ea-27527.sp-easy-accordion>.sp-ea-single>.ea-header a {background: #dd3333;}#sp-ea-27527.sp-easy-accordion>.sp-ea-single.ea-expand>.ea-header a {background: #dd3333;}#sp-ea-27527.sp-easy-accordion>.sp-ea-single>.ea-header:hover a {background: #eee;}#sp-ea-27527.sp-easy-accordion>.sp-ea-single>.ea-header a .eap-title-icon { color: #111111;font-size: 20px;} #sp-ea-27527.sp-easy-accordion>.sp-ea-single>.ea-header a .eap-title-custom-icon {max-width: 20px;}#sp-ea-27527.sp-easy-accordion>.sp-ea-single>.ea-header:hover a .eap-title-icon {color: #444;}#sp-ea-27527.sp-easy-accordion>.sp-ea-single.ea-expand>.ea-header a .eap-title-icon {color: #444;}#sp-ea-27527.sp-easy-accordion>.sp-ea-single>.ea-header a {padding: 15px 15px 15px 15px; color: #ffffff; font-size: 20px; line-height: 30px; text-align: left; letter-spacing: 0px; text-transform: none;}#sp-ea-27527.sp-easy-accordion>.sp-ea-single>.ea-header:hover a {color: #444;}#sp-ea-27527.sp-easy-accordion>.sp-ea-single.ea-expand>.ea-header a {color: #444;}#sp-ea-27527.sp-easy-accordion>.sp-ea-single>.sp-collapse>.ea-body p,#sp-ea-27527.sp-easy-accordion>.sp-ea-single>.sp-collapse>.ea-body{background: #fff; padding: 15px 15px 15px 15px; border-radius: 0 0 3px 3px; color: #444; font-size: 16px; text-align: left; letter-spacing: 0px; line-height: 26px; animation-delay: 200ms; text-transform: none;}#sp-ea-27527.sp-easy-accordion>.sp-ea-single>.ea-header a .ea-expand-icon.fa:before {color: #ffffff; font-size: 16px; font-style: normal;}#sp-ea-27527.sp-easy-accordion>.sp-ea-single>.ea-header:hover a .ea-expand-icon.fa:before {color: #dd3333;}#sp-ea-27527.sp-easy-accordion>.sp-ea-single.ea-expand>.ea-header a .ea-expand-icon.fa:before {color: #ffffff;}#sp-ea-27527.sp-easy-accordion>.sp-ea-single{background: transparent; border: none;}#sp-ea-27527.sp-easy-accordion>.sp-ea-single>.ea-header a {border-bottom: 6px none #dd3333;}#sp-ea-27527.sp-easy-accordion>.sp-ea-single>.ea-header a .ea-expand-icon {background: transparent; border-radius: 3px;}#sp-ea-27527.sp-easy-accordion>.sp-ea-single>.ea-header:hover a .ea-expand-icon {background: transparent;}#sp-ea-27527.sp-easy-accordion>.sp-ea-single.ea-expand>.ea-header a .ea-expand-icon {background: transparent;}#sp-ea-27527 #eap_faq_search_bar_container {display:none; opacity:0;}#sp-ea-27527 #eap_faq_search_bar_container span::before{content:\"\";}#sp-ea-27527.sp-easy-accordion>.sp-ea-single>.sp-collapse>.ea-body p{ padding:0px}#sp-eap-accordion-section-27527.sp-eap-container .sp-eap-infinite-scroll-loader,#sp-eap-accordion-section-27527.sp-eap-container div:is(.sp-eap-load-more,.sp-eap-ajax-number-pagination){text-align:center;}#sp-ea-27527>.sp-ea-single>.sp-collapse>.ea-body .eap-product-price {color: #444;}#sp-ea-27527.sp-easy-accordion>.sp-ea-single>.sp-collapse>.ea-body .eap-product-price del{color: rgba(68,68,68,0.71);}#sp-ea-27527.sp-easy-accordion>.sp-ea-single>.sp-collapse>.ea-body .eap-product-cart-button .woocommerce a { border: 1px solid #DAD6DA;border-radius: 2px;background-color: transparent;color: #444;}#sp-ea-27527.sp-easy-accordion>.sp-ea-single>.sp-collapse>.ea-body .eap-product-cart-button .woocommerce a:hover { border-color: #444;background-color: #444;color: #fff;}#sp-ea-27527.sp-easy-accordion>.sp-ea-single>>.sp-collapse>.ea-body .eap-product-cart-button .eap-product-quantity .eap_input_text {border: 1px solid #DAD6DA;}#sp-ea-27527.sp-easy-accordion>.sp-ea-single>.sp-collapse>.ea-body .eap-product-cart-button a.add_to_cart_button{position: relative;}<\/style><div id=\"sp-eap-accordion-section-27527\" class=\"sp-eap-container\"><div id=\"sp-ea-27527\" class=\"sp-ea-fifteen sp-easy-accordion \" data-ex-icon=\"ea-font-icon-minus_regular\" data-col-icon=\"ea-font-icon-plus_regular\" data-ea-active=\"ea-click\" data-ea-mode=\"vertical\" data-ea-multi-column=\"\" data-ea-coll=\"\" data-keep-accordion=\"\" data-autoclose=\"0\" data-preloader=\"\" data-scroll-active-item=\"\" data-offset-to-scroll=\"0\" data-autoplaytime=\"3000\" data-expand=\"\" data-post-id=\"27527\" >\t<div class=\"ea-card  sp-ea-single\"  data-accordion-id= \"0\">\n\n\t\t<h4 class=\"ea-header\">\n\t\t\t<a class=\"collapsed\" data-sptoggle=\"spcollapse\" rel=\"nofollow\" data-sptarget=\"#collapse275270\" href=\"#\" data-title=\"efaq-bourses-pbq\" aria-expanded=\"false\">\n\t\t\t\t<i class=\"ea-expand-icon fa ea-font-icon-plus_regular\"><\/i>  Bourses PBQ\t\t\t<\/a>\n\t\t<\/h4>\n\n\t\t<div class=\"sp-collapse spcollapse spcollapse\" id=\"collapse275270\" data-parent=\"#sp-ea-27527\">\n\t\t<div class=\"ea-body\"> \n<div class=\"ea-content-wrapper animated fadeIn\"> \n\t<h3><img loading=\"lazy\" decoding=\"async\" class=\"aligncenter wp-image-27528\" src=\"https:\/\/bovin.qc.ca\/wp-content\/uploads\/2025\/07\/Logo-BoursePBQ-2025-5.png\" alt=\"\" width=\"400\" height=\"102\" srcset=\"https:\/\/bovin.qc.ca\/wp-content\/uploads\/2025\/07\/Logo-BoursePBQ-2025-5.png 1396w, https:\/\/bovin.qc.ca\/wp-content\/uploads\/2025\/07\/Logo-BoursePBQ-2025-5-300x77.png 300w, https:\/\/bovin.qc.ca\/wp-content\/uploads\/2025\/07\/Logo-BoursePBQ-2025-5-502x128.png 502w\" sizes=\"auto, (max-width: 400px) 100vw, 400px\" \/><\/h3>\n<p><span style=\"font-size: 12pt;\">Les Producteurs de bovins du Qu\u00e9bec (PBQ) sont fiers d\u2019annoncer la deuxi\u00e8me \u00e9dition des Bourses PBQ en production bovine. Ces bourses seront attribu\u00e9es \u00e0 des finissants s\u2019\u00e9tant distingu\u00e9s et ayant d\u00e9montr\u00e9 l\u2019importance de la production bovine dans leur parcours scolaire et professionnel. Par ce geste, l\u2019organisation souhaite stimuler la main-d\u2019\u0153uvre et la rel\u00e8ve dans le secteur bovin, dans une perspective de valoriser l\u2019excellence dans les fili\u00e8res b\u0153uf et veau.<\/span><\/p>\n<p><strong>Au total, trois bourses seront remises&nbsp;:<\/strong><\/p>\n<ul>\n<li><span style=\"font-size: 12pt;\">Une bourse de <span style=\"color: #a52a2a;\"><strong>3&nbsp;000 $<\/strong><\/span> \u00e0 un <span style=\"color: #993366;\"><strong>producteur ou futur producteur<\/strong><\/span> <strong>ayant un <span style=\"color: #993366;\">dipl\u00f4me de niveau professionnel ou coll\u00e9gial<\/span><\/strong>;<\/span><\/li>\n<li><span style=\"font-size: 12pt;\">Une bourse de <strong><span style=\"color: #a52a2a;\">3&nbsp;000 $<\/span><\/strong> \u00e0 un <span style=\"color: #993366;\"><strong>producteur ou futur producteur<\/strong><\/span> <strong>ayant un <span style=\"color: #993366;\">dipl\u00f4me de niveau universitaire<\/span><\/strong>;<\/span><\/li>\n<li><span style=\"font-size: 12pt;\">Une bourse de <span style=\"color: #a52a2a;\"><strong>3&nbsp;000 $<\/strong><\/span> \u00e0 un <strong><span style=\"color: #993366;\">intervenant<\/span> (agronome, conseiller, v\u00e9t\u00e9rinaire, etc.) <span style=\"color: #993366;\">\u00e9voluant dans l\u2019industrie bovine<\/span><\/strong>.<\/span><\/li>\n<\/ul>\n<p><strong>Crit\u00e8res d\u2019admissibilit\u00e9 2025<\/strong><\/p>\n<ul>\n<li><span style=\"font-size: 12pt;\">Avoir termin\u00e9 son cycle d\u2019\u00e9tudes dans un \u00e9tablissement d\u2019enseignement situ\u00e9 au Canada entre le 1<sup>er<\/sup> janvier 2021 et le 31 d\u00e9cembre 2025;<\/span><\/li>\n<li><span style=\"font-size: 12pt;\">Avoir r\u00e9ussi l\u2019ensemble de ses cours;<\/span><\/li>\n<li><span style=\"font-size: 12pt;\">Fournir son dernier relev\u00e9 de notes;<\/span><\/li>\n<li><span style=\"font-size: 12pt;\">Fournir une lettre de motivation d\u00e9montrant l\u2019importance de la production bovine dans son parcours scolaire et professionnel et illustrant sa volont\u00e9 de contribuer au d\u00e9veloppement des fili\u00e8res b\u0153uf ou veau au Qu\u00e9bec;<\/span><\/li>\n<li><span style=\"font-size: 12pt;\">Fournir une lettre de recommandation d'un intervenant en production bovine (ex: employeur, enseignant, directeur de stage, conseiller, etc.)<\/span><\/li>\n<\/ul>\n<p>Les candidatures seront analys\u00e9es sur la base de la qualit\u00e9 du dossier scolaire et du degr\u00e9 d\u2019int\u00e9r\u00eat pour la production bovine.&nbsp; &nbsp;&nbsp;<\/p>\n<p><a href=\"https:\/\/bovin.qc.ca\/wp-content\/uploads\/2025\/09\/Formulaire-de-mise-en-candidature-des-Bourses-PBQ-en-production-bovine-edition-2025.pdf\" target=\"_blank\" rel=\"noopener\"><img loading=\"lazy\" decoding=\"async\" class=\"alignleft wp-image-22176\" src=\"https:\/\/bovin.qc.ca\/wp-content\/uploads\/2024\/04\/Bouton-2.png\" alt=\"\" width=\"301\" height=\"101\" srcset=\"https:\/\/bovin.qc.ca\/wp-content\/uploads\/2024\/04\/Bouton-2.png 1721w, https:\/\/bovin.qc.ca\/wp-content\/uploads\/2024\/04\/Bouton-2-300x101.png 300w, https:\/\/bovin.qc.ca\/wp-content\/uploads\/2024\/04\/Bouton-2-381x128.png 381w, https:\/\/bovin.qc.ca\/wp-content\/uploads\/2024\/04\/Bouton-2-1536x516.png 1536w\" sizes=\"auto, (max-width: 301px) 100vw, 301px\" \/><\/a><\/p>\n<p>&nbsp;<\/p>\n<p>&nbsp;<\/p>\n<p>&nbsp;<\/p>\n<p><span style=\"font-size: 12pt;\">Les dossiers de candidature doivent \u00eatre transmis par courriel \u00e0&nbsp;<a href=\"mailto:mediaspbq@upa.qc.ca\"><strong>mediaspbq@upa.qc.ca<\/strong><\/a>&nbsp;avant le&nbsp;<strong>31<span style=\"color: #ffffff;\">.<\/span>d\u00e9cembre 2025 \u00e0 23 h 59<\/strong>. Les laur\u00e9ats seront d\u00e9voil\u00e9s au printemps 2026.<\/span><\/p>\n<\/div>\n<\/div>\n\t\t\t<\/div>\n\t<\/div>\n\t<\/div><\/div>\n<style id=\"ea_dynamic_css27531\">#sp-ea-27531 .spcollapsing{height: 0; overflow: hidden; transition-property: height; transition-duration: 500ms;}#sp-ea-27531.sp-easy-accordion>.sp-ea-single.eap_inactive>.ea-header a {background-color: #bb0000 !important; color: #fff !important;}#sp-ea-27531.sp-easy-accordion>.sp-ea-single{ margin-bottom: 10px; border: 6px none #dd3333; border-radius: 3px;}#sp-ea-27531.sp-easy-accordion>.sp-ea-single.ea-expand{ border-color: #dd3333;}#sp-ea-27531.sp-easy-accordion>.sp-ea-single:hover{ border-color: #dd3333;}#sp-ea-27531.sp-easy-accordion>.sp-ea-single>.ea-header a {background: #dd3333;}#sp-ea-27531.sp-easy-accordion>.sp-ea-single.ea-expand>.ea-header a {background: #dd3333;}#sp-ea-27531.sp-easy-accordion>.sp-ea-single>.ea-header:hover a {background: #eee;}#sp-ea-27531.sp-easy-accordion>.sp-ea-single>.ea-header a .eap-title-icon { color: #111111;font-size: 20px;} #sp-ea-27531.sp-easy-accordion>.sp-ea-single>.ea-header a .eap-title-custom-icon {max-width: 20px;}#sp-ea-27531.sp-easy-accordion>.sp-ea-single>.ea-header:hover a .eap-title-icon {color: #444;}#sp-ea-27531.sp-easy-accordion>.sp-ea-single.ea-expand>.ea-header a .eap-title-icon {color: #444;}#sp-ea-27531.sp-easy-accordion>.sp-ea-single>.ea-header a {padding: 15px 15px 15px 15px; color: #ffffff; font-size: 20px; line-height: 30px; text-align: left; letter-spacing: 0px; text-transform: none;}#sp-ea-27531.sp-easy-accordion>.sp-ea-single>.ea-header:hover a {color: #444;}#sp-ea-27531.sp-easy-accordion>.sp-ea-single.ea-expand>.ea-header a {color: #444;}#sp-ea-27531.sp-easy-accordion>.sp-ea-single>.sp-collapse>.ea-body p,#sp-ea-27531.sp-easy-accordion>.sp-ea-single>.sp-collapse>.ea-body{background: #fff; padding: 15px 15px 15px 15px; border-radius: 0 0 3px 3px; color: #444; font-size: 16px; text-align: left; letter-spacing: 0px; line-height: 26px; animation-delay: 200ms; text-transform: none;}#sp-ea-27531.sp-easy-accordion>.sp-ea-single>.ea-header a .ea-expand-icon.fa:before {color: #ffffff; font-size: 16px; font-style: normal;}#sp-ea-27531.sp-easy-accordion>.sp-ea-single>.ea-header:hover a .ea-expand-icon.fa:before {color: #dd3333;}#sp-ea-27531.sp-easy-accordion>.sp-ea-single.ea-expand>.ea-header a .ea-expand-icon.fa:before {color: #ffffff;}#sp-ea-27531.sp-easy-accordion>.sp-ea-single{background: transparent; border: none;}#sp-ea-27531.sp-easy-accordion>.sp-ea-single>.ea-header a {border-bottom: 6px none #dd3333;}#sp-ea-27531.sp-easy-accordion>.sp-ea-single>.ea-header a .ea-expand-icon {background: transparent; border-radius: 3px;}#sp-ea-27531.sp-easy-accordion>.sp-ea-single>.ea-header:hover a .ea-expand-icon {background: transparent;}#sp-ea-27531.sp-easy-accordion>.sp-ea-single.ea-expand>.ea-header a .ea-expand-icon {background: transparent;}#sp-ea-27531 #eap_faq_search_bar_container {display:none; opacity:0;}#sp-ea-27531 #eap_faq_search_bar_container span::before{content:\"\";}#sp-ea-27531.sp-easy-accordion>.sp-ea-single>.sp-collapse>.ea-body p{ padding:0px}#sp-eap-accordion-section-27531.sp-eap-container .sp-eap-infinite-scroll-loader,#sp-eap-accordion-section-27531.sp-eap-container div:is(.sp-eap-load-more,.sp-eap-ajax-number-pagination){text-align:center;}#sp-ea-27531>.sp-ea-single>.sp-collapse>.ea-body .eap-product-price {color: #444;}#sp-ea-27531.sp-easy-accordion>.sp-ea-single>.sp-collapse>.ea-body .eap-product-price del{color: rgba(68,68,68,0.71);}#sp-ea-27531.sp-easy-accordion>.sp-ea-single>.sp-collapse>.ea-body .eap-product-cart-button .woocommerce a { border: 1px solid #DAD6DA;border-radius: 2px;background-color: transparent;color: #444;}#sp-ea-27531.sp-easy-accordion>.sp-ea-single>.sp-collapse>.ea-body .eap-product-cart-button .woocommerce a:hover { border-color: #444;background-color: #444;color: #fff;}#sp-ea-27531.sp-easy-accordion>.sp-ea-single>>.sp-collapse>.ea-body .eap-product-cart-button .eap-product-quantity .eap_input_text {border: 1px solid #DAD6DA;}#sp-ea-27531.sp-easy-accordion>.sp-ea-single>.sp-collapse>.ea-body .eap-product-cart-button a.add_to_cart_button{position: relative;}<\/style><div id=\"sp-eap-accordion-section-27531\" class=\"sp-eap-container\"><div id=\"sp-ea-27531\" class=\"sp-ea-fifteen sp-easy-accordion \" data-ex-icon=\"ea-font-icon-minus_regular\" data-col-icon=\"ea-font-icon-plus_regular\" data-ea-active=\"ea-click\" data-ea-mode=\"vertical\" data-ea-multi-column=\"\" data-ea-coll=\"\" data-keep-accordion=\"\" data-autoclose=\"0\" data-preloader=\"\" data-scroll-active-item=\"\" data-offset-to-scroll=\"0\" data-autoplaytime=\"3000\" data-expand=\"\" data-post-id=\"27531\" >\t<div class=\"ea-card  sp-ea-single\"  data-accordion-id= \"0\">\n\n\t\t<h4 class=\"ea-header\">\n\t\t\t<a class=\"collapsed\" data-sptoggle=\"spcollapse\" rel=\"nofollow\" data-sptarget=\"#collapse275310\" href=\"#\" data-title=\"efaq-bourses-agria\" aria-expanded=\"false\">\n\t\t\t\t<i class=\"ea-expand-icon fa ea-font-icon-plus_regular\"><\/i>  Bourses Agria\t\t\t<\/a>\n\t\t<\/h4>\n\n\t\t<div class=\"sp-collapse spcollapse spcollapse\" id=\"collapse275310\" data-parent=\"#sp-ea-27531\">\n\t\t<div class=\"ea-body\"> \n<div class=\"ea-content-wrapper animated fadeIn\"> \n\t<h3><img loading=\"lazy\" decoding=\"async\" class=\"wp-image-27539 aligncenter\" src=\"https:\/\/bovin.qc.ca\/wp-content\/uploads\/2025\/07\/Logo-Fondation-Agria-2019.png\" alt=\"\" width=\"300\" height=\"143\" srcset=\"https:\/\/bovin.qc.ca\/wp-content\/uploads\/2025\/07\/Logo-Fondation-Agria-2019.png 1397w, https:\/\/bovin.qc.ca\/wp-content\/uploads\/2025\/07\/Logo-Fondation-Agria-2019-300x143.png 300w, https:\/\/bovin.qc.ca\/wp-content\/uploads\/2025\/07\/Logo-Fondation-Agria-2019-268x128.png 268w\" sizes=\"auto, (max-width: 300px) 100vw, 300px\" \/><\/h3>\n<p><span style=\"font-size: 12pt;\">Ces bourses d\u2019\u00e9tudes ont pour objectif d\u2019encourager la pers\u00e9v\u00e9rance scolaire d\u2019\u00e9tudiants de niveaux professionnel et coll\u00e9gial qui souhaitent \u00e9voluer dans les fili\u00e8res b\u0153uf et veau au Qu\u00e9bec. Cette initiative des Producteurs de bovins du Qu\u00e9bec est rendue possible gr\u00e2ce \u00e0 la g\u00e9n\u00e9rosit\u00e9 de la Fondation Agria, qui a pour mission de soutenir et promouvoir la formation agricole et le perfectionnement.<\/span><\/p>\n<p><span style=\"font-size: 12pt;\"><strong>Au total, deux bourses seront remises :<\/strong><\/span><\/p>\n<ul>\n<li><span style=\"font-size: 12pt;\"><strong>Une bourse de <span style=\"color: #a52a2a;\">1 500 $<\/span> \u00e0 un \u00e9tudiant de <span style=\"color: #993366;\">niveau professionnel<\/span>;<\/strong><\/span><\/li>\n<li><span style=\"font-size: 12pt;\"><strong>Une bourse de <span style=\"color: #a52a2a;\">1 500 $<\/span>&nbsp;\u00e0 un \u00e9tudiant de <span style=\"color: #993366;\">niveau coll\u00e9gial<\/span>.<\/strong><\/span><\/li>\n<\/ul>\n<p><span style=\"font-size: 12pt;\"><strong>Crit\u00e8res d\u2019admissibilit\u00e9 2025<\/strong><\/span><\/p>\n<ul>\n<li><span style=\"font-size: 12pt;\">\u00catre aux \u00e9tudes dans un \u00e9tablissement d\u2019enseignement situ\u00e9 au Canada;<\/span><\/li>\n<li><span style=\"font-size: 12pt;\">Fournir une preuve d\u2019inscription dans un programme d\u2019\u00e9tudes;<\/span><\/li>\n<li><span style=\"font-size: 12pt;\">Fournir le dernier relev\u00e9 de notes disponible (provisoire ou final);<\/span><\/li>\n<li><span style=\"font-size: 12pt;\">Fournir une lettre de motivation illustrant l\u2019int\u00e9r\u00eat du candidat pour la production bovine (ex. : stages, cours, emplois \u00e9tudiants, projet de d\u00e9marrage d\u2019entreprise, etc.) et sa volont\u00e9 de contribuer au d\u00e9veloppement des fili\u00e8res b\u0153uf ou veau au Qu\u00e9bec.<\/span><\/li>\n<li>Le versement de la bourse peut \u00eatre conditionnel \u00e0 la poursuite des \u00e9tudes de l\u2019\u00e9tudiant \u00e0 l\u2019hiver&nbsp;2026.<\/li>\n<\/ul>\n<p><span style=\"font-size: 12pt;\">Les candidatures seront analys\u00e9es sur la base de la qualit\u00e9 des notes et du degr\u00e9 d\u2019int\u00e9r\u00eat pour la production bovine. Limite d\u2019une seule cat\u00e9gorie par candidature. &nbsp;&nbsp;<\/span><\/p>\n<p><a href=\"https:\/\/bovin.qc.ca\/wp-content\/uploads\/2025\/09\/Bourses-Agria-Formulaire-de-mise-en-candidature-2025.pdf\" target=\"_blank\" rel=\"noopener\"><img loading=\"lazy\" decoding=\"async\" class=\"alignleft wp-image-22176\" src=\"https:\/\/bovin.qc.ca\/wp-content\/uploads\/2024\/04\/Bouton-2.png\" alt=\"\" width=\"301\" height=\"101\" srcset=\"https:\/\/bovin.qc.ca\/wp-content\/uploads\/2024\/04\/Bouton-2.png 1721w, https:\/\/bovin.qc.ca\/wp-content\/uploads\/2024\/04\/Bouton-2-300x101.png 300w, https:\/\/bovin.qc.ca\/wp-content\/uploads\/2024\/04\/Bouton-2-381x128.png 381w, https:\/\/bovin.qc.ca\/wp-content\/uploads\/2024\/04\/Bouton-2-1536x516.png 1536w\" sizes=\"auto, (max-width: 301px) 100vw, 301px\" \/><\/a><\/p>\n<p>&nbsp;<\/p>\n<p>&nbsp;<\/p>\n<p>&nbsp;<\/p>\n<p><span style=\"font-size: 12pt;\">Les dossiers de candidature doivent \u00eatre transmis par courriel \u00e0 <a href=\"mailto:mediaspbq@upa.qc.ca\" target=\"_blank\" rel=\"noopener\">mediaspbq@upa.qc.ca<\/a> avant le <strong>31<span style=\"color: #ffffff;\">.<\/span>d\u00e9cembre 2025 \u00e0 23 h 59.<\/strong> Les laur\u00e9ats seront d\u00e9voil\u00e9s au printemps 2026.<\/span><\/p>\n<\/div>\n<\/div>\n\t\t\t<\/div>\n\t<\/div>\n\t<\/div><\/div>\n<p>&nbsp;<\/p>\n","protected":false},"excerpt":{"rendered":"<p>&nbsp;<\/p>\n","protected":false},"author":6,"featured_media":0,"parent":10078,"menu_order":0,"comment_status":"closed","ping_status":"closed","template":"","meta":{"ngg_post_thumbnail":0,"footnotes":""},"class_list":["post-23723","page","type-page","status-publish","hentry"],"_links":{"self":[{"href":"https:\/\/bovin.qc.ca\/en\/wp-json\/wp\/v2\/pages\/23723","targetHints":{"allow":["GET"]}}],"collection":[{"href":"https:\/\/bovin.qc.ca\/en\/wp-json\/wp\/v2\/pages"}],"about":[{"href":"https:\/\/bovin.qc.ca\/en\/wp-json\/wp\/v2\/types\/page"}],"author":[{"embeddable":true,"href":"https:\/\/bovin.qc.ca\/en\/wp-json\/wp\/v2\/users\/6"}],"replies":[{"embeddable":true,"href":"https:\/\/bovin.qc.ca\/en\/wp-json\/wp\/v2\/comments?post=23723"}],"version-history":[{"count":2,"href":"https:\/\/bovin.qc.ca\/en\/wp-json\/wp\/v2\/pages\/23723\/revisions"}],"predecessor-version":[{"id":28044,"href":"https:\/\/bovin.qc.ca\/en\/wp-json\/wp\/v2\/pages\/23723\/revisions\/28044"}],"up":[{"embeddable":true,"href":"https:\/\/bovin.qc.ca\/en\/wp-json\/wp\/v2\/pages\/10078"}],"wp:attachment":[{"href":"https:\/\/bovin.qc.ca\/en\/wp-json\/wp\/v2\/media?parent=23723"}],"curies":[{"name":"wp","href":"https:\/\/api.w.org\/{rel}","templated":true}]}}