{"id":22359,"date":"2024-05-07T14:35:42","date_gmt":"2024-05-07T18:35:42","guid":{"rendered":"https:\/\/bovin.qc.ca\/?page_id=22359"},"modified":"2025-07-21T13:23:00","modified_gmt":"2025-07-21T17:23:00","slug":"award","status":"publish","type":"page","link":"https:\/\/bovin.qc.ca\/en\/award\/","title":{"rendered":"Awards"},"content":{"rendered":"<h1>Prix<\/h1>\n<h3 style=\"text-align: center;\"><a href=\"#A1\"><strong>Prix de l&#8217;intendance environnementale<\/strong><\/a><\/h3>\n<h3 style=\"text-align: center;\"><a href=\"#A2\"><strong>Prix Innoveau<\/strong><\/a><\/h3>\n<hr>\n<h4>&nbsp;<\/h4>\n<h4><img loading=\"lazy\" decoding=\"async\" class=\"aligncenter wp-image-19684\" src=\"https:\/\/bovin.qc.ca\/wp-content\/uploads\/2023\/09\/Logo-TESA-fr-quebec.png\" alt=\"\" width=\"200\" height=\"278\" srcset=\"https:\/\/bovin.qc.ca\/wp-content\/uploads\/2023\/09\/Logo-TESA-fr-quebec.png 1791w, https:\/\/bovin.qc.ca\/wp-content\/uploads\/2023\/09\/Logo-TESA-fr-quebec-216x300.png 216w, https:\/\/bovin.qc.ca\/wp-content\/uploads\/2023\/09\/Logo-TESA-fr-quebec-92x128.png 92w, https:\/\/bovin.qc.ca\/wp-content\/uploads\/2023\/09\/Logo-TESA-fr-quebec-1105x1536.png 1105w, https:\/\/bovin.qc.ca\/wp-content\/uploads\/2023\/09\/Logo-TESA-fr-quebec-1474x2048.png 1474w\" sizes=\"auto, (max-width: 200px) 100vw, 200px\" \/><\/h4>\n<h4>Prix de l\u2019intendance environnementale (Environmental Stewarship Award) \u2013 Section Qu\u00e9bec<\/h4>\n<p>Depuis 1996, le Prix de l\u2019intendance environnementale (TESA) a \u00e9t\u00e9 d\u00e9cern\u00e9 chaque ann\u00e9e au niveau national pour r\u00e9compenser le leadership des producteurs de bovins en mati\u00e8re de conservation. Les candidats des diff\u00e9rentes provinces sont s\u00e9lectionn\u00e9s sur la base de leurs pratiques de gestion, leurs r\u00e9alisations et leurs objectifs. Ainsi, la candidate ou le candidat aura le privil\u00e8ge de repr\u00e9senter le Qu\u00e9bec lors de la Canadian Beef Industry Conference et courra la chance d\u2019\u00eatre le laur\u00e9at du prix au niveau national.<\/p>\n<p><strong>Le Qu\u00e9bec a envoy\u00e9 sa premi\u00e8re candidature en 2021.<\/strong><\/p>\n<p><span style=\"color: #0000ff;\"><a style=\"color: #0000ff;\" href=\"https:\/\/bovin.qc.ca\/wp-content\/uploads\/2024\/08\/Candidature-complete-Ecoboeuf-2023.pdf\" target=\"_blank\" rel=\"noopener\"><strong>S\u00e9lection qu\u00e9b\u00e9coise 2024 \u2013 \u00c9coboeuf<\/strong><\/a><\/span><\/p>\n<p><span style=\"color: #0000ff;\"><a style=\"color: #0000ff;\" href=\"https:\/\/bovin.qc.ca\/wp-content\/uploads\/2024\/05\/Dossier-Ferme-Sage-Francais.docx.pdf\" target=\"_blank\" rel=\"noopener\"><strong>S\u00e9lection qu\u00e9b\u00e9coise 2023 \u2013 Ferme Sage<\/strong><\/a><\/span><\/p>\n<p><span style=\"color: #0000ff;\"><a style=\"color: #0000ff;\" href=\"https:\/\/bovin.qc.ca\/wp-content\/uploads\/2024\/05\/Andre-Ricard-candidature-TESA-2023.pdf\" target=\"_blank\" rel=\"noopener\"><strong>Mention sp\u00e9ciale Qu\u00e9bec 2023 \u2013 Ferme Ricard<\/strong><\/a><\/span><\/p>\n<p><span style=\"color: #0000ff;\"><a style=\"color: #0000ff;\" href=\"https:\/\/bovin.qc.ca\/wp-content\/uploads\/2024\/05\/Candidature-TESA-2022-Quebec-French.pdf\" target=\"_blank\" rel=\"noopener\"><strong>S\u00e9lection qu\u00e9b\u00e9coise 2022 \u2013 Ferme Guayclair&nbsp;<\/strong><\/a><\/span><\/p>\n<p><span style=\"color: #0000ff;\"><a style=\"color: #0000ff;\" href=\"https:\/\/bovin.qc.ca\/wp-content\/uploads\/2021\/06\/Candidature-TESA-Quebec-French.pdf\" target=\"_blank\" rel=\"noopener\"><strong>S\u00e9lection qu\u00e9b\u00e9coise 2021 \u2013 Ferme Brylee<\/strong><\/a><\/span><\/p>\n<p><span style=\"color: #0000ff;\">Crit\u00e8re du concours&nbsp;<\/span><\/p>\n<p><span style=\"color: #0000ff;\">Formulaire de mise en candidature&nbsp;<\/span><\/p>\n<p><a href=\"#top\">Retour en haut<\/a><\/p>\n<hr>\n<h4><strong><img loading=\"lazy\" decoding=\"async\" class=\"wp-image-19454 aligncenter\" src=\"https:\/\/bovin.qc.ca\/wp-content\/uploads\/2023\/08\/LOGO_INNOVEAU_coul.jpg\" alt=\"\" width=\"259\" height=\"159\" srcset=\"https:\/\/bovin.qc.ca\/wp-content\/uploads\/2023\/08\/LOGO_INNOVEAU_coul.jpg 304w, https:\/\/bovin.qc.ca\/wp-content\/uploads\/2023\/08\/LOGO_INNOVEAU_coul-300x184.jpg 300w, https:\/\/bovin.qc.ca\/wp-content\/uploads\/2023\/08\/LOGO_INNOVEAU_coul-209x128.jpg 209w\" sizes=\"auto, (max-width: 259px) 100vw, 259px\" \/><\/strong><\/h4>\n<h4><strong>Prix Innoveau<\/strong><\/h4>\n<p><strong><a id=\"A2\"><\/a>Un prix pour souligner l\u2019excellence dans la production de veaux<\/strong><\/p>\n<p>Afin de r\u00e9compenser le leadership des producteurs de veaux lourds en mati\u00e8re de bien-\u00eatre animal, d\u2019innovation et de conservation, Les Producteurs de bovins de Qu\u00e9bec ont cr\u00e9\u00e9 le Prix INNOVEAU. Chaque ann\u00e9e, ce concours soulignera l\u2019excellence d\u2019une entreprise d\u2019ici qui se distinguera entre autres par sa capacit\u00e9 \u00e0 am\u00e9liorer l\u2019efficacit\u00e9 de sa production et par ses actions entreprises pour s\u2019adapter aux changements climatiques.<\/p>\n<p>Le laur\u00e9at est s\u00e9lectionn\u00e9 sur la base de ses pratiques de gestion, ses r\u00e9alisations et ses objectifs.<\/p>\n<p><span style=\"color: #0000ff;\"><a style=\"color: #0000ff;\" href=\"https:\/\/bovin.qc.ca\/wp-content\/uploads\/2024\/08\/FORMULAIRE-MISE-EN-CANDIDATURE-Prix-INNOVEAU.pdf\" target=\"_blank\" rel=\"noopener\"><strong>Laur\u00e9at 2024 \u2013 Ferme MAGI SENC.<\/strong><\/a><\/span><\/p>\n<p><span style=\"color: #0000ff;\">Crit\u00e8res du concours<\/span><\/p>\n<p><span style=\"color: #0000ff;\">Dossier de mise en<\/span><span style=\"color: #0000ff;\"> candidature<\/span><\/p>\n<p><a href=\"#top\">Retour en haut<\/a><\/p>\n","protected":false},"excerpt":{"rendered":"<p>Prix Prix de l&#8217;intendance environnementale Prix Innoveau &nbsp; Prix de l\u2019intendance environnementale (Environmental Stewarship Award) \u2013 Section Qu\u00e9bec Depuis 1996, le Prix de l\u2019intendance environnementale (TESA) a \u00e9t\u00e9 d\u00e9cern\u00e9 chaque ann\u00e9e au niveau national pour r\u00e9compenser le leadership des producteurs de bovins en mati\u00e8re de conservation. Les candidats des diff\u00e9rentes provinces sont s\u00e9lectionn\u00e9s sur la [&#8230;]<\/p>\n","protected":false},"author":6,"featured_media":0,"parent":0,"menu_order":0,"comment_status":"closed","ping_status":"closed","template":"","meta":{"ngg_post_thumbnail":0,"footnotes":""},"class_list":["post-22359","page","type-page","status-publish","hentry"],"_links":{"self":[{"href":"https:\/\/bovin.qc.ca\/en\/wp-json\/wp\/v2\/pages\/22359","targetHints":{"allow":["GET"]}}],"collection":[{"href":"https:\/\/bovin.qc.ca\/en\/wp-json\/wp\/v2\/pages"}],"about":[{"href":"https:\/\/bovin.qc.ca\/en\/wp-json\/wp\/v2\/types\/page"}],"author":[{"embeddable":true,"href":"https:\/\/bovin.qc.ca\/en\/wp-json\/wp\/v2\/users\/6"}],"replies":[{"embeddable":true,"href":"https:\/\/bovin.qc.ca\/en\/wp-json\/wp\/v2\/comments?post=22359"}],"version-history":[{"count":6,"href":"https:\/\/bovin.qc.ca\/en\/wp-json\/wp\/v2\/pages\/22359\/revisions"}],"predecessor-version":[{"id":27852,"href":"https:\/\/bovin.qc.ca\/en\/wp-json\/wp\/v2\/pages\/22359\/revisions\/27852"}],"wp:attachment":[{"href":"https:\/\/bovin.qc.ca\/en\/wp-json\/wp\/v2\/media?parent=22359"}],"curies":[{"name":"wp","href":"https:\/\/api.w.org\/{rel}","templated":true}]}}