{"id":2168,"date":"2016-03-28T15:11:05","date_gmt":"2016-03-28T19:11:05","guid":{"rendered":"https:\/\/bovin.qc.ca\/en\/?page_id=2168"},"modified":"2016-03-28T15:11:05","modified_gmt":"2016-03-28T19:11:05","slug":"special-les-marches-nov-2013","status":"publish","type":"page","link":"https:\/\/bovin.qc.ca\/en\/la-minute-bovine-2\/2013-2\/les-marches-nov-2013\/special-les-marches-nov-2013\/","title":{"rendered":"Sp\u00e9cial Les march\u00e9s (Nov. 2013)"},"content":{"rendered":"<h1>Sp\u00e9cial Les march\u00e9s (Nov. 2013)<\/h1>\n<p>See French Version<\/p>\n<p><a href=\"https:\/\/bovin.qc.ca\/la-minute-bovine\/2013-2\/les-marches\/\">Back to the articles<\/a><\/p>\n","protected":false},"excerpt":{"rendered":"<p>Sp\u00e9cial Les march\u00e9s (Nov. 2013) See French Version Back to the articles<\/p>\n","protected":false},"author":6,"featured_media":0,"parent":2166,"menu_order":0,"comment_status":"closed","ping_status":"closed","template":"","meta":{"ngg_post_thumbnail":0,"footnotes":""},"class_list":["post-2168","page","type-page","status-publish","hentry"],"_links":{"self":[{"href":"https:\/\/bovin.qc.ca\/en\/wp-json\/wp\/v2\/pages\/2168","targetHints":{"allow":["GET"]}}],"collection":[{"href":"https:\/\/bovin.qc.ca\/en\/wp-json\/wp\/v2\/pages"}],"about":[{"href":"https:\/\/bovin.qc.ca\/en\/wp-json\/wp\/v2\/types\/page"}],"author":[{"embeddable":true,"href":"https:\/\/bovin.qc.ca\/en\/wp-json\/wp\/v2\/users\/6"}],"replies":[{"embeddable":true,"href":"https:\/\/bovin.qc.ca\/en\/wp-json\/wp\/v2\/comments?post=2168"}],"version-history":[{"count":1,"href":"https:\/\/bovin.qc.ca\/en\/wp-json\/wp\/v2\/pages\/2168\/revisions"}],"predecessor-version":[{"id":2169,"href":"https:\/\/bovin.qc.ca\/en\/wp-json\/wp\/v2\/pages\/2168\/revisions\/2169"}],"up":[{"embeddable":true,"href":"https:\/\/bovin.qc.ca\/en\/wp-json\/wp\/v2\/pages\/2166"}],"wp:attachment":[{"href":"https:\/\/bovin.qc.ca\/en\/wp-json\/wp\/v2\/media?parent=2168"}],"curies":[{"name":"wp","href":"https:\/\/api.w.org\/{rel}","templated":true}]}}