{"id":2166,"date":"2016-03-28T15:08:07","date_gmt":"2016-03-28T19:08:07","guid":{"rendered":"https:\/\/bovin.qc.ca\/en\/?page_id=2166"},"modified":"2016-03-28T15:08:07","modified_gmt":"2016-03-28T19:08:07","slug":"les-marches-nov-2013","status":"publish","type":"page","link":"https:\/\/bovin.qc.ca\/en\/la-minute-bovine-2\/2013-2\/les-marches-nov-2013\/","title":{"rendered":"Les march\u00e9s &#8211; nov. 2013"},"content":{"rendered":"<h1>Les march\u00e9s &#8211; Nov. 2013<\/h1>\n<p><a href=\"https:\/\/bovin.qc.ca\/la-minute-bovine\/2013-2\/les-marches\/les-marches-nov-2013\/\">+ Sp\u00e9cial Les march\u00e9s (Nov. 2013<\/a>)<\/p>\n","protected":false},"excerpt":{"rendered":"<p>Les march\u00e9s &#8211; Nov. 2013 + Sp\u00e9cial Les march\u00e9s (Nov. 2013)<\/p>\n","protected":false},"author":6,"featured_media":0,"parent":1763,"menu_order":0,"comment_status":"closed","ping_status":"closed","template":"","meta":{"ngg_post_thumbnail":0,"footnotes":""},"class_list":["post-2166","page","type-page","status-publish","hentry"],"_links":{"self":[{"href":"https:\/\/bovin.qc.ca\/en\/wp-json\/wp\/v2\/pages\/2166","targetHints":{"allow":["GET"]}}],"collection":[{"href":"https:\/\/bovin.qc.ca\/en\/wp-json\/wp\/v2\/pages"}],"about":[{"href":"https:\/\/bovin.qc.ca\/en\/wp-json\/wp\/v2\/types\/page"}],"author":[{"embeddable":true,"href":"https:\/\/bovin.qc.ca\/en\/wp-json\/wp\/v2\/users\/6"}],"replies":[{"embeddable":true,"href":"https:\/\/bovin.qc.ca\/en\/wp-json\/wp\/v2\/comments?post=2166"}],"version-history":[{"count":1,"href":"https:\/\/bovin.qc.ca\/en\/wp-json\/wp\/v2\/pages\/2166\/revisions"}],"predecessor-version":[{"id":2167,"href":"https:\/\/bovin.qc.ca\/en\/wp-json\/wp\/v2\/pages\/2166\/revisions\/2167"}],"up":[{"embeddable":true,"href":"https:\/\/bovin.qc.ca\/en\/wp-json\/wp\/v2\/pages\/1763"}],"wp:attachment":[{"href":"https:\/\/bovin.qc.ca\/en\/wp-json\/wp\/v2\/media?parent=2166"}],"curies":[{"name":"wp","href":"https:\/\/api.w.org\/{rel}","templated":true}]}}