{"id":2061,"date":"2016-03-27T12:50:41","date_gmt":"2016-03-27T16:50:41","guid":{"rendered":"https:\/\/bovin.qc.ca\/en\/?page_id=2061"},"modified":"2026-04-07T09:13:43","modified_gmt":"2026-04-07T13:13:43","slug":"marketing","status":"publish","type":"page","link":"https:\/\/bovin.qc.ca\/en\/the-production\/fed-cattle\/marketing\/","title":{"rendered":"Marketing Committee"},"content":{"rendered":"<h1>Marketing<\/h1>\n<p>The fed cattle marketing committee develops marketing strategies aligned with the specific needs of the sector. It also administers a research fund. A negotiation committee was created to support the marketing committee; it is responsible for developing, executing, and finalizing business negotiations within the fed cattle production sector in conjunction with the PBQ.<\/p>\n<p>Fed cattle are marketed through the fed cattle sales agency; one of its roles is to improve and standardize conditions governing sales and payments to producers. Since January&nbsp;1, 2025, all producers who sell 20 fed cattle or more within the same week are required to hold a certificate of compliance from the <a href=\"https:\/\/bovin.qc.ca\/en\/programme-certification-vbp\/\" target=\"_blank\" rel=\"noopener\"><strong>Verified Beef Production Plus (VBP+) program<\/strong><\/a>. Fed cattle are sold on the basis of warm carcass weight after slaughter. They are usually graded by the <a href=\"https:\/\/beefgradingagency.ca\/\" target=\"_blank\" rel=\"noopener\">Canadian Beef Grading Agency (CBGA)<\/a>, which allows our finance service to issue payments according to a pricing grid, as applicable.<\/p>\n<p>There are three ways to market cattle that are authorized by the sales agency:<\/p>\n<ul>\n<li>Electronic auctions are conducted every Wednesday at 1:30 p.m. Producers must contact the sales agency by 11:00 a.m. the day of the auction to declare the lots they wish to sell. Details on the number of fed cattle, average weight, sex, breed, and all other relevant details are required for a lot to be registered.<\/li>\n<li>In direct sales to buyers (which may be conducted with or without the involvement of the agency), producers sell their fed cattle directly to abattoirs. In order to deliver cattle, have them delivered on their behalf, or allow a buyer to take possession of them, fed cattle producers must first request an authorization number from the sales agency.<\/li>\n<li>Live animals may be sold at auction.<\/li>\n<\/ul>\n<h3><strong>Responsibilities of the sales agency: <\/strong><\/h3>\n<ul>\n<li>Administer the <em>R\u00e8glement sur la production et la mise en march\u00e9 des bouvillons d\u2019abattage<\/em> (Regulation respecting the production and marketing of fed cattle)<\/li>\n<li>Negotiate and execute the marketing agreement with abattoirs<\/li>\n<li>Manage the <em>R\u00e8glement sur la garantie de responsabilit\u00e9 financi\u00e8re des acheteurs de bovins<\/em> (Regulation respecting cattle purchasers\u2019 guarantee of financial responsibility), in collaboration with the R\u00e9gie des march\u00e9s agricoles et alimentaires du Qu\u00e9bec (RMAAQ)<\/li>\n<li>Issue invoices and payment for fed cattle sold to abattoirs<\/li>\n<li>Manage exchange contracts for sales to the United States<\/li>\n<li>Negotiate sales with abattoirs<\/li>\n<li>Develop new markets<\/li>\n<\/ul>\n<ul>\n<li>Monitor developments in reference markets and keep producers informed<\/li>\n<\/ul>\n","protected":false},"excerpt":{"rendered":"<p>Marketing The fed cattle marketing committee develops marketing strategies aligned with the specific needs of the sector. It also administers a research fund. A negotiation committee was created to support the marketing committee; it is responsible for developing, executing, and finalizing business negotiations within the fed cattle production sector in conjunction with the PBQ. Fed [&#8230;]<\/p>\n","protected":false},"author":6,"featured_media":642,"parent":1789,"menu_order":0,"comment_status":"closed","ping_status":"closed","template":"page-templates\/page-deux-colonnes.php","meta":{"ngg_post_thumbnail":0,"footnotes":""},"class_list":["post-2061","page","type-page","status-publish","has-post-thumbnail","hentry"],"_links":{"self":[{"href":"https:\/\/bovin.qc.ca\/en\/wp-json\/wp\/v2\/pages\/2061","targetHints":{"allow":["GET"]}}],"collection":[{"href":"https:\/\/bovin.qc.ca\/en\/wp-json\/wp\/v2\/pages"}],"about":[{"href":"https:\/\/bovin.qc.ca\/en\/wp-json\/wp\/v2\/types\/page"}],"author":[{"embeddable":true,"href":"https:\/\/bovin.qc.ca\/en\/wp-json\/wp\/v2\/users\/6"}],"replies":[{"embeddable":true,"href":"https:\/\/bovin.qc.ca\/en\/wp-json\/wp\/v2\/comments?post=2061"}],"version-history":[{"count":11,"href":"https:\/\/bovin.qc.ca\/en\/wp-json\/wp\/v2\/pages\/2061\/revisions"}],"predecessor-version":[{"id":28822,"href":"https:\/\/bovin.qc.ca\/en\/wp-json\/wp\/v2\/pages\/2061\/revisions\/28822"}],"up":[{"embeddable":true,"href":"https:\/\/bovin.qc.ca\/en\/wp-json\/wp\/v2\/pages\/1789"}],"wp:featuredmedia":[{"embeddable":true,"href":"https:\/\/bovin.qc.ca\/en\/wp-json\/wp\/v2\/media\/642"}],"wp:attachment":[{"href":"https:\/\/bovin.qc.ca\/en\/wp-json\/wp\/v2\/media?parent=2061"}],"curies":[{"name":"wp","href":"https:\/\/api.w.org\/{rel}","templated":true}]}}