{"id":20539,"date":"2023-12-12T07:55:24","date_gmt":"2023-12-12T12:55:24","guid":{"rendered":"https:\/\/bovin.qc.ca\/?page_id=20539"},"modified":"2025-06-18T10:52:03","modified_gmt":"2025-06-18T14:52:03","slug":"2024-2","status":"publish","type":"page","link":"https:\/\/bovin.qc.ca\/en\/meetings\/2024-2\/","title":{"rendered":"2024"},"content":{"rendered":"<h2 style=\"text-align: center;\"><strong>2024 ANNUAL GENERAL MEETING<\/strong><\/h2>\n<p style=\"text-align: center;\"><strong>The replay of the two-day plenary session and the announcement of the TESA and INNOVEAU prize ceremonies <br \/>\nis available on our <\/strong><strong><a href=\"https:\/\/www.youtube.com\/playlist?list=PL_7exG-9L8EEkCrlGxiOvexCf94oqcUeH\" target=\"_blank\" rel=\"noopener\">YouTube channel<\/a><\/strong><strong>.<\/strong><\/p>\n<h2 style=\"text-align: center;\">Thanks to our 2024 AGM Sponsors<\/h2>\n<table style=\"border-collapse: collapse; width: 100%; height: 48px;\">\n<tbody>\n<tr style=\"height: 72px;\">\n<td style=\"width: 25%; height: 48px;\"><a href=\"https:\/\/sanimax.com\/fr\/\" target=\"_blank\" rel=\"noopener\"><img loading=\"lazy\" decoding=\"async\" class=\"size-full wp-image-20892 aligncenter\" src=\"https:\/\/bovin.qc.ca\/wp-content\/uploads\/2024\/01\/Sanimax.png\" alt=\"\" width=\"199\" height=\"65\"><\/a><\/td>\n<td style=\"width: 25%; height: 48px;\"><a href=\"https:\/\/www.reseauencansquebec.com\/index.php?id=40\" target=\"_blank\" rel=\"noopener\"><img loading=\"lazy\" decoding=\"async\" class=\"size-full wp-image-20890 aligncenter\" src=\"https:\/\/bovin.qc.ca\/wp-content\/uploads\/2024\/01\/REQ.png\" alt=\"\" width=\"199\" height=\"65\"><\/a><\/td>\n<td style=\"width: 25%; height: 48px;\"><a href=\"https:\/\/www.prorec.ca\/\" target=\"_blank\" rel=\"noopener\"><img loading=\"lazy\" decoding=\"async\" class=\"size-full wp-image-20888 aligncenter\" src=\"https:\/\/bovin.qc.ca\/wp-content\/uploads\/2024\/01\/prorec.png\" alt=\"\" width=\"199\" height=\"65\"><\/a><\/td>\n<td style=\"width: 25%; height: 48px;\"><a href=\"https:\/\/wavocats.ca\/\" target=\"_blank\" rel=\"noopener\"><img loading=\"lazy\" decoding=\"async\" class=\"size-full wp-image-20896 aligncenter\" src=\"https:\/\/bovin.qc.ca\/wp-content\/uploads\/2024\/01\/williams.png\" alt=\"\" width=\"199\" height=\"65\"><\/a><\/td>\n<\/tr>\n<\/tbody>\n<\/table>\n<table style=\"border-collapse: collapse; width: 100%; height: 71px;\">\n<tbody>\n<tr style=\"height: 48px;\">\n<td style=\"width: 33.3333%; height: 48px;\"><a href=\"https:\/\/www.vetoquinol.ca\/fr\" target=\"_blank\" rel=\"noopener\"><img loading=\"lazy\" decoding=\"async\" class=\"aligncenter wp-image-20922\" src=\"https:\/\/bovin.qc.ca\/wp-content\/uploads\/2024\/01\/vetoquinol-3.png\" alt=\"\" width=\"130\" height=\"65\"><\/a><\/td>\n<td style=\"width: 33.3333%; height: 48px;\"><a href=\"https:\/\/www.lefira.ca\/\" target=\"_blank\" rel=\"noopener\"><img loading=\"lazy\" decoding=\"async\" class=\"size-full wp-image-20882 aligncenter\" src=\"https:\/\/bovin.qc.ca\/wp-content\/uploads\/2024\/01\/Fira.png\" alt=\"\" width=\"199\" height=\"65\"><\/a><\/td>\n<td style=\"width: 33.3333%; height: 48px;\"><a href=\"https:\/\/www.merck.ca\/fr\/\" target=\"_blank\" rel=\"noopener\"><img loading=\"lazy\" decoding=\"async\" class=\"size-full wp-image-20884 aligncenter\" src=\"https:\/\/bovin.qc.ca\/wp-content\/uploads\/2024\/01\/Merck.png\" alt=\"\" width=\"199\" height=\"65\"><\/a><\/td>\n<\/tr>\n<tr style=\"height: 23px;\">\n<td style=\"width: 33.3333%; height: 23px;\">&nbsp;<\/td>\n<td style=\"width: 33.3333%; height: 23px;\"><img loading=\"lazy\" decoding=\"async\" class=\"aligncenter wp-image-24461 \" src=\"https:\/\/bovin.qc.ca\/wp-content\/uploads\/2024\/11\/cargill-macgregors.jpg\" alt=\"\" width=\"224\" height=\"63\" srcset=\"https:\/\/bovin.qc.ca\/wp-content\/uploads\/2024\/11\/cargill-macgregors.jpg 1359w, https:\/\/bovin.qc.ca\/wp-content\/uploads\/2024\/11\/cargill-macgregors-300x84.jpg 300w, https:\/\/bovin.qc.ca\/wp-content\/uploads\/2024\/11\/cargill-macgregors-457x128.jpg 457w, https:\/\/bovin.qc.ca\/wp-content\/uploads\/2024\/11\/cargill-macgregors-350x100.jpg 350w\" sizes=\"auto, (max-width: 224px) 100vw, 224px\" \/><\/td>\n<td style=\"width: 33.3333%; height: 23px;\">&nbsp;<\/td>\n<\/tr>\n<\/tbody>\n<\/table>\n<hr>\n<h2>Federation<\/h2>\n<style id=\"ea_dynamic_css20542\">#sp-ea-20542 .spcollapsing{height: 0; overflow: hidden; transition-property: height; transition-duration: 500ms;}#sp-ea-20542.sp-easy-accordion>.sp-ea-single.eap_inactive>.ea-header a {background-color: #bb0000 !important; color: #fff !important;}#sp-ea-20542.sp-easy-accordion>.sp-ea-single{ margin-bottom: 10px; border: 6px none #dd3333; border-radius: 3px;}#sp-ea-20542.sp-easy-accordion>.sp-ea-single.ea-expand{ border-color: #dd3333;}#sp-ea-20542.sp-easy-accordion>.sp-ea-single:hover{ border-color: #dd3333;}#sp-ea-20542.sp-easy-accordion>.sp-ea-single>.ea-header a {background: #dd3333;}#sp-ea-20542.sp-easy-accordion>.sp-ea-single.ea-expand>.ea-header a {background: #dd3333;}#sp-ea-20542.sp-easy-accordion>.sp-ea-single>.ea-header:hover a {background: #eee;}#sp-ea-20542.sp-easy-accordion>.sp-ea-single>.ea-header a .eap-title-icon { color: #111111;font-size: 20px;} #sp-ea-20542.sp-easy-accordion>.sp-ea-single>.ea-header a .eap-title-custom-icon {max-width: 20px;}#sp-ea-20542.sp-easy-accordion>.sp-ea-single>.ea-header:hover a .eap-title-icon {color: #444;}#sp-ea-20542.sp-easy-accordion>.sp-ea-single.ea-expand>.ea-header a .eap-title-icon {color: #444;}#sp-ea-20542.sp-easy-accordion>.sp-ea-single>.ea-header a {padding: 15px 15px 15px 15px; color: #ffffff; font-size: 20px; line-height: 30px; text-align: left; letter-spacing: 0px; text-transform: none;}#sp-ea-20542.sp-easy-accordion>.sp-ea-single>.ea-header:hover a {color: #444;}#sp-ea-20542.sp-easy-accordion>.sp-ea-single.ea-expand>.ea-header a {color: #444;}#sp-ea-20542.sp-easy-accordion>.sp-ea-single>.sp-collapse>.ea-body p,#sp-ea-20542.sp-easy-accordion>.sp-ea-single>.sp-collapse>.ea-body{background: #fff; padding: 15px 15px 15px 15px; border-radius: 0 0 3px 3px; color: #444; font-size: 16px; text-align: left; letter-spacing: 0px; line-height: 26px; animation-delay: 200ms; text-transform: none;}#sp-ea-20542.sp-easy-accordion>.sp-ea-single>.ea-header a .ea-expand-icon.fa:before {color: #ffffff; font-size: 16px; font-style: normal;}#sp-ea-20542.sp-easy-accordion>.sp-ea-single>.ea-header:hover a .ea-expand-icon.fa:before {color: #dd3333;}#sp-ea-20542.sp-easy-accordion>.sp-ea-single.ea-expand>.ea-header a .ea-expand-icon.fa:before {color: #ffffff;}#sp-ea-20542.sp-easy-accordion>.sp-ea-single{background: transparent; border: none;}#sp-ea-20542.sp-easy-accordion>.sp-ea-single>.ea-header a {border-bottom: 6px none #dd3333;}#sp-ea-20542.sp-easy-accordion>.sp-ea-single>.ea-header a .ea-expand-icon {background: transparent; border-radius: 3px;}#sp-ea-20542.sp-easy-accordion>.sp-ea-single>.ea-header:hover a .ea-expand-icon {background: transparent;}#sp-ea-20542.sp-easy-accordion>.sp-ea-single.ea-expand>.ea-header a .ea-expand-icon {background: transparent;}#sp-ea-20542 #eap_faq_search_bar_container {display:none; opacity:0;}#sp-ea-20542 #eap_faq_search_bar_container span::before{content:\"\";}#sp-ea-20542.sp-easy-accordion>.sp-ea-single>.sp-collapse>.ea-body p{ padding:0px}#sp-eap-accordion-section-20542.sp-eap-container .sp-eap-infinite-scroll-loader,#sp-eap-accordion-section-20542.sp-eap-container div:is(.sp-eap-load-more,.sp-eap-ajax-number-pagination){text-align:center;}#sp-ea-20542>.sp-ea-single>.sp-collapse>.ea-body .eap-product-price {color: #444;}#sp-ea-20542.sp-easy-accordion>.sp-ea-single>.sp-collapse>.ea-body .eap-product-price del{color: rgba(68,68,68,0.71);}#sp-ea-20542.sp-easy-accordion>.sp-ea-single>.sp-collapse>.ea-body .eap-product-cart-button .woocommerce a { border: 1px solid #DAD6DA;border-radius: 2px;background-color: transparent;color: #444;}#sp-ea-20542.sp-easy-accordion>.sp-ea-single>.sp-collapse>.ea-body .eap-product-cart-button .woocommerce a:hover { border-color: #444;background-color: #444;color: #fff;}#sp-ea-20542.sp-easy-accordion>.sp-ea-single>>.sp-collapse>.ea-body .eap-product-cart-button .eap-product-quantity .eap_input_text {border: 1px solid #DAD6DA;}#sp-ea-20542.sp-easy-accordion>.sp-ea-single>.sp-collapse>.ea-body .eap-product-cart-button a.add_to_cart_button{position: relative;}<\/style><div id=\"sp-eap-accordion-section-20542\" class=\"sp-eap-container\"><div id=\"sp-ea-20542\" class=\"sp-ea-fifteen sp-easy-accordion \" data-ex-icon=\"ea-font-icon-minus_regular\" data-col-icon=\"ea-font-icon-plus_regular\" data-ea-active=\"ea-click\" data-ea-mode=\"vertical\" data-ea-multi-column=\"\" data-ea-coll=\"\" data-keep-accordion=\"\" data-autoclose=\"1\" data-preloader=\"\" data-scroll-active-item=\"\" data-offset-to-scroll=\"0\" data-autoplaytime=\"3000\" data-expand=\"\" data-post-id=\"20542\" >\t<div class=\"ea-card  sp-ea-single\"  data-accordion-id= \"0\">\n\n\t\t<h4 class=\"ea-header\">\n\t\t\t<a class=\"collapsed\" data-sptoggle=\"spcollapse\" rel=\"nofollow\" data-sptarget=\"#collapse205420\" href=\"#\" data-title=\"efaq-annual-general-meeting-plan-conjoint\" aria-expanded=\"false\">\n\t\t\t\t<i class=\"ea-expand-icon fa ea-font-icon-plus_regular\"><\/i>  Annual General Meeting \u2013 Plan conjoint \t\t\t<\/a>\n\t\t<\/h4>\n\n\t\t<div class=\"sp-collapse spcollapse spcollapse\" id=\"collapse205420\" data-parent=\"#sp-ea-20542\">\n\t\t<div class=\"ea-body\"> \n<div class=\"ea-content-wrapper animated fadeIn\"> \n\t<p><a href=\"https:\/\/bovin.qc.ca\/wp-content\/uploads\/2024\/02\/Regles-de-procedures-de-lAGA.pdf\" target=\"_blank\" rel=\"noopener\"><strong>+ R\u00e8gles de proc\u00e9dures de l\u2019AGA (in french only)<\/strong><\/a><\/p>\n<p><a href=\"https:\/\/bovin.qc.ca\/wp-content\/uploads\/2024\/03\/Avis-de-convocation-et-ordre-du-jour-2024_EN-WEB.pdf\" target=\"_blank\" rel=\"noopener\"><strong>+ Notice of Meeting and Agenda<\/strong><\/a><\/p>\n<p><a href=\"https:\/\/bovin.qc.ca\/wp-content\/uploads\/2024\/03\/BOV059_AGA-2024_web.pdf\" target=\"_blank\" rel=\"noopener\"><strong>+ Cahier AGA 2024 (in french)<\/strong><\/a><\/p>\n<p><a href=\"https:\/\/bovin.qc.ca\/wp-content\/uploads\/2024\/04\/PV-AGA-PC-mars-2023.pdf\" target=\"_blank\" rel=\"noopener\"><strong>+ Proc\u00e8s-verbal du 28 et 29 mars 2023 (in french only)<\/strong><\/a><\/p>\n<p><a href=\"https:\/\/bovin.qc.ca\/wp-content\/uploads\/2024\/03\/Rapport-annuel-des-activites-2024_EN_WEB.pdf\" target=\"_blank\" rel=\"noopener\"><strong>+ 2023 Annual Report of Activities<\/strong><\/a><\/p>\n<p><a href=\"https:\/\/bovin.qc.ca\/wp-content\/uploads\/2024\/03\/BOV059_Etats-financiers-2023.pdf\" target=\"_blank\" rel=\"noopener\"><strong>+ \u00c9tats financiers<\/strong><\/a><\/p>\n<p><a href=\"https:\/\/bovin.qc.ca\/wp-content\/uploads\/2024\/04\/Resolutions-pleniere-AGA-2024-final.pdf\" target=\"_blank\" rel=\"noopener\"><strong>+ Condens\u00e9 des r\u00e9solutions en s\u00e9ance de pl\u00e9ni\u00e8re - Mars 2024<\/strong><\/a><\/p>\n<p><a href=\"https:\/\/bovin.qc.ca\/wp-content\/uploads\/2024\/05\/Resolutions-AGSBA-2024-final.pdf\" target=\"_blank\" rel=\"noopener\"><strong>+ R\u00e9solutions - secteur bouvillon d'abattage - Mars 2024<\/strong><\/a><\/p>\n<p><a href=\"https:\/\/bovin.qc.ca\/wp-content\/uploads\/2024\/04\/Resolutions-Atelier-VE-2024-final.pdf\" target=\"_blank\" rel=\"noopener\"><strong>+ R\u00e9solutions - secteur veau d'embouche - Mars 2024<\/strong><\/a><\/p>\n<p><a href=\"https:\/\/bovin.qc.ca\/wp-content\/uploads\/2024\/04\/Resolutions-Atelier-BR-2024-final.pdf\" target=\"_blank\" rel=\"noopener\"><strong>+ R\u00e9solutions - secteur bovin de r\u00e9forme et veau laitier - Mars 2024<\/strong><\/a><\/p>\n<\/div>\n<\/div>\n\t\t\t<\/div>\n\t<\/div>\n\t<\/div><\/div>\n<style id=\"ea_dynamic_css20563\">#sp-ea-20563 .spcollapsing{height: 0; overflow: hidden; transition-property: height; transition-duration: 500ms;}#sp-ea-20563.sp-easy-accordion>.sp-ea-single.eap_inactive>.ea-header a {background-color: #bb0000 !important; color: #fff !important;}#sp-ea-20563.sp-easy-accordion>.sp-ea-single{ margin-bottom: 10px; border: 6px none #dd3333; border-radius: 3px;}#sp-ea-20563.sp-easy-accordion>.sp-ea-single.ea-expand{ border-color: #dd3333;}#sp-ea-20563.sp-easy-accordion>.sp-ea-single:hover{ border-color: #dd3333;}#sp-ea-20563.sp-easy-accordion>.sp-ea-single>.ea-header a {background: #dd3333;}#sp-ea-20563.sp-easy-accordion>.sp-ea-single.ea-expand>.ea-header a {background: #dd3333;}#sp-ea-20563.sp-easy-accordion>.sp-ea-single>.ea-header:hover a {background: #eee;}#sp-ea-20563.sp-easy-accordion>.sp-ea-single>.ea-header a .eap-title-icon { color: #111111;font-size: 20px;} #sp-ea-20563.sp-easy-accordion>.sp-ea-single>.ea-header a .eap-title-custom-icon {max-width: 20px;}#sp-ea-20563.sp-easy-accordion>.sp-ea-single>.ea-header:hover a .eap-title-icon {color: #444;}#sp-ea-20563.sp-easy-accordion>.sp-ea-single.ea-expand>.ea-header a .eap-title-icon {color: #444;}#sp-ea-20563.sp-easy-accordion>.sp-ea-single>.ea-header a {padding: 15px 15px 15px 15px; color: #ffffff; font-size: 20px; line-height: 30px; text-align: left; letter-spacing: 0px; text-transform: none;}#sp-ea-20563.sp-easy-accordion>.sp-ea-single>.ea-header:hover a {color: #444;}#sp-ea-20563.sp-easy-accordion>.sp-ea-single.ea-expand>.ea-header a {color: #444;}#sp-ea-20563.sp-easy-accordion>.sp-ea-single>.sp-collapse>.ea-body p,#sp-ea-20563.sp-easy-accordion>.sp-ea-single>.sp-collapse>.ea-body{background: #fff; padding: 15px 15px 15px 15px; border-radius: 0 0 3px 3px; color: #444; font-size: 16px; text-align: left; letter-spacing: 0px; line-height: 26px; animation-delay: 200ms; text-transform: none;}#sp-ea-20563.sp-easy-accordion>.sp-ea-single>.ea-header a .ea-expand-icon.fa:before {color: #ffffff; font-size: 16px; font-style: normal;}#sp-ea-20563.sp-easy-accordion>.sp-ea-single>.ea-header:hover a .ea-expand-icon.fa:before {color: #dd3333;}#sp-ea-20563.sp-easy-accordion>.sp-ea-single.ea-expand>.ea-header a .ea-expand-icon.fa:before {color: #ffffff;}#sp-ea-20563.sp-easy-accordion>.sp-ea-single{background: transparent; border: none;}#sp-ea-20563.sp-easy-accordion>.sp-ea-single>.ea-header a {border-bottom: 6px none #dd3333;}#sp-ea-20563.sp-easy-accordion>.sp-ea-single>.ea-header a .ea-expand-icon {background: transparent; border-radius: 3px;}#sp-ea-20563.sp-easy-accordion>.sp-ea-single>.ea-header:hover a .ea-expand-icon {background: transparent;}#sp-ea-20563.sp-easy-accordion>.sp-ea-single.ea-expand>.ea-header a .ea-expand-icon {background: transparent;}#sp-ea-20563 #eap_faq_search_bar_container {display:none; opacity:0;}#sp-ea-20563 #eap_faq_search_bar_container span::before{content:\"\";}#sp-ea-20563.sp-easy-accordion>.sp-ea-single>.sp-collapse>.ea-body p{ padding:0px}#sp-eap-accordion-section-20563.sp-eap-container .sp-eap-infinite-scroll-loader,#sp-eap-accordion-section-20563.sp-eap-container div:is(.sp-eap-load-more,.sp-eap-ajax-number-pagination){text-align:center;}#sp-ea-20563>.sp-ea-single>.sp-collapse>.ea-body .eap-product-price {color: #444;}#sp-ea-20563.sp-easy-accordion>.sp-ea-single>.sp-collapse>.ea-body .eap-product-price del{color: rgba(68,68,68,0.71);}#sp-ea-20563.sp-easy-accordion>.sp-ea-single>.sp-collapse>.ea-body .eap-product-cart-button .woocommerce a { border: 1px solid #DAD6DA;border-radius: 2px;background-color: transparent;color: #444;}#sp-ea-20563.sp-easy-accordion>.sp-ea-single>.sp-collapse>.ea-body .eap-product-cart-button .woocommerce a:hover { border-color: #444;background-color: #444;color: #fff;}#sp-ea-20563.sp-easy-accordion>.sp-ea-single>>.sp-collapse>.ea-body .eap-product-cart-button .eap-product-quantity .eap_input_text {border: 1px solid #DAD6DA;}#sp-ea-20563.sp-easy-accordion>.sp-ea-single>.sp-collapse>.ea-body .eap-product-cart-button a.add_to_cart_button{position: relative;}<\/style><div id=\"sp-eap-accordion-section-20563\" class=\"sp-eap-container\"><div id=\"sp-ea-20563\" class=\"sp-ea-fifteen sp-easy-accordion \" data-ex-icon=\"ea-font-icon-minus_regular\" data-col-icon=\"ea-font-icon-plus_regular\" data-ea-active=\"ea-click\" data-ea-mode=\"vertical\" data-ea-multi-column=\"\" data-ea-coll=\"\" data-keep-accordion=\"\" data-autoclose=\"1\" data-preloader=\"\" data-scroll-active-item=\"\" data-offset-to-scroll=\"0\" data-autoplaytime=\"3000\" data-expand=\"\" data-post-id=\"20563\" >\t<div class=\"ea-card  sp-ea-single\"  data-accordion-id= \"0\">\n\n\t\t<h4 class=\"ea-header\">\n\t\t\t<a class=\"collapsed\" data-sptoggle=\"spcollapse\" rel=\"nofollow\" data-sptarget=\"#collapse205630\" href=\"#\" data-title=\"efaq-annual-general-meeting-syndicates\" aria-expanded=\"false\">\n\t\t\t\t<i class=\"ea-expand-icon fa ea-font-icon-plus_regular\"><\/i>  Annual General Meeting \u2013 Syndicates\t\t\t<\/a>\n\t\t<\/h4>\n\n\t\t<div class=\"sp-collapse spcollapse spcollapse\" id=\"collapse205630\" data-parent=\"#sp-ea-20563\">\n\t\t<div class=\"ea-body\"> \n<div class=\"ea-content-wrapper animated fadeIn\"> \n\t<p><a href=\"https:\/\/bovin.qc.ca\/wp-content\/uploads\/2024\/02\/Regles-de-procedures-de-lAGA.pdf\" target=\"_blank\" rel=\"noopener\"><strong>+ R\u00e8gles de proc\u00e9dure de l\u2019AGA (in french only)<\/strong><\/a><\/p>\n<p><strong><a href=\"https:\/\/bovin.qc.ca\/wp-content\/uploads\/2024\/03\/Avis-de-convocation-et-OJ-Assemblee-syndicale-Federation-2024.pdf\" target=\"_blank\" rel=\"noopener\">+ Annual General Meeting \u2013 Syndicates<\/a><\/strong><\/p>\n<p><a href=\"https:\/\/bovin.qc.ca\/wp-content\/uploads\/2024\/03\/PV-AGA-PC-mars-2023.pdf\" target=\"_blank\" rel=\"noopener\"><strong>+ Proc\u00e8s-verbal du 29 mars 2023 (in french only)<\/strong><\/a><\/p>\n<p><a href=\"https:\/\/bovin.qc.ca\/wp-content\/uploads\/2024\/03\/Rapport-annuel-des-activites-2024_EN_WEB.pdf\" target=\"_blank\" rel=\"noopener\"><strong>+ 2023 Annual Report of Activities<\/strong><\/a><\/p>\n<\/div>\n<\/div>\n\t\t\t<\/div>\n\t<\/div>\n\t<\/div><\/div>\n<style id=\"ea_dynamic_css20564\">#sp-ea-20564 .spcollapsing{height: 0; overflow: hidden; transition-property: height; transition-duration: 500ms;}#sp-ea-20564.sp-easy-accordion>.sp-ea-single.eap_inactive>.ea-header a {background-color: #bb0000 !important; color: #fff !important;}#sp-ea-20564.sp-easy-accordion>.sp-ea-single{ margin-bottom: 10px; border: 6px none #dd3333; border-radius: 3px;}#sp-ea-20564.sp-easy-accordion>.sp-ea-single.ea-expand{ border-color: #dd3333;}#sp-ea-20564.sp-easy-accordion>.sp-ea-single:hover{ border-color: #dd3333;}#sp-ea-20564.sp-easy-accordion>.sp-ea-single>.ea-header a {background: #dd3333;}#sp-ea-20564.sp-easy-accordion>.sp-ea-single.ea-expand>.ea-header a {background: #dd3333;}#sp-ea-20564.sp-easy-accordion>.sp-ea-single>.ea-header:hover a {background: #eee;}#sp-ea-20564.sp-easy-accordion>.sp-ea-single>.ea-header a .eap-title-icon { color: #111111;font-size: 20px;} #sp-ea-20564.sp-easy-accordion>.sp-ea-single>.ea-header a .eap-title-custom-icon {max-width: 20px;}#sp-ea-20564.sp-easy-accordion>.sp-ea-single>.ea-header:hover a .eap-title-icon {color: #444;}#sp-ea-20564.sp-easy-accordion>.sp-ea-single.ea-expand>.ea-header a .eap-title-icon {color: #444;}#sp-ea-20564.sp-easy-accordion>.sp-ea-single>.ea-header a {padding: 15px 15px 15px 15px; color: #ffffff; font-size: 20px; line-height: 30px; text-align: left; letter-spacing: 0px; text-transform: none;}#sp-ea-20564.sp-easy-accordion>.sp-ea-single>.ea-header:hover a {color: #444;}#sp-ea-20564.sp-easy-accordion>.sp-ea-single.ea-expand>.ea-header a {color: #444;}#sp-ea-20564.sp-easy-accordion>.sp-ea-single>.sp-collapse>.ea-body p,#sp-ea-20564.sp-easy-accordion>.sp-ea-single>.sp-collapse>.ea-body{background: #fff; padding: 15px 15px 15px 15px; border-radius: 0 0 3px 3px; color: #444; font-size: 16px; text-align: left; letter-spacing: 0px; line-height: 26px; animation-delay: 200ms; text-transform: none;}#sp-ea-20564.sp-easy-accordion>.sp-ea-single>.ea-header a .ea-expand-icon.fa:before {color: #ffffff; font-size: 16px; font-style: normal;}#sp-ea-20564.sp-easy-accordion>.sp-ea-single>.ea-header:hover a .ea-expand-icon.fa:before {color: #dd3333;}#sp-ea-20564.sp-easy-accordion>.sp-ea-single.ea-expand>.ea-header a .ea-expand-icon.fa:before {color: #ffffff;}#sp-ea-20564.sp-easy-accordion>.sp-ea-single{background: transparent; border: none;}#sp-ea-20564.sp-easy-accordion>.sp-ea-single>.ea-header a {border-bottom: 6px none #dd3333;}#sp-ea-20564.sp-easy-accordion>.sp-ea-single>.ea-header a .ea-expand-icon {background: transparent; border-radius: 3px;}#sp-ea-20564.sp-easy-accordion>.sp-ea-single>.ea-header:hover a .ea-expand-icon {background: transparent;}#sp-ea-20564.sp-easy-accordion>.sp-ea-single.ea-expand>.ea-header a .ea-expand-icon {background: transparent;}#sp-ea-20564 #eap_faq_search_bar_container {display:none; opacity:0;}#sp-ea-20564 #eap_faq_search_bar_container span::before{content:\"\";}#sp-ea-20564.sp-easy-accordion>.sp-ea-single>.sp-collapse>.ea-body p{ padding:0px}#sp-eap-accordion-section-20564.sp-eap-container .sp-eap-infinite-scroll-loader,#sp-eap-accordion-section-20564.sp-eap-container div:is(.sp-eap-load-more,.sp-eap-ajax-number-pagination){text-align:center;}#sp-ea-20564>.sp-ea-single>.sp-collapse>.ea-body .eap-product-price {color: #444;}#sp-ea-20564.sp-easy-accordion>.sp-ea-single>.sp-collapse>.ea-body .eap-product-price del{color: rgba(68,68,68,0.71);}#sp-ea-20564.sp-easy-accordion>.sp-ea-single>.sp-collapse>.ea-body .eap-product-cart-button .woocommerce a { border: 1px solid #DAD6DA;border-radius: 2px;background-color: transparent;color: #444;}#sp-ea-20564.sp-easy-accordion>.sp-ea-single>.sp-collapse>.ea-body .eap-product-cart-button .woocommerce a:hover { border-color: #444;background-color: #444;color: #fff;}#sp-ea-20564.sp-easy-accordion>.sp-ea-single>>.sp-collapse>.ea-body .eap-product-cart-button .eap-product-quantity .eap_input_text {border: 1px solid #DAD6DA;}#sp-ea-20564.sp-easy-accordion>.sp-ea-single>.sp-collapse>.ea-body .eap-product-cart-button a.add_to_cart_button{position: relative;}<\/style><div id=\"sp-eap-accordion-section-20564\" class=\"sp-eap-container\"><div id=\"sp-ea-20564\" class=\"sp-ea-fifteen sp-easy-accordion \" data-ex-icon=\"ea-font-icon-minus_regular\" data-col-icon=\"ea-font-icon-plus_regular\" data-ea-active=\"ea-click\" data-ea-mode=\"vertical\" data-ea-multi-column=\"\" data-ea-coll=\"\" data-keep-accordion=\"\" data-autoclose=\"1\" data-preloader=\"\" data-scroll-active-item=\"\" data-offset-to-scroll=\"0\" data-autoplaytime=\"3000\" data-expand=\"\" data-post-id=\"20564\" >\t<div class=\"ea-card  sp-ea-single\"  data-accordion-id= \"0\">\n\n\t\t<h4 class=\"ea-header\">\n\t\t\t<a class=\"collapsed\" data-sptoggle=\"spcollapse\" rel=\"nofollow\" data-sptarget=\"#collapse205640\" href=\"#\" data-title=\"efaq-annual-regional-general-meetings\" aria-expanded=\"false\">\n\t\t\t\t<i class=\"ea-expand-icon fa ea-font-icon-plus_regular\"><\/i>  Annual Regional General Meetings\t\t\t<\/a>\n\t\t<\/h4>\n\n\t\t<div class=\"sp-collapse spcollapse spcollapse\" id=\"collapse205640\" data-parent=\"#sp-ea-20564\">\n\t\t<div class=\"ea-body\"> \n<div class=\"ea-content-wrapper animated fadeIn\"> \n\t<p>+ <a href=\"https:\/\/bovin.qc.ca\/en\/agr-24\/\" target=\"_blank\" rel=\"noopener\"><strong>Regional Annual General Meetings Calendar<\/strong><\/a><\/p>\n<p><a href=\"https:\/\/bovin.qc.ca\/wp-content\/uploads\/2024\/02\/Document-AGR-2024-final-WEB-ENG.pdf\" target=\"_blank\" rel=\"noopener\"><strong>+ Regional Annual General Meetings document - February 2024 (english)<\/strong><\/a><\/p>\n<p><a href=\"https:\/\/bovin.qc.ca\/wp-content\/uploads\/2024\/02\/Document-AGR-2024-final-WEB-ENG.pdf\" target=\"_blank\" rel=\"noopener\"><strong>+ Atelier des producteurs de bouvillons d\u2019abattage (french &amp; english)<\/strong><\/a><\/p>\n<p><a href=\"https:\/\/bovin.qc.ca\/wp-content\/uploads\/2024\/01\/Atelier-bovins-de-reforme-et-veaux-laitiers-Document-AGR-2024-ENG.pdf\" target=\"_blank\" rel=\"noopener\"><strong>+ Atelier des producteurs de bovins de r\u00e9forme et veaux laitiers (french &amp; english)<\/strong><\/a><\/p>\n<p><a href=\"https:\/\/bovin.qc.ca\/wp-content\/uploads\/2024\/01\/Atelier-veaux-dembouche-Document-AGR-2024-ENG.pdf\" target=\"_blank\" rel=\"noopener\"><strong>+ Atelier des producteurs de veaux d\u2019embouche (french &amp; english)<\/strong><\/a><\/p>\n<p><a href=\"https:\/\/bovin.qc.ca\/wp-content\/uploads\/2024\/01\/Atelier-veaux-de-grain-Document-AGR-2024-ENG.pdf\" target=\"_blank\" rel=\"noopener\"><strong>+ Atelier des producteurs de veaux de grain (french &amp; english)<\/strong><\/a><\/p>\n<p><a href=\"https:\/\/bovin.qc.ca\/wp-content\/uploads\/2024\/01\/Atelier-veaux-de-lait-Document-AGR-2024-ENG.pdf\" target=\"_blank\" rel=\"noopener\"><strong>+ Atelier des producteurs de veaux de lait (french &amp; english)<\/strong><\/a><\/p>\n<\/div>\n<\/div>\n\t\t\t<\/div>\n\t<\/div>\n\t<\/div><\/div>\n","protected":false},"excerpt":{"rendered":"<p>2024 ANNUAL GENERAL MEETING The replay of the two-day plenary session and the announcement of the TESA and INNOVEAU prize ceremonies is available on our YouTube channel. Thanks to our 2024 AGM Sponsors &nbsp; &nbsp; Federation<\/p>\n","protected":false},"author":6,"featured_media":0,"parent":20581,"menu_order":0,"comment_status":"closed","ping_status":"closed","template":"","meta":{"ngg_post_thumbnail":0,"footnotes":""},"class_list":["post-20539","page","type-page","status-publish","hentry"],"_links":{"self":[{"href":"https:\/\/bovin.qc.ca\/en\/wp-json\/wp\/v2\/pages\/20539","targetHints":{"allow":["GET"]}}],"collection":[{"href":"https:\/\/bovin.qc.ca\/en\/wp-json\/wp\/v2\/pages"}],"about":[{"href":"https:\/\/bovin.qc.ca\/en\/wp-json\/wp\/v2\/types\/page"}],"author":[{"embeddable":true,"href":"https:\/\/bovin.qc.ca\/en\/wp-json\/wp\/v2\/users\/6"}],"replies":[{"embeddable":true,"href":"https:\/\/bovin.qc.ca\/en\/wp-json\/wp\/v2\/comments?post=20539"}],"version-history":[{"count":12,"href":"https:\/\/bovin.qc.ca\/en\/wp-json\/wp\/v2\/pages\/20539\/revisions"}],"predecessor-version":[{"id":27198,"href":"https:\/\/bovin.qc.ca\/en\/wp-json\/wp\/v2\/pages\/20539\/revisions\/27198"}],"up":[{"embeddable":true,"href":"https:\/\/bovin.qc.ca\/en\/wp-json\/wp\/v2\/pages\/20581"}],"wp:attachment":[{"href":"https:\/\/bovin.qc.ca\/en\/wp-json\/wp\/v2\/media?parent=20539"}],"curies":[{"name":"wp","href":"https:\/\/api.w.org\/{rel}","templated":true}]}}