{"id":2053,"date":"2016-03-27T12:15:56","date_gmt":"2016-03-27T16:15:56","guid":{"rendered":"https:\/\/bovin.qc.ca\/en\/?page_id=2053"},"modified":"2019-05-08T15:30:22","modified_gmt":"2019-05-08T19:30:22","slug":"videos-ve","status":"publish","type":"page","link":"https:\/\/bovin.qc.ca\/en\/the-production\/feeder-calf\/videos-ve\/","title":{"rendered":"Videos"},"content":{"rendered":"<h1>Videos<\/h1>\n<p>Planning a future in farming? Looking to diversify your income sources or to expand? You have come to the right place. The feeder calf producers are happy to show you the beauty of their production with these short videos.<\/p>\n<p>Enjoy!<\/p>\n<p>&nbsp;<\/p>\n<p><strong>Family Farm Succession<\/strong><\/p>\n<p><iframe loading=\"lazy\" src=\"\/\/www.youtube.com\/embed\/lVNnSRklYuk\" width=\"840\" height=\"471\" allowfullscreen=\"allowfullscreen\"><\/iframe><\/p>\n<p>&nbsp;<\/p>\n<p><strong>Starting a cow-calf farm<\/strong><\/p>\n<p><iframe loading=\"lazy\" src=\"\/\/www.youtube.com\/embed\/Z6avcDvi8eU\" width=\"840\" height=\"471\" allowfullscreen=\"allowfullscreen\"><\/iframe><\/p>\n<p>&nbsp;<\/p>\n<p>Videos only available in french.<\/p>\n<p><strong>La production de veaux d&#8217;embouche&nbsp;: la passion d&#8217;une vie!<\/strong><\/p>\n<p><iframe loading=\"lazy\" src=\"https:\/\/www.youtube.com\/embed\/zc9jW1eFuHk\" width=\"800\" height=\"450\" frameborder=\"0\" allowfullscreen=\"allowfullscreen\"><\/iframe><\/p>\n<p>&nbsp;<\/p>\n<p><strong>La production de veaux d&#8217;embouche&nbsp;: pour concilier travail, famille et\u2026 plaisir!<\/strong><\/p>\n<p><iframe loading=\"lazy\" src=\"https:\/\/www.youtube.com\/embed\/yk080fR5QYA\" width=\"800\" height=\"450\" frameborder=\"0\" allowfullscreen=\"allowfullscreen\"><\/iframe><\/p>\n<p>&nbsp;<\/p>\n<p><strong>La production de veaux d&#8217;embouche : le parfait compl\u00e9ment \u00e0 la production laiti\u00e8re!<\/strong>&nbsp;<\/p>\n<p><iframe loading=\"lazy\" src=\"https:\/\/www.youtube.com\/embed\/MuDW7hEu8pM\" width=\"800\" height=\"450\" frameborder=\"0\" allowfullscreen=\"allowfullscreen\"><\/iframe><\/p>\n","protected":false},"excerpt":{"rendered":"<p>Videos Planning a future in farming? Looking to diversify your income sources or to expand? You have come to the right place. The feeder calf producers are happy to show you the beauty of their production with these short videos. Enjoy! &nbsp; Family Farm Succession &nbsp; Starting a cow-calf farm &nbsp; Videos only available in [&#8230;]<\/p>\n","protected":false},"author":6,"featured_media":642,"parent":1786,"menu_order":0,"comment_status":"closed","ping_status":"closed","template":"","meta":{"ngg_post_thumbnail":0,"footnotes":""},"class_list":["post-2053","page","type-page","status-publish","has-post-thumbnail","hentry"],"_links":{"self":[{"href":"https:\/\/bovin.qc.ca\/en\/wp-json\/wp\/v2\/pages\/2053","targetHints":{"allow":["GET"]}}],"collection":[{"href":"https:\/\/bovin.qc.ca\/en\/wp-json\/wp\/v2\/pages"}],"about":[{"href":"https:\/\/bovin.qc.ca\/en\/wp-json\/wp\/v2\/types\/page"}],"author":[{"embeddable":true,"href":"https:\/\/bovin.qc.ca\/en\/wp-json\/wp\/v2\/users\/6"}],"replies":[{"embeddable":true,"href":"https:\/\/bovin.qc.ca\/en\/wp-json\/wp\/v2\/comments?post=2053"}],"version-history":[{"count":7,"href":"https:\/\/bovin.qc.ca\/en\/wp-json\/wp\/v2\/pages\/2053\/revisions"}],"predecessor-version":[{"id":6738,"href":"https:\/\/bovin.qc.ca\/en\/wp-json\/wp\/v2\/pages\/2053\/revisions\/6738"}],"up":[{"embeddable":true,"href":"https:\/\/bovin.qc.ca\/en\/wp-json\/wp\/v2\/pages\/1786"}],"wp:featuredmedia":[{"embeddable":true,"href":"https:\/\/bovin.qc.ca\/en\/wp-json\/wp\/v2\/media\/642"}],"wp:attachment":[{"href":"https:\/\/bovin.qc.ca\/en\/wp-json\/wp\/v2\/media?parent=2053"}],"curies":[{"name":"wp","href":"https:\/\/api.w.org\/{rel}","templated":true}]}}