{"id":2013,"date":"2016-03-26T18:43:26","date_gmt":"2016-03-26T22:43:26","guid":{"rendered":"https:\/\/bovin.qc.ca\/en\/?page_id=2013"},"modified":"2024-10-21T08:01:14","modified_gmt":"2024-10-21T12:01:14","slug":"publications","status":"publish","type":"page","link":"https:\/\/bovin.qc.ca\/en\/the-production\/milk-fed-veal\/publications\/","title":{"rendered":"Publications"},"content":{"rendered":"<h1>Milk-fed veal<\/h1>\n<p><a href=\"https:\/\/bovin.qc.ca\/wp-content\/uploads\/2016\/01\/veaux_de_lait_contrat_type_financement.pdf\" target=\"_blank\" rel=\"noopener\">+ Contrat type &#8211; Financement<\/a><\/p>\n<p><a href=\"https:\/\/bovin.qc.ca\/wp-content\/uploads\/2016\/01\/veaux_de_lait_contrat_type_interessement.pdf\" target=\"_blank\" rel=\"noopener\">+ Contrat type &#8211; Int\u00e9ressement<\/a><\/p>\n<p><a href=\"https:\/\/bovin.qc.ca\/wp-content\/uploads\/2021\/03\/P44-45-46-Outil-bronchopneumonies.pdf\" target=\"_blank\" rel=\"noopener\">+ Un nouvel outil diagnostique pour d\u00e9tecter les bronchopneumonies infectieuses \u00e0 traiter chez les veaux lourds!<\/a> &nbsp;(revue LE PRATICIEN &#8211; \u00c9DITION MARS 2021)<\/p>\n<p>&nbsp;<\/p>\n<h2>Fact versus fiction<\/h2>\n<p><a href=\"https:\/\/bovin.qc.ca\/wp-content\/uploads\/2024\/10\/BVN_GuideProducteurs_cahier_EN_version2024_V3_FINAL_LR_WEB-1.pdf\" target=\"_blank\" rel=\"noopener\"><img loading=\"lazy\" decoding=\"async\" class=\"alignleft wp-image-24304\" src=\"https:\/\/bovin.qc.ca\/wp-content\/uploads\/2024\/10\/BVN_GuideProducteurs_cahier_EN_version2024_V3_FINAL_LR_WEB_Page_01.jpg\" alt=\"\" width=\"284\" height=\"284\" srcset=\"https:\/\/bovin.qc.ca\/wp-content\/uploads\/2024\/10\/BVN_GuideProducteurs_cahier_EN_version2024_V3_FINAL_LR_WEB_Page_01.jpg 800w, https:\/\/bovin.qc.ca\/wp-content\/uploads\/2024\/10\/BVN_GuideProducteurs_cahier_EN_version2024_V3_FINAL_LR_WEB_Page_01-300x300.jpg 300w, https:\/\/bovin.qc.ca\/wp-content\/uploads\/2024\/10\/BVN_GuideProducteurs_cahier_EN_version2024_V3_FINAL_LR_WEB_Page_01-128x128.jpg 128w, https:\/\/bovin.qc.ca\/wp-content\/uploads\/2024\/10\/BVN_GuideProducteurs_cahier_EN_version2024_V3_FINAL_LR_WEB_Page_01-150x150.jpg 150w, https:\/\/bovin.qc.ca\/wp-content\/uploads\/2024\/10\/BVN_GuideProducteurs_cahier_EN_version2024_V3_FINAL_LR_WEB_Page_01-75x75.jpg 75w\" sizes=\"auto, (max-width: 284px) 100vw, 284px\" \/><\/a><\/p>\n<p>&nbsp;<\/p>\n<p>&nbsp;<\/p>\n<p>&nbsp;<\/p>\n<p>&nbsp;<\/p>\n<p>&nbsp;<\/p>\n<p>&nbsp;<\/p>\n<p>&nbsp;<\/p>\n<p>&nbsp;<\/p>\n<p>&nbsp;<\/p>\n<p>&nbsp;<\/p>\n<p>&nbsp;<\/p>\n<p>&nbsp;<\/p>\n<p>&nbsp;<\/p>\n<p>&nbsp;<\/p>\n<p>&nbsp;<\/p>\n","protected":false},"excerpt":{"rendered":"<p>Milk-fed veal + Contrat type &#8211; Financement + Contrat type &#8211; Int\u00e9ressement + Un nouvel outil diagnostique pour d\u00e9tecter les bronchopneumonies infectieuses \u00e0 traiter chez les veaux lourds! &nbsp;(revue LE PRATICIEN &#8211; \u00c9DITION MARS 2021) &nbsp; Fact versus fiction &nbsp; &nbsp; &nbsp; &nbsp; &nbsp; &nbsp; &nbsp; &nbsp; &nbsp; &nbsp; &nbsp; &nbsp; &nbsp; &nbsp; &nbsp;<\/p>\n","protected":false},"author":6,"featured_media":0,"parent":1796,"menu_order":0,"comment_status":"closed","ping_status":"closed","template":"","meta":{"ngg_post_thumbnail":0,"footnotes":""},"class_list":["post-2013","page","type-page","status-publish","hentry"],"_links":{"self":[{"href":"https:\/\/bovin.qc.ca\/en\/wp-json\/wp\/v2\/pages\/2013","targetHints":{"allow":["GET"]}}],"collection":[{"href":"https:\/\/bovin.qc.ca\/en\/wp-json\/wp\/v2\/pages"}],"about":[{"href":"https:\/\/bovin.qc.ca\/en\/wp-json\/wp\/v2\/types\/page"}],"author":[{"embeddable":true,"href":"https:\/\/bovin.qc.ca\/en\/wp-json\/wp\/v2\/users\/6"}],"replies":[{"embeddable":true,"href":"https:\/\/bovin.qc.ca\/en\/wp-json\/wp\/v2\/comments?post=2013"}],"version-history":[{"count":7,"href":"https:\/\/bovin.qc.ca\/en\/wp-json\/wp\/v2\/pages\/2013\/revisions"}],"predecessor-version":[{"id":17526,"href":"https:\/\/bovin.qc.ca\/en\/wp-json\/wp\/v2\/pages\/2013\/revisions\/17526"}],"up":[{"embeddable":true,"href":"https:\/\/bovin.qc.ca\/en\/wp-json\/wp\/v2\/pages\/1796"}],"wp:attachment":[{"href":"https:\/\/bovin.qc.ca\/en\/wp-json\/wp\/v2\/media?parent=2013"}],"curies":[{"name":"wp","href":"https:\/\/api.w.org\/{rel}","templated":true}]}}