{"id":2011,"date":"2016-03-26T18:39:26","date_gmt":"2016-03-26T22:39:26","guid":{"rendered":"https:\/\/bovin.qc.ca\/en\/?page_id=2011"},"modified":"2025-11-26T13:54:52","modified_gmt":"2025-11-26T18:54:52","slug":"publications","status":"publish","type":"page","link":"https:\/\/bovin.qc.ca\/en\/the-production\/grain-fed-veal\/publications\/","title":{"rendered":"Publications"},"content":{"rendered":"<h1>Grain-fed veal<\/h1>\n<p><a href=\"https:\/\/bovin.qc.ca\/wp-content\/uploads\/2016\/01\/vg_guide_coupes_2008fr.jpg\" target=\"_blank\" rel=\"noopener\">+ Le guide de coupes<\/a><\/p>\n<p><a href=\"https:\/\/bovin.qc.ca\/wp-content\/uploads\/2021\/03\/P44-45-46-Outil-bronchopneumonies.pdf\" target=\"_blank\" rel=\"noopener\">+ Un nouvel outil diagnostique pour d\u00e9tecter les bronchopneumonies infectieuses \u00e0 traiter chez les veaux lourds!<\/a> &nbsp;(revue LE PRATICIEN &#8211; \u00c9DITION MARS 2021)<\/p>\n<p>&nbsp;<\/p>\n<h2>Fact versus fiction<\/h2>\n<p><a href=\"https:\/\/bovin.qc.ca\/wp-content\/uploads\/2024\/10\/BVN_GuideProducteurs_cahier_EN_version2024_V3_FINAL_LR_WEB-1.pdf\" target=\"_blank\" rel=\"noopener\"><img loading=\"lazy\" decoding=\"async\" class=\"alignleft wp-image-24304\" src=\"https:\/\/bovin.qc.ca\/wp-content\/uploads\/2024\/10\/BVN_GuideProducteurs_cahier_EN_version2024_V3_FINAL_LR_WEB_Page_01.jpg\" alt=\"\" width=\"284\" height=\"284\" srcset=\"https:\/\/bovin.qc.ca\/wp-content\/uploads\/2024\/10\/BVN_GuideProducteurs_cahier_EN_version2024_V3_FINAL_LR_WEB_Page_01.jpg 800w, https:\/\/bovin.qc.ca\/wp-content\/uploads\/2024\/10\/BVN_GuideProducteurs_cahier_EN_version2024_V3_FINAL_LR_WEB_Page_01-300x300.jpg 300w, https:\/\/bovin.qc.ca\/wp-content\/uploads\/2024\/10\/BVN_GuideProducteurs_cahier_EN_version2024_V3_FINAL_LR_WEB_Page_01-128x128.jpg 128w, https:\/\/bovin.qc.ca\/wp-content\/uploads\/2024\/10\/BVN_GuideProducteurs_cahier_EN_version2024_V3_FINAL_LR_WEB_Page_01-150x150.jpg 150w, https:\/\/bovin.qc.ca\/wp-content\/uploads\/2024\/10\/BVN_GuideProducteurs_cahier_EN_version2024_V3_FINAL_LR_WEB_Page_01-75x75.jpg 75w\" sizes=\"auto, (max-width: 284px) 100vw, 284px\" \/><\/a><\/p>\n<p>&nbsp;<\/p>\n","protected":false},"excerpt":{"rendered":"<p>Grain-fed veal + Le guide de coupes + Un nouvel outil diagnostique pour d\u00e9tecter les bronchopneumonies infectieuses \u00e0 traiter chez les veaux lourds! &nbsp;(revue LE PRATICIEN &#8211; \u00c9DITION MARS 2021) &nbsp; Fact versus fiction &nbsp;<\/p>\n","protected":false},"author":6,"featured_media":0,"parent":1793,"menu_order":0,"comment_status":"closed","ping_status":"closed","template":"","meta":{"ngg_post_thumbnail":0,"footnotes":""},"class_list":["post-2011","page","type-page","status-publish","hentry"],"_links":{"self":[{"href":"https:\/\/bovin.qc.ca\/en\/wp-json\/wp\/v2\/pages\/2011","targetHints":{"allow":["GET"]}}],"collection":[{"href":"https:\/\/bovin.qc.ca\/en\/wp-json\/wp\/v2\/pages"}],"about":[{"href":"https:\/\/bovin.qc.ca\/en\/wp-json\/wp\/v2\/types\/page"}],"author":[{"embeddable":true,"href":"https:\/\/bovin.qc.ca\/en\/wp-json\/wp\/v2\/users\/6"}],"replies":[{"embeddable":true,"href":"https:\/\/bovin.qc.ca\/en\/wp-json\/wp\/v2\/comments?post=2011"}],"version-history":[{"count":8,"href":"https:\/\/bovin.qc.ca\/en\/wp-json\/wp\/v2\/pages\/2011\/revisions"}],"predecessor-version":[{"id":29635,"href":"https:\/\/bovin.qc.ca\/en\/wp-json\/wp\/v2\/pages\/2011\/revisions\/29635"}],"up":[{"embeddable":true,"href":"https:\/\/bovin.qc.ca\/en\/wp-json\/wp\/v2\/pages\/1793"}],"wp:attachment":[{"href":"https:\/\/bovin.qc.ca\/en\/wp-json\/wp\/v2\/media?parent=2011"}],"curies":[{"name":"wp","href":"https:\/\/api.w.org\/{rel}","templated":true}]}}