{"id":2004,"date":"2016-03-26T18:32:40","date_gmt":"2016-03-26T22:32:40","guid":{"rendered":"https:\/\/bovin.qc.ca\/en\/?page_id=2004"},"modified":"2016-03-26T18:32:40","modified_gmt":"2016-03-26T22:32:40","slug":"guides","status":"publish","type":"page","link":"https:\/\/bovin.qc.ca\/en\/publications\/publications\/veau-dembouche\/guides\/","title":{"rendered":"Guides"},"content":{"rendered":"<h1>Guides<\/h1>\n<p><a href=\"https:\/\/bovin.qc.ca\/wp-content\/uploads\/2016\/01\/guide_demarrage.pdf\" rel=\"\">+ Le d\u00e9marrage en production de bovins de boucherie : r\u00e9flexion et d\u00e9marche<\/a><\/p>\n","protected":false},"excerpt":{"rendered":"<p>Guides + Le d\u00e9marrage en production de bovins de boucherie : r\u00e9flexion et d\u00e9marche<\/p>\n","protected":false},"author":6,"featured_media":0,"parent":1987,"menu_order":0,"comment_status":"closed","ping_status":"closed","template":"","meta":{"ngg_post_thumbnail":0,"footnotes":""},"class_list":["post-2004","page","type-page","status-publish","hentry"],"_links":{"self":[{"href":"https:\/\/bovin.qc.ca\/en\/wp-json\/wp\/v2\/pages\/2004","targetHints":{"allow":["GET"]}}],"collection":[{"href":"https:\/\/bovin.qc.ca\/en\/wp-json\/wp\/v2\/pages"}],"about":[{"href":"https:\/\/bovin.qc.ca\/en\/wp-json\/wp\/v2\/types\/page"}],"author":[{"embeddable":true,"href":"https:\/\/bovin.qc.ca\/en\/wp-json\/wp\/v2\/users\/6"}],"replies":[{"embeddable":true,"href":"https:\/\/bovin.qc.ca\/en\/wp-json\/wp\/v2\/comments?post=2004"}],"version-history":[{"count":1,"href":"https:\/\/bovin.qc.ca\/en\/wp-json\/wp\/v2\/pages\/2004\/revisions"}],"predecessor-version":[{"id":2006,"href":"https:\/\/bovin.qc.ca\/en\/wp-json\/wp\/v2\/pages\/2004\/revisions\/2006"}],"up":[{"embeddable":true,"href":"https:\/\/bovin.qc.ca\/en\/wp-json\/wp\/v2\/pages\/1987"}],"wp:attachment":[{"href":"https:\/\/bovin.qc.ca\/en\/wp-json\/wp\/v2\/media?parent=2004"}],"curies":[{"name":"wp","href":"https:\/\/api.w.org\/{rel}","templated":true}]}}