{"id":1934,"date":"2016-03-26T17:43:10","date_gmt":"2016-03-26T21:43:10","guid":{"rendered":"https:\/\/bovin.qc.ca\/en\/?page_id=1934"},"modified":"2025-11-10T12:57:09","modified_gmt":"2025-11-10T17:57:09","slug":"publications","status":"publish","type":"page","link":"https:\/\/bovin.qc.ca\/en\/the-production\/fed-cattle\/publications\/","title":{"rendered":"Publications"},"content":{"rendered":"<h1 class=\"title show\">Documentation &#8211;&nbsp;Fed cattle<\/h1>\n<p><a href=\"https:\/\/bovin.qc.ca\/wp-content\/uploads\/2025\/11\/Guide-devaluation-proprete-animaux_FR.pdf\" target=\"_blank\" rel=\"noopener\">+ Guide d\u2019\u00e9valuation de la propret\u00e9 des bouvillons : Cahier \u00e0 l\u2019usage des intervenants et des producteurs de bouvillons du Qu\u00e9bec (french only)<\/a><\/p>\n<p><a href=\"https:\/\/bovin.qc.ca\/wp-content\/uploads\/2025\/11\/Charte-de-proprete-animaux_FR.pdf\" target=\"_blank\" rel=\"noopener\">+ Charte de la propret\u00e9 des bouvillons (French only)<\/a><\/p>\n<p><a href=\"https:\/\/bovin.qc.ca\/wp-content\/uploads\/2022\/07\/Distinction-enquete-vs-inspection-3.pdf\" target=\"_blank\" rel=\"noopener\">+ Visite \u00e0 la ferme : Distinction entre enqu\u00eate et inspection (French only)<\/a><\/p>\n<h2>Fact versus fiction<\/h2>\n<p><a href=\"https:\/\/bovin.qc.ca\/wp-content\/uploads\/2024\/10\/BVN_GuideProducteurs_cahier_EN_version2024_V3_FINAL_LR_WEB-1.pdf\" target=\"_blank\" rel=\"noopener\"><img loading=\"lazy\" decoding=\"async\" class=\"alignleft wp-image-24304\" src=\"https:\/\/bovin.qc.ca\/wp-content\/uploads\/2024\/10\/BVN_GuideProducteurs_cahier_EN_version2024_V3_FINAL_LR_WEB_Page_01.jpg\" alt=\"\" width=\"284\" height=\"284\" srcset=\"https:\/\/bovin.qc.ca\/wp-content\/uploads\/2024\/10\/BVN_GuideProducteurs_cahier_EN_version2024_V3_FINAL_LR_WEB_Page_01.jpg 800w, https:\/\/bovin.qc.ca\/wp-content\/uploads\/2024\/10\/BVN_GuideProducteurs_cahier_EN_version2024_V3_FINAL_LR_WEB_Page_01-300x300.jpg 300w, https:\/\/bovin.qc.ca\/wp-content\/uploads\/2024\/10\/BVN_GuideProducteurs_cahier_EN_version2024_V3_FINAL_LR_WEB_Page_01-128x128.jpg 128w, https:\/\/bovin.qc.ca\/wp-content\/uploads\/2024\/10\/BVN_GuideProducteurs_cahier_EN_version2024_V3_FINAL_LR_WEB_Page_01-150x150.jpg 150w, https:\/\/bovin.qc.ca\/wp-content\/uploads\/2024\/10\/BVN_GuideProducteurs_cahier_EN_version2024_V3_FINAL_LR_WEB_Page_01-75x75.jpg 75w\" sizes=\"auto, (max-width: 284px) 100vw, 284px\" \/><\/a><\/p>\n<p>&nbsp;<\/p>\n<p>&nbsp;<\/p>\n<p>&nbsp;<\/p>\n<p>&nbsp;<\/p>\n<p>&nbsp;<\/p>\n<p>&nbsp;<\/p>\n<p>&nbsp;<\/p>\n<p>&nbsp;<\/p>\n<p>&nbsp;<\/p>\n<p>&nbsp;<\/p>\n<p>&nbsp;<\/p>\n<p>&nbsp;<\/p>\n<p>&nbsp;<\/p>\n<p>&nbsp;<\/p>\n<p>&nbsp;<\/p>\n","protected":false},"excerpt":{"rendered":"<p>Documentation &#8211;&nbsp;Fed cattle + Guide d\u2019\u00e9valuation de la propret\u00e9 des bouvillons : Cahier \u00e0 l\u2019usage des intervenants et des producteurs de bouvillons du Qu\u00e9bec (french only) + Charte de la propret\u00e9 des bouvillons (French only) + Visite \u00e0 la ferme : Distinction entre enqu\u00eate et inspection (French only) Fact versus fiction &nbsp; &nbsp; &nbsp; &nbsp; [&#8230;]<\/p>\n","protected":false},"author":6,"featured_media":0,"parent":1789,"menu_order":1,"comment_status":"closed","ping_status":"closed","template":"","meta":{"ngg_post_thumbnail":0,"footnotes":""},"class_list":["post-1934","page","type-page","status-publish","hentry"],"_links":{"self":[{"href":"https:\/\/bovin.qc.ca\/en\/wp-json\/wp\/v2\/pages\/1934","targetHints":{"allow":["GET"]}}],"collection":[{"href":"https:\/\/bovin.qc.ca\/en\/wp-json\/wp\/v2\/pages"}],"about":[{"href":"https:\/\/bovin.qc.ca\/en\/wp-json\/wp\/v2\/types\/page"}],"author":[{"embeddable":true,"href":"https:\/\/bovin.qc.ca\/en\/wp-json\/wp\/v2\/users\/6"}],"replies":[{"embeddable":true,"href":"https:\/\/bovin.qc.ca\/en\/wp-json\/wp\/v2\/comments?post=1934"}],"version-history":[{"count":23,"href":"https:\/\/bovin.qc.ca\/en\/wp-json\/wp\/v2\/pages\/1934\/revisions"}],"predecessor-version":[{"id":29392,"href":"https:\/\/bovin.qc.ca\/en\/wp-json\/wp\/v2\/pages\/1934\/revisions\/29392"}],"up":[{"embeddable":true,"href":"https:\/\/bovin.qc.ca\/en\/wp-json\/wp\/v2\/pages\/1789"}],"wp:attachment":[{"href":"https:\/\/bovin.qc.ca\/en\/wp-json\/wp\/v2\/media?parent=1934"}],"curies":[{"name":"wp","href":"https:\/\/api.w.org\/{rel}","templated":true}]}}