{"id":1875,"date":"2016-03-26T17:08:58","date_gmt":"2016-03-26T21:08:58","guid":{"rendered":"https:\/\/bovin.qc.ca\/en\/?page_id=1875"},"modified":"2016-03-26T17:13:47","modified_gmt":"2016-03-26T21:13:47","slug":"les-marches","status":"publish","type":"page","link":"https:\/\/bovin.qc.ca\/en\/la-minute-bovine-2\/2014-2\/les-marches\/","title":{"rendered":"Les march\u00e9s"},"content":{"rendered":"<h1>Les march\u00e9s<\/h1>\n<p><a href=\"https:\/\/bovin.qc.ca\/en\/la-minute-bovine-2\/2014-2\/les-marches\/les-marches-septembre-2014\/\">+ Les march\u00e9s &#8211; Septembre 2014<\/a><\/p>\n<p><a href=\"https:\/\/bovin.qc.ca\/en\/la-minute-bovine-2\/2014-2\/les-marches\/les-marches-janvier-2014\/\">+ Les march\u00e9s &#8211; Janvier 2014<\/a><\/p>\n<p><a href=\"https:\/\/bovin.qc.ca\/en\/la-minute-bovine-2\/2014-2\/les-marches\/les-marches-juillet-2014\/\">+ Les march\u00e9s &#8211; Juillet 2014<\/a><\/p>\n","protected":false},"excerpt":{"rendered":"<p>Les march\u00e9s + Les march\u00e9s &#8211; Septembre 2014 + Les march\u00e9s &#8211; Janvier 2014 + Les march\u00e9s &#8211; Juillet 2014<\/p>\n","protected":false},"author":6,"featured_media":0,"parent":1760,"menu_order":0,"comment_status":"closed","ping_status":"closed","template":"","meta":{"ngg_post_thumbnail":0,"footnotes":""},"class_list":["post-1875","page","type-page","status-publish","hentry"],"_links":{"self":[{"href":"https:\/\/bovin.qc.ca\/en\/wp-json\/wp\/v2\/pages\/1875","targetHints":{"allow":["GET"]}}],"collection":[{"href":"https:\/\/bovin.qc.ca\/en\/wp-json\/wp\/v2\/pages"}],"about":[{"href":"https:\/\/bovin.qc.ca\/en\/wp-json\/wp\/v2\/types\/page"}],"author":[{"embeddable":true,"href":"https:\/\/bovin.qc.ca\/en\/wp-json\/wp\/v2\/users\/6"}],"replies":[{"embeddable":true,"href":"https:\/\/bovin.qc.ca\/en\/wp-json\/wp\/v2\/comments?post=1875"}],"version-history":[{"count":4,"href":"https:\/\/bovin.qc.ca\/en\/wp-json\/wp\/v2\/pages\/1875\/revisions"}],"predecessor-version":[{"id":1893,"href":"https:\/\/bovin.qc.ca\/en\/wp-json\/wp\/v2\/pages\/1875\/revisions\/1893"}],"up":[{"embeddable":true,"href":"https:\/\/bovin.qc.ca\/en\/wp-json\/wp\/v2\/pages\/1760"}],"wp:attachment":[{"href":"https:\/\/bovin.qc.ca\/en\/wp-json\/wp\/v2\/media?parent=1875"}],"curies":[{"name":"wp","href":"https:\/\/api.w.org\/{rel}","templated":true}]}}