{"id":1856,"date":"2016-03-26T16:53:23","date_gmt":"2016-03-26T20:53:23","guid":{"rendered":"https:\/\/bovin.qc.ca\/en\/?page_id=1856"},"modified":"2016-03-26T16:53:23","modified_gmt":"2016-03-26T20:53:23","slug":"special-bien-etre-animal","status":"publish","type":"page","link":"https:\/\/bovin.qc.ca\/en\/la-minute-bovine-2\/2014-2\/la-minute-bovine\/special-bien-etre-animal\/","title":{"rendered":"Sp\u00e9cial bien-\u00eatre animal"},"content":{"rendered":"<h1>Sp\u00e9cial bien-\u00eatre animal<\/h1>\n<p>See French version<\/p>\n<p><a href=\"https:\/\/bovin.qc.ca\/en\/la-minute-bovine-2\/2014-2\/la-minute-bovine\/\">Back to the articles<\/a><\/p>\n","protected":false},"excerpt":{"rendered":"<p>Sp\u00e9cial bien-\u00eatre animal See French version Back to the articles<\/p>\n","protected":false},"author":6,"featured_media":0,"parent":1820,"menu_order":0,"comment_status":"closed","ping_status":"closed","template":"","meta":{"ngg_post_thumbnail":0,"footnotes":""},"class_list":["post-1856","page","type-page","status-publish","hentry"],"_links":{"self":[{"href":"https:\/\/bovin.qc.ca\/en\/wp-json\/wp\/v2\/pages\/1856","targetHints":{"allow":["GET"]}}],"collection":[{"href":"https:\/\/bovin.qc.ca\/en\/wp-json\/wp\/v2\/pages"}],"about":[{"href":"https:\/\/bovin.qc.ca\/en\/wp-json\/wp\/v2\/types\/page"}],"author":[{"embeddable":true,"href":"https:\/\/bovin.qc.ca\/en\/wp-json\/wp\/v2\/users\/6"}],"replies":[{"embeddable":true,"href":"https:\/\/bovin.qc.ca\/en\/wp-json\/wp\/v2\/comments?post=1856"}],"version-history":[{"count":1,"href":"https:\/\/bovin.qc.ca\/en\/wp-json\/wp\/v2\/pages\/1856\/revisions"}],"predecessor-version":[{"id":1857,"href":"https:\/\/bovin.qc.ca\/en\/wp-json\/wp\/v2\/pages\/1856\/revisions\/1857"}],"up":[{"embeddable":true,"href":"https:\/\/bovin.qc.ca\/en\/wp-json\/wp\/v2\/pages\/1820"}],"wp:attachment":[{"href":"https:\/\/bovin.qc.ca\/en\/wp-json\/wp\/v2\/media?parent=1856"}],"curies":[{"name":"wp","href":"https:\/\/api.w.org\/{rel}","templated":true}]}}