{"id":1814,"date":"2016-03-26T16:23:19","date_gmt":"2016-03-26T20:23:19","guid":{"rendered":"https:\/\/bovin.qc.ca\/en\/?page_id=1814"},"modified":"2016-03-26T16:24:46","modified_gmt":"2016-03-26T20:24:46","slug":"special-promotion-decembre-2014","status":"publish","type":"page","link":"https:\/\/bovin.qc.ca\/en\/la-minute-bovine-2\/2014-2\/special-promotion\/special-promotion-decembre-2014\/","title":{"rendered":"Sp\u00e9cial promotion &#8211; D\u00e9cembre 2014"},"content":{"rendered":"<h1>Sp\u00e9cial promotion &#8211; D\u00e9cembre 2014<\/h1>\n<p>See French version<\/p>\n<p><a href=\"https:\/\/bovin.qc.ca\/en\/?page_id=1813&amp;preview=true\">Back to the articles<\/a><\/p>\n","protected":false},"excerpt":{"rendered":"<p>Sp\u00e9cial promotion &#8211; D\u00e9cembre 2014 See French version Back to the articles<\/p>\n","protected":false},"author":6,"featured_media":0,"parent":1813,"menu_order":0,"comment_status":"closed","ping_status":"closed","template":"","meta":{"ngg_post_thumbnail":0,"footnotes":""},"class_list":["post-1814","page","type-page","status-publish","hentry"],"_links":{"self":[{"href":"https:\/\/bovin.qc.ca\/en\/wp-json\/wp\/v2\/pages\/1814","targetHints":{"allow":["GET"]}}],"collection":[{"href":"https:\/\/bovin.qc.ca\/en\/wp-json\/wp\/v2\/pages"}],"about":[{"href":"https:\/\/bovin.qc.ca\/en\/wp-json\/wp\/v2\/types\/page"}],"author":[{"embeddable":true,"href":"https:\/\/bovin.qc.ca\/en\/wp-json\/wp\/v2\/users\/6"}],"replies":[{"embeddable":true,"href":"https:\/\/bovin.qc.ca\/en\/wp-json\/wp\/v2\/comments?post=1814"}],"version-history":[{"count":1,"href":"https:\/\/bovin.qc.ca\/en\/wp-json\/wp\/v2\/pages\/1814\/revisions"}],"predecessor-version":[{"id":1815,"href":"https:\/\/bovin.qc.ca\/en\/wp-json\/wp\/v2\/pages\/1814\/revisions\/1815"}],"up":[{"embeddable":true,"href":"https:\/\/bovin.qc.ca\/en\/wp-json\/wp\/v2\/pages\/1813"}],"wp:attachment":[{"href":"https:\/\/bovin.qc.ca\/en\/wp-json\/wp\/v2\/media?parent=1814"}],"curies":[{"name":"wp","href":"https:\/\/api.w.org\/{rel}","templated":true}]}}