{"id":1813,"date":"2016-03-26T16:24:51","date_gmt":"2016-03-26T20:24:51","guid":{"rendered":"https:\/\/bovin.qc.ca\/en\/?page_id=1813"},"modified":"2016-03-26T16:25:45","modified_gmt":"2016-03-26T20:25:45","slug":"special-promotion","status":"publish","type":"page","link":"https:\/\/bovin.qc.ca\/en\/la-minute-bovine-2\/2014-2\/special-promotion\/","title":{"rendered":"Sp\u00e9cial promotion"},"content":{"rendered":"<h1>Sp\u00e9cial promotion<\/h1>\n<p><a href=\"https:\/\/bovin.qc.ca\/en\/special-promotion-decembre-2014\/\">+ Sp\u00e9cial promotion &#8211; D\u00e9cembre 2014<\/a><\/p>\n<p><a href=\"https:\/\/bovin.qc.ca\/en\/la-minute-bovine-2\/2014-2\/special-promotion\/special-promotion-juin-2014\/\">+ Sp\u00e9cial promotion &#8211; Juin 2014<\/a><\/p>\n<p>&nbsp;<\/p>\n","protected":false},"excerpt":{"rendered":"<p>Sp\u00e9cial promotion + Sp\u00e9cial promotion &#8211; D\u00e9cembre 2014 + Sp\u00e9cial promotion &#8211; Juin 2014 &nbsp;<\/p>\n","protected":false},"author":6,"featured_media":0,"parent":1760,"menu_order":0,"comment_status":"closed","ping_status":"closed","template":"","meta":{"ngg_post_thumbnail":0,"footnotes":""},"class_list":["post-1813","page","type-page","status-publish","hentry"],"_links":{"self":[{"href":"https:\/\/bovin.qc.ca\/en\/wp-json\/wp\/v2\/pages\/1813","targetHints":{"allow":["GET"]}}],"collection":[{"href":"https:\/\/bovin.qc.ca\/en\/wp-json\/wp\/v2\/pages"}],"about":[{"href":"https:\/\/bovin.qc.ca\/en\/wp-json\/wp\/v2\/types\/page"}],"author":[{"embeddable":true,"href":"https:\/\/bovin.qc.ca\/en\/wp-json\/wp\/v2\/users\/6"}],"replies":[{"embeddable":true,"href":"https:\/\/bovin.qc.ca\/en\/wp-json\/wp\/v2\/comments?post=1813"}],"version-history":[{"count":2,"href":"https:\/\/bovin.qc.ca\/en\/wp-json\/wp\/v2\/pages\/1813\/revisions"}],"predecessor-version":[{"id":1819,"href":"https:\/\/bovin.qc.ca\/en\/wp-json\/wp\/v2\/pages\/1813\/revisions\/1819"}],"up":[{"embeddable":true,"href":"https:\/\/bovin.qc.ca\/en\/wp-json\/wp\/v2\/pages\/1760"}],"wp:attachment":[{"href":"https:\/\/bovin.qc.ca\/en\/wp-json\/wp\/v2\/media?parent=1813"}],"curies":[{"name":"wp","href":"https:\/\/api.w.org\/{rel}","templated":true}]}}