{"id":1810,"date":"2016-03-26T16:13:52","date_gmt":"2016-03-26T20:13:52","guid":{"rendered":"https:\/\/bovin.qc.ca\/en\/?page_id=1810"},"modified":"2016-03-26T16:13:52","modified_gmt":"2016-03-26T20:13:52","slug":"la-minute-bovine-ete-2015","status":"publish","type":"page","link":"https:\/\/bovin.qc.ca\/en\/la-minute-bovine-2\/2015-2\/special-promotion\/la-minute-bovine-ete-2015\/","title":{"rendered":"La minute bovine &#8211; \u00c9t\u00e9 2015"},"content":{"rendered":"<h1>La minute bovine &#8211; \u00c9t\u00e9 2015<\/h1>\n<p>See the French version<\/p>\n<p><a href=\"https:\/\/bovin.qc.ca\/la-minute-bovine\/2015-2\/special-promotion\/\">Back to the articles<\/a><\/p>\n","protected":false},"excerpt":{"rendered":"<p>La minute bovine &#8211; \u00c9t\u00e9 2015 See the French version Back to the articles<\/p>\n","protected":false},"author":6,"featured_media":0,"parent":1807,"menu_order":0,"comment_status":"closed","ping_status":"closed","template":"","meta":{"ngg_post_thumbnail":0,"footnotes":""},"class_list":["post-1810","page","type-page","status-publish","hentry"],"_links":{"self":[{"href":"https:\/\/bovin.qc.ca\/en\/wp-json\/wp\/v2\/pages\/1810","targetHints":{"allow":["GET"]}}],"collection":[{"href":"https:\/\/bovin.qc.ca\/en\/wp-json\/wp\/v2\/pages"}],"about":[{"href":"https:\/\/bovin.qc.ca\/en\/wp-json\/wp\/v2\/types\/page"}],"author":[{"embeddable":true,"href":"https:\/\/bovin.qc.ca\/en\/wp-json\/wp\/v2\/users\/6"}],"replies":[{"embeddable":true,"href":"https:\/\/bovin.qc.ca\/en\/wp-json\/wp\/v2\/comments?post=1810"}],"version-history":[{"count":1,"href":"https:\/\/bovin.qc.ca\/en\/wp-json\/wp\/v2\/pages\/1810\/revisions"}],"predecessor-version":[{"id":1811,"href":"https:\/\/bovin.qc.ca\/en\/wp-json\/wp\/v2\/pages\/1810\/revisions\/1811"}],"up":[{"embeddable":true,"href":"https:\/\/bovin.qc.ca\/en\/wp-json\/wp\/v2\/pages\/1807"}],"wp:attachment":[{"href":"https:\/\/bovin.qc.ca\/en\/wp-json\/wp\/v2\/media?parent=1810"}],"curies":[{"name":"wp","href":"https:\/\/api.w.org\/{rel}","templated":true}]}}