{"id":1807,"date":"2016-03-26T16:14:06","date_gmt":"2016-03-26T20:14:06","guid":{"rendered":"https:\/\/bovin.qc.ca\/en\/?page_id=1807"},"modified":"2016-03-26T16:14:06","modified_gmt":"2016-03-26T20:14:06","slug":"special-promotion","status":"publish","type":"page","link":"https:\/\/bovin.qc.ca\/en\/la-minute-bovine-2\/2015-2\/special-promotion\/","title":{"rendered":"Sp\u00e9cial promotion"},"content":{"rendered":"<h1>Sp\u00e9cial promotion<\/h1>\n<p><a href=\"https:\/\/bovin.qc.ca\/en\/?page_id=1810&amp;preview=true\">+ La minute bovine &#8211; \u00c9t\u00e9 2015<\/a><\/p>\n","protected":false},"excerpt":{"rendered":"<p>Sp\u00e9cial promotion + La minute bovine &#8211; \u00c9t\u00e9 2015<\/p>\n","protected":false},"author":6,"featured_media":0,"parent":1757,"menu_order":0,"comment_status":"closed","ping_status":"closed","template":"","meta":{"ngg_post_thumbnail":0,"footnotes":""},"class_list":["post-1807","page","type-page","status-publish","hentry"],"_links":{"self":[{"href":"https:\/\/bovin.qc.ca\/en\/wp-json\/wp\/v2\/pages\/1807","targetHints":{"allow":["GET"]}}],"collection":[{"href":"https:\/\/bovin.qc.ca\/en\/wp-json\/wp\/v2\/pages"}],"about":[{"href":"https:\/\/bovin.qc.ca\/en\/wp-json\/wp\/v2\/types\/page"}],"author":[{"embeddable":true,"href":"https:\/\/bovin.qc.ca\/en\/wp-json\/wp\/v2\/users\/6"}],"replies":[{"embeddable":true,"href":"https:\/\/bovin.qc.ca\/en\/wp-json\/wp\/v2\/comments?post=1807"}],"version-history":[{"count":1,"href":"https:\/\/bovin.qc.ca\/en\/wp-json\/wp\/v2\/pages\/1807\/revisions"}],"predecessor-version":[{"id":1812,"href":"https:\/\/bovin.qc.ca\/en\/wp-json\/wp\/v2\/pages\/1807\/revisions\/1812"}],"up":[{"embeddable":true,"href":"https:\/\/bovin.qc.ca\/en\/wp-json\/wp\/v2\/pages\/1757"}],"wp:attachment":[{"href":"https:\/\/bovin.qc.ca\/en\/wp-json\/wp\/v2\/media?parent=1807"}],"curies":[{"name":"wp","href":"https:\/\/api.w.org\/{rel}","templated":true}]}}