{"id":1801,"date":"2016-03-26T16:08:12","date_gmt":"2016-03-26T20:08:12","guid":{"rendered":"https:\/\/bovin.qc.ca\/en\/?page_id=1801"},"modified":"2016-03-26T16:08:12","modified_gmt":"2016-03-26T20:08:12","slug":"les-marches-aout-2015","status":"publish","type":"page","link":"https:\/\/bovin.qc.ca\/en\/la-minute-bovine-2\/2015-2\/les-marches\/les-marches-aout-2015\/","title":{"rendered":"Les march\u00e9s &#8211; Ao\u00fbt 2015"},"content":{"rendered":"<h1>Les march\u00e9s &#8211; Ao\u00fbt 2015<\/h1>\n<p>See French version<\/p>\n<p><a href=\"https:\/\/bovin.qc.ca\/en\/la-minute-bovine-2\/2015-2\/les-marches\/\">Back to the articles<\/a><\/p>\n","protected":false},"excerpt":{"rendered":"<p>Les march\u00e9s &#8211; Ao\u00fbt 2015 See French version Back to the articles<\/p>\n","protected":false},"author":6,"featured_media":0,"parent":1785,"menu_order":0,"comment_status":"closed","ping_status":"closed","template":"","meta":{"ngg_post_thumbnail":0,"footnotes":""},"class_list":["post-1801","page","type-page","status-publish","hentry"],"_links":{"self":[{"href":"https:\/\/bovin.qc.ca\/en\/wp-json\/wp\/v2\/pages\/1801","targetHints":{"allow":["GET"]}}],"collection":[{"href":"https:\/\/bovin.qc.ca\/en\/wp-json\/wp\/v2\/pages"}],"about":[{"href":"https:\/\/bovin.qc.ca\/en\/wp-json\/wp\/v2\/types\/page"}],"author":[{"embeddable":true,"href":"https:\/\/bovin.qc.ca\/en\/wp-json\/wp\/v2\/users\/6"}],"replies":[{"embeddable":true,"href":"https:\/\/bovin.qc.ca\/en\/wp-json\/wp\/v2\/comments?post=1801"}],"version-history":[{"count":1,"href":"https:\/\/bovin.qc.ca\/en\/wp-json\/wp\/v2\/pages\/1801\/revisions"}],"predecessor-version":[{"id":1805,"href":"https:\/\/bovin.qc.ca\/en\/wp-json\/wp\/v2\/pages\/1801\/revisions\/1805"}],"up":[{"embeddable":true,"href":"https:\/\/bovin.qc.ca\/en\/wp-json\/wp\/v2\/pages\/1785"}],"wp:attachment":[{"href":"https:\/\/bovin.qc.ca\/en\/wp-json\/wp\/v2\/media?parent=1801"}],"curies":[{"name":"wp","href":"https:\/\/api.w.org\/{rel}","templated":true}]}}