{"id":1691,"date":"2016-03-24T22:47:48","date_gmt":"2016-03-25T02:47:48","guid":{"rendered":"https:\/\/bovin.qc.ca\/en\/?page_id=1691"},"modified":"2023-08-03T09:48:36","modified_gmt":"2023-08-03T13:48:36","slug":"at-a-glance","status":"publish","type":"page","link":"https:\/\/bovin.qc.ca\/en\/who-are-we\/the-joint-plan\/at-a-glance\/","title":{"rendered":"At a Glance"},"content":{"rendered":"<h1>At a Glance<\/h1>\n<p>The <em>Act respecting the marketing of agricultural, food and fish products<\/em> gives producers collective powers so they can organize the marketing of their products to make the process more orderly and efficient.<\/p>\n<p>Producers who wish to make use of these provisions must adopt a joint plan (through a referendum) and collectively define the specific powers needed to organize their marketing efficiently.<\/p>\n<p>The Act gives the PBQ the power to negotiate all cattle marketing conditions on behalf of producers, as well as to regulate production and joint marketing conditions. The PBQ exercises its powers under the supervision of the&nbsp;<u><a href=\"http:\/\/www.rmaaq.gouv.qc.ca\/\" target=\"_blank\" rel=\"noopener\"><strong>R\u00e9gie des march\u00e9s agricoles et alimentaires du Qu\u00e9bec<\/strong><\/a><\/u>.<\/p>\n<p>The R\u00e9gie must act to ensure that the tools and powers conferred on producers by the Act are used properly, and that the marketing system is balanced in such a way that serves not only the interests of the various stakeholders, but also those of consumers and the general public.<\/p>\n<p>The <em>Act respecting the marketing of agricultural, food and fish products<\/em> requires the R\u00e9gie to examine all actions taken under the joint plans every five years. In April 2021, the PBQ held a public meeting to present its marketing initiatives for the five production sectors under its responsibility for the 2015-2019 period. This was the seventh periodic review; details are available in the 2015-2019 periodic review report.<\/p>\n<p>The PBQ is proud of this&nbsp;<a href=\"https:\/\/bovin.qc.ca\/wp-content\/uploads\/2016\/01\/\u00c9valuation-p\u00e9riodique-version-Web.pdf\" target=\"_blank\" rel=\"noopener\"><strong>five-year report<\/strong><\/a>, which confirms the quality of its work and the soundness of its choices and the directions taken. The PBQ intends to pursue its mission in the same spirit of partnership and joint action with producers that has always been its driving force.<\/p>\n<h3>The road travelled since 1982<\/h3>\n<p>Thanks to \u201cstrength in numbers,\u201d&nbsp;<em>the Plan conjoint des producteurs de bovins<\/em>&nbsp;(cattle producers\u2019 joint plan) was implemented in 1982, following a referendum consultation with 28,002 producers and approved by a strong majority (78% of voters).<\/p>\n<p>Beef and veal farmers, as well as dairy producers, collectively gave themselves the means by which to improve their production and sales conditions and thus strengthen their bargaining power relative to various industry stakeholders.<\/p>\n<p>A quarter-century of actions and innovations later, what stands out is not only the achievements but the human engagement. It is thanks to the commitment of our people that we assure beef and veal consumers a product that meets their highest expectations.<\/p>\n<h3>Powers under the joint plan<\/h3>\n<div class=\"info\">\n<p>Under the <em>Act respecting the marketing of agricultural, food and fish products<\/em>, each producer group determines the powers of its joint plan. Cattle producers established the following parameters:<\/p>\n<p><strong>By-laws<\/strong><br \/>\nCreation of sales agencies, payment of board fees and other contributions.<\/p>\n<p><strong>Negotiations<\/strong><br \/>\nSales conditions, payment terms, payment guarantees, establishment of product quality standards and more<\/p>\n<p><strong>Developement<\/strong><br \/>\nCreation of funds for advertising, research, and dissemination of market information and more.<\/p>\n<\/div>\n","protected":false},"excerpt":{"rendered":"<p>At a Glance The Act respecting the marketing of agricultural, food and fish products gives producers collective powers so they can organize the marketing of their products to make the process more orderly and efficient. Producers who wish to make use of these provisions must adopt a joint plan (through a referendum) and collectively define [&#8230;]<\/p>\n","protected":false},"author":6,"featured_media":0,"parent":1687,"menu_order":0,"comment_status":"closed","ping_status":"closed","template":"page-templates\/page-deux-colonnes.php","meta":{"ngg_post_thumbnail":0,"footnotes":""},"class_list":["post-1691","page","type-page","status-publish","hentry"],"_links":{"self":[{"href":"https:\/\/bovin.qc.ca\/en\/wp-json\/wp\/v2\/pages\/1691","targetHints":{"allow":["GET"]}}],"collection":[{"href":"https:\/\/bovin.qc.ca\/en\/wp-json\/wp\/v2\/pages"}],"about":[{"href":"https:\/\/bovin.qc.ca\/en\/wp-json\/wp\/v2\/types\/page"}],"author":[{"embeddable":true,"href":"https:\/\/bovin.qc.ca\/en\/wp-json\/wp\/v2\/users\/6"}],"replies":[{"embeddable":true,"href":"https:\/\/bovin.qc.ca\/en\/wp-json\/wp\/v2\/comments?post=1691"}],"version-history":[{"count":5,"href":"https:\/\/bovin.qc.ca\/en\/wp-json\/wp\/v2\/pages\/1691\/revisions"}],"predecessor-version":[{"id":19284,"href":"https:\/\/bovin.qc.ca\/en\/wp-json\/wp\/v2\/pages\/1691\/revisions\/19284"}],"up":[{"embeddable":true,"href":"https:\/\/bovin.qc.ca\/en\/wp-json\/wp\/v2\/pages\/1687"}],"wp:attachment":[{"href":"https:\/\/bovin.qc.ca\/en\/wp-json\/wp\/v2\/media?parent=1691"}],"curies":[{"name":"wp","href":"https:\/\/api.w.org\/{rel}","templated":true}]}}